{"id":7898,"date":"2021-11-29T19:57:58","date_gmt":"2021-11-29T22:57:58","guid":{"rendered":"http:\/\/vps-2799337-x.dattaweb.com\/lamalinka?page_id=7898"},"modified":"2024-05-17T13:49:28","modified_gmt":"2024-05-17T16:49:28","slug":"ofertas-pt","status":"publish","type":"page","link":"https:\/\/htlhoteles.com\/lamalinka\/pt\/ofertas-pt\/","title":{"rendered":"Ofertas"},"content":{"rendered":"<div class=\"wpb-content-wrapper\"><p>[vc_row full_width=\u00bbstretch_row_content_no_spaces\u00bb woodmart_css_id=\u00bb61a173131ea77&#8243; responsive_spacing=\u00bbeyJwYXJhbV90eXBlIjoid29vZG1hcnRfcmVzcG9uc2l2ZV9zcGFjaW5nIiwic2VsZWN0b3JfaWQiOiI2MWExNzMxMzFlYTc3Iiwic2hvcnRjb2RlIjoidmNfcm93IiwiZGF0YSI6eyJ0YWJsZXQiOnt9LCJtb2JpbGUiOnt9fX0=\u00bb mobile_bg_img_hidden=\u00bbno\u00bb tablet_bg_img_hidden=\u00bbno\u00bb woodmart_parallax=\u00bb0&#8243; woodmart_gradient_switch=\u00bbno\u00bb woodmart_box_shadow=\u00bbno\u00bb wd_z_index=\u00bbno\u00bb woodmart_disable_overflow=\u00bb0&#8243; row_reverse_mobile=\u00bb0&#8243; row_reverse_tablet=\u00bb0&#8243;][vc_column]\n\t\t\t<!-- START OFERTAS Portugues REVOLUTION SLIDER 6.7.41 --><p class=\"rs-p-wp-fix\"><\/p>\n\t\t\t<rs-module-wrap id=\"rev_slider_8_1_wrapper\" data-source=\"gallery\" style=\"visibility:hidden;background:transparent;padding:0;margin:0px auto;margin-top:0;margin-bottom:0;\">\n\t\t\t\t<rs-module id=\"rev_slider_8_1\" style=\"\" data-version=\"6.7.41\">\n\t\t\t\t\t<rs-slides style=\"overflow: hidden; position: absolute;\">\n\t\t\t\t\t\t<rs-slide style=\"position: absolute;\" data-key=\"rs-106\" data-title=\"Slide\" data-thumb=\"\/\/htlhoteles.com\/lamalinka\/wp-content\/uploads\/2023\/01\/3-50x100.jpg\" data-anim=\"adpr:false;\" data-in=\"o:0;\" data-out=\"a:false;\">\n\t\t\t\t\t\t\t<img decoding=\"async\" src=\"\/\/htlhoteles.com\/lamalinka\/wp-content\/plugins\/revslider\/sr6\/assets\/assets\/dummy.png\" alt=\"\" title=\"3\" width=\"1739\" height=\"500\" class=\"rev-slidebg tp-rs-img rs-lazyload\" data-lazyload=\"\/\/htlhoteles.com\/lamalinka\/wp-content\/uploads\/2023\/01\/3.jpg\" data-no-retina>\n<!---->\t\t\t\t\t<\/rs-slide>\n\t\t\t\t\t\t<rs-slide style=\"position: absolute;\" data-key=\"rs-140\" data-title=\"Slide\" data-thumb=\"\/\/htlhoteles.com\/lamalinka\/wp-content\/uploads\/2023\/01\/pt-50x100.jpg\" data-anim=\"adpr:false;\" data-in=\"o:0;\" data-out=\"a:false;\">\n\t\t\t\t\t\t\t<img decoding=\"async\" src=\"\/\/htlhoteles.com\/lamalinka\/wp-content\/plugins\/revslider\/sr6\/assets\/assets\/dummy.png\" alt=\"\" title=\"pt\" width=\"1739\" height=\"500\" class=\"rev-slidebg tp-rs-img rs-lazyload\" data-lazyload=\"\/\/htlhoteles.com\/lamalinka\/wp-content\/uploads\/2023\/01\/pt.jpg\" data-no-retina>\n<!---->\t\t\t\t\t<\/rs-slide>\n\t\t\t\t\t\t<rs-slide style=\"position: absolute;\" data-key=\"rs-141\" data-title=\"Slide\" data-thumb=\"\/\/htlhoteles.com\/lamalinka\/wp-content\/uploads\/2024\/05\/HTL-PROMOS-307-X-121-1723-x-500-px-50x100.jpg\" data-anim=\"adpr:false;\" data-in=\"o:0;\" data-out=\"a:false;\">\n\t\t\t\t\t\t\t<img decoding=\"async\" src=\"\/\/htlhoteles.com\/lamalinka\/wp-content\/plugins\/revslider\/sr6\/assets\/assets\/dummy.png\" alt=\"\" title=\"HTL PROMOS 307 X 121 (1723 x 500 px)\" width=\"1723\" height=\"500\" class=\"rev-slidebg tp-rs-img rs-lazyload\" data-lazyload=\"\/\/htlhoteles.com\/lamalinka\/wp-content\/uploads\/2024\/05\/HTL-PROMOS-307-X-121-1723-x-500-px.jpg\" data-no-retina>\n<!---->\t\t\t\t\t<\/rs-slide>\n\t\t\t\t\t<\/rs-slides>\n\t\t\t\t<\/rs-module>\n\t\t\t\t<script>\n\t\t\t\t\tsetREVStartSize({c: 'rev_slider_8_1',rl:[1240,1024,778,480],el:[390],gw:[1280],gh:[390],type:'standard',justify:'',layout:'fullwidth',mh:\"0\"});if (window.RS_MODULES!==undefined && window.RS_MODULES.modules!==undefined && window.RS_MODULES.modules[\"revslider81\"]!==undefined) {window.RS_MODULES.modules[\"revslider81\"].once = false;window.revapi8 = undefined;if (window.RS_MODULES.checkMinimal!==undefined) window.RS_MODULES.checkMinimal()}\n\t\t\t\t<\/script>\n\t\t\t<\/rs-module-wrap>\n\t\t\t<!-- END REVOLUTION SLIDER -->\n[vc_column_text woodmart_inline=\u00bbno\u00bb text_larger=\u00bbno\u00bb][dvt_social_media][\/vc_column_text][\/vc_column][\/vc_row][vc_row woodmart_css_id=\u00bb61bbcfe896807&#8243; responsive_spacing=\u00bbeyJwYXJhbV90eXBlIjoid29vZG1hcnRfcmVzcG9uc2l2ZV9zcGFjaW5nIiwic2VsZWN0b3JfaWQiOiI2MWJiY2ZlODk2ODA3Iiwic2hvcnRjb2RlIjoidmNfcm93IiwiZGF0YSI6eyJ0YWJsZXQiOnt9LCJtb2JpbGUiOnsibWFyZ2luLXJpZ2h0IjoiMSIsIm1hcmdpbi1sZWZ0IjoiMSJ9fX0=\u00bb mobile_bg_img_hidden=\u00bbno\u00bb tablet_bg_img_hidden=\u00bbno\u00bb woodmart_parallax=\u00bb0&#8243; woodmart_gradient_switch=\u00bbno\u00bb woodmart_box_shadow=\u00bbno\u00bb wd_z_index=\u00bbno\u00bb woodmart_disable_overflow=\u00bb0&#8243; row_reverse_mobile=\u00bb0&#8243; row_reverse_tablet=\u00bb0&#8243;][vc_column css=\u00bb.vc_custom_1639583876800{margin-top: -50px !important;background-color: #ffffff !important;}\u00bb woodmart_css_id=\u00bb61ba107f8537a\u00bb parallax_scroll=\u00bbno\u00bb woodmart_sticky_column=\u00bbfalse\u00bb wd_collapsible_content_switcher=\u00bbno\u00bb mobile_bg_img_hidden=\u00bbno\u00bb tablet_bg_img_hidden=\u00bbno\u00bb woodmart_parallax=\u00bb0&#8243; woodmart_box_shadow=\u00bbno\u00bb mobile_reset_margin=\u00bbno\u00bb tablet_reset_margin=\u00bbno\u00bb wd_z_index=\u00bbyes\u00bb responsive_spacing=\u00bbeyJwYXJhbV90eXBlIjoid29vZG1hcnRfcmVzcG9uc2l2ZV9zcGFjaW5nIiwic2VsZWN0b3JfaWQiOiI2MWJhMTA3Zjg1MzdhIiwic2hvcnRjb2RlIjoidmNfY29sdW1uIiwiZGF0YSI6eyJ0YWJsZXQiOnt9LCJtb2JpbGUiOnsibWFyZ2luLXRvcCI6IjEifX19&#8243; wd_z_index_custom=\u00bbeyJkZXZpY2VzIjp7ImRlc2t0b3AiOnsidmFsdWUiOiI1In19LCJzZWxlY3Rvcl9pZCI6IjYxYmExMDdmODUzN2EiLCJzaG9ydGNvZGUiOiJ2Y19jb2x1bW4iLCJzZWxlY3RvcnMiOnsie3tXUkFQUEVSfX0iOiJ6LWluZGV4OiB7e1ZBTFVFfX0ifX0=\u00bb][vc_row_inner css=\u00bb.vc_custom_1638287982731{margin-top: -20px !important;}\u00bb woodmart_css_id=\u00bb61a64a67e7d1b\u00bb responsive_spacing=\u00bbeyJwYXJhbV90eXBlIjoid29vZG1hcnRfcmVzcG9uc2l2ZV9zcGFjaW5nIiwic2VsZWN0b3JfaWQiOiI2MWE2NGE2N2U3ZDFiIiwic2hvcnRjb2RlIjoidmNfcm93X2lubmVyIiwiZGF0YSI6eyJ0YWJsZXQiOnt9LCJtb2JpbGUiOnt9fX0=\u00bb mobile_bg_img_hidden=\u00bbno\u00bb tablet_bg_img_hidden=\u00bbno\u00bb woodmart_parallax=\u00bb0&#8243; woodmart_gradient_switch=\u00bbno\u00bb woodmart_box_shadow=\u00bbno\u00bb wd_z_index=\u00bbno\u00bb woodmart_disable_overflow=\u00bb0&#8243; row_reverse_mobile=\u00bb0&#8243; row_reverse_tablet=\u00bb0&#8243;][vc_column_inner width=\u00bb1\/3&#8243;][vc_single_image image=\u00bb10615&#8243; img_size=\u00bbfull\u00bb alignment=\u00bbcenter\u00bb parallax_scroll=\u00bbno\u00bb woodmart_inline=\u00bbno\u00bb][vc_column_text woodmart_inline=\u00bbno\u00bb text_larger=\u00bbno\u00bb]<\/p>\n<ul class=\"lista_ofertas\">\n<li><span style=\"color: #666666;\"><strong><b>Clique <a href=\"https:\/\/lamalinka.backhotelite.com\/pt\/bookcore\/partempresas\/alta-particulares\/\">AQUI<\/a> e torne-se um membro<\/b><\/strong><\/span><\/li>\n<li><span style=\"color: #666666;\"><strong>Participe de nosso programa<\/strong><\/span><\/li>\n<li><span style=\"color: #666666;\"><strong>Ap\u00f3s a sua 2\u00aa estadia acede a ventagens exclusivas<\/strong><\/span><\/li>\n<li><span style=\"color: #666666;\"><strong>Sujeito a disponibilidade<\/strong><\/span><\/li>\n<li><span style=\"color: #666666;\"><strong>N\u00e3o o perca!!!<\/strong><\/span><\/li>\n<\/ul>\n<p>[\/vc_column_text]<div id=\"wd-62ce13055debb\" class=\" wd-rs-62ce13055debb  wd-button-wrapper text-center inline-element\"><a href=\"http:\/\/htlhoteles.com\/lamalinka\/pt\/reserva\/\" title=\"Reserva\" class=\"btn btn-color-primary btn-style-default btn-shape-semi-round btn-size-extra-small\">RESERVE<\/a><\/div><div id=\"wd-62c0bfa95c98e\" class=\" wd-rs-62c0bfa95c98e  wd-button-wrapper text-center inline-element\"><a href=\"http:\/\/htlhoteles.com\/lamalinka\/pt\/contato\/\" title=\"Contacto\" class=\"btn btn-color-primary btn-style-default btn-shape-semi-round btn-size-extra-small\">CONTATO<\/a><\/div><div id=\"wd-62c0bfb018d84\" class=\" wd-rs-62c0bfb018d84  wd-button-wrapper text-center inline-element\"><a href=\"http:\/\/htlhoteles.com\/lamalinka\/pt\/contato\/\" title=\"Contato\" class=\"btn btn-color-primary btn-style-default btn-shape-semi-round btn-size-extra-small\">CHAMENOS<\/a><\/div>[vc_column_text woodmart_inline=\u00bbno\u00bb text_larger=\u00bbno\u00bb css=\u00bb.vc_custom_1639697882902{margin-left: 40% !important;}\u00bb]<\/p>\n<p style=\"text-align: center;\"><span style=\"color: #ff5f00;\"><a style=\"color: #ff5f00;\" href=\"http:\/\/htlhoteles.com\/lamalinka\/pt\/divulgacoes\/\">Veja Divulga\u00e7\u00f5es<\/a><\/span><\/p>\n<p>[\/vc_column_text][\/vc_column_inner][vc_column_inner width=\u00bb1\/3&#8243;][vc_single_image image=\u00bb10642&#8243; img_size=\u00bbfull\u00bb alignment=\u00bbcenter\u00bb parallax_scroll=\u00bbno\u00bb woodmart_inline=\u00bbno\u00bb][vc_column_text woodmart_inline=\u00bbno\u00bb text_larger=\u00bbno\u00bb]<\/p>\n<ul class=\"lista_ofertas\">\n<li><span style=\"color: #666666;\"><strong>50% de desconto inclu\u00eddo na tarifa<\/strong><\/span><\/li>\n<li><span style=\"color: #666666;\"><strong>Sujeito a disponibilidade<\/strong><\/span><\/li>\n<li><span style=\"color: #666666;\"><strong>Cancelamento flex\u00edvel<\/strong><\/span><\/li>\n<li><span style=\"color: #666666;\"><strong>N\u00e3o combin\u00e1vel com outras promo\u00e7\u00f5es<\/strong><\/span><\/li>\n<li><span style=\"color: #666666;\"><strong>Reservas confirmadas 15 dias antes da data de entrada<\/strong><\/span><\/li>\n<\/ul>\n<p>[\/vc_column_text][vc_empty_space height=\u00bb24px\u00bb responsive_tabs=\u00bbsmall\u00bb woodmart_hide_large=\u00bb0&#8243; woodmart_hide_medium=\u00bb0&#8243; woodmart_hide_small=\u00bb1&#8243; woodmart_hide_extra_small=\u00bb1&#8243;]<div id=\"wd-62ce12e987261\" class=\" wd-rs-62ce12e987261  wd-button-wrapper text-center inline-element\"><a href=\"http:\/\/htlhoteles.com\/lamalinka\/pt\/reserva\/\" title=\"Reserva\" class=\"btn btn-color-primary btn-style-default btn-shape-semi-round btn-size-extra-small\">RESERVE<\/a><\/div><div id=\"wd-62c0bf8bdf6d8\" class=\" wd-rs-62c0bf8bdf6d8  wd-button-wrapper text-center inline-element\"><a href=\"http:\/\/htlhoteles.com\/lamalinka\/pt\/contato\/\" title=\"Contacto\" class=\"btn btn-color-primary btn-style-default btn-shape-semi-round btn-size-extra-small\">CONTATO<\/a><\/div><div id=\"wd-62c0bf93f1e2a\" class=\" wd-rs-62c0bf93f1e2a  wd-button-wrapper text-center inline-element\"><a href=\"http:\/\/htlhoteles.com\/lamalinka\/pt\/contato\/\" title=\"Contato\" class=\"btn btn-color-primary btn-style-default btn-shape-semi-round btn-size-extra-small\">CHAMENOS<\/a><\/div>[vc_column_text woodmart_inline=\u00bbno\u00bb text_larger=\u00bbno\u00bb css=\u00bb.vc_custom_1639697882902{margin-left: 40% !important;}\u00bb]<\/p>\n<p style=\"text-align: center;\"><span style=\"color: #ff5f00;\"><a style=\"color: #ff5f00;\" href=\"http:\/\/htlhoteles.com\/lamalinka\/pt\/divulgacoes\/\">Veja Divulga\u00e7\u00f5es<\/a><\/span><\/p>\n<p>[\/vc_column_text][\/vc_column_inner][vc_column_inner width=\u00bb1\/3&#8243;][vc_single_image image=\u00bb10760&#8243; img_size=\u00bbfull\u00bb alignment=\u00bbcenter\u00bb parallax_scroll=\u00bbno\u00bb woodmart_inline=\u00bbno\u00bb][vc_column_text woodmart_inline=\u00bbno\u00bb text_larger=\u00bbno\u00bb]<\/p>\n<ul class=\"lista_ofertas\">\n<li><span style=\"color: #666666;\"><strong>45% de desconto inclu\u00eddo na tarifa<\/strong><\/span><\/li>\n<li><span style=\"color: #666666;\"><strong>Sujeito a disponibilidade<\/strong><\/span><\/li>\n<li><span style=\"color: #666666;\"><strong>N\u00e3o combin\u00e1vel com outras promo\u00e7\u00f5es<\/strong><\/span><\/li>\n<li><span style=\"color: #666666;\"><strong>Cancelamento flex\u00edvel<\/strong><\/span><a style=\"visibility: hidden;\" data-vermenos=\"see less\" data-vermas=\"see more\">e more<\/a><\/li>\n<\/ul>\n<p>[\/vc_column_text][vc_empty_space height=\u00bb92px\u00bb responsive_tabs=\u00bbsmall\u00bb woodmart_hide_large=\u00bb0&#8243; woodmart_hide_medium=\u00bb0&#8243; woodmart_hide_small=\u00bb1&#8243; woodmart_hide_extra_small=\u00bb1&#8243;]<div id=\"wd-62ce12fb36821\" class=\" wd-rs-62ce12fb36821  wd-button-wrapper text-center inline-element\"><a href=\"http:\/\/htlhoteles.com\/lamalinka\/pt\/reserva\/\" title=\"Reserva\" class=\"btn btn-color-primary btn-style-default btn-shape-semi-round btn-size-extra-small\">RESERVE<\/a><\/div><div id=\"wd-62c0bf9b3c256\" class=\" wd-rs-62c0bf9b3c256  wd-button-wrapper text-center inline-element\"><a href=\"http:\/\/htlhoteles.com\/lamalinka\/pt\/contato\/\" title=\"Contacto\" class=\"btn btn-color-primary btn-style-default btn-shape-semi-round btn-size-extra-small\">CONTATO<\/a><\/div><div id=\"wd-62c0bfa1ce60b\" class=\" wd-rs-62c0bfa1ce60b  wd-button-wrapper text-center inline-element\"><a href=\"http:\/\/htlhoteles.com\/lamalinka\/pt\/contato\/\" title=\"Contato\" class=\"btn btn-color-primary btn-style-default btn-shape-semi-round btn-size-extra-small\">CHAMENOS<\/a><\/div>[vc_column_text woodmart_inline=\u00bbno\u00bb text_larger=\u00bbno\u00bb css=\u00bb.vc_custom_1639697882902{margin-left: 40% !important;}\u00bb]<\/p>\n<p style=\"text-align: center;\"><span style=\"color: #ff5f00;\"><a style=\"color: #ff5f00;\" href=\"http:\/\/htlhoteles.com\/lamalinka\/pt\/divulgacoes\/\">Veja Divulga\u00e7\u00f5es<\/a><\/span><\/p>\n<p>[\/vc_column_text][\/vc_column_inner][\/vc_row_inner][\/vc_column][\/vc_row]<\/p>\n<\/div>","protected":false},"excerpt":{"rendered":"<p>[vc_row full_width=\u00bbstretch_row_content_no_spaces\u00bb woodmart_css_id=\u00bb61a173131ea77&#8243; responsive_spacing=\u00bbeyJwYXJhbV90eXBlIjoid29vZG1hcnRfcmVzcG9uc2l2ZV9zcGFjaW5nIiwic2VsZWN0b3JfaWQiOiI2MWExNzMxMzFlYTc3Iiwic2hvcnRjb2RlIjoidmNfcm93IiwiZGF0YSI6eyJ0YWJsZXQiOnt9LCJtb2JpbGUiOnt9fX0=\u00bb mobile_bg_img_hidden=\u00bbno\u00bb tablet_bg_img_hidden=\u00bbno\u00bb woodmart_parallax=\u00bb0&#8243; woodmart_gradient_switch=\u00bbno\u00bb woodmart_box_shadow=\u00bbno\u00bb wd_z_index=\u00bbno\u00bb woodmart_disable_overflow=\u00bb0&#8243; row_reverse_mobile=\u00bb0&#8243; row_reverse_tablet=\u00bb0&#8243;][vc_column][vc_column_text woodmart_inline=\u00bbno\u00bb text_larger=\u00bbno\u00bb][dvt_social_media][\/vc_column_text][\/vc_column][\/vc_row][vc_row woodmart_css_id=\u00bb61bbcfe896807&#8243; responsive_spacing=\u00bbeyJwYXJhbV90eXBlIjoid29vZG1hcnRfcmVzcG9uc2l2ZV9zcGFjaW5nIiwic2VsZWN0b3JfaWQiOiI2MWJiY2ZlODk2ODA3Iiwic2hvcnRjb2RlIjoidmNfcm93IiwiZGF0YSI6eyJ0YWJsZXQiOnt9LCJtb2JpbGUiOnsibWFyZ2luLXJpZ2h0IjoiMSIsIm1hcmdpbi1sZWZ0IjoiMSJ9fX0=\u00bb mobile_bg_img_hidden=\u00bbno\u00bb tablet_bg_img_hidden=\u00bbno\u00bb woodmart_parallax=\u00bb0&#8243;<\/p>\n","protected":false},"author":4,"featured_media":0,"parent":0,"menu_order":0,"comment_status":"closed","ping_status":"closed","template":"","meta":{"_joinchat":[],"footnotes":""},"class_list":["post-7898","page","type-page","status-publish","hentry"],"yoast_head":"<!-- This site is optimized with the Yoast SEO plugin v27.3 - https:\/\/yoast.com\/product\/yoast-seo-wordpress\/ -->\n<title>Htl La Malinka - Promo\u00e7\u00f5es - Reserva On-line<\/title>\n<meta name=\"description\" content=\"Htl La Malinka. Com os pre\u00e7os mais baixos e grandes promo\u00e7\u00f5es, Htl La Malinka convida voc\u00ea a visitar Bariloche, Argentina. Veja as promos e reservar online !!\" \/>\n<meta name=\"robots\" content=\"index, follow, max-snippet:-1, max-image-preview:large, max-video-preview:-1\" \/>\n<link rel=\"canonical\" href=\"https:\/\/htlhoteles.com\/lamalinka\/pt\/ofertas-pt\/\" \/>\n<meta property=\"og:locale\" content=\"es_ES\" \/>\n<meta property=\"og:type\" content=\"article\" \/>\n<meta property=\"og:title\" content=\"Htl La Malinka - Promo\u00e7\u00f5es - Reserva On-line\" \/>\n<meta property=\"og:description\" content=\"Htl La Malinka. Com os pre\u00e7os mais baixos e grandes promo\u00e7\u00f5es, Htl La Malinka convida voc\u00ea a visitar Bariloche, Argentina. Veja as promos e reservar online !!\" \/>\n<meta property=\"og:url\" content=\"https:\/\/htlhoteles.com\/lamalinka\/pt\/ofertas-pt\/\" \/>\n<meta property=\"og:site_name\" content=\"HTL Malinka\" \/>\n<meta property=\"article:modified_time\" content=\"2024-05-17T16:49:28+00:00\" \/>\n<meta name=\"twitter:card\" content=\"summary_large_image\" \/>\n<meta name=\"twitter:label1\" content=\"Tiempo de lectura\" \/>\n\t<meta name=\"twitter:data1\" content=\"2 minutos\" \/>\n<script type=\"application\/ld+json\" class=\"yoast-schema-graph\">{\"@context\":\"https:\\\/\\\/schema.org\",\"@graph\":[{\"@type\":\"WebPage\",\"@id\":\"https:\\\/\\\/htlhoteles.com\\\/lamalinka\\\/pt\\\/ofertas-pt\\\/\",\"url\":\"https:\\\/\\\/htlhoteles.com\\\/lamalinka\\\/pt\\\/ofertas-pt\\\/\",\"name\":\"Htl La Malinka - Promo\u00e7\u00f5es - Reserva On-line\",\"isPartOf\":{\"@id\":\"https:\\\/\\\/htlhoteles.com\\\/lamalinka\\\/#website\"},\"datePublished\":\"2021-11-29T22:57:58+00:00\",\"dateModified\":\"2024-05-17T16:49:28+00:00\",\"description\":\"Htl La Malinka. Com os pre\u00e7os mais baixos e grandes promo\u00e7\u00f5es, Htl La Malinka convida voc\u00ea a visitar Bariloche, Argentina. Veja as promos e reservar online !!\",\"breadcrumb\":{\"@id\":\"https:\\\/\\\/htlhoteles.com\\\/lamalinka\\\/pt\\\/ofertas-pt\\\/#breadcrumb\"},\"inLanguage\":\"es\",\"potentialAction\":[{\"@type\":\"ReadAction\",\"target\":[\"https:\\\/\\\/htlhoteles.com\\\/lamalinka\\\/pt\\\/ofertas-pt\\\/\"]}]},{\"@type\":\"BreadcrumbList\",\"@id\":\"https:\\\/\\\/htlhoteles.com\\\/lamalinka\\\/pt\\\/ofertas-pt\\\/#breadcrumb\",\"itemListElement\":[{\"@type\":\"ListItem\",\"position\":1,\"name\":\"Portada\",\"item\":\"https:\\\/\\\/htlhoteles.com\\\/lamalinka\\\/\"},{\"@type\":\"ListItem\",\"position\":2,\"name\":\"Ofertas\"}]},{\"@type\":\"WebSite\",\"@id\":\"https:\\\/\\\/htlhoteles.com\\\/lamalinka\\\/#website\",\"url\":\"https:\\\/\\\/htlhoteles.com\\\/lamalinka\\\/\",\"name\":\"HTL Malinka\",\"description\":\"Web Oficial | Hotel en Bariloche | Reserve Online\",\"potentialAction\":[{\"@type\":\"SearchAction\",\"target\":{\"@type\":\"EntryPoint\",\"urlTemplate\":\"https:\\\/\\\/htlhoteles.com\\\/lamalinka\\\/?s={search_term_string}\"},\"query-input\":{\"@type\":\"PropertyValueSpecification\",\"valueRequired\":true,\"valueName\":\"search_term_string\"}}],\"inLanguage\":\"es\"}]}<\/script>\n<!-- \/ Yoast SEO plugin. -->","yoast_head_json":{"title":"Htl La Malinka - Promo\u00e7\u00f5es - Reserva On-line","description":"Htl La Malinka. Com os pre\u00e7os mais baixos e grandes promo\u00e7\u00f5es, Htl La Malinka convida voc\u00ea a visitar Bariloche, Argentina. Veja as promos e reservar online !!","robots":{"index":"index","follow":"follow","max-snippet":"max-snippet:-1","max-image-preview":"max-image-preview:large","max-video-preview":"max-video-preview:-1"},"canonical":"https:\/\/htlhoteles.com\/lamalinka\/pt\/ofertas-pt\/","og_locale":"es_ES","og_type":"article","og_title":"Htl La Malinka - Promo\u00e7\u00f5es - Reserva On-line","og_description":"Htl La Malinka. Com os pre\u00e7os mais baixos e grandes promo\u00e7\u00f5es, Htl La Malinka convida voc\u00ea a visitar Bariloche, Argentina. Veja as promos e reservar online !!","og_url":"https:\/\/htlhoteles.com\/lamalinka\/pt\/ofertas-pt\/","og_site_name":"HTL Malinka","article_modified_time":"2024-05-17T16:49:28+00:00","twitter_card":"summary_large_image","twitter_misc":{"Tiempo de lectura":"2 minutos"},"schema":{"@context":"https:\/\/schema.org","@graph":[{"@type":"WebPage","@id":"https:\/\/htlhoteles.com\/lamalinka\/pt\/ofertas-pt\/","url":"https:\/\/htlhoteles.com\/lamalinka\/pt\/ofertas-pt\/","name":"Htl La Malinka - Promo\u00e7\u00f5es - Reserva On-line","isPartOf":{"@id":"https:\/\/htlhoteles.com\/lamalinka\/#website"},"datePublished":"2021-11-29T22:57:58+00:00","dateModified":"2024-05-17T16:49:28+00:00","description":"Htl La Malinka. Com os pre\u00e7os mais baixos e grandes promo\u00e7\u00f5es, Htl La Malinka convida voc\u00ea a visitar Bariloche, Argentina. Veja as promos e reservar online !!","breadcrumb":{"@id":"https:\/\/htlhoteles.com\/lamalinka\/pt\/ofertas-pt\/#breadcrumb"},"inLanguage":"es","potentialAction":[{"@type":"ReadAction","target":["https:\/\/htlhoteles.com\/lamalinka\/pt\/ofertas-pt\/"]}]},{"@type":"BreadcrumbList","@id":"https:\/\/htlhoteles.com\/lamalinka\/pt\/ofertas-pt\/#breadcrumb","itemListElement":[{"@type":"ListItem","position":1,"name":"Portada","item":"https:\/\/htlhoteles.com\/lamalinka\/"},{"@type":"ListItem","position":2,"name":"Ofertas"}]},{"@type":"WebSite","@id":"https:\/\/htlhoteles.com\/lamalinka\/#website","url":"https:\/\/htlhoteles.com\/lamalinka\/","name":"HTL Malinka","description":"Web Oficial | Hotel en Bariloche | Reserve Online","potentialAction":[{"@type":"SearchAction","target":{"@type":"EntryPoint","urlTemplate":"https:\/\/htlhoteles.com\/lamalinka\/?s={search_term_string}"},"query-input":{"@type":"PropertyValueSpecification","valueRequired":true,"valueName":"search_term_string"}}],"inLanguage":"es"}]}},"_links":{"self":[{"href":"https:\/\/htlhoteles.com\/lamalinka\/wp-json\/wp\/v2\/pages\/7898","targetHints":{"allow":["GET"]}}],"collection":[{"href":"https:\/\/htlhoteles.com\/lamalinka\/wp-json\/wp\/v2\/pages"}],"about":[{"href":"https:\/\/htlhoteles.com\/lamalinka\/wp-json\/wp\/v2\/types\/page"}],"author":[{"embeddable":true,"href":"https:\/\/htlhoteles.com\/lamalinka\/wp-json\/wp\/v2\/users\/4"}],"replies":[{"embeddable":true,"href":"https:\/\/htlhoteles.com\/lamalinka\/wp-json\/wp\/v2\/comments?post=7898"}],"version-history":[{"count":18,"href":"https:\/\/htlhoteles.com\/lamalinka\/wp-json\/wp\/v2\/pages\/7898\/revisions"}],"predecessor-version":[{"id":10761,"href":"https:\/\/htlhoteles.com\/lamalinka\/wp-json\/wp\/v2\/pages\/7898\/revisions\/10761"}],"wp:attachment":[{"href":"https:\/\/htlhoteles.com\/lamalinka\/wp-json\/wp\/v2\/media?parent=7898"}],"curies":[{"name":"wp","href":"https:\/\/api.w.org\/{rel}","templated":true}]}}