{"id":7866,"date":"2021-12-03T12:31:21","date_gmt":"2021-12-03T12:31:21","guid":{"rendered":"http:\/\/vps-2799337-x.dattaweb.com\/lamalinka?page_id=7866"},"modified":"2025-05-14T13:28:46","modified_gmt":"2025-05-14T16:28:46","slug":"divulgacoes","status":"publish","type":"page","link":"https:\/\/htlhoteles.com\/lamalinka\/pt\/divulgacoes\/","title":{"rendered":"Divulga\u00e7\u00f5es"},"content":{"rendered":"<div class=\"wpb-content-wrapper\"><p>[vc_row full_width=\u00bbstretch_row_content_no_spaces\u00bb woodmart_css_id=\u00bb61a173131ea77&#8243; responsive_spacing=\u00bbeyJwYXJhbV90eXBlIjoid29vZG1hcnRfcmVzcG9uc2l2ZV9zcGFjaW5nIiwic2VsZWN0b3JfaWQiOiI2MWExNzMxMzFlYTc3Iiwic2hvcnRjb2RlIjoidmNfcm93IiwiZGF0YSI6eyJ0YWJsZXQiOnt9LCJtb2JpbGUiOnt9fX0=\u00bb mobile_bg_img_hidden=\u00bbno\u00bb tablet_bg_img_hidden=\u00bbno\u00bb woodmart_parallax=\u00bb0&#8243; woodmart_gradient_switch=\u00bbno\u00bb woodmart_box_shadow=\u00bbno\u00bb wd_z_index=\u00bbno\u00bb woodmart_disable_overflow=\u00bb0&#8243; row_reverse_mobile=\u00bb0&#8243; row_reverse_tablet=\u00bb0&#8243;][vc_column]\n\t\t\t<!-- START Slider legales REVOLUTION SLIDER 6.7.41 --><p class=\"rs-p-wp-fix\"><\/p>\n\t\t\t<rs-module-wrap id=\"rev_slider_19_1_wrapper\" data-source=\"gallery\" style=\"visibility:hidden;background:transparent;padding:0;margin:0px auto;margin-top:0;margin-bottom:0;\">\n\t\t\t\t<rs-module id=\"rev_slider_19_1\" style=\"\" data-version=\"6.7.41\">\n\t\t\t\t\t<rs-slides style=\"overflow: hidden; position: absolute;\">\n\t\t\t\t\t\t<rs-slide style=\"position: absolute;\" data-key=\"rs-89\" data-title=\"Slide\" data-thumb=\"\/\/htlhoteles.com\/lamalinka\/wp-content\/uploads\/2022\/06\/090da6bc7d5794e4f4a9dd938eae4e69-50x100.jpg\" data-anim=\"adpr:false;\" data-in=\"o:1;x:-100%;\" data-out=\"a:false;\">\n\t\t\t\t\t\t\t<img decoding=\"async\" src=\"\/\/htlhoteles.com\/lamalinka\/wp-content\/plugins\/revslider\/sr6\/assets\/assets\/dummy.png\" alt=\"\" title=\"090da6bc7d5794e4f4a9dd938eae4e69\" width=\"1732\" height=\"500\" class=\"rev-slidebg tp-rs-img rs-lazyload\" data-lazyload=\"\/\/htlhoteles.com\/lamalinka\/wp-content\/uploads\/2022\/06\/090da6bc7d5794e4f4a9dd938eae4e69.jpg\" data-no-retina>\n<!---->\t\t\t\t\t<\/rs-slide>\n\t\t\t\t\t\t<rs-slide style=\"position: absolute;\" data-key=\"rs-91\" data-title=\"Slide\" data-thumb=\"\/\/htlhoteles.com\/lamalinka\/wp-content\/uploads\/2022\/06\/e60be44e707e654b0e920f26c161ca64-50x100.jpg\" data-anim=\"adpr:false;f:slidebased;\" data-in=\"o:1;x:(100%);m:true;col:5;\" data-out=\"a:false;\">\n\t\t\t\t\t\t\t<img decoding=\"async\" src=\"\/\/htlhoteles.com\/lamalinka\/wp-content\/plugins\/revslider\/sr6\/assets\/assets\/dummy.png\" alt=\"\" title=\"e60be44e707e654b0e920f26c161ca64\" width=\"1732\" height=\"500\" class=\"rev-slidebg tp-rs-img rs-lazyload\" data-lazyload=\"\/\/htlhoteles.com\/lamalinka\/wp-content\/uploads\/2022\/06\/e60be44e707e654b0e920f26c161ca64.jpg\" data-no-retina>\n<!---->\t\t\t\t\t<\/rs-slide>\n\t\t\t\t\t\t<rs-slide style=\"position: absolute;\" data-key=\"rs-90\" data-title=\"Slide\" data-thumb=\"\/\/htlhoteles.com\/lamalinka\/wp-content\/uploads\/2022\/06\/71cdff5ce533d325fb592232cd96f656-50x100.jpg\" data-anim=\"adpr:false;f:slidebased;\" data-in=\"o:1;x:(100%);m:true;col:5;\" data-out=\"a:false;\">\n\t\t\t\t\t\t\t<img decoding=\"async\" src=\"\/\/htlhoteles.com\/lamalinka\/wp-content\/plugins\/revslider\/sr6\/assets\/assets\/dummy.png\" alt=\"\" title=\"71cdff5ce533d325fb592232cd96f656\" width=\"1732\" height=\"500\" class=\"rev-slidebg tp-rs-img rs-lazyload\" data-lazyload=\"\/\/htlhoteles.com\/lamalinka\/wp-content\/uploads\/2022\/06\/71cdff5ce533d325fb592232cd96f656.jpg\" data-no-retina>\n<!---->\t\t\t\t\t<\/rs-slide>\n\t\t\t\t\t\t<rs-slide style=\"position: absolute;\" data-key=\"rs-92\" data-title=\"Slide\" data-thumb=\"\/\/htlhoteles.com\/lamalinka\/wp-content\/uploads\/2022\/06\/6e3ebffdcda6718f5d62c58716db7825-50x100.jpg\" data-anim=\"adpr:false;f:slidebased;\" data-in=\"o:1;x:(100%);m:true;col:5;\" data-out=\"a:false;\">\n\t\t\t\t\t\t\t<img decoding=\"async\" src=\"\/\/htlhoteles.com\/lamalinka\/wp-content\/plugins\/revslider\/sr6\/assets\/assets\/dummy.png\" alt=\"\" title=\"6e3ebffdcda6718f5d62c58716db7825\" width=\"1732\" height=\"500\" class=\"rev-slidebg tp-rs-img rs-lazyload\" data-lazyload=\"\/\/htlhoteles.com\/lamalinka\/wp-content\/uploads\/2022\/06\/6e3ebffdcda6718f5d62c58716db7825.jpg\" data-no-retina>\n<!---->\t\t\t\t\t<\/rs-slide>\n\t\t\t\t\t\t<rs-slide style=\"position: absolute;\" data-key=\"rs-93\" data-title=\"Slide\" data-thumb=\"\/\/htlhoteles.com\/lamalinka\/wp-content\/uploads\/2022\/06\/131a9fe07ea96710373a53a8e238c9e9-50x100.jpg\" data-anim=\"adpr:false;f:slidebased;\" data-in=\"o:1;x:(100%);m:true;col:5;\" data-out=\"a:false;\">\n\t\t\t\t\t\t\t<img decoding=\"async\" src=\"\/\/htlhoteles.com\/lamalinka\/wp-content\/plugins\/revslider\/sr6\/assets\/assets\/dummy.png\" alt=\"\" title=\"131a9fe07ea96710373a53a8e238c9e9\" width=\"1732\" height=\"500\" class=\"rev-slidebg tp-rs-img rs-lazyload\" data-lazyload=\"\/\/htlhoteles.com\/lamalinka\/wp-content\/uploads\/2022\/06\/131a9fe07ea96710373a53a8e238c9e9.jpg\" data-no-retina>\n<!---->\t\t\t\t\t<\/rs-slide>\n\t\t\t\t\t\t<rs-slide style=\"position: absolute;\" data-key=\"rs-94\" data-title=\"Slide\" data-thumb=\"\/\/htlhoteles.com\/lamalinka\/wp-content\/uploads\/2022\/06\/7c0c823b952a4b4d9ad15ee6ef977ce8-50x100.jpg\" data-anim=\"adpr:false;f:slidebased;\" data-in=\"o:1;x:(100%);m:true;col:5;\" data-out=\"a:false;\">\n\t\t\t\t\t\t\t<img decoding=\"async\" src=\"\/\/htlhoteles.com\/lamalinka\/wp-content\/plugins\/revslider\/sr6\/assets\/assets\/dummy.png\" alt=\"\" title=\"7c0c823b952a4b4d9ad15ee6ef977ce8\" width=\"1732\" height=\"500\" class=\"rev-slidebg tp-rs-img rs-lazyload\" data-lazyload=\"\/\/htlhoteles.com\/lamalinka\/wp-content\/uploads\/2022\/06\/7c0c823b952a4b4d9ad15ee6ef977ce8.jpg\" data-no-retina>\n<!---->\t\t\t\t\t<\/rs-slide>\n\t\t\t\t\t\t<rs-slide style=\"position: absolute;\" data-key=\"rs-95\" data-title=\"Slide\" data-thumb=\"\/\/htlhoteles.com\/lamalinka\/wp-content\/uploads\/2022\/06\/9c8a912632b79ea08f2bff3f59373b61-50x100.jpg\" data-anim=\"adpr:false;f:slidebased;\" data-in=\"o:1;x:(100%);m:true;col:5;\" data-out=\"a:false;\">\n\t\t\t\t\t\t\t<img decoding=\"async\" src=\"\/\/htlhoteles.com\/lamalinka\/wp-content\/plugins\/revslider\/sr6\/assets\/assets\/dummy.png\" alt=\"\" title=\"9c8a912632b79ea08f2bff3f59373b61\" width=\"1732\" height=\"500\" class=\"rev-slidebg tp-rs-img rs-lazyload\" data-lazyload=\"\/\/htlhoteles.com\/lamalinka\/wp-content\/uploads\/2022\/06\/9c8a912632b79ea08f2bff3f59373b61.jpg\" data-no-retina>\n<!---->\t\t\t\t\t<\/rs-slide>\n\t\t\t\t\t\t<rs-slide style=\"position: absolute;\" data-key=\"rs-96\" data-title=\"Slide\" data-thumb=\"\/\/htlhoteles.com\/lamalinka\/wp-content\/uploads\/2022\/06\/30bbaa3890a1b277962ebdf16666d09f-50x100.jpg\" data-anim=\"adpr:false;f:slidebased;\" data-in=\"o:1;x:(100%);m:true;col:5;\" data-out=\"a:false;\">\n\t\t\t\t\t\t\t<img decoding=\"async\" src=\"\/\/htlhoteles.com\/lamalinka\/wp-content\/plugins\/revslider\/sr6\/assets\/assets\/dummy.png\" alt=\"\" title=\"30bbaa3890a1b277962ebdf16666d09f\" width=\"1732\" height=\"500\" class=\"rev-slidebg tp-rs-img rs-lazyload\" data-lazyload=\"\/\/htlhoteles.com\/lamalinka\/wp-content\/uploads\/2022\/06\/30bbaa3890a1b277962ebdf16666d09f.jpg\" data-no-retina>\n<!---->\t\t\t\t\t<\/rs-slide>\n\t\t\t\t\t\t<rs-slide style=\"position: absolute;\" data-key=\"rs-97\" data-title=\"Slide\" data-thumb=\"\/\/htlhoteles.com\/lamalinka\/wp-content\/uploads\/2022\/06\/dac7df0352eb088717461db7f694f515-50x100.jpg\" data-anim=\"adpr:false;f:slidebased;\" data-in=\"o:1;x:(100%);m:true;col:5;\" data-out=\"a:false;\">\n\t\t\t\t\t\t\t<img decoding=\"async\" src=\"\/\/htlhoteles.com\/lamalinka\/wp-content\/plugins\/revslider\/sr6\/assets\/assets\/dummy.png\" alt=\"\" title=\"dac7df0352eb088717461db7f694f515\" width=\"1732\" height=\"500\" class=\"rev-slidebg tp-rs-img rs-lazyload\" data-lazyload=\"\/\/htlhoteles.com\/lamalinka\/wp-content\/uploads\/2022\/06\/dac7df0352eb088717461db7f694f515.jpg\" data-no-retina>\n<!---->\t\t\t\t\t<\/rs-slide>\n\t\t\t\t\t\t<rs-slide style=\"position: absolute;\" data-key=\"rs-98\" data-title=\"Slide\" data-thumb=\"\/\/htlhoteles.com\/lamalinka\/wp-content\/uploads\/2022\/06\/20efc9220a1df9d4142c6d2d36fe1f1e-50x100.jpg\" data-anim=\"adpr:false;f:slidebased;\" data-in=\"o:1;x:(100%);m:true;col:5;\" data-out=\"a:false;\">\n\t\t\t\t\t\t\t<img decoding=\"async\" src=\"\/\/htlhoteles.com\/lamalinka\/wp-content\/plugins\/revslider\/sr6\/assets\/assets\/dummy.png\" alt=\"\" title=\"20efc9220a1df9d4142c6d2d36fe1f1e\" width=\"1732\" height=\"500\" class=\"rev-slidebg tp-rs-img rs-lazyload\" data-lazyload=\"\/\/htlhoteles.com\/lamalinka\/wp-content\/uploads\/2022\/06\/20efc9220a1df9d4142c6d2d36fe1f1e.jpg\" data-no-retina>\n<!---->\t\t\t\t\t<\/rs-slide>\n\t\t\t\t\t\t<rs-slide style=\"position: absolute;\" data-key=\"rs-99\" data-title=\"Slide\" data-thumb=\"\/\/htlhoteles.com\/lamalinka\/wp-content\/uploads\/2022\/06\/45db35498ef1bf9c5187394ed2fc0ad5-50x100.jpg\" data-anim=\"adpr:false;f:slidebased;\" data-in=\"o:1;x:(100%);m:true;col:5;\" data-out=\"a:false;\">\n\t\t\t\t\t\t\t<img decoding=\"async\" src=\"\/\/htlhoteles.com\/lamalinka\/wp-content\/plugins\/revslider\/sr6\/assets\/assets\/dummy.png\" alt=\"\" title=\"45db35498ef1bf9c5187394ed2fc0ad5\" width=\"1732\" height=\"500\" class=\"rev-slidebg tp-rs-img rs-lazyload\" data-lazyload=\"\/\/htlhoteles.com\/lamalinka\/wp-content\/uploads\/2022\/06\/45db35498ef1bf9c5187394ed2fc0ad5.jpg\" data-no-retina>\n<!---->\t\t\t\t\t<\/rs-slide>\n\t\t\t\t\t<\/rs-slides>\n\t\t\t\t<\/rs-module>\n\t\t\t\t<script>\n\t\t\t\t\tsetREVStartSize({c: 'rev_slider_19_1',rl:[1240,1024,778,480],el:[390],gw:[1280],gh:[390],type:'standard',justify:'',layout:'fullwidth',mh:\"0\"});if (window.RS_MODULES!==undefined && window.RS_MODULES.modules!==undefined && window.RS_MODULES.modules[\"revslider191\"]!==undefined) {window.RS_MODULES.modules[\"revslider191\"].once = false;window.revapi19 = undefined;if (window.RS_MODULES.checkMinimal!==undefined) window.RS_MODULES.checkMinimal()}\n\t\t\t\t<\/script>\n\t\t\t<\/rs-module-wrap>\n\t\t\t<!-- END REVOLUTION SLIDER -->\n[\/vc_column][\/vc_row][vc_row woodmart_css_id=\u00bb61b3a54b019f6&#8243; responsive_spacing=\u00bbeyJwYXJhbV90eXBlIjoid29vZG1hcnRfcmVzcG9uc2l2ZV9zcGFjaW5nIiwic2VsZWN0b3JfaWQiOiI2MWIzYTU0YjAxOWY2Iiwic2hvcnRjb2RlIjoidmNfcm93IiwiZGF0YSI6eyJ0YWJsZXQiOnt9LCJtb2JpbGUiOnt9fX0=\u00bb mobile_bg_img_hidden=\u00bbno\u00bb tablet_bg_img_hidden=\u00bbno\u00bb woodmart_parallax=\u00bb0&#8243; woodmart_gradient_switch=\u00bbno\u00bb woodmart_box_shadow=\u00bbno\u00bb wd_z_index=\u00bbno\u00bb woodmart_disable_overflow=\u00bb0&#8243; row_reverse_mobile=\u00bb0&#8243; row_reverse_tablet=\u00bb0&#8243;][vc_column css=\u00bb.vc_custom_1638306441632{margin-top: -50px !important;background-color: #ffffff !important;}\u00bb woodmart_css_id=\u00bb61a6928297cc7&#8243; parallax_scroll=\u00bbno\u00bb woodmart_sticky_column=\u00bbfalse\u00bb wd_collapsible_content_switcher=\u00bbno\u00bb mobile_bg_img_hidden=\u00bbno\u00bb tablet_bg_img_hidden=\u00bbno\u00bb woodmart_parallax=\u00bb0&#8243; woodmart_box_shadow=\u00bbno\u00bb mobile_reset_margin=\u00bbno\u00bb tablet_reset_margin=\u00bbno\u00bb wd_z_index=\u00bbyes\u00bb responsive_spacing=\u00bbeyJwYXJhbV90eXBlIjoid29vZG1hcnRfcmVzcG9uc2l2ZV9zcGFjaW5nIiwic2VsZWN0b3JfaWQiOiI2MWE2OTI4Mjk3Y2M3Iiwic2hvcnRjb2RlIjoidmNfY29sdW1uIiwiZGF0YSI6eyJ0YWJsZXQiOnt9LCJtb2JpbGUiOnt9fX0=\u00bb wd_z_index_custom=\u00bbeyJkZXZpY2VzIjp7ImRlc2t0b3AiOnsidmFsdWUiOiI1In19LCJzZWxlY3Rvcl9pZCI6IjYxYTY5MjgyOTdjYzciLCJzaG9ydGNvZGUiOiJ2Y19jb2x1bW4iLCJzZWxlY3RvcnMiOnsie3tXUkFQUEVSfX0iOiJ6LWluZGV4OiB7e1ZBTFVFfX0ifX0=\u00bb][vc_row_inner][vc_column_inner css=\u00bb.vc_custom_1638535307735{margin-top: -20px !important;}\u00bb woodmart_css_id=\u00bb61aa108651567&#8243; parallax_scroll=\u00bbno\u00bb woodmart_sticky_column=\u00bbfalse\u00bb wd_collapsible_content_switcher=\u00bbno\u00bb mobile_bg_img_hidden=\u00bbno\u00bb tablet_bg_img_hidden=\u00bbno\u00bb woodmart_parallax=\u00bb0&#8243; woodmart_box_shadow=\u00bbno\u00bb wd_z_index=\u00bbno\u00bb responsive_spacing=\u00bbeyJwYXJhbV90eXBlIjoid29vZG1hcnRfcmVzcG9uc2l2ZV9zcGFjaW5nIiwic2VsZWN0b3JfaWQiOiI2MWFhMTA4NjUxNTY3Iiwic2hvcnRjb2RlIjoidmNfY29sdW1uX2lubmVyIiwiZGF0YSI6eyJ0YWJsZXQiOnt9LCJtb2JpbGUiOnt9fX0=\u00bb]\n\t\t<div id=\"wd-62c0c0409bd65\" class=\"title-wrapper wd-wpb wd-set-mb reset-last-child  wd-rs-62c0c0409bd65 wd-title-color-default wd-title-style-default text-left  wd-underline-colored\">\n\t\t\t\n\t\t\t<div class=\"liner-continer\">\n\t\t\t\t<h1 class=\"woodmart-title-container title  wd-font-weight-400 wd-fontsize-m\" >AVISOS LEGAIS E POL\u00cdTICAS GERAIS HTL LA MALINKA<\/h1>\n\t\t\t\t\t\t\t<\/div>\n\t\t\t\n\t\t\t\n\t\t\t\n\t\t<\/div>\n\t\t\n\t\t[vc_separator color=\u00bbcustom\u00bb style=\u00bbdotted\u00bb border_width=\u00bb3&#8243; accent_color=\u00bb#cccccc\u00bb css=\u00bb.vc_custom_1638534879894{margin-top: -20px !important;}\u00bb][\/vc_column_inner][\/vc_row_inner][vc_column_text woodmart_inline=\u00bbno\u00bb text_larger=\u00bbno\u00bb css=\u00bb.vc_custom_1656799302995{margin-top: -20px !important;}\u00bb]<strong>AVISOS LEGALES<\/strong><\/p>\n<p>O pedido de quarto duplo n\u00e3o especificado ser\u00e1 considerado como um duplo casal. O horario de Check in \u00e9 a partir das 14:00 hrs e o Check out \u00e0s 10:00 hrs. Pol\u00edtica de cancelamento: As reservas devem ser canceladas de acordo com os seguintes detalhes: BAIXA: 7 dias antes da entrada, M\u00c9DIA: 21 dias antes da chegada, ALTA E FERIADOS: 45 dias antes da chegada, caso contr\u00e1rio, a penalidade ser\u00e1 aplicada dos 100% da estadia. No caso de n\u00e3o compar\u00eancia a pena ser\u00e1 aplicada a 100% de estadia. Nota: Os pedidos de cancelamento ou altera\u00e7\u00e3o de reserva dever\u00e1 ser feita a tempo via e-mail para reservas.patioalto@htlhoteles.com para validar a aplica\u00e7\u00e3o tem de receber uma resposta afirmativa de nosso departamento de reservas Os dados \u00e0 esquerda na garantia de cart\u00e3o de cr\u00e9dito deve ser v\u00e1lido para confirmar sua reserva, caso contr\u00e1rio pode ser cancelada sem aviso pr\u00e9vio.<\/p>\n<p>As imagens publicadas s\u00e3o meramente ilustrativas e n\u00e3o t\u00eam natureza contratual.[\/vc_column_text]<div id=\"wd-61af8714329f5\" class=\" wd-rs-61af8714329f5  wd-button-wrapper text-left\"><a  class=\"btn btn-color-primary btn-style-default btn-shape-semi-round btn-size-extra-small\">RETORNA<\/a><\/div>[vc_empty_space height=\u00bb20px\u00bb woodmart_hide_large=\u00bb0&#8243; woodmart_hide_medium=\u00bb0&#8243; woodmart_hide_small=\u00bb0&#8243; woodmart_hide_extra_small=\u00bb0&#8243;][\/vc_column][\/vc_row]<\/p>\n<\/div>","protected":false},"excerpt":{"rendered":"<p>[vc_row full_width=\u00bbstretch_row_content_no_spaces\u00bb woodmart_css_id=\u00bb61a173131ea77&#8243; responsive_spacing=\u00bbeyJwYXJhbV90eXBlIjoid29vZG1hcnRfcmVzcG9uc2l2ZV9zcGFjaW5nIiwic2VsZWN0b3JfaWQiOiI2MWExNzMxMzFlYTc3Iiwic2hvcnRjb2RlIjoidmNfcm93IiwiZGF0YSI6eyJ0YWJsZXQiOnt9LCJtb2JpbGUiOnt9fX0=\u00bb mobile_bg_img_hidden=\u00bbno\u00bb tablet_bg_img_hidden=\u00bbno\u00bb woodmart_parallax=\u00bb0&#8243; woodmart_gradient_switch=\u00bbno\u00bb woodmart_box_shadow=\u00bbno\u00bb wd_z_index=\u00bbno\u00bb woodmart_disable_overflow=\u00bb0&#8243; row_reverse_mobile=\u00bb0&#8243; row_reverse_tablet=\u00bb0&#8243;][vc_column][\/vc_column][\/vc_row][vc_row woodmart_css_id=\u00bb61b3a54b019f6&#8243; responsive_spacing=\u00bbeyJwYXJhbV90eXBlIjoid29vZG1hcnRfcmVzcG9uc2l2ZV9zcGFjaW5nIiwic2VsZWN0b3JfaWQiOiI2MWIzYTU0YjAxOWY2Iiwic2hvcnRjb2RlIjoidmNfcm93IiwiZGF0YSI6eyJ0YWJsZXQiOnt9LCJtb2JpbGUiOnt9fX0=\u00bb mobile_bg_img_hidden=\u00bbno\u00bb tablet_bg_img_hidden=\u00bbno\u00bb woodmart_parallax=\u00bb0&#8243; woodmart_gradient_switch=\u00bbno\u00bb woodmart_box_shadow=\u00bbno\u00bb<\/p>\n","protected":false},"author":2,"featured_media":0,"parent":0,"menu_order":0,"comment_status":"closed","ping_status":"closed","template":"","meta":{"_joinchat":[],"footnotes":""},"class_list":["post-7866","page","type-page","status-publish","hentry"],"yoast_head":"<!-- This site is optimized with the Yoast SEO plugin v27.5 - https:\/\/yoast.com\/product\/yoast-seo-wordpress\/ -->\n<title>Divulga\u00e7\u00f5es - HTL Malinka<\/title>\n<meta name=\"robots\" content=\"index, follow, max-snippet:-1, max-image-preview:large, max-video-preview:-1\" \/>\n<link rel=\"canonical\" href=\"https:\/\/htlhoteles.com\/lamalinka\/pt\/divulgacoes\/\" \/>\n<meta property=\"og:locale\" content=\"es_ES\" \/>\n<meta property=\"og:type\" content=\"article\" \/>\n<meta property=\"og:title\" content=\"Divulga\u00e7\u00f5es - HTL Malinka\" \/>\n<meta property=\"og:description\" content=\"[vc_row full_width=\u00bbstretch_row_content_no_spaces\u00bb woodmart_css_id=\u00bb61a173131ea77&#8243; responsive_spacing=\u00bbeyJwYXJhbV90eXBlIjoid29vZG1hcnRfcmVzcG9uc2l2ZV9zcGFjaW5nIiwic2VsZWN0b3JfaWQiOiI2MWExNzMxMzFlYTc3Iiwic2hvcnRjb2RlIjoidmNfcm93IiwiZGF0YSI6eyJ0YWJsZXQiOnt9LCJtb2JpbGUiOnt9fX0=\u00bb mobile_bg_img_hidden=\u00bbno\u00bb tablet_bg_img_hidden=\u00bbno\u00bb woodmart_parallax=\u00bb0&#8243; woodmart_gradient_switch=\u00bbno\u00bb woodmart_box_shadow=\u00bbno\u00bb wd_z_index=\u00bbno\u00bb woodmart_disable_overflow=\u00bb0&#8243; row_reverse_mobile=\u00bb0&#8243; row_reverse_tablet=\u00bb0&#8243;][vc_column][\/vc_column][\/vc_row][vc_row woodmart_css_id=\u00bb61b3a54b019f6&#8243; responsive_spacing=\u00bbeyJwYXJhbV90eXBlIjoid29vZG1hcnRfcmVzcG9uc2l2ZV9zcGFjaW5nIiwic2VsZWN0b3JfaWQiOiI2MWIzYTU0YjAxOWY2Iiwic2hvcnRjb2RlIjoidmNfcm93IiwiZGF0YSI6eyJ0YWJsZXQiOnt9LCJtb2JpbGUiOnt9fX0=\u00bb mobile_bg_img_hidden=\u00bbno\u00bb tablet_bg_img_hidden=\u00bbno\u00bb woodmart_parallax=\u00bb0&#8243; woodmart_gradient_switch=\u00bbno\u00bb woodmart_box_shadow=\u00bbno\u00bb\" \/>\n<meta property=\"og:url\" content=\"https:\/\/htlhoteles.com\/lamalinka\/pt\/divulgacoes\/\" \/>\n<meta property=\"og:site_name\" content=\"HTL Malinka\" \/>\n<meta property=\"article:modified_time\" content=\"2025-05-14T16:28:46+00:00\" \/>\n<meta name=\"twitter:card\" content=\"summary_large_image\" \/>\n<meta name=\"twitter:label1\" content=\"Tiempo de lectura\" \/>\n\t<meta name=\"twitter:data1\" content=\"4 minutos\" \/>\n<script type=\"application\/ld+json\" class=\"yoast-schema-graph\">{\"@context\":\"https:\\\/\\\/schema.org\",\"@graph\":[{\"@type\":\"WebPage\",\"@id\":\"https:\\\/\\\/htlhoteles.com\\\/lamalinka\\\/pt\\\/divulgacoes\\\/\",\"url\":\"https:\\\/\\\/htlhoteles.com\\\/lamalinka\\\/pt\\\/divulgacoes\\\/\",\"name\":\"Divulga\u00e7\u00f5es - HTL Malinka\",\"isPartOf\":{\"@id\":\"https:\\\/\\\/htlhoteles.com\\\/lamalinka\\\/#website\"},\"datePublished\":\"2021-12-03T12:31:21+00:00\",\"dateModified\":\"2025-05-14T16:28:46+00:00\",\"breadcrumb\":{\"@id\":\"https:\\\/\\\/htlhoteles.com\\\/lamalinka\\\/pt\\\/divulgacoes\\\/#breadcrumb\"},\"inLanguage\":\"es\",\"potentialAction\":[{\"@type\":\"ReadAction\",\"target\":[\"https:\\\/\\\/htlhoteles.com\\\/lamalinka\\\/pt\\\/divulgacoes\\\/\"]}]},{\"@type\":\"BreadcrumbList\",\"@id\":\"https:\\\/\\\/htlhoteles.com\\\/lamalinka\\\/pt\\\/divulgacoes\\\/#breadcrumb\",\"itemListElement\":[{\"@type\":\"ListItem\",\"position\":1,\"name\":\"Portada\",\"item\":\"https:\\\/\\\/htlhoteles.com\\\/lamalinka\\\/\"},{\"@type\":\"ListItem\",\"position\":2,\"name\":\"Divulga\u00e7\u00f5es\"}]},{\"@type\":\"WebSite\",\"@id\":\"https:\\\/\\\/htlhoteles.com\\\/lamalinka\\\/#website\",\"url\":\"https:\\\/\\\/htlhoteles.com\\\/lamalinka\\\/\",\"name\":\"HTL Malinka\",\"description\":\"Web Oficial | Hotel en Bariloche | Reserve Online\",\"potentialAction\":[{\"@type\":\"SearchAction\",\"target\":{\"@type\":\"EntryPoint\",\"urlTemplate\":\"https:\\\/\\\/htlhoteles.com\\\/lamalinka\\\/?s={search_term_string}\"},\"query-input\":{\"@type\":\"PropertyValueSpecification\",\"valueRequired\":true,\"valueName\":\"search_term_string\"}}],\"inLanguage\":\"es\"}]}<\/script>\n<!-- \/ Yoast SEO plugin. -->","yoast_head_json":{"title":"Divulga\u00e7\u00f5es - HTL Malinka","robots":{"index":"index","follow":"follow","max-snippet":"max-snippet:-1","max-image-preview":"max-image-preview:large","max-video-preview":"max-video-preview:-1"},"canonical":"https:\/\/htlhoteles.com\/lamalinka\/pt\/divulgacoes\/","og_locale":"es_ES","og_type":"article","og_title":"Divulga\u00e7\u00f5es - HTL Malinka","og_description":"[vc_row full_width=\u00bbstretch_row_content_no_spaces\u00bb woodmart_css_id=\u00bb61a173131ea77&#8243; responsive_spacing=\u00bbeyJwYXJhbV90eXBlIjoid29vZG1hcnRfcmVzcG9uc2l2ZV9zcGFjaW5nIiwic2VsZWN0b3JfaWQiOiI2MWExNzMxMzFlYTc3Iiwic2hvcnRjb2RlIjoidmNfcm93IiwiZGF0YSI6eyJ0YWJsZXQiOnt9LCJtb2JpbGUiOnt9fX0=\u00bb mobile_bg_img_hidden=\u00bbno\u00bb tablet_bg_img_hidden=\u00bbno\u00bb woodmart_parallax=\u00bb0&#8243; woodmart_gradient_switch=\u00bbno\u00bb woodmart_box_shadow=\u00bbno\u00bb wd_z_index=\u00bbno\u00bb woodmart_disable_overflow=\u00bb0&#8243; row_reverse_mobile=\u00bb0&#8243; row_reverse_tablet=\u00bb0&#8243;][vc_column][\/vc_column][\/vc_row][vc_row woodmart_css_id=\u00bb61b3a54b019f6&#8243; responsive_spacing=\u00bbeyJwYXJhbV90eXBlIjoid29vZG1hcnRfcmVzcG9uc2l2ZV9zcGFjaW5nIiwic2VsZWN0b3JfaWQiOiI2MWIzYTU0YjAxOWY2Iiwic2hvcnRjb2RlIjoidmNfcm93IiwiZGF0YSI6eyJ0YWJsZXQiOnt9LCJtb2JpbGUiOnt9fX0=\u00bb mobile_bg_img_hidden=\u00bbno\u00bb tablet_bg_img_hidden=\u00bbno\u00bb woodmart_parallax=\u00bb0&#8243; woodmart_gradient_switch=\u00bbno\u00bb woodmart_box_shadow=\u00bbno\u00bb","og_url":"https:\/\/htlhoteles.com\/lamalinka\/pt\/divulgacoes\/","og_site_name":"HTL Malinka","article_modified_time":"2025-05-14T16:28:46+00:00","twitter_card":"summary_large_image","twitter_misc":{"Tiempo de lectura":"4 minutos"},"schema":{"@context":"https:\/\/schema.org","@graph":[{"@type":"WebPage","@id":"https:\/\/htlhoteles.com\/lamalinka\/pt\/divulgacoes\/","url":"https:\/\/htlhoteles.com\/lamalinka\/pt\/divulgacoes\/","name":"Divulga\u00e7\u00f5es - HTL Malinka","isPartOf":{"@id":"https:\/\/htlhoteles.com\/lamalinka\/#website"},"datePublished":"2021-12-03T12:31:21+00:00","dateModified":"2025-05-14T16:28:46+00:00","breadcrumb":{"@id":"https:\/\/htlhoteles.com\/lamalinka\/pt\/divulgacoes\/#breadcrumb"},"inLanguage":"es","potentialAction":[{"@type":"ReadAction","target":["https:\/\/htlhoteles.com\/lamalinka\/pt\/divulgacoes\/"]}]},{"@type":"BreadcrumbList","@id":"https:\/\/htlhoteles.com\/lamalinka\/pt\/divulgacoes\/#breadcrumb","itemListElement":[{"@type":"ListItem","position":1,"name":"Portada","item":"https:\/\/htlhoteles.com\/lamalinka\/"},{"@type":"ListItem","position":2,"name":"Divulga\u00e7\u00f5es"}]},{"@type":"WebSite","@id":"https:\/\/htlhoteles.com\/lamalinka\/#website","url":"https:\/\/htlhoteles.com\/lamalinka\/","name":"HTL Malinka","description":"Web Oficial | Hotel en Bariloche | Reserve Online","potentialAction":[{"@type":"SearchAction","target":{"@type":"EntryPoint","urlTemplate":"https:\/\/htlhoteles.com\/lamalinka\/?s={search_term_string}"},"query-input":{"@type":"PropertyValueSpecification","valueRequired":true,"valueName":"search_term_string"}}],"inLanguage":"es"}]}},"_links":{"self":[{"href":"https:\/\/htlhoteles.com\/lamalinka\/wp-json\/wp\/v2\/pages\/7866","targetHints":{"allow":["GET"]}}],"collection":[{"href":"https:\/\/htlhoteles.com\/lamalinka\/wp-json\/wp\/v2\/pages"}],"about":[{"href":"https:\/\/htlhoteles.com\/lamalinka\/wp-json\/wp\/v2\/types\/page"}],"author":[{"embeddable":true,"href":"https:\/\/htlhoteles.com\/lamalinka\/wp-json\/wp\/v2\/users\/2"}],"replies":[{"embeddable":true,"href":"https:\/\/htlhoteles.com\/lamalinka\/wp-json\/wp\/v2\/comments?post=7866"}],"version-history":[{"count":11,"href":"https:\/\/htlhoteles.com\/lamalinka\/wp-json\/wp\/v2\/pages\/7866\/revisions"}],"predecessor-version":[{"id":10158,"href":"https:\/\/htlhoteles.com\/lamalinka\/wp-json\/wp\/v2\/pages\/7866\/revisions\/10158"}],"wp:attachment":[{"href":"https:\/\/htlhoteles.com\/lamalinka\/wp-json\/wp\/v2\/media?parent=7866"}],"curies":[{"name":"wp","href":"https:\/\/api.w.org\/{rel}","templated":true}]}}