{"id":7843,"date":"2021-11-29T15:53:51","date_gmt":"2021-11-29T15:53:51","guid":{"rendered":"http:\/\/vps-2799337-x.dattaweb.com\/lamalinka?page_id=7843"},"modified":"2025-05-14T13:28:44","modified_gmt":"2025-05-14T16:28:44","slug":"quartos","status":"publish","type":"page","link":"https:\/\/htlhoteles.com\/lamalinka\/pt\/quartos\/","title":{"rendered":"ACOMODA\u00c7\u00d5ES"},"content":{"rendered":"<div class=\"wpb-content-wrapper\"><p>[vc_row full_width=\u00bbstretch_row_content_no_spaces\u00bb woodmart_css_id=\u00bb61a173131ea77&#8243; responsive_spacing=\u00bbeyJwYXJhbV90eXBlIjoid29vZG1hcnRfcmVzcG9uc2l2ZV9zcGFjaW5nIiwic2VsZWN0b3JfaWQiOiI2MWExNzMxMzFlYTc3Iiwic2hvcnRjb2RlIjoidmNfcm93IiwiZGF0YSI6eyJ0YWJsZXQiOnt9LCJtb2JpbGUiOnt9fX0=\u00bb mobile_bg_img_hidden=\u00bbno\u00bb tablet_bg_img_hidden=\u00bbno\u00bb woodmart_parallax=\u00bb0&#8243; woodmart_gradient_switch=\u00bbno\u00bb woodmart_box_shadow=\u00bbno\u00bb wd_z_index=\u00bbno\u00bb woodmart_disable_overflow=\u00bb0&#8243; row_reverse_mobile=\u00bb0&#8243; row_reverse_tablet=\u00bb0&#8243;][vc_column]\n\t\t\t<!-- START Slider Habitaciones REVOLUTION SLIDER 6.7.41 --><p class=\"rs-p-wp-fix\"><\/p>\n\t\t\t<rs-module-wrap id=\"rev_slider_2_1_wrapper\" data-source=\"gallery\" style=\"visibility:hidden;background:transparent;padding:0;margin:0px auto;margin-top:0;margin-bottom:0;\">\n\t\t\t\t<rs-module id=\"rev_slider_2_1\" style=\"\" data-version=\"6.7.41\">\n\t\t\t\t\t<rs-slides style=\"overflow: hidden; position: absolute;\">\n\t\t\t\t\t\t<rs-slide style=\"position: absolute;\" data-key=\"rs-116\" data-title=\"Slide\" data-thumb=\"\/\/htlhoteles.com\/lamalinka\/wp-content\/uploads\/2022\/09\/25a417495ef4594dedb3dc8278eb70e1-50x100.jpg\" data-anim=\"adpr:false;\" data-in=\"o:1;x:-100%;\" data-out=\"a:false;\">\n\t\t\t\t\t\t\t<img decoding=\"async\" src=\"\/\/htlhoteles.com\/lamalinka\/wp-content\/plugins\/revslider\/sr6\/assets\/assets\/dummy.png\" alt=\"\" title=\"25a417495ef4594dedb3dc8278eb70e1\" width=\"1732\" height=\"500\" class=\"rev-slidebg tp-rs-img rs-lazyload\" data-lazyload=\"\/\/htlhoteles.com\/lamalinka\/wp-content\/uploads\/2022\/09\/25a417495ef4594dedb3dc8278eb70e1.jpg\" data-no-retina>\n<!---->\t\t\t\t\t<\/rs-slide>\n\t\t\t\t\t\t<rs-slide style=\"position: absolute;\" data-key=\"rs-117\" data-title=\"Slide\" data-thumb=\"\/\/htlhoteles.com\/lamalinka\/wp-content\/uploads\/2022\/08\/2-50x100.jpg\" data-anim=\"adpr:false;f:slidebased;\" data-in=\"o:1;x:(100%);m:true;col:5;\" data-out=\"a:false;\">\n\t\t\t\t\t\t\t<img decoding=\"async\" src=\"\/\/htlhoteles.com\/lamalinka\/wp-content\/plugins\/revslider\/sr6\/assets\/assets\/dummy.png\" alt=\"\" title=\"2\" width=\"1732\" height=\"500\" class=\"rev-slidebg tp-rs-img rs-lazyload\" data-lazyload=\"\/\/htlhoteles.com\/lamalinka\/wp-content\/uploads\/2022\/08\/2.jpg\" data-no-retina>\n<!---->\t\t\t\t\t<\/rs-slide>\n\t\t\t\t\t\t<rs-slide style=\"position: absolute;\" data-key=\"rs-112\" data-title=\"Slide\" data-thumb=\"\/\/htlhoteles.com\/lamalinka\/wp-content\/uploads\/2022\/08\/3-50x100.jpg\" data-anim=\"adpr:false;f:nodelay;\" data-in=\"o:0;sx:0;sy:0;row:5;col:5;\" data-out=\"a:false;\">\n\t\t\t\t\t\t\t<img decoding=\"async\" src=\"\/\/htlhoteles.com\/lamalinka\/wp-content\/plugins\/revslider\/sr6\/assets\/assets\/dummy.png\" alt=\"\" title=\"3\" width=\"1732\" height=\"500\" class=\"rev-slidebg tp-rs-img rs-lazyload\" data-lazyload=\"\/\/htlhoteles.com\/lamalinka\/wp-content\/uploads\/2022\/08\/3.jpg\" data-no-retina>\n<!---->\t\t\t\t\t<\/rs-slide>\n\t\t\t\t\t\t<rs-slide style=\"position: absolute;\" data-key=\"rs-119\" data-title=\"Slide\" data-thumb=\"\/\/htlhoteles.com\/lamalinka\/wp-content\/uploads\/2022\/08\/4-50x100.jpg\" data-anim=\"adpr:false;f:nodelay;\" data-in=\"o:0;sx:0;sy:0;row:5;col:5;\" data-out=\"a:false;\">\n\t\t\t\t\t\t\t<img decoding=\"async\" src=\"\/\/htlhoteles.com\/lamalinka\/wp-content\/plugins\/revslider\/sr6\/assets\/assets\/dummy.png\" alt=\"\" title=\"4\" width=\"1732\" height=\"500\" class=\"rev-slidebg tp-rs-img rs-lazyload\" data-lazyload=\"\/\/htlhoteles.com\/lamalinka\/wp-content\/uploads\/2022\/08\/4.jpg\" data-no-retina>\n<!---->\t\t\t\t\t<\/rs-slide>\n\t\t\t\t\t\t<rs-slide style=\"position: absolute;\" data-key=\"rs-129\" data-title=\"Slide\" data-thumb=\"\/\/htlhoteles.com\/lamalinka\/wp-content\/uploads\/2022\/08\/5-50x100.jpg\" data-anim=\"adpr:false;f:nodelay;\" data-in=\"o:0;sx:0;sy:0;row:5;col:5;\" data-out=\"a:false;\">\n\t\t\t\t\t\t\t<img decoding=\"async\" src=\"\/\/htlhoteles.com\/lamalinka\/wp-content\/plugins\/revslider\/sr6\/assets\/assets\/dummy.png\" alt=\"\" title=\"5\" width=\"1732\" height=\"500\" class=\"rev-slidebg tp-rs-img rs-lazyload\" data-lazyload=\"\/\/htlhoteles.com\/lamalinka\/wp-content\/uploads\/2022\/08\/5.jpg\" data-no-retina>\n<!---->\t\t\t\t\t<\/rs-slide>\n\t\t\t\t\t\t<rs-slide style=\"position: absolute;\" data-key=\"rs-130\" data-title=\"Slide\" data-thumb=\"\/\/htlhoteles.com\/lamalinka\/wp-content\/uploads\/2022\/08\/6-50x100.jpg\" data-anim=\"adpr:false;f:nodelay;\" data-in=\"o:0;sx:0;sy:0;row:5;col:5;\" data-out=\"a:false;\">\n\t\t\t\t\t\t\t<img decoding=\"async\" src=\"\/\/htlhoteles.com\/lamalinka\/wp-content\/plugins\/revslider\/sr6\/assets\/assets\/dummy.png\" alt=\"\" title=\"6\" width=\"1732\" height=\"500\" class=\"rev-slidebg tp-rs-img rs-lazyload\" data-lazyload=\"\/\/htlhoteles.com\/lamalinka\/wp-content\/uploads\/2022\/08\/6.jpg\" data-no-retina>\n<!---->\t\t\t\t\t<\/rs-slide>\n\t\t\t\t\t<\/rs-slides>\n\t\t\t\t<\/rs-module>\n\t\t\t\t<script>\n\t\t\t\t\tsetREVStartSize({c: 'rev_slider_2_1',rl:[1240,1024,778,480],el:[390],gw:[1280],gh:[390],type:'standard',justify:'',layout:'fullwidth',mh:\"0\"});if (window.RS_MODULES!==undefined && window.RS_MODULES.modules!==undefined && window.RS_MODULES.modules[\"revslider21\"]!==undefined) {window.RS_MODULES.modules[\"revslider21\"].once = false;window.revapi2 = undefined;if (window.RS_MODULES.checkMinimal!==undefined) window.RS_MODULES.checkMinimal()}\n\t\t\t\t<\/script>\n\t\t\t<\/rs-module-wrap>\n\t\t\t<!-- END REVOLUTION SLIDER -->\n[vc_column_text woodmart_inline=\u00bbno\u00bb text_larger=\u00bbno\u00bb][dvt_social_media][\/vc_column_text][\/vc_column][\/vc_row][vc_row woodmart_css_id=\u00bb61df722de6dab\u00bb responsive_spacing=\u00bbeyJwYXJhbV90eXBlIjoid29vZG1hcnRfcmVzcG9uc2l2ZV9zcGFjaW5nIiwic2VsZWN0b3JfaWQiOiI2MWRmNzIyZGU2ZGFiIiwic2hvcnRjb2RlIjoidmNfcm93IiwiZGF0YSI6eyJ0YWJsZXQiOnt9LCJtb2JpbGUiOnsibWFyZ2luLXRvcCI6IjEifX19&#8243; mobile_bg_img_hidden=\u00bbno\u00bb tablet_bg_img_hidden=\u00bbno\u00bb woodmart_parallax=\u00bb0&#8243; woodmart_gradient_switch=\u00bbno\u00bb woodmart_box_shadow=\u00bbno\u00bb wd_z_index=\u00bbno\u00bb woodmart_disable_overflow=\u00bb0&#8243; row_reverse_mobile=\u00bb0&#8243; row_reverse_tablet=\u00bb0&#8243;][vc_column css=\u00bb.vc_custom_1639689825221{margin-top: -50px !important;background-color: #ffffff !important;}\u00bb woodmart_css_id=\u00bb61bbae5b70503&#8243; parallax_scroll=\u00bbno\u00bb woodmart_sticky_column=\u00bbfalse\u00bb wd_collapsible_content_switcher=\u00bbno\u00bb mobile_bg_img_hidden=\u00bbno\u00bb tablet_bg_img_hidden=\u00bbno\u00bb woodmart_parallax=\u00bb0&#8243; woodmart_box_shadow=\u00bbno\u00bb mobile_reset_margin=\u00bbno\u00bb tablet_reset_margin=\u00bbno\u00bb wd_z_index=\u00bbyes\u00bb responsive_spacing=\u00bbeyJwYXJhbV90eXBlIjoid29vZG1hcnRfcmVzcG9uc2l2ZV9zcGFjaW5nIiwic2VsZWN0b3JfaWQiOiI2MWJiYWU1YjcwNTAzIiwic2hvcnRjb2RlIjoidmNfY29sdW1uIiwiZGF0YSI6eyJ0YWJsZXQiOnt9LCJtb2JpbGUiOnsibWFyZ2luLXRvcCI6IjEifX19&#8243; wd_z_index_custom=\u00bbeyJkZXZpY2VzIjp7ImRlc2t0b3AiOnsidmFsdWUiOiI1In19LCJzZWxlY3Rvcl9pZCI6IjYxYmJhZTViNzA1MDMiLCJzaG9ydGNvZGUiOiJ2Y19jb2x1bW4iLCJzZWxlY3RvcnMiOnsie3tXUkFQUEVSfX0iOiJ6LWluZGV4OiB7e1ZBTFVFfX0ifX0=\u00bb]\n\t\t<div id=\"wd-630ccd75b0061\" class=\"title-wrapper wd-wpb wd-set-mb reset-last-child  wd-rs-630ccd75b0061 wd-title-color-default wd-title-style-default text-left vc_custom_1661783420570 wd-underline-colored\">\n\t\t\t\n\t\t\t<div class=\"liner-continer\">\n\t\t\t\t<h1 class=\"woodmart-title-container title  wd-font-weight-400 wd-fontsize-m\" >ACOMODA\u00c7\u00d5ES<\/h1>\n\t\t\t\t\t\t\t<\/div>\n\t\t\t\n\t\t\t\n\t\t\t\n\t\t<\/div>\n\t\t\n\t\t[vc_separator color=\u00bbcustom\u00bb style=\u00bbdotted\u00bb border_width=\u00bb3&#8243; accent_color=\u00bb#cccccc\u00bb css=\u00bb.vc_custom_1638549937802{margin-top: -20px !important;}\u00bb][vc_row_inner][vc_column_inner width=\u00bb1\/3&#8243;][vc_custom_heading text=\u00bbDOBLE\u00bb font_container=\u00bbtag:p|font_size:16|text_align:left|color:%23ff5f00&#8243; use_theme_fonts=\u00bbyes\u00bb link=\u00bburl:%2Flamalinka%2Fpt%2Fdobro-pt%2F\u00bb][vc_single_image image=\u00bb10100&#8243; img_size=\u00bb\u00bb style=\u00bbvc_box_outline\u00bb onclick=\u00bbcustom_link\u00bb parallax_scroll=\u00bbno\u00bb woodmart_inline=\u00bbno\u00bb link=\u00bb\/lamalinka\/pt\/dobro-pt\/\u00bb][\/vc_column_inner][vc_column_inner width=\u00bb1\/3&#8243;][vc_custom_heading text=\u00bbTRIPLE\u00bb font_container=\u00bbtag:p|font_size:16|text_align:left|color:%23ff5f00&#8243; use_theme_fonts=\u00bbyes\u00bb link=\u00bburl:%2Flamalinka%2Fpt%2Ftriple-pt%2F\u00bb][vc_single_image image=\u00bb10102&#8243; img_size=\u00bb\u00bb style=\u00bbvc_box_outline\u00bb onclick=\u00bbcustom_link\u00bb parallax_scroll=\u00bbno\u00bb woodmart_inline=\u00bbno\u00bb link=\u00bb\/lamalinka\/pt\/triple-pt\/\u00bb][\/vc_column_inner][vc_column_inner width=\u00bb1\/3&#8243;][vc_custom_heading text=\u00bbDOUBLE FLAT\u00bb font_container=\u00bbtag:p|font_size:16|text_align:left|color:%23ff5f00&#8243; use_theme_fonts=\u00bbyes\u00bb link=\u00bburl:%2Flamalinka%2Fpt%2Fquadruple-pt%2F\u00bb][vc_single_image image=\u00bb10677&#8243; img_size=\u00bb\u00bb style=\u00bbvc_box_outline\u00bb onclick=\u00bbcustom_link\u00bb parallax_scroll=\u00bbno\u00bb woodmart_inline=\u00bbno\u00bb link=\u00bb\/lamalinka\/pt\/quadruple-pt\/\u00bb][\/vc_column_inner][\/vc_row_inner][vc_row_inner css=\u00bb.vc_custom_1638549961926{margin-top: -20px !important;}\u00bb woodmart_css_id=\u00bb61aa49c4249a8&#8243; responsive_spacing=\u00bbeyJwYXJhbV90eXBlIjoid29vZG1hcnRfcmVzcG9uc2l2ZV9zcGFjaW5nIiwic2VsZWN0b3JfaWQiOiI2MWFhNDljNDI0OWE4Iiwic2hvcnRjb2RlIjoidmNfcm93X2lubmVyIiwiZGF0YSI6eyJ0YWJsZXQiOnt9LCJtb2JpbGUiOnt9fX0=\u00bb mobile_bg_img_hidden=\u00bbno\u00bb tablet_bg_img_hidden=\u00bbno\u00bb woodmart_parallax=\u00bb0&#8243; woodmart_gradient_switch=\u00bbno\u00bb woodmart_box_shadow=\u00bbno\u00bb wd_z_index=\u00bbno\u00bb woodmart_disable_overflow=\u00bb0&#8243; row_reverse_mobile=\u00bb0&#8243; row_reverse_tablet=\u00bb0&#8243;][vc_column_inner][vc_column_text woodmart_inline=\u00bbno\u00bb text_larger=\u00bbno\u00bb]Nossos quartos possuem mobili\u00e1rio cuidadosamente selecionado, com predom\u00ednio das t\u00edpicas cores de nossa identidade de montanha.<\/p>\n<p><strong>HTL La Malinka possui quartos com vista para o lago e para o bosque, que ser\u00e3o designadas levando em conta a disponibilidade.<\/strong><\/p>\n<p>Todas nossas acomoda\u00e7\u00f5es possuem:<\/p>\n<p>&#8211; Calefa\u00e7\u00e3o por radiadores<\/p>\n<p>&#8211; Sommier Queen-Size<\/p>\n<p>&#8211; Cobertor de penas<\/p>\n<p>&#8211; Cortinas Black-out<\/p>\n<p>&#8211; TV LCD a cabo<\/p>\n<p>&#8211; Secador de cabelo<\/p>\n<p>&#8211; Wi-fi[\/vc_column_text][\/vc_column_inner][\/vc_row_inner][\/vc_column][\/vc_row]<\/p>\n<\/div>","protected":false},"excerpt":{"rendered":"<p>[vc_row full_width=\u00bbstretch_row_content_no_spaces\u00bb woodmart_css_id=\u00bb61a173131ea77&#8243; responsive_spacing=\u00bbeyJwYXJhbV90eXBlIjoid29vZG1hcnRfcmVzcG9uc2l2ZV9zcGFjaW5nIiwic2VsZWN0b3JfaWQiOiI2MWExNzMxMzFlYTc3Iiwic2hvcnRjb2RlIjoidmNfcm93IiwiZGF0YSI6eyJ0YWJsZXQiOnt9LCJtb2JpbGUiOnt9fX0=\u00bb mobile_bg_img_hidden=\u00bbno\u00bb tablet_bg_img_hidden=\u00bbno\u00bb woodmart_parallax=\u00bb0&#8243; woodmart_gradient_switch=\u00bbno\u00bb woodmart_box_shadow=\u00bbno\u00bb wd_z_index=\u00bbno\u00bb woodmart_disable_overflow=\u00bb0&#8243; row_reverse_mobile=\u00bb0&#8243; row_reverse_tablet=\u00bb0&#8243;][vc_column][vc_column_text woodmart_inline=\u00bbno\u00bb text_larger=\u00bbno\u00bb][dvt_social_media][\/vc_column_text][\/vc_column][\/vc_row][vc_row woodmart_css_id=\u00bb61df722de6dab\u00bb responsive_spacing=\u00bbeyJwYXJhbV90eXBlIjoid29vZG1hcnRfcmVzcG9uc2l2ZV9zcGFjaW5nIiwic2VsZWN0b3JfaWQiOiI2MWRmNzIyZGU2ZGFiIiwic2hvcnRjb2RlIjoidmNfcm93IiwiZGF0YSI6eyJ0YWJsZXQiOnt9LCJtb2JpbGUiOnsibWFyZ2luLXRvcCI6IjEifX19&#8243; mobile_bg_img_hidden=\u00bbno\u00bb tablet_bg_img_hidden=\u00bbno\u00bb woodmart_parallax=\u00bb0&#8243;<\/p>\n","protected":false},"author":9,"featured_media":0,"parent":0,"menu_order":0,"comment_status":"closed","ping_status":"closed","template":"","meta":{"_joinchat":[],"footnotes":""},"class_list":["post-7843","page","type-page","status-publish","hentry"],"yoast_head":"<!-- This site is optimized with the Yoast SEO plugin v27.3 - https:\/\/yoast.com\/product\/yoast-seo-wordpress\/ -->\n<title>Htl La Malinka - Quartos - Reserva On-line<\/title>\n<meta name=\"description\" content=\"HTL La Malinka possui quartos duplos, triplos e qu\u00e1druplos com vista para o lago e para o bosque, que ser\u00e3o designadas levando em conta a disponibilidade.\" \/>\n<meta name=\"robots\" content=\"index, follow, max-snippet:-1, max-image-preview:large, max-video-preview:-1\" \/>\n<link rel=\"canonical\" href=\"https:\/\/htlhoteles.com\/lamalinka\/pt\/quartos\/\" \/>\n<meta property=\"og:locale\" content=\"es_ES\" \/>\n<meta property=\"og:type\" content=\"article\" \/>\n<meta property=\"og:title\" content=\"Htl La Malinka - Quartos - Reserva On-line\" \/>\n<meta property=\"og:description\" content=\"HTL La Malinka possui quartos duplos, triplos e qu\u00e1druplos com vista para o lago e para o bosque, que ser\u00e3o designadas levando em conta a disponibilidade.\" \/>\n<meta property=\"og:url\" content=\"https:\/\/htlhoteles.com\/lamalinka\/pt\/quartos\/\" \/>\n<meta property=\"og:site_name\" content=\"HTL Malinka\" \/>\n<meta property=\"article:modified_time\" content=\"2025-05-14T16:28:44+00:00\" \/>\n<meta name=\"twitter:card\" content=\"summary_large_image\" \/>\n<meta name=\"twitter:label1\" content=\"Tiempo de lectura\" \/>\n\t<meta name=\"twitter:data1\" content=\"1 minuto\" \/>\n<script type=\"application\/ld+json\" class=\"yoast-schema-graph\">{\"@context\":\"https:\\\/\\\/schema.org\",\"@graph\":[{\"@type\":\"WebPage\",\"@id\":\"https:\\\/\\\/htlhoteles.com\\\/lamalinka\\\/pt\\\/quartos\\\/\",\"url\":\"https:\\\/\\\/htlhoteles.com\\\/lamalinka\\\/pt\\\/quartos\\\/\",\"name\":\"Htl La Malinka - Quartos - Reserva On-line\",\"isPartOf\":{\"@id\":\"https:\\\/\\\/htlhoteles.com\\\/lamalinka\\\/#website\"},\"datePublished\":\"2021-11-29T15:53:51+00:00\",\"dateModified\":\"2025-05-14T16:28:44+00:00\",\"description\":\"HTL La Malinka possui quartos duplos, triplos e qu\u00e1druplos com vista para o lago e para o bosque, que ser\u00e3o designadas levando em conta a disponibilidade.\",\"breadcrumb\":{\"@id\":\"https:\\\/\\\/htlhoteles.com\\\/lamalinka\\\/pt\\\/quartos\\\/#breadcrumb\"},\"inLanguage\":\"es\",\"potentialAction\":[{\"@type\":\"ReadAction\",\"target\":[\"https:\\\/\\\/htlhoteles.com\\\/lamalinka\\\/pt\\\/quartos\\\/\"]}]},{\"@type\":\"BreadcrumbList\",\"@id\":\"https:\\\/\\\/htlhoteles.com\\\/lamalinka\\\/pt\\\/quartos\\\/#breadcrumb\",\"itemListElement\":[{\"@type\":\"ListItem\",\"position\":1,\"name\":\"Portada\",\"item\":\"https:\\\/\\\/htlhoteles.com\\\/lamalinka\\\/\"},{\"@type\":\"ListItem\",\"position\":2,\"name\":\"ACOMODA\u00c7\u00d5ES\"}]},{\"@type\":\"WebSite\",\"@id\":\"https:\\\/\\\/htlhoteles.com\\\/lamalinka\\\/#website\",\"url\":\"https:\\\/\\\/htlhoteles.com\\\/lamalinka\\\/\",\"name\":\"HTL Malinka\",\"description\":\"Web Oficial | Hotel en Bariloche | Reserve Online\",\"potentialAction\":[{\"@type\":\"SearchAction\",\"target\":{\"@type\":\"EntryPoint\",\"urlTemplate\":\"https:\\\/\\\/htlhoteles.com\\\/lamalinka\\\/?s={search_term_string}\"},\"query-input\":{\"@type\":\"PropertyValueSpecification\",\"valueRequired\":true,\"valueName\":\"search_term_string\"}}],\"inLanguage\":\"es\"}]}<\/script>\n<!-- \/ Yoast SEO plugin. -->","yoast_head_json":{"title":"Htl La Malinka - Quartos - Reserva On-line","description":"HTL La Malinka possui quartos duplos, triplos e qu\u00e1druplos com vista para o lago e para o bosque, que ser\u00e3o designadas levando em conta a disponibilidade.","robots":{"index":"index","follow":"follow","max-snippet":"max-snippet:-1","max-image-preview":"max-image-preview:large","max-video-preview":"max-video-preview:-1"},"canonical":"https:\/\/htlhoteles.com\/lamalinka\/pt\/quartos\/","og_locale":"es_ES","og_type":"article","og_title":"Htl La Malinka - Quartos - Reserva On-line","og_description":"HTL La Malinka possui quartos duplos, triplos e qu\u00e1druplos com vista para o lago e para o bosque, que ser\u00e3o designadas levando em conta a disponibilidade.","og_url":"https:\/\/htlhoteles.com\/lamalinka\/pt\/quartos\/","og_site_name":"HTL Malinka","article_modified_time":"2025-05-14T16:28:44+00:00","twitter_card":"summary_large_image","twitter_misc":{"Tiempo de lectura":"1 minuto"},"schema":{"@context":"https:\/\/schema.org","@graph":[{"@type":"WebPage","@id":"https:\/\/htlhoteles.com\/lamalinka\/pt\/quartos\/","url":"https:\/\/htlhoteles.com\/lamalinka\/pt\/quartos\/","name":"Htl La Malinka - Quartos - Reserva On-line","isPartOf":{"@id":"https:\/\/htlhoteles.com\/lamalinka\/#website"},"datePublished":"2021-11-29T15:53:51+00:00","dateModified":"2025-05-14T16:28:44+00:00","description":"HTL La Malinka possui quartos duplos, triplos e qu\u00e1druplos com vista para o lago e para o bosque, que ser\u00e3o designadas levando em conta a disponibilidade.","breadcrumb":{"@id":"https:\/\/htlhoteles.com\/lamalinka\/pt\/quartos\/#breadcrumb"},"inLanguage":"es","potentialAction":[{"@type":"ReadAction","target":["https:\/\/htlhoteles.com\/lamalinka\/pt\/quartos\/"]}]},{"@type":"BreadcrumbList","@id":"https:\/\/htlhoteles.com\/lamalinka\/pt\/quartos\/#breadcrumb","itemListElement":[{"@type":"ListItem","position":1,"name":"Portada","item":"https:\/\/htlhoteles.com\/lamalinka\/"},{"@type":"ListItem","position":2,"name":"ACOMODA\u00c7\u00d5ES"}]},{"@type":"WebSite","@id":"https:\/\/htlhoteles.com\/lamalinka\/#website","url":"https:\/\/htlhoteles.com\/lamalinka\/","name":"HTL Malinka","description":"Web Oficial | Hotel en Bariloche | Reserve Online","potentialAction":[{"@type":"SearchAction","target":{"@type":"EntryPoint","urlTemplate":"https:\/\/htlhoteles.com\/lamalinka\/?s={search_term_string}"},"query-input":{"@type":"PropertyValueSpecification","valueRequired":true,"valueName":"search_term_string"}}],"inLanguage":"es"}]}},"_links":{"self":[{"href":"https:\/\/htlhoteles.com\/lamalinka\/wp-json\/wp\/v2\/pages\/7843","targetHints":{"allow":["GET"]}}],"collection":[{"href":"https:\/\/htlhoteles.com\/lamalinka\/wp-json\/wp\/v2\/pages"}],"about":[{"href":"https:\/\/htlhoteles.com\/lamalinka\/wp-json\/wp\/v2\/types\/page"}],"author":[{"embeddable":true,"href":"https:\/\/htlhoteles.com\/lamalinka\/wp-json\/wp\/v2\/users\/9"}],"replies":[{"embeddable":true,"href":"https:\/\/htlhoteles.com\/lamalinka\/wp-json\/wp\/v2\/comments?post=7843"}],"version-history":[{"count":18,"href":"https:\/\/htlhoteles.com\/lamalinka\/wp-json\/wp\/v2\/pages\/7843\/revisions"}],"predecessor-version":[{"id":10779,"href":"https:\/\/htlhoteles.com\/lamalinka\/wp-json\/wp\/v2\/pages\/7843\/revisions\/10779"}],"wp:attachment":[{"href":"https:\/\/htlhoteles.com\/lamalinka\/wp-json\/wp\/v2\/media?parent=7843"}],"curies":[{"name":"wp","href":"https:\/\/api.w.org\/{rel}","templated":true}]}}