{"id":7744,"date":"2021-12-06T16:15:12","date_gmt":"2021-12-06T16:15:12","guid":{"rendered":"http:\/\/vps-2799337-x.dattaweb.com\/lamalinkahome-travel-portugues\/"},"modified":"2024-05-17T13:47:50","modified_gmt":"2024-05-17T16:47:50","slug":"home-3","status":"publish","type":"page","link":"https:\/\/htlhoteles.com\/lamalinka\/pt\/home-3\/","title":{"rendered":"Home HTL &#8211; Portugu\u00eas"},"content":{"rendered":"<div class=\"wpb-content-wrapper\"><p>[vc_row full_width=\u00bbstretch_row_content_no_spaces\u00bb woodmart_css_id=\u00bb61a173131ea77&#8243; responsive_spacing=\u00bbeyJwYXJhbV90eXBlIjoid29vZG1hcnRfcmVzcG9uc2l2ZV9zcGFjaW5nIiwic2VsZWN0b3JfaWQiOiI2MWExNzMxMzFlYTc3Iiwic2hvcnRjb2RlIjoidmNfcm93IiwiZGF0YSI6eyJ0YWJsZXQiOnt9LCJtb2JpbGUiOnt9fX0=\u00bb mobile_bg_img_hidden=\u00bbno\u00bb tablet_bg_img_hidden=\u00bbno\u00bb woodmart_parallax=\u00bb0&#8243; woodmart_gradient_switch=\u00bbno\u00bb woodmart_box_shadow=\u00bbno\u00bb wd_z_index=\u00bbno\u00bb woodmart_disable_overflow=\u00bb0&#8243; row_reverse_mobile=\u00bb0&#8243; row_reverse_tablet=\u00bb0&#8243;][vc_column]\n\t\t\t<!-- START Slider HOME REVOLUTION SLIDER 6.7.41 --><p class=\"rs-p-wp-fix\"><\/p>\n\t\t\t<rs-module-wrap id=\"rev_slider_1_1_wrapper\" data-source=\"gallery\" style=\"visibility:hidden;background:transparent;padding:0;margin:0px auto;margin-top:0;margin-bottom:0;\">\n\t\t\t\t<rs-module id=\"rev_slider_1_1\" style=\"\" data-version=\"6.7.41\">\n\t\t\t\t\t<rs-slides style=\"overflow: hidden; position: absolute;\">\n\t\t\t\t\t\t<rs-slide style=\"position: absolute;\" data-key=\"rs-48\" data-title=\"Slide\" data-thumb=\"\/\/htlhoteles.com\/lamalinka\/wp-content\/uploads\/2025\/03\/0001-50x100.jpg\" data-anim=\"adpr:false;\" data-in=\"o:1;x:-100%;\" data-out=\"a:false;\">\n\t\t\t\t\t\t\t<img decoding=\"async\" src=\"\/\/htlhoteles.com\/lamalinka\/wp-content\/plugins\/revslider\/sr6\/assets\/assets\/dummy.png\" alt=\"\" title=\"0001\" width=\"1732\" height=\"500\" class=\"rev-slidebg tp-rs-img rs-lazyload\" data-lazyload=\"\/\/htlhoteles.com\/lamalinka\/wp-content\/uploads\/2025\/03\/0001.jpg\" data-no-retina>\n<!---->\t\t\t\t\t<\/rs-slide>\n\t\t\t\t\t\t<rs-slide style=\"position: absolute;\" data-key=\"rs-49\" data-title=\"Slide\" data-thumb=\"\/\/htlhoteles.com\/lamalinka\/wp-content\/uploads\/2022\/06\/131a9fe07ea96710373a53a8e238c9e9-50x100.jpg\" data-anim=\"adpr:false;f:slidebased;\" data-in=\"o:1;x:(100%);m:true;col:5;\" data-out=\"a:false;\">\n\t\t\t\t\t\t\t<img decoding=\"async\" src=\"\/\/htlhoteles.com\/lamalinka\/wp-content\/plugins\/revslider\/sr6\/assets\/assets\/dummy.png\" alt=\"\" title=\"131a9fe07ea96710373a53a8e238c9e9\" width=\"1732\" height=\"500\" class=\"rev-slidebg tp-rs-img rs-lazyload\" data-lazyload=\"\/\/htlhoteles.com\/lamalinka\/wp-content\/uploads\/2022\/06\/131a9fe07ea96710373a53a8e238c9e9.jpg\" data-no-retina>\n<!---->\t\t\t\t\t<\/rs-slide>\n\t\t\t\t\t\t<rs-slide style=\"position: absolute;\" data-key=\"rs-50\" data-title=\"Slide\" data-thumb=\"\/\/htlhoteles.com\/lamalinka\/wp-content\/uploads\/2022\/06\/7c0c823b952a4b4d9ad15ee6ef977ce8-50x100.jpg\" data-anim=\"adpr:false;f:nodelay;\" data-in=\"o:0;sx:0;sy:0;row:5;col:5;\" data-out=\"a:false;\">\n\t\t\t\t\t\t\t<img decoding=\"async\" src=\"\/\/htlhoteles.com\/lamalinka\/wp-content\/plugins\/revslider\/sr6\/assets\/assets\/dummy.png\" alt=\"\" title=\"7c0c823b952a4b4d9ad15ee6ef977ce8\" width=\"1732\" height=\"500\" class=\"rev-slidebg tp-rs-img rs-lazyload\" data-lazyload=\"\/\/htlhoteles.com\/lamalinka\/wp-content\/uploads\/2022\/06\/7c0c823b952a4b4d9ad15ee6ef977ce8.jpg\" data-no-retina>\n<!---->\t\t\t\t\t<\/rs-slide>\n\t\t\t\t\t\t<rs-slide style=\"position: absolute;\" data-key=\"rs-51\" data-title=\"Slide\" data-thumb=\"\/\/htlhoteles.com\/lamalinka\/wp-content\/uploads\/2022\/06\/9c8a912632b79ea08f2bff3f59373b61-50x100.jpg\" data-anim=\"adpr:false;f:nodelay;\" data-in=\"o:0;sx:0;sy:0;row:5;col:5;\" data-out=\"a:false;\">\n\t\t\t\t\t\t\t<img decoding=\"async\" src=\"\/\/htlhoteles.com\/lamalinka\/wp-content\/plugins\/revslider\/sr6\/assets\/assets\/dummy.png\" alt=\"\" title=\"9c8a912632b79ea08f2bff3f59373b61\" width=\"1732\" height=\"500\" class=\"rev-slidebg tp-rs-img rs-lazyload\" data-lazyload=\"\/\/htlhoteles.com\/lamalinka\/wp-content\/uploads\/2022\/06\/9c8a912632b79ea08f2bff3f59373b61.jpg\" data-no-retina>\n<!---->\t\t\t\t\t<\/rs-slide>\n\t\t\t\t\t\t<rs-slide style=\"position: absolute;\" data-key=\"rs-52\" data-title=\"Slide\" data-thumb=\"\/\/htlhoteles.com\/lamalinka\/wp-content\/uploads\/2025\/03\/0005a-50x100.jpg\" data-anim=\"adpr:false;d:10;ms:600;f:random;\" data-in=\"mo:45;moo:none;o:0;x:(100%);r:ran(-45|45);sx:0.8;sy:0.8;row:20;\" data-out=\"a:false;\">\n\t\t\t\t\t\t\t<img decoding=\"async\" src=\"\/\/htlhoteles.com\/lamalinka\/wp-content\/plugins\/revslider\/sr6\/assets\/assets\/dummy.png\" alt=\"\" title=\"0005a\" width=\"1732\" height=\"500\" class=\"rev-slidebg tp-rs-img rs-lazyload\" data-lazyload=\"\/\/htlhoteles.com\/lamalinka\/wp-content\/uploads\/2025\/03\/0005a.jpg\" data-no-retina>\n<!---->\t\t\t\t\t<\/rs-slide>\n\t\t\t\t\t\t<rs-slide style=\"position: absolute;\" data-key=\"rs-53\" data-title=\"Slide\" data-thumb=\"\/\/htlhoteles.com\/lamalinka\/wp-content\/uploads\/2025\/09\/0006-50x100.jpg\" data-anim=\"adpr:false;d:35;ms:2000;f:edges;\" data-in=\"o:1;x:cyc(100%|-100%);m:true;col:8;\" data-out=\"a:false;\" data-d3=\"f:cube;d:vertical;z:450;t:20;su:true;sc:#9e9e9e;\">\n\t\t\t\t\t\t\t<img decoding=\"async\" src=\"\/\/htlhoteles.com\/lamalinka\/wp-content\/plugins\/revslider\/sr6\/assets\/assets\/dummy.png\" alt=\"\" title=\"0006\" width=\"1732\" height=\"500\" class=\"rev-slidebg tp-rs-img rs-lazyload\" data-lazyload=\"\/\/htlhoteles.com\/lamalinka\/wp-content\/uploads\/2025\/09\/0006.jpg\" data-no-retina>\n<!---->\t\t\t\t\t<\/rs-slide>\n\t\t\t\t\t\t<rs-slide style=\"position: absolute;\" data-key=\"rs-54\" data-title=\"Slide\" data-thumb=\"\/\/htlhoteles.com\/lamalinka\/wp-content\/uploads\/2022\/06\/20efc9220a1df9d4142c6d2d36fe1f1e-50x100.jpg\" data-anim=\"adpr:false;\" data-in=\"o:1;x:-100%;\" data-out=\"a:false;\">\n\t\t\t\t\t\t\t<img decoding=\"async\" src=\"\/\/htlhoteles.com\/lamalinka\/wp-content\/plugins\/revslider\/sr6\/assets\/assets\/dummy.png\" alt=\"\" title=\"20efc9220a1df9d4142c6d2d36fe1f1e\" width=\"1732\" height=\"500\" class=\"rev-slidebg tp-rs-img rs-lazyload\" data-lazyload=\"\/\/htlhoteles.com\/lamalinka\/wp-content\/uploads\/2022\/06\/20efc9220a1df9d4142c6d2d36fe1f1e.jpg\" data-no-retina>\n<!---->\t\t\t\t\t<\/rs-slide>\n\t\t\t\t\t\t<rs-slide style=\"position: absolute;\" data-key=\"rs-1\" data-title=\"Slide\" data-thumb=\"\/\/htlhoteles.com\/lamalinka\/wp-content\/uploads\/2022\/06\/090da6bc7d5794e4f4a9dd938eae4e69-50x100.jpg\" data-anim=\"adpr:false;f:nodelay;\" data-in=\"o:0;sx:0;sy:0;row:5;col:5;\" data-out=\"a:false;\">\n\t\t\t\t\t\t\t<img decoding=\"async\" src=\"\/\/htlhoteles.com\/lamalinka\/wp-content\/plugins\/revslider\/sr6\/assets\/assets\/dummy.png\" alt=\"\" title=\"090da6bc7d5794e4f4a9dd938eae4e69\" width=\"1732\" height=\"500\" class=\"rev-slidebg tp-rs-img rs-lazyload\" data-lazyload=\"\/\/htlhoteles.com\/lamalinka\/wp-content\/uploads\/2022\/06\/090da6bc7d5794e4f4a9dd938eae4e69.jpg\" data-no-retina>\n<!---->\t\t\t\t\t<\/rs-slide>\n\t\t\t\t\t\t<rs-slide style=\"position: absolute;\" data-key=\"rs-2\" data-title=\"Slide\" data-thumb=\"\/\/htlhoteles.com\/lamalinka\/wp-content\/uploads\/2022\/06\/e60be44e707e654b0e920f26c161ca64-50x100.jpg\" data-anim=\"adpr:false;f:nodelay;\" data-in=\"o:0;sx:0;sy:0;row:5;col:5;\" data-out=\"a:false;\">\n\t\t\t\t\t\t\t<img decoding=\"async\" src=\"\/\/htlhoteles.com\/lamalinka\/wp-content\/plugins\/revslider\/sr6\/assets\/assets\/dummy.png\" alt=\"\" title=\"e60be44e707e654b0e920f26c161ca64\" width=\"1732\" height=\"500\" class=\"rev-slidebg tp-rs-img rs-lazyload\" data-lazyload=\"\/\/htlhoteles.com\/lamalinka\/wp-content\/uploads\/2022\/06\/e60be44e707e654b0e920f26c161ca64.jpg\" data-no-retina>\n<!---->\t\t\t\t\t<\/rs-slide>\n\t\t\t\t\t\t<rs-slide style=\"position: absolute;\" data-key=\"rs-47\" data-title=\"Slide\" data-thumb=\"\/\/htlhoteles.com\/lamalinka\/wp-content\/uploads\/2022\/06\/71cdff5ce533d325fb592232cd96f656-50x100.jpg\" data-anim=\"adpr:false;f:slidebased;\" data-in=\"o:1;x:(100%);m:true;col:5;\" data-out=\"a:false;\">\n\t\t\t\t\t\t\t<img decoding=\"async\" src=\"\/\/htlhoteles.com\/lamalinka\/wp-content\/plugins\/revslider\/sr6\/assets\/assets\/dummy.png\" alt=\"\" title=\"71cdff5ce533d325fb592232cd96f656\" width=\"1732\" height=\"500\" class=\"rev-slidebg tp-rs-img rs-lazyload\" data-lazyload=\"\/\/htlhoteles.com\/lamalinka\/wp-content\/uploads\/2022\/06\/71cdff5ce533d325fb592232cd96f656.jpg\" data-no-retina>\n<!---->\t\t\t\t\t<\/rs-slide>\n\t\t\t\t\t<\/rs-slides>\n\t\t\t\t<\/rs-module>\n\t\t\t\t<script>\n\t\t\t\t\tsetREVStartSize({c: 'rev_slider_1_1',rl:[1240,1024,778,480],el:[390],gw:[1280],gh:[390],type:'standard',justify:'',layout:'fullwidth',mh:\"0\"});if (window.RS_MODULES!==undefined && window.RS_MODULES.modules!==undefined && window.RS_MODULES.modules[\"revslider11\"]!==undefined) {window.RS_MODULES.modules[\"revslider11\"].once = false;window.revapi1 = undefined;if (window.RS_MODULES.checkMinimal!==undefined) window.RS_MODULES.checkMinimal()}\n\t\t\t\t<\/script>\n\t\t\t<\/rs-module-wrap>\n\t\t\t<!-- END REVOLUTION SLIDER -->\n[vc_column_text woodmart_inline=\u00bbno\u00bb text_larger=\u00bbno\u00bb][dvt_social_media][\/vc_column_text][\/vc_column][\/vc_row][vc_row woodmart_css_id=\u00bb61df716759aee\u00bb responsive_spacing=\u00bbeyJwYXJhbV90eXBlIjoid29vZG1hcnRfcmVzcG9uc2l2ZV9zcGFjaW5nIiwic2VsZWN0b3JfaWQiOiI2MWRmNzE2NzU5YWVlIiwic2hvcnRjb2RlIjoidmNfcm93IiwiZGF0YSI6eyJ0YWJsZXQiOnt9LCJtb2JpbGUiOnt9fX0=\u00bb mobile_bg_img_hidden=\u00bbno\u00bb tablet_bg_img_hidden=\u00bbno\u00bb woodmart_parallax=\u00bb0&#8243; woodmart_gradient_switch=\u00bbno\u00bb woodmart_box_shadow=\u00bbno\u00bb wd_z_index=\u00bbno\u00bb woodmart_disable_overflow=\u00bb0&#8243; row_reverse_mobile=\u00bb0&#8243; row_reverse_tablet=\u00bb0&#8243;][vc_column css=\u00bb.vc_custom_1667625390680{margin-top: -50px !important;background-color: #ffffff !important;}\u00bb woodmart_css_id=\u00bb6365f1b0402de\u00bb parallax_scroll=\u00bbno\u00bb woodmart_sticky_column=\u00bbfalse\u00bb wd_collapsible_content_switcher=\u00bbno\u00bb mobile_bg_img_hidden=\u00bbno\u00bb tablet_bg_img_hidden=\u00bbno\u00bb woodmart_parallax=\u00bb0&#8243; woodmart_box_shadow=\u00bbno\u00bb mobile_reset_margin=\u00bbno\u00bb tablet_reset_margin=\u00bbno\u00bb wd_z_index=\u00bbyes\u00bb responsive_spacing=\u00bbeyJwYXJhbV90eXBlIjoid29vZG1hcnRfcmVzcG9uc2l2ZV9zcGFjaW5nIiwic2VsZWN0b3JfaWQiOiI2MzY1ZjFiMDQwMmRlIiwic2hvcnRjb2RlIjoidmNfY29sdW1uIiwiZGF0YSI6eyJ0YWJsZXQiOnt9LCJtb2JpbGUiOnt9fX0=\u00bb wd_z_index_custom=\u00bbeyJkZXZpY2VzIjp7ImRlc2t0b3AiOnsidmFsdWUiOiI1In19LCJzZWxlY3Rvcl9pZCI6IjYzNjVmMWIwNDAyZGUiLCJzaG9ydGNvZGUiOiJ2Y19jb2x1bW4iLCJzZWxlY3RvcnMiOnsie3tXUkFQUEVSfX0iOiJ6LWluZGV4OiB7e1ZBTFVFfX0ifX0=\u00bb el_class=\u00bbpromo-top-margin\u00bb][vc_row_inner css=\u00bb.vc_custom_1668236286457{margin-top: -20px !important;}\u00bb woodmart_css_id=\u00bb636f43f59c2bf\u00bb responsive_spacing=\u00bbeyJwYXJhbV90eXBlIjoid29vZG1hcnRfcmVzcG9uc2l2ZV9zcGFjaW5nIiwic2VsZWN0b3JfaWQiOiI2MzZmNDNmNTljMmJmIiwic2hvcnRjb2RlIjoidmNfcm93X2lubmVyIiwiZGF0YSI6eyJ0YWJsZXQiOnt9LCJtb2JpbGUiOnt9fX0=\u00bb mobile_bg_img_hidden=\u00bbno\u00bb tablet_bg_img_hidden=\u00bbno\u00bb woodmart_parallax=\u00bb0&#8243; woodmart_gradient_switch=\u00bbno\u00bb woodmart_box_shadow=\u00bbno\u00bb wd_z_index=\u00bbno\u00bb woodmart_disable_overflow=\u00bb0&#8243; row_reverse_mobile=\u00bb0&#8243; row_reverse_tablet=\u00bb0&#8243;][vc_column_inner width=\u00bb1\/3&#8243;][vc_single_image image=\u00bb10615&#8243; img_size=\u00bbfull\u00bb alignment=\u00bbcenter\u00bb onclick=\u00bbcustom_link\u00bb parallax_scroll=\u00bbno\u00bb woodmart_inline=\u00bbno\u00bb link=\u00bb\/lamalinka\/pt\/ofertas-pt\/\u00bb el_class=\u00bbmargin-bottom-promo\u00bb css=\u00bb.vc_custom_1673359559173{margin-left: 5% !important;}\u00bb][\/vc_column_inner][vc_column_inner width=\u00bb1\/3&#8243; woodmart_css_id=\u00bb636f466d65b27&#8243; parallax_scroll=\u00bbno\u00bb woodmart_sticky_column=\u00bbfalse\u00bb wd_collapsible_content_switcher=\u00bbno\u00bb mobile_bg_img_hidden=\u00bbno\u00bb tablet_bg_img_hidden=\u00bbno\u00bb woodmart_parallax=\u00bb0&#8243; woodmart_box_shadow=\u00bbno\u00bb wd_z_index=\u00bbno\u00bb responsive_spacing=\u00bbeyJwYXJhbV90eXBlIjoid29vZG1hcnRfcmVzcG9uc2l2ZV9zcGFjaW5nIiwic2VsZWN0b3JfaWQiOiI2MzZmNDY2ZDY1YjI3Iiwic2hvcnRjb2RlIjoidmNfY29sdW1uX2lubmVyIiwiZGF0YSI6eyJ0YWJsZXQiOnt9LCJtb2JpbGUiOnt9fX0=\u00bb][vc_single_image image=\u00bb10642&#8243; img_size=\u00bbfull\u00bb alignment=\u00bbcenter\u00bb onclick=\u00bbcustom_link\u00bb parallax_scroll=\u00bbno\u00bb woodmart_inline=\u00bbno\u00bb link=\u00bb\/lamalinka\/pt\/ofertas-pt\/\u00bb el_class=\u00bbmargin-bottom-promo\u00bb css=\u00bb.vc_custom_1675184659001{margin-left: 5% !important;}\u00bb][\/vc_column_inner][vc_column_inner width=\u00bb1\/3&#8243;][vc_single_image image=\u00bb10758&#8243; img_size=\u00bbfull\u00bb alignment=\u00bbcenter\u00bb onclick=\u00bbcustom_link\u00bb parallax_scroll=\u00bbno\u00bb woodmart_inline=\u00bbno\u00bb link=\u00bb\/lamalinka\/pt\/ofertas-pt\/\u00bb el_class=\u00bbmargin-bottom-promo\u00bb css=\u00bb.vc_custom_1715964467439{margin-left: 5% !important;}\u00bb][\/vc_column_inner][\/vc_row_inner]\n\t\t<div id=\"wd-630ccd263912e\" class=\"title-wrapper wd-wpb wd-set-mb reset-last-child  wd-rs-630ccd263912e wd-title-color-default wd-title-style-default text-left emptyspace vc_custom_1661783357385 wd-underline-colored\">\n\t\t\t\n\t\t\t<div class=\"liner-continer\">\n\t\t\t\t<h1 class=\"woodmart-title-container title  wd-font-weight-700 wd-fontsize-m\" >BARILOCHE - HTL LA MALINKA<\/h1>\n\t\t\t\t\t\t\t<\/div>\n\t\t\t\n\t\t\t\n\t\t\t\n\t\t<\/div>\n\t\t\n\t\t[vc_separator color=\u00bbcustom\u00bb style=\u00bbdotted\u00bb border_width=\u00bb3&#8243; accent_color=\u00bb#cccccc\u00bb css=\u00bb.vc_custom_1641415531184{margin-top: -20px !important;}\u00bb el_class=\u00bbemptyspace\u00bb][vc_row_inner css=\u00bb.vc_custom_1641415537480{margin-top: -20px !important;}\u00bb woodmart_css_id=\u00bb61d6036de8149&#8243; responsive_spacing=\u00bbeyJwYXJhbV90eXBlIjoid29vZG1hcnRfcmVzcG9uc2l2ZV9zcGFjaW5nIiwic2VsZWN0b3JfaWQiOiI2MWQ2MDM2ZGU4MTQ5Iiwic2hvcnRjb2RlIjoidmNfcm93X2lubmVyIiwiZGF0YSI6eyJ0YWJsZXQiOnt9LCJtb2JpbGUiOnt9fX0=\u00bb mobile_bg_img_hidden=\u00bbno\u00bb tablet_bg_img_hidden=\u00bbno\u00bb woodmart_parallax=\u00bb0&#8243; woodmart_gradient_switch=\u00bbno\u00bb woodmart_box_shadow=\u00bbno\u00bb wd_z_index=\u00bbno\u00bb woodmart_disable_overflow=\u00bb0&#8243; row_reverse_mobile=\u00bb0&#8243; row_reverse_tablet=\u00bb0&#8243; el_class=\u00bbemptyspace\u00bb][vc_column_inner width=\u00bb1\/2&#8243;][vc_single_image image=\u00bb10547&#8243; img_size=\u00bbfull\u00bb parallax_scroll=\u00bbno\u00bb woodmart_inline=\u00bbno\u00bb][\/vc_column_inner][vc_column_inner width=\u00bb1\/2&#8243;][vc_column_text woodmart_inline=\u00bbno\u00bb text_larger=\u00bbno\u00bb]Lhe convidamos para conhecer o Hotel <strong>HTL La Malinka<\/strong>, nosso hotel de montanha em <strong>San Carlos de Bariloche<\/strong>, exclusivo <strong>para casais<\/strong>. \u00c0 beira do lago Nahuel Huapi e pr\u00f3ximo \u00e0 zona comercial de Bariloche e o centro de esqui Cerro Catedral.<br \/>\nNosso hotel \u00e9 uma express\u00e3o da calidez, da tradi\u00e7\u00e3o e o conforto da Patagonia, que \u00e9 ideal para esquiadores, casais e amantes da natureza. Nosso hotel prop\u00f5e uma estadia com todo o encanto de um hotel de estilo r\u00fastico montanh\u00eas no qual poder\u00e1 achar quartos confort\u00e1veis com servi\u00e7os \u00fateis, internet wifi sem custo adicional, estacionamento, caf\u00e9-da-manh\u00e3 buffet, aten\u00e7\u00e3o personalizada&#8230; e um entorno m\u00e1gico. Desfrute de uns dias de relax no para\u00edso de <strong>San Carlos de Bariloche<\/strong> ao melhor pre\u00e7o online na <a href=\"https:\/\/htlhoteles.com\/lamalinka\/pt\/reserva\/\">web oficial<\/a> de <strong>HTL Hoteles.<\/strong><\/p>\n<p>&nbsp;<\/p>\n<p>[\/vc_column_text][vc_single_image image=\u00bb9072&#8243; img_size=\u00bb120X120&#8243; alignment=\u00bbright\u00bb parallax_scroll=\u00bbno\u00bb woodmart_inline=\u00bbno\u00bb css=\u00bb.vc_custom_1642803573253{margin-top: -4vh !important;}\u00bb][\/vc_column_inner][\/vc_row_inner]\n\t\t<div id=\"wd-63745e024461a\" class=\"title-wrapper wd-wpb wd-set-mb reset-last-child  wd-rs-63745e024461a wd-title-color-default wd-title-style-default text-left vc_custom_1668570631130 wd-underline-colored\">\n\t\t\t\n\t\t\t<div class=\"liner-continer\">\n\t\t\t\t<h1 class=\"woodmart-title-container title  wd-font-weight-400 wd-fontsize-m\" >ACOMODA\u00c7\u00d5ES<\/h1>\n\t\t\t\t\t\t\t<\/div>\n\t\t\t\n\t\t\t\n\t\t\t\n\t\t<\/div>\n\t\t\n\t\t[vc_separator color=\u00bbcustom\u00bb style=\u00bbdotted\u00bb border_width=\u00bb3&#8243; accent_color=\u00bb#cccccc\u00bb][vc_row_inner][vc_column_inner width=\u00bb1\/3&#8243;][vc_custom_heading text=\u00bbEM DOBRO\u00bb font_container=\u00bbtag:p|font_size:16|text_align:left|color:%23ff5f00&#8243; use_theme_fonts=\u00bbyes\u00bb link=\u00bburl:%2Flamalinka%2Fpt%2Fdobro-pt%2F\u00bb][vc_single_image image=\u00bb9797&#8243; img_size=\u00bb\u00bb style=\u00bbvc_box_outline\u00bb onclick=\u00bbcustom_link\u00bb parallax_scroll=\u00bbno\u00bb woodmart_inline=\u00bbno\u00bb link=\u00bbhttp:\/\/htlhoteles.com\/lamalinka\/pt\/dobro-pt\/\u00bb][\/vc_column_inner][vc_column_inner width=\u00bb1\/3&#8243;][vc_custom_heading text=\u00bbTRIPLO\u00bb font_container=\u00bbtag:p|font_size:16|text_align:left|color:%23ff5f00&#8243; use_theme_fonts=\u00bbyes\u00bb link=\u00bburl:http%3A%2F%2Fhtlhoteles.com%2Flamalinka%2Fpt%2Ftriple-pt%2F\u00bb][vc_single_image image=\u00bb9794&#8243; img_size=\u00bb\u00bb style=\u00bbvc_box_outline\u00bb onclick=\u00bbcustom_link\u00bb parallax_scroll=\u00bbno\u00bb woodmart_inline=\u00bbno\u00bb link=\u00bbhttp:\/\/htlhoteles.com\/lamalinka\/pt\/triple-pt\/\u00bb][\/vc_column_inner][vc_column_inner width=\u00bb1\/3&#8243;][vc_custom_heading text=\u00bbDOUBLE FLAT\u00bb font_container=\u00bbtag:p|font_size:16|text_align:left|color:%23ff5f00&#8243; use_theme_fonts=\u00bbyes\u00bb link=\u00bburl:http%3A%2F%2Fhtlhoteles.com%2Flamalinka%2Fpt%2Fquadruple-pt%2F\u00bb][vc_single_image image=\u00bb10673&#8243; img_size=\u00bb\u00bb style=\u00bbvc_box_outline\u00bb onclick=\u00bbcustom_link\u00bb parallax_scroll=\u00bbno\u00bb woodmart_inline=\u00bbno\u00bb link=\u00bbhttp:\/\/htlhoteles.com\/lamalinka\/pt\/quadruple-pt\/\u00bb][\/vc_column_inner][\/vc_row_inner][\/vc_column][\/vc_row]<\/p>\n<\/div>","protected":false},"excerpt":{"rendered":"<p>[vc_row full_width=\u00bbstretch_row_content_no_spaces\u00bb woodmart_css_id=\u00bb61a173131ea77&#8243; responsive_spacing=\u00bbeyJwYXJhbV90eXBlIjoid29vZG1hcnRfcmVzcG9uc2l2ZV9zcGFjaW5nIiwic2VsZWN0b3JfaWQiOiI2MWExNzMxMzFlYTc3Iiwic2hvcnRjb2RlIjoidmNfcm93IiwiZGF0YSI6eyJ0YWJsZXQiOnt9LCJtb2JpbGUiOnt9fX0=\u00bb mobile_bg_img_hidden=\u00bbno\u00bb tablet_bg_img_hidden=\u00bbno\u00bb woodmart_parallax=\u00bb0&#8243; woodmart_gradient_switch=\u00bbno\u00bb woodmart_box_shadow=\u00bbno\u00bb wd_z_index=\u00bbno\u00bb woodmart_disable_overflow=\u00bb0&#8243; row_reverse_mobile=\u00bb0&#8243; row_reverse_tablet=\u00bb0&#8243;][vc_column][vc_column_text woodmart_inline=\u00bbno\u00bb text_larger=\u00bbno\u00bb][dvt_social_media][\/vc_column_text][\/vc_column][\/vc_row][vc_row woodmart_css_id=\u00bb61df716759aee\u00bb responsive_spacing=\u00bbeyJwYXJhbV90eXBlIjoid29vZG1hcnRfcmVzcG9uc2l2ZV9zcGFjaW5nIiwic2VsZWN0b3JfaWQiOiI2MWRmNzE2NzU5YWVlIiwic2hvcnRjb2RlIjoidmNfcm93IiwiZGF0YSI6eyJ0YWJsZXQiOnt9LCJtb2JpbGUiOnt9fX0=\u00bb mobile_bg_img_hidden=\u00bbno\u00bb tablet_bg_img_hidden=\u00bbno\u00bb woodmart_parallax=\u00bb0&#8243;<\/p>\n","protected":false},"author":4,"featured_media":0,"parent":0,"menu_order":0,"comment_status":"closed","ping_status":"closed","template":"","meta":{"_joinchat":[],"footnotes":""},"class_list":["post-7744","page","type-page","status-publish","hentry"],"yoast_head":"<!-- This site is optimized with the Yoast SEO plugin v27.3 - https:\/\/yoast.com\/product\/yoast-seo-wordpress\/ -->\n<title>Htl La Malinka - Site Oficial- Hotel em Bariloche - Reserva On-line<\/title>\n<meta name=\"description\" content=\"HTL La Malinka, est\u00e1 localizada na Av. Bustillos, perto da zona comercial de Bariloche e do centro de esqui Cerro Catedral. Distingui-se por seu estilo r\u00fastico de montanha da Patagonia combinado com os confortes de um hotel de alta categoria.\" \/>\n<meta name=\"robots\" content=\"index, follow, max-snippet:-1, max-image-preview:large, max-video-preview:-1\" \/>\n<link rel=\"canonical\" href=\"https:\/\/htlhoteles.com\/lamalinka\/pt\/home-3\/\" \/>\n<meta property=\"og:locale\" content=\"es_ES\" \/>\n<meta property=\"og:type\" content=\"article\" \/>\n<meta property=\"og:title\" content=\"Htl La Malinka - Site Oficial- Hotel em Bariloche - Reserva On-line\" \/>\n<meta property=\"og:description\" content=\"HTL La Malinka, est\u00e1 localizada na Av. Bustillos, perto da zona comercial de Bariloche e do centro de esqui Cerro Catedral. Distingui-se por seu estilo r\u00fastico de montanha da Patagonia combinado com os confortes de um hotel de alta categoria.\" \/>\n<meta property=\"og:url\" content=\"https:\/\/htlhoteles.com\/lamalinka\/pt\/home-3\/\" \/>\n<meta property=\"og:site_name\" content=\"HTL Malinka\" \/>\n<meta property=\"article:modified_time\" content=\"2024-05-17T16:47:50+00:00\" \/>\n<meta name=\"twitter:card\" content=\"summary_large_image\" \/>\n<meta name=\"twitter:label1\" content=\"Tiempo de lectura\" \/>\n\t<meta name=\"twitter:data1\" content=\"2 minutos\" \/>\n<script type=\"application\/ld+json\" class=\"yoast-schema-graph\">{\"@context\":\"https:\\\/\\\/schema.org\",\"@graph\":[{\"@type\":\"WebPage\",\"@id\":\"https:\\\/\\\/htlhoteles.com\\\/lamalinka\\\/pt\\\/home-3\\\/\",\"url\":\"https:\\\/\\\/htlhoteles.com\\\/lamalinka\\\/pt\\\/home-3\\\/\",\"name\":\"Htl La Malinka - Site Oficial- Hotel em Bariloche - Reserva On-line\",\"isPartOf\":{\"@id\":\"https:\\\/\\\/htlhoteles.com\\\/lamalinka\\\/#website\"},\"datePublished\":\"2021-12-06T16:15:12+00:00\",\"dateModified\":\"2024-05-17T16:47:50+00:00\",\"description\":\"HTL La Malinka, est\u00e1 localizada na Av. Bustillos, perto da zona comercial de Bariloche e do centro de esqui Cerro Catedral. Distingui-se por seu estilo r\u00fastico de montanha da Patagonia combinado com os confortes de um hotel de alta categoria.\",\"breadcrumb\":{\"@id\":\"https:\\\/\\\/htlhoteles.com\\\/lamalinka\\\/pt\\\/home-3\\\/#breadcrumb\"},\"inLanguage\":\"es\",\"potentialAction\":[{\"@type\":\"ReadAction\",\"target\":[\"https:\\\/\\\/htlhoteles.com\\\/lamalinka\\\/pt\\\/home-3\\\/\"]}]},{\"@type\":\"BreadcrumbList\",\"@id\":\"https:\\\/\\\/htlhoteles.com\\\/lamalinka\\\/pt\\\/home-3\\\/#breadcrumb\",\"itemListElement\":[{\"@type\":\"ListItem\",\"position\":1,\"name\":\"Portada\",\"item\":\"https:\\\/\\\/htlhoteles.com\\\/lamalinka\\\/\"},{\"@type\":\"ListItem\",\"position\":2,\"name\":\"Home HTL &#8211; Portugu\u00eas\"}]},{\"@type\":\"WebSite\",\"@id\":\"https:\\\/\\\/htlhoteles.com\\\/lamalinka\\\/#website\",\"url\":\"https:\\\/\\\/htlhoteles.com\\\/lamalinka\\\/\",\"name\":\"HTL Malinka\",\"description\":\"Web Oficial | Hotel en Bariloche | Reserve Online\",\"potentialAction\":[{\"@type\":\"SearchAction\",\"target\":{\"@type\":\"EntryPoint\",\"urlTemplate\":\"https:\\\/\\\/htlhoteles.com\\\/lamalinka\\\/?s={search_term_string}\"},\"query-input\":{\"@type\":\"PropertyValueSpecification\",\"valueRequired\":true,\"valueName\":\"search_term_string\"}}],\"inLanguage\":\"es\"}]}<\/script>\n<!-- \/ Yoast SEO plugin. -->","yoast_head_json":{"title":"Htl La Malinka - Site Oficial- Hotel em Bariloche - Reserva On-line","description":"HTL La Malinka, est\u00e1 localizada na Av. Bustillos, perto da zona comercial de Bariloche e do centro de esqui Cerro Catedral. Distingui-se por seu estilo r\u00fastico de montanha da Patagonia combinado com os confortes de um hotel de alta categoria.","robots":{"index":"index","follow":"follow","max-snippet":"max-snippet:-1","max-image-preview":"max-image-preview:large","max-video-preview":"max-video-preview:-1"},"canonical":"https:\/\/htlhoteles.com\/lamalinka\/pt\/home-3\/","og_locale":"es_ES","og_type":"article","og_title":"Htl La Malinka - Site Oficial- Hotel em Bariloche - Reserva On-line","og_description":"HTL La Malinka, est\u00e1 localizada na Av. Bustillos, perto da zona comercial de Bariloche e do centro de esqui Cerro Catedral. Distingui-se por seu estilo r\u00fastico de montanha da Patagonia combinado com os confortes de um hotel de alta categoria.","og_url":"https:\/\/htlhoteles.com\/lamalinka\/pt\/home-3\/","og_site_name":"HTL Malinka","article_modified_time":"2024-05-17T16:47:50+00:00","twitter_card":"summary_large_image","twitter_misc":{"Tiempo de lectura":"2 minutos"},"schema":{"@context":"https:\/\/schema.org","@graph":[{"@type":"WebPage","@id":"https:\/\/htlhoteles.com\/lamalinka\/pt\/home-3\/","url":"https:\/\/htlhoteles.com\/lamalinka\/pt\/home-3\/","name":"Htl La Malinka - Site Oficial- Hotel em Bariloche - Reserva On-line","isPartOf":{"@id":"https:\/\/htlhoteles.com\/lamalinka\/#website"},"datePublished":"2021-12-06T16:15:12+00:00","dateModified":"2024-05-17T16:47:50+00:00","description":"HTL La Malinka, est\u00e1 localizada na Av. Bustillos, perto da zona comercial de Bariloche e do centro de esqui Cerro Catedral. Distingui-se por seu estilo r\u00fastico de montanha da Patagonia combinado com os confortes de um hotel de alta categoria.","breadcrumb":{"@id":"https:\/\/htlhoteles.com\/lamalinka\/pt\/home-3\/#breadcrumb"},"inLanguage":"es","potentialAction":[{"@type":"ReadAction","target":["https:\/\/htlhoteles.com\/lamalinka\/pt\/home-3\/"]}]},{"@type":"BreadcrumbList","@id":"https:\/\/htlhoteles.com\/lamalinka\/pt\/home-3\/#breadcrumb","itemListElement":[{"@type":"ListItem","position":1,"name":"Portada","item":"https:\/\/htlhoteles.com\/lamalinka\/"},{"@type":"ListItem","position":2,"name":"Home HTL &#8211; Portugu\u00eas"}]},{"@type":"WebSite","@id":"https:\/\/htlhoteles.com\/lamalinka\/#website","url":"https:\/\/htlhoteles.com\/lamalinka\/","name":"HTL Malinka","description":"Web Oficial | Hotel en Bariloche | Reserve Online","potentialAction":[{"@type":"SearchAction","target":{"@type":"EntryPoint","urlTemplate":"https:\/\/htlhoteles.com\/lamalinka\/?s={search_term_string}"},"query-input":{"@type":"PropertyValueSpecification","valueRequired":true,"valueName":"search_term_string"}}],"inLanguage":"es"}]}},"_links":{"self":[{"href":"https:\/\/htlhoteles.com\/lamalinka\/wp-json\/wp\/v2\/pages\/7744","targetHints":{"allow":["GET"]}}],"collection":[{"href":"https:\/\/htlhoteles.com\/lamalinka\/wp-json\/wp\/v2\/pages"}],"about":[{"href":"https:\/\/htlhoteles.com\/lamalinka\/wp-json\/wp\/v2\/types\/page"}],"author":[{"embeddable":true,"href":"https:\/\/htlhoteles.com\/lamalinka\/wp-json\/wp\/v2\/users\/4"}],"replies":[{"embeddable":true,"href":"https:\/\/htlhoteles.com\/lamalinka\/wp-json\/wp\/v2\/comments?post=7744"}],"version-history":[{"count":30,"href":"https:\/\/htlhoteles.com\/lamalinka\/wp-json\/wp\/v2\/pages\/7744\/revisions"}],"predecessor-version":[{"id":10759,"href":"https:\/\/htlhoteles.com\/lamalinka\/wp-json\/wp\/v2\/pages\/7744\/revisions\/10759"}],"wp:attachment":[{"href":"https:\/\/htlhoteles.com\/lamalinka\/wp-json\/wp\/v2\/media?parent=7744"}],"curies":[{"name":"wp","href":"https:\/\/api.w.org\/{rel}","templated":true}]}}