{"id":7743,"date":"2021-12-06T16:15:12","date_gmt":"2021-12-06T16:15:12","guid":{"rendered":"http:\/\/vps-2799337-x.dattaweb.com\/lamalinkahome-travel-english\/"},"modified":"2023-02-09T11:54:13","modified_gmt":"2023-02-09T14:54:13","slug":"home-2","status":"publish","type":"page","link":"https:\/\/htlhoteles.com\/lamalinka\/en\/home-2\/","title":{"rendered":"Home HTL &#8211; English"},"content":{"rendered":"<div class=\"wpb-content-wrapper\"><p>[vc_row full_width=\u00bbstretch_row_content_no_spaces\u00bb woodmart_css_id=\u00bb61a173131ea77&#8243; responsive_spacing=\u00bbeyJwYXJhbV90eXBlIjoid29vZG1hcnRfcmVzcG9uc2l2ZV9zcGFjaW5nIiwic2VsZWN0b3JfaWQiOiI2MWExNzMxMzFlYTc3Iiwic2hvcnRjb2RlIjoidmNfcm93IiwiZGF0YSI6eyJ0YWJsZXQiOnt9LCJtb2JpbGUiOnt9fX0=\u00bb mobile_bg_img_hidden=\u00bbno\u00bb tablet_bg_img_hidden=\u00bbno\u00bb woodmart_parallax=\u00bb0&#8243; woodmart_gradient_switch=\u00bbno\u00bb woodmart_box_shadow=\u00bbno\u00bb wd_z_index=\u00bbno\u00bb woodmart_disable_overflow=\u00bb0&#8243; row_reverse_mobile=\u00bb0&#8243; row_reverse_tablet=\u00bb0&#8243;][vc_column]\n\t\t\t<!-- START Slider HOME REVOLUTION SLIDER 6.7.41 --><p class=\"rs-p-wp-fix\"><\/p>\n\t\t\t<rs-module-wrap id=\"rev_slider_1_1_wrapper\" data-source=\"gallery\" style=\"visibility:hidden;background:transparent;padding:0;margin:0px auto;margin-top:0;margin-bottom:0;\">\n\t\t\t\t<rs-module id=\"rev_slider_1_1\" style=\"\" data-version=\"6.7.41\">\n\t\t\t\t\t<rs-slides style=\"overflow: hidden; position: absolute;\">\n\t\t\t\t\t\t<rs-slide style=\"position: absolute;\" data-key=\"rs-48\" data-title=\"Slide\" data-thumb=\"\/\/htlhoteles.com\/lamalinka\/wp-content\/uploads\/2025\/03\/0001-50x100.jpg\" data-anim=\"adpr:false;\" data-in=\"o:1;x:-100%;\" data-out=\"a:false;\">\n\t\t\t\t\t\t\t<img decoding=\"async\" src=\"\/\/htlhoteles.com\/lamalinka\/wp-content\/plugins\/revslider\/sr6\/assets\/assets\/dummy.png\" alt=\"\" title=\"0001\" width=\"1732\" height=\"500\" class=\"rev-slidebg tp-rs-img rs-lazyload\" data-lazyload=\"\/\/htlhoteles.com\/lamalinka\/wp-content\/uploads\/2025\/03\/0001.jpg\" data-no-retina>\n<!---->\t\t\t\t\t<\/rs-slide>\n\t\t\t\t\t\t<rs-slide style=\"position: absolute;\" data-key=\"rs-49\" data-title=\"Slide\" data-thumb=\"\/\/htlhoteles.com\/lamalinka\/wp-content\/uploads\/2022\/06\/131a9fe07ea96710373a53a8e238c9e9-50x100.jpg\" data-anim=\"adpr:false;f:slidebased;\" data-in=\"o:1;x:(100%);m:true;col:5;\" data-out=\"a:false;\">\n\t\t\t\t\t\t\t<img decoding=\"async\" src=\"\/\/htlhoteles.com\/lamalinka\/wp-content\/plugins\/revslider\/sr6\/assets\/assets\/dummy.png\" alt=\"\" title=\"131a9fe07ea96710373a53a8e238c9e9\" width=\"1732\" height=\"500\" class=\"rev-slidebg tp-rs-img rs-lazyload\" data-lazyload=\"\/\/htlhoteles.com\/lamalinka\/wp-content\/uploads\/2022\/06\/131a9fe07ea96710373a53a8e238c9e9.jpg\" data-no-retina>\n<!---->\t\t\t\t\t<\/rs-slide>\n\t\t\t\t\t\t<rs-slide style=\"position: absolute;\" data-key=\"rs-50\" data-title=\"Slide\" data-thumb=\"\/\/htlhoteles.com\/lamalinka\/wp-content\/uploads\/2022\/06\/7c0c823b952a4b4d9ad15ee6ef977ce8-50x100.jpg\" data-anim=\"adpr:false;f:nodelay;\" data-in=\"o:0;sx:0;sy:0;row:5;col:5;\" data-out=\"a:false;\">\n\t\t\t\t\t\t\t<img decoding=\"async\" src=\"\/\/htlhoteles.com\/lamalinka\/wp-content\/plugins\/revslider\/sr6\/assets\/assets\/dummy.png\" alt=\"\" title=\"7c0c823b952a4b4d9ad15ee6ef977ce8\" width=\"1732\" height=\"500\" class=\"rev-slidebg tp-rs-img rs-lazyload\" data-lazyload=\"\/\/htlhoteles.com\/lamalinka\/wp-content\/uploads\/2022\/06\/7c0c823b952a4b4d9ad15ee6ef977ce8.jpg\" data-no-retina>\n<!---->\t\t\t\t\t<\/rs-slide>\n\t\t\t\t\t\t<rs-slide style=\"position: absolute;\" data-key=\"rs-51\" data-title=\"Slide\" data-thumb=\"\/\/htlhoteles.com\/lamalinka\/wp-content\/uploads\/2022\/06\/9c8a912632b79ea08f2bff3f59373b61-50x100.jpg\" data-anim=\"adpr:false;f:nodelay;\" data-in=\"o:0;sx:0;sy:0;row:5;col:5;\" data-out=\"a:false;\">\n\t\t\t\t\t\t\t<img decoding=\"async\" src=\"\/\/htlhoteles.com\/lamalinka\/wp-content\/plugins\/revslider\/sr6\/assets\/assets\/dummy.png\" alt=\"\" title=\"9c8a912632b79ea08f2bff3f59373b61\" width=\"1732\" height=\"500\" class=\"rev-slidebg tp-rs-img rs-lazyload\" data-lazyload=\"\/\/htlhoteles.com\/lamalinka\/wp-content\/uploads\/2022\/06\/9c8a912632b79ea08f2bff3f59373b61.jpg\" data-no-retina>\n<!---->\t\t\t\t\t<\/rs-slide>\n\t\t\t\t\t\t<rs-slide style=\"position: absolute;\" data-key=\"rs-52\" data-title=\"Slide\" data-thumb=\"\/\/htlhoteles.com\/lamalinka\/wp-content\/uploads\/2025\/03\/0005a-50x100.jpg\" data-anim=\"adpr:false;d:10;ms:600;f:random;\" data-in=\"mo:45;moo:none;o:0;x:(100%);r:ran(-45|45);sx:0.8;sy:0.8;row:20;\" data-out=\"a:false;\">\n\t\t\t\t\t\t\t<img decoding=\"async\" src=\"\/\/htlhoteles.com\/lamalinka\/wp-content\/plugins\/revslider\/sr6\/assets\/assets\/dummy.png\" alt=\"\" title=\"0005a\" width=\"1732\" height=\"500\" class=\"rev-slidebg tp-rs-img rs-lazyload\" data-lazyload=\"\/\/htlhoteles.com\/lamalinka\/wp-content\/uploads\/2025\/03\/0005a.jpg\" data-no-retina>\n<!---->\t\t\t\t\t<\/rs-slide>\n\t\t\t\t\t\t<rs-slide style=\"position: absolute;\" data-key=\"rs-53\" data-title=\"Slide\" data-thumb=\"\/\/htlhoteles.com\/lamalinka\/wp-content\/uploads\/2025\/09\/0006-50x100.jpg\" data-anim=\"adpr:false;d:35;ms:2000;f:edges;\" data-in=\"o:1;x:cyc(100%|-100%);m:true;col:8;\" data-out=\"a:false;\" data-d3=\"f:cube;d:vertical;z:450;t:20;su:true;sc:#9e9e9e;\">\n\t\t\t\t\t\t\t<img decoding=\"async\" src=\"\/\/htlhoteles.com\/lamalinka\/wp-content\/plugins\/revslider\/sr6\/assets\/assets\/dummy.png\" alt=\"\" title=\"0006\" width=\"1732\" height=\"500\" class=\"rev-slidebg tp-rs-img rs-lazyload\" data-lazyload=\"\/\/htlhoteles.com\/lamalinka\/wp-content\/uploads\/2025\/09\/0006.jpg\" data-no-retina>\n<!---->\t\t\t\t\t<\/rs-slide>\n\t\t\t\t\t\t<rs-slide style=\"position: absolute;\" data-key=\"rs-54\" data-title=\"Slide\" data-thumb=\"\/\/htlhoteles.com\/lamalinka\/wp-content\/uploads\/2022\/06\/20efc9220a1df9d4142c6d2d36fe1f1e-50x100.jpg\" data-anim=\"adpr:false;\" data-in=\"o:1;x:-100%;\" data-out=\"a:false;\">\n\t\t\t\t\t\t\t<img decoding=\"async\" src=\"\/\/htlhoteles.com\/lamalinka\/wp-content\/plugins\/revslider\/sr6\/assets\/assets\/dummy.png\" alt=\"\" title=\"20efc9220a1df9d4142c6d2d36fe1f1e\" width=\"1732\" height=\"500\" class=\"rev-slidebg tp-rs-img rs-lazyload\" data-lazyload=\"\/\/htlhoteles.com\/lamalinka\/wp-content\/uploads\/2022\/06\/20efc9220a1df9d4142c6d2d36fe1f1e.jpg\" data-no-retina>\n<!---->\t\t\t\t\t<\/rs-slide>\n\t\t\t\t\t\t<rs-slide style=\"position: absolute;\" data-key=\"rs-1\" data-title=\"Slide\" data-thumb=\"\/\/htlhoteles.com\/lamalinka\/wp-content\/uploads\/2022\/06\/090da6bc7d5794e4f4a9dd938eae4e69-50x100.jpg\" data-anim=\"adpr:false;f:nodelay;\" data-in=\"o:0;sx:0;sy:0;row:5;col:5;\" data-out=\"a:false;\">\n\t\t\t\t\t\t\t<img decoding=\"async\" src=\"\/\/htlhoteles.com\/lamalinka\/wp-content\/plugins\/revslider\/sr6\/assets\/assets\/dummy.png\" alt=\"\" title=\"090da6bc7d5794e4f4a9dd938eae4e69\" width=\"1732\" height=\"500\" class=\"rev-slidebg tp-rs-img rs-lazyload\" data-lazyload=\"\/\/htlhoteles.com\/lamalinka\/wp-content\/uploads\/2022\/06\/090da6bc7d5794e4f4a9dd938eae4e69.jpg\" data-no-retina>\n<!---->\t\t\t\t\t<\/rs-slide>\n\t\t\t\t\t\t<rs-slide style=\"position: absolute;\" data-key=\"rs-2\" data-title=\"Slide\" data-thumb=\"\/\/htlhoteles.com\/lamalinka\/wp-content\/uploads\/2022\/06\/e60be44e707e654b0e920f26c161ca64-50x100.jpg\" data-anim=\"adpr:false;f:nodelay;\" data-in=\"o:0;sx:0;sy:0;row:5;col:5;\" data-out=\"a:false;\">\n\t\t\t\t\t\t\t<img decoding=\"async\" src=\"\/\/htlhoteles.com\/lamalinka\/wp-content\/plugins\/revslider\/sr6\/assets\/assets\/dummy.png\" alt=\"\" title=\"e60be44e707e654b0e920f26c161ca64\" width=\"1732\" height=\"500\" class=\"rev-slidebg tp-rs-img rs-lazyload\" data-lazyload=\"\/\/htlhoteles.com\/lamalinka\/wp-content\/uploads\/2022\/06\/e60be44e707e654b0e920f26c161ca64.jpg\" data-no-retina>\n<!---->\t\t\t\t\t<\/rs-slide>\n\t\t\t\t\t\t<rs-slide style=\"position: absolute;\" data-key=\"rs-47\" data-title=\"Slide\" data-thumb=\"\/\/htlhoteles.com\/lamalinka\/wp-content\/uploads\/2022\/06\/71cdff5ce533d325fb592232cd96f656-50x100.jpg\" data-anim=\"adpr:false;f:slidebased;\" data-in=\"o:1;x:(100%);m:true;col:5;\" data-out=\"a:false;\">\n\t\t\t\t\t\t\t<img decoding=\"async\" src=\"\/\/htlhoteles.com\/lamalinka\/wp-content\/plugins\/revslider\/sr6\/assets\/assets\/dummy.png\" alt=\"\" title=\"71cdff5ce533d325fb592232cd96f656\" width=\"1732\" height=\"500\" class=\"rev-slidebg tp-rs-img rs-lazyload\" data-lazyload=\"\/\/htlhoteles.com\/lamalinka\/wp-content\/uploads\/2022\/06\/71cdff5ce533d325fb592232cd96f656.jpg\" data-no-retina>\n<!---->\t\t\t\t\t<\/rs-slide>\n\t\t\t\t\t<\/rs-slides>\n\t\t\t\t<\/rs-module>\n\t\t\t\t<script>\n\t\t\t\t\tsetREVStartSize({c: 'rev_slider_1_1',rl:[1240,1024,778,480],el:[390],gw:[1280],gh:[390],type:'standard',justify:'',layout:'fullwidth',mh:\"0\"});if (window.RS_MODULES!==undefined && window.RS_MODULES.modules!==undefined && window.RS_MODULES.modules[\"revslider11\"]!==undefined) {window.RS_MODULES.modules[\"revslider11\"].once = false;window.revapi1 = undefined;if (window.RS_MODULES.checkMinimal!==undefined) window.RS_MODULES.checkMinimal()}\n\t\t\t\t<\/script>\n\t\t\t<\/rs-module-wrap>\n\t\t\t<!-- END REVOLUTION SLIDER -->\n[vc_column_text woodmart_inline=\u00bbno\u00bb text_larger=\u00bbno\u00bb][dvt_social_media][\/vc_column_text][\/vc_column][\/vc_row][vc_row woodmart_css_id=\u00bb61b3bae50630e\u00bb responsive_spacing=\u00bbeyJwYXJhbV90eXBlIjoid29vZG1hcnRfcmVzcG9uc2l2ZV9zcGFjaW5nIiwic2VsZWN0b3JfaWQiOiI2MWIzYmFlNTA2MzBlIiwic2hvcnRjb2RlIjoidmNfcm93IiwiZGF0YSI6eyJ0YWJsZXQiOnt9LCJtb2JpbGUiOnt9fX0=\u00bb mobile_bg_img_hidden=\u00bbno\u00bb tablet_bg_img_hidden=\u00bbno\u00bb woodmart_parallax=\u00bb0&#8243; woodmart_gradient_switch=\u00bbno\u00bb woodmart_box_shadow=\u00bbno\u00bb wd_z_index=\u00bbno\u00bb woodmart_disable_overflow=\u00bb0&#8243; row_reverse_mobile=\u00bb0&#8243; row_reverse_tablet=\u00bb0&#8243;][vc_column css=\u00bb.vc_custom_1667625967531{margin-top: -50px !important;background-color: #ffffff !important;}\u00bb woodmart_css_id=\u00bb6365f3ec81e9c\u00bb parallax_scroll=\u00bbno\u00bb woodmart_sticky_column=\u00bbfalse\u00bb wd_collapsible_content_switcher=\u00bbno\u00bb mobile_bg_img_hidden=\u00bbno\u00bb tablet_bg_img_hidden=\u00bbno\u00bb woodmart_parallax=\u00bb0&#8243; woodmart_box_shadow=\u00bbno\u00bb mobile_reset_margin=\u00bbno\u00bb tablet_reset_margin=\u00bbno\u00bb wd_z_index=\u00bbyes\u00bb responsive_spacing=\u00bbeyJwYXJhbV90eXBlIjoid29vZG1hcnRfcmVzcG9uc2l2ZV9zcGFjaW5nIiwic2VsZWN0b3JfaWQiOiI2MzY1ZjNlYzgxZTljIiwic2hvcnRjb2RlIjoidmNfY29sdW1uIiwiZGF0YSI6eyJ0YWJsZXQiOnt9LCJtb2JpbGUiOnt9fX0=\u00bb wd_z_index_custom=\u00bbeyJkZXZpY2VzIjp7ImRlc2t0b3AiOnsidmFsdWUiOiI1In19LCJzZWxlY3Rvcl9pZCI6IjYzNjVmM2VjODFlOWMiLCJzaG9ydGNvZGUiOiJ2Y19jb2x1bW4iLCJzZWxlY3RvcnMiOnsie3tXUkFQUEVSfX0iOiJ6LWluZGV4OiB7e1ZBTFVFfX0ifX0=\u00bb el_class=\u00bbpromo-top-margin\u00bb][vc_row_inner css=\u00bb.vc_custom_1668570922487{margin-top: -20px !important;}\u00bb woodmart_css_id=\u00bb63745f22416f1&#8243; responsive_spacing=\u00bbeyJwYXJhbV90eXBlIjoid29vZG1hcnRfcmVzcG9uc2l2ZV9zcGFjaW5nIiwic2VsZWN0b3JfaWQiOiI2Mzc0NWYyMjQxNmYxIiwic2hvcnRjb2RlIjoidmNfcm93X2lubmVyIiwiZGF0YSI6eyJ0YWJsZXQiOnt9LCJtb2JpbGUiOnsibWFyZ2luLWxlZnQiOiIzJSJ9fX0=\u00bb mobile_bg_img_hidden=\u00bbno\u00bb tablet_bg_img_hidden=\u00bbno\u00bb woodmart_parallax=\u00bb0&#8243; woodmart_gradient_switch=\u00bbno\u00bb woodmart_box_shadow=\u00bbno\u00bb wd_z_index=\u00bbno\u00bb woodmart_disable_overflow=\u00bb0&#8243; row_reverse_mobile=\u00bb0&#8243; row_reverse_tablet=\u00bb0&#8243;][vc_column_inner width=\u00bb1\/3&#8243;][vc_single_image image=\u00bb10611&#8243; img_size=\u00bbfull\u00bb onclick=\u00bbcustom_link\u00bb parallax_scroll=\u00bbno\u00bb woodmart_inline=\u00bbno\u00bb link=\u00bbhttp:\/\/htlhoteles.com\/lamalinka\/en\/offers\/\u00bb el_class=\u00bbmargin-bottom-promo\u00bb][\/vc_column_inner][vc_column_inner width=\u00bb1\/3&#8243;][vc_single_image image=\u00bb10632&#8243; img_size=\u00bbfull\u00bb onclick=\u00bbcustom_link\u00bb parallax_scroll=\u00bbno\u00bb woodmart_inline=\u00bbno\u00bb link=\u00bbhttp:\/\/htlhoteles.com\/lamalinka\/en\/offers\/\u00bb el_class=\u00bbmargin-bottom-promo\u00bb][\/vc_column_inner][vc_column_inner width=\u00bb1\/3&#8243;][vc_single_image image=\u00bb10633&#8243; img_size=\u00bbfull\u00bb onclick=\u00bbcustom_link\u00bb parallax_scroll=\u00bbno\u00bb woodmart_inline=\u00bbno\u00bb link=\u00bbhttp:\/\/htlhoteles.com\/lamalinka\/en\/offers\/\u00bb el_class=\u00bbmargin-bottom-promo\u00bb][\/vc_column_inner][\/vc_row_inner]\n\t\t<div id=\"wd-62b9c59c96212\" class=\"title-wrapper wd-wpb wd-set-mb reset-last-child  wd-rs-62b9c59c96212 wd-title-color-default wd-title-style-default text-left emptyspace vc_custom_1656341920833 wd-underline-colored\">\n\t\t\t\n\t\t\t<div class=\"liner-continer\">\n\t\t\t\t<h1 class=\"woodmart-title-container title  wd-font-weight-700 wd-fontsize-m\" >BARILOCHE - HTL LA MALINKA<\/h1>\n\t\t\t\t\t\t\t<\/div>\n\t\t\t\n\t\t\t\n\t\t\t\n\t\t<\/div>\n\t\t\n\t\t[vc_separator color=\u00bbcustom\u00bb style=\u00bbdotted\u00bb border_width=\u00bb3&#8243; accent_color=\u00bb#cccccc\u00bb css=\u00bb.vc_custom_1641415017442{margin-top: -20px !important;}\u00bb el_class=\u00bbemptyspace\u00bb][vc_row_inner css=\u00bb.vc_custom_1641415032697{margin-top: -20px !important;}\u00bb woodmart_css_id=\u00bb61d6017130a43&#8243; responsive_spacing=\u00bbeyJwYXJhbV90eXBlIjoid29vZG1hcnRfcmVzcG9uc2l2ZV9zcGFjaW5nIiwic2VsZWN0b3JfaWQiOiI2MWQ2MDE3MTMwYTQzIiwic2hvcnRjb2RlIjoidmNfcm93X2lubmVyIiwiZGF0YSI6eyJ0YWJsZXQiOnt9LCJtb2JpbGUiOnt9fX0=\u00bb mobile_bg_img_hidden=\u00bbno\u00bb tablet_bg_img_hidden=\u00bbno\u00bb woodmart_parallax=\u00bb0&#8243; woodmart_gradient_switch=\u00bbno\u00bb woodmart_box_shadow=\u00bbno\u00bb wd_z_index=\u00bbno\u00bb woodmart_disable_overflow=\u00bb0&#8243; row_reverse_mobile=\u00bb0&#8243; row_reverse_tablet=\u00bb0&#8243; el_class=\u00bbemptyspace\u00bb][vc_column_inner width=\u00bb1\/2&#8243;][vc_single_image image=\u00bb10543&#8243; img_size=\u00bbfull\u00bb parallax_scroll=\u00bbno\u00bb woodmart_inline=\u00bbno\u00bb][\/vc_column_inner][vc_column_inner width=\u00bb1\/2&#8243;][vc_column_text woodmart_inline=\u00bbno\u00bb text_larger=\u00bbno\u00bb]We invite you to know <strong>HTL La Malinka<\/strong> Hotel, our mountain hotel at <strong>San Carlos de Bariloche<\/strong>, exclusive for couples. By Nahuel Huapi Lake and near Bariloche\u2019s commercial zone and Cerro Catedral skiing center. Our hotel is the expression of warmth, tradition and comfort of Patagonia, which is ideal for skiers, couples and nature lovers. Our hotel will offer a stay with all the enchantment of a rustic mountain hotel where you will find comfortable rooms with useful services, internet wifi without additional cost, parking, buffet breakfast, and personalized attention\u2026 and a magical place. Enjoy some relaxing days at <strong>San Carlos de Bariloche<\/strong> paradise at best online price at <strong>HTL Hotels<\/strong> <a href=\"https:\/\/htlhoteles.com\/lamalinka\/en\/book\/\">official web<\/a>.<\/p>\n<p>&nbsp;<\/p>\n<p>[\/vc_column_text][vc_single_image image=\u00bb9070&#8243; img_size=\u00bb120X120&#8243; alignment=\u00bbright\u00bb parallax_scroll=\u00bbno\u00bb woodmart_inline=\u00bbno\u00bb css=\u00bb.vc_custom_1642803658965{margin-top: -4vh !important;}\u00bb][\/vc_column_inner][\/vc_row_inner]\n\t\t<div id=\"wd-61b3be7eb3aa4\" class=\"title-wrapper wd-wpb wd-set-mb reset-last-child  wd-rs-61b3be7eb3aa4 wd-title-color-default wd-title-style-default text-left vc_custom_1639169667427 wd-underline-colored\">\n\t\t\t\n\t\t\t<div class=\"liner-continer\">\n\t\t\t\t<h1 class=\"woodmart-title-container title  wd-font-weight-400 wd-fontsize-m\" >ROOMS<\/h1>\n\t\t\t\t\t\t\t<\/div>\n\t\t\t\n\t\t\t\n\t\t\t\n\t\t<\/div>\n\t\t\n\t\t[vc_separator color=\u00bbcustom\u00bb style=\u00bbdotted\u00bb border_width=\u00bb3&#8243; accent_color=\u00bb#cccccc\u00bb][vc_row_inner][vc_column_inner width=\u00bb1\/3&#8243;][vc_custom_heading text=\u00bbDOUBLE\u00bb font_container=\u00bbtag:p|font_size:16|text_align:left|color:%23ff5f00&#8243; use_theme_fonts=\u00bbyes\u00bb link=\u00bburl:http%3A%2F%2Fhtlhoteles.com%2Flamalinka%2Fen%2Fdouble-en%2F\u00bb][vc_single_image image=\u00bb9959&#8243; img_size=\u00bb\u00bb style=\u00bbvc_box_outline\u00bb onclick=\u00bbcustom_link\u00bb parallax_scroll=\u00bbno\u00bb woodmart_inline=\u00bbno\u00bb link=\u00bbhttp:\/\/htlhoteles.com\/lamalinka\/en\/double-en\/\u00bb][\/vc_column_inner][vc_column_inner width=\u00bb1\/3&#8243;][vc_custom_heading text=\u00bbTRIPLE\u00bb font_container=\u00bbtag:p|font_size:16|text_align:left|color:%23ff5f00&#8243; use_theme_fonts=\u00bbyes\u00bb link=\u00bburl:http%3A%2F%2Fhtlhoteles.com%2Flamalinka%2Fen%2Ftriple-en%2F\u00bb][vc_single_image image=\u00bb9752&#8243; img_size=\u00bb\u00bb style=\u00bbvc_box_outline\u00bb onclick=\u00bbcustom_link\u00bb parallax_scroll=\u00bbno\u00bb woodmart_inline=\u00bbno\u00bb link=\u00bbhttp:\/\/htlhoteles.com\/lamalinka\/en\/triple-en\/\u00bb][\/vc_column_inner][vc_column_inner width=\u00bb1\/3&#8243;][vc_custom_heading text=\u00bbDOUBLE FLAT\u00bb font_container=\u00bbtag:p|font_size:16|text_align:left|color:%23ff5f00&#8243; use_theme_fonts=\u00bbyes\u00bb link=\u00bburl:http%3A%2F%2Fhtlhoteles.com%2Flamalinka%2Fen%2Fquadruple-en%2F\u00bb][vc_single_image image=\u00bb10666&#8243; img_size=\u00bb\u00bb style=\u00bbvc_box_outline\u00bb onclick=\u00bbcustom_link\u00bb parallax_scroll=\u00bbno\u00bb woodmart_inline=\u00bbno\u00bb link=\u00bbhttp:\/\/htlhoteles.com\/lamalinka\/en\/quadruple-en\/\u00bb][\/vc_column_inner][\/vc_row_inner][\/vc_column][\/vc_row]<\/p>\n<\/div>","protected":false},"excerpt":{"rendered":"<p>[vc_row full_width=\u00bbstretch_row_content_no_spaces\u00bb woodmart_css_id=\u00bb61a173131ea77&#8243; responsive_spacing=\u00bbeyJwYXJhbV90eXBlIjoid29vZG1hcnRfcmVzcG9uc2l2ZV9zcGFjaW5nIiwic2VsZWN0b3JfaWQiOiI2MWExNzMxMzFlYTc3Iiwic2hvcnRjb2RlIjoidmNfcm93IiwiZGF0YSI6eyJ0YWJsZXQiOnt9LCJtb2JpbGUiOnt9fX0=\u00bb mobile_bg_img_hidden=\u00bbno\u00bb tablet_bg_img_hidden=\u00bbno\u00bb woodmart_parallax=\u00bb0&#8243; woodmart_gradient_switch=\u00bbno\u00bb woodmart_box_shadow=\u00bbno\u00bb wd_z_index=\u00bbno\u00bb woodmart_disable_overflow=\u00bb0&#8243; row_reverse_mobile=\u00bb0&#8243; row_reverse_tablet=\u00bb0&#8243;][vc_column][vc_column_text woodmart_inline=\u00bbno\u00bb text_larger=\u00bbno\u00bb][dvt_social_media][\/vc_column_text][\/vc_column][\/vc_row][vc_row woodmart_css_id=\u00bb61b3bae50630e\u00bb responsive_spacing=\u00bbeyJwYXJhbV90eXBlIjoid29vZG1hcnRfcmVzcG9uc2l2ZV9zcGFjaW5nIiwic2VsZWN0b3JfaWQiOiI2MWIzYmFlNTA2MzBlIiwic2hvcnRjb2RlIjoidmNfcm93IiwiZGF0YSI6eyJ0YWJsZXQiOnt9LCJtb2JpbGUiOnt9fX0=\u00bb mobile_bg_img_hidden=\u00bbno\u00bb tablet_bg_img_hidden=\u00bbno\u00bb woodmart_parallax=\u00bb0&#8243;<\/p>\n","protected":false},"author":9,"featured_media":0,"parent":0,"menu_order":0,"comment_status":"closed","ping_status":"closed","template":"","meta":{"_joinchat":[],"footnotes":""},"class_list":["post-7743","page","type-page","status-publish","hentry"],"yoast_head":"<!-- This site is optimized with the Yoast SEO plugin v27.3 - https:\/\/yoast.com\/product\/yoast-seo-wordpress\/ -->\n<title>Htl La Malinka - Official Website- Hotel in Bariloche - Book Online<\/title>\n<meta name=\"description\" content=\"Htl La Malinka, emplazada sobre Av. Bustillos, a minutos de la zona comercial de Bariloche y del centro de esqu\u00ed Cerro Catedral, destacada por su estilo r\u00fastico monta\u00f1\u00e9s de la Patagonia se combina con las comodidades de un hotel de primer nivel.\" \/>\n<meta name=\"robots\" content=\"index, follow, max-snippet:-1, max-image-preview:large, max-video-preview:-1\" \/>\n<link rel=\"canonical\" href=\"https:\/\/htlhoteles.com\/lamalinka\/en\/home-2\/\" \/>\n<meta property=\"og:locale\" content=\"es_ES\" \/>\n<meta property=\"og:type\" content=\"article\" \/>\n<meta property=\"og:title\" content=\"Htl La Malinka - Official Website- Hotel in Bariloche - Book Online\" \/>\n<meta property=\"og:description\" content=\"Htl La Malinka, emplazada sobre Av. Bustillos, a minutos de la zona comercial de Bariloche y del centro de esqu\u00ed Cerro Catedral, destacada por su estilo r\u00fastico monta\u00f1\u00e9s de la Patagonia se combina con las comodidades de un hotel de primer nivel.\" \/>\n<meta property=\"og:url\" content=\"https:\/\/htlhoteles.com\/lamalinka\/en\/home-2\/\" \/>\n<meta property=\"og:site_name\" content=\"HTL Malinka\" \/>\n<meta property=\"article:modified_time\" content=\"2023-02-09T14:54:13+00:00\" \/>\n<meta name=\"twitter:card\" content=\"summary_large_image\" \/>\n<meta name=\"twitter:label1\" content=\"Tiempo de lectura\" \/>\n\t<meta name=\"twitter:data1\" content=\"2 minutos\" \/>\n<script type=\"application\/ld+json\" class=\"yoast-schema-graph\">{\"@context\":\"https:\\\/\\\/schema.org\",\"@graph\":[{\"@type\":\"WebPage\",\"@id\":\"https:\\\/\\\/htlhoteles.com\\\/lamalinka\\\/en\\\/home-2\\\/\",\"url\":\"https:\\\/\\\/htlhoteles.com\\\/lamalinka\\\/en\\\/home-2\\\/\",\"name\":\"Htl La Malinka - Official Website- Hotel in Bariloche - Book Online\",\"isPartOf\":{\"@id\":\"https:\\\/\\\/htlhoteles.com\\\/lamalinka\\\/#website\"},\"datePublished\":\"2021-12-06T16:15:12+00:00\",\"dateModified\":\"2023-02-09T14:54:13+00:00\",\"description\":\"Htl La Malinka, emplazada sobre Av. Bustillos, a minutos de la zona comercial de Bariloche y del centro de esqu\u00ed Cerro Catedral, destacada por su estilo r\u00fastico monta\u00f1\u00e9s de la Patagonia se combina con las comodidades de un hotel de primer nivel.\",\"breadcrumb\":{\"@id\":\"https:\\\/\\\/htlhoteles.com\\\/lamalinka\\\/en\\\/home-2\\\/#breadcrumb\"},\"inLanguage\":\"es\",\"potentialAction\":[{\"@type\":\"ReadAction\",\"target\":[\"https:\\\/\\\/htlhoteles.com\\\/lamalinka\\\/en\\\/home-2\\\/\"]}]},{\"@type\":\"BreadcrumbList\",\"@id\":\"https:\\\/\\\/htlhoteles.com\\\/lamalinka\\\/en\\\/home-2\\\/#breadcrumb\",\"itemListElement\":[{\"@type\":\"ListItem\",\"position\":1,\"name\":\"Portada\",\"item\":\"https:\\\/\\\/htlhoteles.com\\\/lamalinka\\\/\"},{\"@type\":\"ListItem\",\"position\":2,\"name\":\"Home HTL &#8211; English\"}]},{\"@type\":\"WebSite\",\"@id\":\"https:\\\/\\\/htlhoteles.com\\\/lamalinka\\\/#website\",\"url\":\"https:\\\/\\\/htlhoteles.com\\\/lamalinka\\\/\",\"name\":\"HTL Malinka\",\"description\":\"Web Oficial | Hotel en Bariloche | Reserve Online\",\"potentialAction\":[{\"@type\":\"SearchAction\",\"target\":{\"@type\":\"EntryPoint\",\"urlTemplate\":\"https:\\\/\\\/htlhoteles.com\\\/lamalinka\\\/?s={search_term_string}\"},\"query-input\":{\"@type\":\"PropertyValueSpecification\",\"valueRequired\":true,\"valueName\":\"search_term_string\"}}],\"inLanguage\":\"es\"}]}<\/script>\n<!-- \/ Yoast SEO plugin. -->","yoast_head_json":{"title":"Htl La Malinka - Official Website- Hotel in Bariloche - Book Online","description":"Htl La Malinka, emplazada sobre Av. Bustillos, a minutos de la zona comercial de Bariloche y del centro de esqu\u00ed Cerro Catedral, destacada por su estilo r\u00fastico monta\u00f1\u00e9s de la Patagonia se combina con las comodidades de un hotel de primer nivel.","robots":{"index":"index","follow":"follow","max-snippet":"max-snippet:-1","max-image-preview":"max-image-preview:large","max-video-preview":"max-video-preview:-1"},"canonical":"https:\/\/htlhoteles.com\/lamalinka\/en\/home-2\/","og_locale":"es_ES","og_type":"article","og_title":"Htl La Malinka - Official Website- Hotel in Bariloche - Book Online","og_description":"Htl La Malinka, emplazada sobre Av. Bustillos, a minutos de la zona comercial de Bariloche y del centro de esqu\u00ed Cerro Catedral, destacada por su estilo r\u00fastico monta\u00f1\u00e9s de la Patagonia se combina con las comodidades de un hotel de primer nivel.","og_url":"https:\/\/htlhoteles.com\/lamalinka\/en\/home-2\/","og_site_name":"HTL Malinka","article_modified_time":"2023-02-09T14:54:13+00:00","twitter_card":"summary_large_image","twitter_misc":{"Tiempo de lectura":"2 minutos"},"schema":{"@context":"https:\/\/schema.org","@graph":[{"@type":"WebPage","@id":"https:\/\/htlhoteles.com\/lamalinka\/en\/home-2\/","url":"https:\/\/htlhoteles.com\/lamalinka\/en\/home-2\/","name":"Htl La Malinka - Official Website- Hotel in Bariloche - Book Online","isPartOf":{"@id":"https:\/\/htlhoteles.com\/lamalinka\/#website"},"datePublished":"2021-12-06T16:15:12+00:00","dateModified":"2023-02-09T14:54:13+00:00","description":"Htl La Malinka, emplazada sobre Av. Bustillos, a minutos de la zona comercial de Bariloche y del centro de esqu\u00ed Cerro Catedral, destacada por su estilo r\u00fastico monta\u00f1\u00e9s de la Patagonia se combina con las comodidades de un hotel de primer nivel.","breadcrumb":{"@id":"https:\/\/htlhoteles.com\/lamalinka\/en\/home-2\/#breadcrumb"},"inLanguage":"es","potentialAction":[{"@type":"ReadAction","target":["https:\/\/htlhoteles.com\/lamalinka\/en\/home-2\/"]}]},{"@type":"BreadcrumbList","@id":"https:\/\/htlhoteles.com\/lamalinka\/en\/home-2\/#breadcrumb","itemListElement":[{"@type":"ListItem","position":1,"name":"Portada","item":"https:\/\/htlhoteles.com\/lamalinka\/"},{"@type":"ListItem","position":2,"name":"Home HTL &#8211; English"}]},{"@type":"WebSite","@id":"https:\/\/htlhoteles.com\/lamalinka\/#website","url":"https:\/\/htlhoteles.com\/lamalinka\/","name":"HTL Malinka","description":"Web Oficial | Hotel en Bariloche | Reserve Online","potentialAction":[{"@type":"SearchAction","target":{"@type":"EntryPoint","urlTemplate":"https:\/\/htlhoteles.com\/lamalinka\/?s={search_term_string}"},"query-input":{"@type":"PropertyValueSpecification","valueRequired":true,"valueName":"search_term_string"}}],"inLanguage":"es"}]}},"_links":{"self":[{"href":"https:\/\/htlhoteles.com\/lamalinka\/wp-json\/wp\/v2\/pages\/7743","targetHints":{"allow":["GET"]}}],"collection":[{"href":"https:\/\/htlhoteles.com\/lamalinka\/wp-json\/wp\/v2\/pages"}],"about":[{"href":"https:\/\/htlhoteles.com\/lamalinka\/wp-json\/wp\/v2\/types\/page"}],"author":[{"embeddable":true,"href":"https:\/\/htlhoteles.com\/lamalinka\/wp-json\/wp\/v2\/users\/9"}],"replies":[{"embeddable":true,"href":"https:\/\/htlhoteles.com\/lamalinka\/wp-json\/wp\/v2\/comments?post=7743"}],"version-history":[{"count":21,"href":"https:\/\/htlhoteles.com\/lamalinka\/wp-json\/wp\/v2\/pages\/7743\/revisions"}],"predecessor-version":[{"id":10667,"href":"https:\/\/htlhoteles.com\/lamalinka\/wp-json\/wp\/v2\/pages\/7743\/revisions\/10667"}],"wp:attachment":[{"href":"https:\/\/htlhoteles.com\/lamalinka\/wp-json\/wp\/v2\/media?parent=7743"}],"curies":[{"name":"wp","href":"https:\/\/api.w.org\/{rel}","templated":true}]}}