{"id":7708,"date":"2021-12-03T12:31:21","date_gmt":"2021-12-03T12:31:21","guid":{"rendered":"http:\/\/vps-2799337-x.dattaweb.com\/lamalinka?page_id=7708"},"modified":"2024-08-14T17:29:36","modified_gmt":"2024-08-14T20:29:36","slug":"legales","status":"publish","type":"page","link":"https:\/\/htlhoteles.com\/lamalinka\/legales\/","title":{"rendered":"Legales"},"content":{"rendered":"<div class=\"wpb-content-wrapper\"><p>[vc_row full_width=\u00bbstretch_row_content_no_spaces\u00bb woodmart_css_id=\u00bb61a173131ea77&#8243; responsive_spacing=\u00bbeyJwYXJhbV90eXBlIjoid29vZG1hcnRfcmVzcG9uc2l2ZV9zcGFjaW5nIiwic2VsZWN0b3JfaWQiOiI2MWExNzMxMzFlYTc3Iiwic2hvcnRjb2RlIjoidmNfcm93IiwiZGF0YSI6eyJ0YWJsZXQiOnt9LCJtb2JpbGUiOnt9fX0=\u00bb mobile_bg_img_hidden=\u00bbno\u00bb tablet_bg_img_hidden=\u00bbno\u00bb woodmart_parallax=\u00bb0&#8243; woodmart_gradient_switch=\u00bbno\u00bb woodmart_box_shadow=\u00bbno\u00bb wd_z_index=\u00bbno\u00bb woodmart_disable_overflow=\u00bb0&#8243; row_reverse_mobile=\u00bb0&#8243; row_reverse_tablet=\u00bb0&#8243;][vc_column]\n\t\t\t<!-- START Slider Habitaciones REVOLUTION SLIDER 6.7.41 --><p class=\"rs-p-wp-fix\"><\/p>\n\t\t\t<rs-module-wrap id=\"rev_slider_2_1_wrapper\" data-source=\"gallery\" style=\"visibility:hidden;background:transparent;padding:0;margin:0px auto;margin-top:0;margin-bottom:0;\">\n\t\t\t\t<rs-module id=\"rev_slider_2_1\" style=\"\" data-version=\"6.7.41\">\n\t\t\t\t\t<rs-slides style=\"overflow: hidden; position: absolute;\">\n\t\t\t\t\t\t<rs-slide style=\"position: absolute;\" data-key=\"rs-116\" data-title=\"Slide\" data-thumb=\"\/\/htlhoteles.com\/lamalinka\/wp-content\/uploads\/2022\/09\/25a417495ef4594dedb3dc8278eb70e1-50x100.jpg\" data-anim=\"adpr:false;\" data-in=\"o:1;x:-100%;\" data-out=\"a:false;\">\n\t\t\t\t\t\t\t<img decoding=\"async\" src=\"\/\/htlhoteles.com\/lamalinka\/wp-content\/plugins\/revslider\/sr6\/assets\/assets\/dummy.png\" alt=\"\" title=\"25a417495ef4594dedb3dc8278eb70e1\" width=\"1732\" height=\"500\" class=\"rev-slidebg tp-rs-img rs-lazyload\" data-lazyload=\"\/\/htlhoteles.com\/lamalinka\/wp-content\/uploads\/2022\/09\/25a417495ef4594dedb3dc8278eb70e1.jpg\" data-no-retina>\n<!---->\t\t\t\t\t<\/rs-slide>\n\t\t\t\t\t\t<rs-slide style=\"position: absolute;\" data-key=\"rs-117\" data-title=\"Slide\" data-thumb=\"\/\/htlhoteles.com\/lamalinka\/wp-content\/uploads\/2022\/08\/2-50x100.jpg\" data-anim=\"adpr:false;f:slidebased;\" data-in=\"o:1;x:(100%);m:true;col:5;\" data-out=\"a:false;\">\n\t\t\t\t\t\t\t<img decoding=\"async\" src=\"\/\/htlhoteles.com\/lamalinka\/wp-content\/plugins\/revslider\/sr6\/assets\/assets\/dummy.png\" alt=\"\" title=\"2\" width=\"1732\" height=\"500\" class=\"rev-slidebg tp-rs-img rs-lazyload\" data-lazyload=\"\/\/htlhoteles.com\/lamalinka\/wp-content\/uploads\/2022\/08\/2.jpg\" data-no-retina>\n<!---->\t\t\t\t\t<\/rs-slide>\n\t\t\t\t\t\t<rs-slide style=\"position: absolute;\" data-key=\"rs-112\" data-title=\"Slide\" data-thumb=\"\/\/htlhoteles.com\/lamalinka\/wp-content\/uploads\/2022\/08\/3-50x100.jpg\" data-anim=\"adpr:false;f:nodelay;\" data-in=\"o:0;sx:0;sy:0;row:5;col:5;\" data-out=\"a:false;\">\n\t\t\t\t\t\t\t<img decoding=\"async\" src=\"\/\/htlhoteles.com\/lamalinka\/wp-content\/plugins\/revslider\/sr6\/assets\/assets\/dummy.png\" alt=\"\" title=\"3\" width=\"1732\" height=\"500\" class=\"rev-slidebg tp-rs-img rs-lazyload\" data-lazyload=\"\/\/htlhoteles.com\/lamalinka\/wp-content\/uploads\/2022\/08\/3.jpg\" data-no-retina>\n<!---->\t\t\t\t\t<\/rs-slide>\n\t\t\t\t\t\t<rs-slide style=\"position: absolute;\" data-key=\"rs-119\" data-title=\"Slide\" data-thumb=\"\/\/htlhoteles.com\/lamalinka\/wp-content\/uploads\/2022\/08\/4-50x100.jpg\" data-anim=\"adpr:false;f:nodelay;\" data-in=\"o:0;sx:0;sy:0;row:5;col:5;\" data-out=\"a:false;\">\n\t\t\t\t\t\t\t<img decoding=\"async\" src=\"\/\/htlhoteles.com\/lamalinka\/wp-content\/plugins\/revslider\/sr6\/assets\/assets\/dummy.png\" alt=\"\" title=\"4\" width=\"1732\" height=\"500\" class=\"rev-slidebg tp-rs-img rs-lazyload\" data-lazyload=\"\/\/htlhoteles.com\/lamalinka\/wp-content\/uploads\/2022\/08\/4.jpg\" data-no-retina>\n<!---->\t\t\t\t\t<\/rs-slide>\n\t\t\t\t\t\t<rs-slide style=\"position: absolute;\" data-key=\"rs-129\" data-title=\"Slide\" data-thumb=\"\/\/htlhoteles.com\/lamalinka\/wp-content\/uploads\/2022\/08\/5-50x100.jpg\" data-anim=\"adpr:false;f:nodelay;\" data-in=\"o:0;sx:0;sy:0;row:5;col:5;\" data-out=\"a:false;\">\n\t\t\t\t\t\t\t<img decoding=\"async\" src=\"\/\/htlhoteles.com\/lamalinka\/wp-content\/plugins\/revslider\/sr6\/assets\/assets\/dummy.png\" alt=\"\" title=\"5\" width=\"1732\" height=\"500\" class=\"rev-slidebg tp-rs-img rs-lazyload\" data-lazyload=\"\/\/htlhoteles.com\/lamalinka\/wp-content\/uploads\/2022\/08\/5.jpg\" data-no-retina>\n<!---->\t\t\t\t\t<\/rs-slide>\n\t\t\t\t\t\t<rs-slide style=\"position: absolute;\" data-key=\"rs-130\" data-title=\"Slide\" data-thumb=\"\/\/htlhoteles.com\/lamalinka\/wp-content\/uploads\/2022\/08\/6-50x100.jpg\" data-anim=\"adpr:false;f:nodelay;\" data-in=\"o:0;sx:0;sy:0;row:5;col:5;\" data-out=\"a:false;\">\n\t\t\t\t\t\t\t<img decoding=\"async\" src=\"\/\/htlhoteles.com\/lamalinka\/wp-content\/plugins\/revslider\/sr6\/assets\/assets\/dummy.png\" alt=\"\" title=\"6\" width=\"1732\" height=\"500\" class=\"rev-slidebg tp-rs-img rs-lazyload\" data-lazyload=\"\/\/htlhoteles.com\/lamalinka\/wp-content\/uploads\/2022\/08\/6.jpg\" data-no-retina>\n<!---->\t\t\t\t\t<\/rs-slide>\n\t\t\t\t\t<\/rs-slides>\n\t\t\t\t<\/rs-module>\n\t\t\t\t<script>\n\t\t\t\t\tsetREVStartSize({c: 'rev_slider_2_1',rl:[1240,1024,778,480],el:[390],gw:[1280],gh:[390],type:'standard',justify:'',layout:'fullwidth',mh:\"0\"});if (window.RS_MODULES!==undefined && window.RS_MODULES.modules!==undefined && window.RS_MODULES.modules[\"revslider21\"]!==undefined) {window.RS_MODULES.modules[\"revslider21\"].once = false;window.revapi2 = undefined;if (window.RS_MODULES.checkMinimal!==undefined) window.RS_MODULES.checkMinimal()}\n\t\t\t\t<\/script>\n\t\t\t<\/rs-module-wrap>\n\t\t\t<!-- END REVOLUTION SLIDER -->\n[\/vc_column][\/vc_row][vc_row woodmart_css_id=\u00bb61b3bb07a929f\u00bb responsive_spacing=\u00bbeyJwYXJhbV90eXBlIjoid29vZG1hcnRfcmVzcG9uc2l2ZV9zcGFjaW5nIiwic2VsZWN0b3JfaWQiOiI2MWIzYmIwN2E5MjlmIiwic2hvcnRjb2RlIjoidmNfcm93IiwiZGF0YSI6eyJ0YWJsZXQiOnt9LCJtb2JpbGUiOnt9fX0=\u00bb mobile_bg_img_hidden=\u00bbno\u00bb tablet_bg_img_hidden=\u00bbno\u00bb woodmart_parallax=\u00bb0&#8243; woodmart_gradient_switch=\u00bbno\u00bb woodmart_box_shadow=\u00bbno\u00bb wd_z_index=\u00bbno\u00bb woodmart_disable_overflow=\u00bb0&#8243; row_reverse_mobile=\u00bb0&#8243; row_reverse_tablet=\u00bb0&#8243;][vc_column css=\u00bb.vc_custom_1638306441632{margin-top: -50px !important;background-color: #ffffff !important;}\u00bb woodmart_css_id=\u00bb61a6928297cc7&#8243; parallax_scroll=\u00bbno\u00bb woodmart_sticky_column=\u00bbfalse\u00bb wd_collapsible_content_switcher=\u00bbno\u00bb mobile_bg_img_hidden=\u00bbno\u00bb tablet_bg_img_hidden=\u00bbno\u00bb woodmart_parallax=\u00bb0&#8243; woodmart_box_shadow=\u00bbno\u00bb mobile_reset_margin=\u00bbno\u00bb tablet_reset_margin=\u00bbno\u00bb wd_z_index=\u00bbyes\u00bb responsive_spacing=\u00bbeyJwYXJhbV90eXBlIjoid29vZG1hcnRfcmVzcG9uc2l2ZV9zcGFjaW5nIiwic2VsZWN0b3JfaWQiOiI2MWE2OTI4Mjk3Y2M3Iiwic2hvcnRjb2RlIjoidmNfY29sdW1uIiwiZGF0YSI6eyJ0YWJsZXQiOnt9LCJtb2JpbGUiOnt9fX0=\u00bb wd_z_index_custom=\u00bbeyJkZXZpY2VzIjp7ImRlc2t0b3AiOnsidmFsdWUiOiI1In19LCJzZWxlY3Rvcl9pZCI6IjYxYTY5MjgyOTdjYzciLCJzaG9ydGNvZGUiOiJ2Y19jb2x1bW4iLCJzZWxlY3RvcnMiOnsie3tXUkFQUEVSfX0iOiJ6LWluZGV4OiB7e1ZBTFVFfX0ifX0=\u00bb][vc_row_inner][vc_column_inner css=\u00bb.vc_custom_1638535307735{margin-top: -20px !important;}\u00bb woodmart_css_id=\u00bb61aa108651567&#8243; parallax_scroll=\u00bbno\u00bb woodmart_sticky_column=\u00bbfalse\u00bb wd_collapsible_content_switcher=\u00bbno\u00bb mobile_bg_img_hidden=\u00bbno\u00bb tablet_bg_img_hidden=\u00bbno\u00bb woodmart_parallax=\u00bb0&#8243; woodmart_box_shadow=\u00bbno\u00bb wd_z_index=\u00bbno\u00bb responsive_spacing=\u00bbeyJwYXJhbV90eXBlIjoid29vZG1hcnRfcmVzcG9uc2l2ZV9zcGFjaW5nIiwic2VsZWN0b3JfaWQiOiI2MWFhMTA4NjUxNTY3Iiwic2hvcnRjb2RlIjoidmNfY29sdW1uX2lubmVyIiwiZGF0YSI6eyJ0YWJsZXQiOnt9LCJtb2JpbGUiOnt9fX0=\u00bb]\n\t\t<div id=\"wd-62c0c0d0cb3d8\" class=\"title-wrapper wd-wpb wd-set-mb reset-last-child  wd-rs-62c0c0d0cb3d8 wd-title-color-default wd-title-style-default text-left  wd-underline-colored\">\n\t\t\t\n\t\t\t<div class=\"liner-continer\">\n\t\t\t\t<h1 class=\"woodmart-title-container title  wd-font-weight-400 wd-fontsize-m\" >AVISOS LEGALES Y POLITICAS GENERALES HTL LA MALINKA<\/h1>\n\t\t\t\t\t\t\t<\/div>\n\t\t\t\n\t\t\t\n\t\t\t\n\t\t<\/div>\n\t\t\n\t\t[vc_separator color=\u00bbcustom\u00bb style=\u00bbdotted\u00bb border_width=\u00bb3&#8243; accent_color=\u00bb#cccccc\u00bb css=\u00bb.vc_custom_1638534879894{margin-top: -20px !important;}\u00bb][\/vc_column_inner][\/vc_row_inner][vc_column_text woodmart_inline=\u00bbno\u00bb text_larger=\u00bbno\u00bb css=\u00bb.vc_custom_1723667371957{margin-top: -20px !important;}\u00bb]Las solicitudes de habitaci\u00f3n doble no especificadas ser\u00e1n consideradas como doble matrimonial.<\/p>\n<p>&#8211; El horario de Check in es a las 15:00 hrs y el de Check Out a las 11:00 hrs. Pasado este horario, hasta las 16.00 hs se facturar\u00e1 media tarifa y de 16.00 hs en adelante tarifa completa. SUJETO A DISPONIBILIDAD<\/p>\n<p>&#8211; Pol\u00edtica de cancelaci\u00f3n: Las reservas deber\u00e1n ser canceladas de acuerdo al siguiente detalle: BAJA: 7 dias antes del ingreso, MEDIA: 21 dias antes del ingreso, ALTA : 45 dias antes del ingreso, SKI: 60 dias antes del ingreso), caso contrario se aplicar\u00e1 la penalidad del 100% de la estad\u00eda.<\/p>\n<p>&#8211; En caso de no-show se aplicar\u00e1 la penalidad del 100% de la estad\u00eda..<\/p>\n<p>Nota: Los pedidos de cancelaci\u00f3n o modificaci\u00f3n de reserva deber\u00e1n ser realizados en tiempo y forma v\u00eda e-mail a reservas.lamalinka@htlhoteles.com , para validar la misma deber\u00e1 recibir respuesta afirmativa de nuestra central de reservas.<\/p>\n<p>Los datos de la tarjeta de cr\u00e9dito dejados en garant\u00eda deber\u00e1n ser v\u00e1lidos para poder abonar y confirmar su reserva, caso contrario la misma podr\u00e1 ser dada de baja sin previo aviso.<\/p>\n<p>Las im\u00e1genes publicadas son meramente ilustrativas y no poseen car\u00e1cter contractual.[\/vc_column_text]<div id=\"wd-61aa1016f1bc1\" class=\" wd-rs-61aa1016f1bc1  wd-button-wrapper text-left\"><a  class=\"btn btn-color-primary btn-style-default btn-shape-semi-round btn-size-extra-small\">VOLVER<\/a><\/div>[vc_empty_space height=\u00bb20px\u00bb woodmart_hide_large=\u00bb0&#8243; woodmart_hide_medium=\u00bb0&#8243; woodmart_hide_small=\u00bb0&#8243; woodmart_hide_extra_small=\u00bb0&#8243;][\/vc_column][\/vc_row]<\/p>\n<\/div>","protected":false},"excerpt":{"rendered":"<p>[vc_row full_width=\u00bbstretch_row_content_no_spaces\u00bb woodmart_css_id=\u00bb61a173131ea77&#8243; responsive_spacing=\u00bbeyJwYXJhbV90eXBlIjoid29vZG1hcnRfcmVzcG9uc2l2ZV9zcGFjaW5nIiwic2VsZWN0b3JfaWQiOiI2MWExNzMxMzFlYTc3Iiwic2hvcnRjb2RlIjoidmNfcm93IiwiZGF0YSI6eyJ0YWJsZXQiOnt9LCJtb2JpbGUiOnt9fX0=\u00bb mobile_bg_img_hidden=\u00bbno\u00bb tablet_bg_img_hidden=\u00bbno\u00bb woodmart_parallax=\u00bb0&#8243; woodmart_gradient_switch=\u00bbno\u00bb woodmart_box_shadow=\u00bbno\u00bb wd_z_index=\u00bbno\u00bb woodmart_disable_overflow=\u00bb0&#8243; row_reverse_mobile=\u00bb0&#8243; row_reverse_tablet=\u00bb0&#8243;][vc_column][\/vc_column][\/vc_row][vc_row woodmart_css_id=\u00bb61b3bb07a929f\u00bb responsive_spacing=\u00bbeyJwYXJhbV90eXBlIjoid29vZG1hcnRfcmVzcG9uc2l2ZV9zcGFjaW5nIiwic2VsZWN0b3JfaWQiOiI2MWIzYmIwN2E5MjlmIiwic2hvcnRjb2RlIjoidmNfcm93IiwiZGF0YSI6eyJ0YWJsZXQiOnt9LCJtb2JpbGUiOnt9fX0=\u00bb mobile_bg_img_hidden=\u00bbno\u00bb tablet_bg_img_hidden=\u00bbno\u00bb woodmart_parallax=\u00bb0&#8243; woodmart_gradient_switch=\u00bbno\u00bb woodmart_box_shadow=\u00bbno\u00bb<\/p>\n","protected":false},"author":9,"featured_media":0,"parent":0,"menu_order":0,"comment_status":"closed","ping_status":"closed","template":"","meta":{"_joinchat":[],"footnotes":""},"class_list":["post-7708","page","type-page","status-publish","hentry"],"yoast_head":"<!-- This site is optimized with the Yoast SEO plugin v27.4 - https:\/\/yoast.com\/product\/yoast-seo-wordpress\/ -->\n<title>Legales - HTL Malinka<\/title>\n<meta name=\"robots\" content=\"index, follow, max-snippet:-1, max-image-preview:large, max-video-preview:-1\" \/>\n<link rel=\"canonical\" href=\"https:\/\/htlhoteles.com\/lamalinka\/legales\/\" \/>\n<meta property=\"og:locale\" content=\"es_ES\" \/>\n<meta property=\"og:type\" content=\"article\" \/>\n<meta property=\"og:title\" content=\"Legales - HTL Malinka\" \/>\n<meta property=\"og:description\" content=\"[vc_row full_width=\u00bbstretch_row_content_no_spaces\u00bb woodmart_css_id=\u00bb61a173131ea77&#8243; responsive_spacing=\u00bbeyJwYXJhbV90eXBlIjoid29vZG1hcnRfcmVzcG9uc2l2ZV9zcGFjaW5nIiwic2VsZWN0b3JfaWQiOiI2MWExNzMxMzFlYTc3Iiwic2hvcnRjb2RlIjoidmNfcm93IiwiZGF0YSI6eyJ0YWJsZXQiOnt9LCJtb2JpbGUiOnt9fX0=\u00bb mobile_bg_img_hidden=\u00bbno\u00bb tablet_bg_img_hidden=\u00bbno\u00bb woodmart_parallax=\u00bb0&#8243; woodmart_gradient_switch=\u00bbno\u00bb woodmart_box_shadow=\u00bbno\u00bb wd_z_index=\u00bbno\u00bb woodmart_disable_overflow=\u00bb0&#8243; row_reverse_mobile=\u00bb0&#8243; row_reverse_tablet=\u00bb0&#8243;][vc_column][\/vc_column][\/vc_row][vc_row woodmart_css_id=\u00bb61b3bb07a929f\u00bb responsive_spacing=\u00bbeyJwYXJhbV90eXBlIjoid29vZG1hcnRfcmVzcG9uc2l2ZV9zcGFjaW5nIiwic2VsZWN0b3JfaWQiOiI2MWIzYmIwN2E5MjlmIiwic2hvcnRjb2RlIjoidmNfcm93IiwiZGF0YSI6eyJ0YWJsZXQiOnt9LCJtb2JpbGUiOnt9fX0=\u00bb mobile_bg_img_hidden=\u00bbno\u00bb tablet_bg_img_hidden=\u00bbno\u00bb woodmart_parallax=\u00bb0&#8243; woodmart_gradient_switch=\u00bbno\u00bb woodmart_box_shadow=\u00bbno\u00bb\" \/>\n<meta property=\"og:url\" content=\"https:\/\/htlhoteles.com\/lamalinka\/legales\/\" \/>\n<meta property=\"og:site_name\" content=\"HTL Malinka\" \/>\n<meta property=\"article:modified_time\" content=\"2024-08-14T20:29:36+00:00\" \/>\n<meta name=\"twitter:card\" content=\"summary_large_image\" \/>\n<meta name=\"twitter:label1\" content=\"Tiempo de lectura\" \/>\n\t<meta name=\"twitter:data1\" content=\"2 minutos\" \/>\n<script type=\"application\/ld+json\" class=\"yoast-schema-graph\">{\"@context\":\"https:\\\/\\\/schema.org\",\"@graph\":[{\"@type\":\"WebPage\",\"@id\":\"https:\\\/\\\/htlhoteles.com\\\/lamalinka\\\/legales\\\/\",\"url\":\"https:\\\/\\\/htlhoteles.com\\\/lamalinka\\\/legales\\\/\",\"name\":\"Legales - HTL Malinka\",\"isPartOf\":{\"@id\":\"https:\\\/\\\/htlhoteles.com\\\/lamalinka\\\/#website\"},\"datePublished\":\"2021-12-03T12:31:21+00:00\",\"dateModified\":\"2024-08-14T20:29:36+00:00\",\"breadcrumb\":{\"@id\":\"https:\\\/\\\/htlhoteles.com\\\/lamalinka\\\/legales\\\/#breadcrumb\"},\"inLanguage\":\"es\",\"potentialAction\":[{\"@type\":\"ReadAction\",\"target\":[\"https:\\\/\\\/htlhoteles.com\\\/lamalinka\\\/legales\\\/\"]}]},{\"@type\":\"BreadcrumbList\",\"@id\":\"https:\\\/\\\/htlhoteles.com\\\/lamalinka\\\/legales\\\/#breadcrumb\",\"itemListElement\":[{\"@type\":\"ListItem\",\"position\":1,\"name\":\"Portada\",\"item\":\"https:\\\/\\\/htlhoteles.com\\\/lamalinka\\\/\"},{\"@type\":\"ListItem\",\"position\":2,\"name\":\"Legales\"}]},{\"@type\":\"WebSite\",\"@id\":\"https:\\\/\\\/htlhoteles.com\\\/lamalinka\\\/#website\",\"url\":\"https:\\\/\\\/htlhoteles.com\\\/lamalinka\\\/\",\"name\":\"HTL Malinka\",\"description\":\"Web Oficial | Hotel en Bariloche | Reserve Online\",\"potentialAction\":[{\"@type\":\"SearchAction\",\"target\":{\"@type\":\"EntryPoint\",\"urlTemplate\":\"https:\\\/\\\/htlhoteles.com\\\/lamalinka\\\/?s={search_term_string}\"},\"query-input\":{\"@type\":\"PropertyValueSpecification\",\"valueRequired\":true,\"valueName\":\"search_term_string\"}}],\"inLanguage\":\"es\"}]}<\/script>\n<!-- \/ Yoast SEO plugin. -->","yoast_head_json":{"title":"Legales - HTL Malinka","robots":{"index":"index","follow":"follow","max-snippet":"max-snippet:-1","max-image-preview":"max-image-preview:large","max-video-preview":"max-video-preview:-1"},"canonical":"https:\/\/htlhoteles.com\/lamalinka\/legales\/","og_locale":"es_ES","og_type":"article","og_title":"Legales - HTL Malinka","og_description":"[vc_row full_width=\u00bbstretch_row_content_no_spaces\u00bb woodmart_css_id=\u00bb61a173131ea77&#8243; responsive_spacing=\u00bbeyJwYXJhbV90eXBlIjoid29vZG1hcnRfcmVzcG9uc2l2ZV9zcGFjaW5nIiwic2VsZWN0b3JfaWQiOiI2MWExNzMxMzFlYTc3Iiwic2hvcnRjb2RlIjoidmNfcm93IiwiZGF0YSI6eyJ0YWJsZXQiOnt9LCJtb2JpbGUiOnt9fX0=\u00bb mobile_bg_img_hidden=\u00bbno\u00bb tablet_bg_img_hidden=\u00bbno\u00bb woodmart_parallax=\u00bb0&#8243; woodmart_gradient_switch=\u00bbno\u00bb woodmart_box_shadow=\u00bbno\u00bb wd_z_index=\u00bbno\u00bb woodmart_disable_overflow=\u00bb0&#8243; row_reverse_mobile=\u00bb0&#8243; row_reverse_tablet=\u00bb0&#8243;][vc_column][\/vc_column][\/vc_row][vc_row woodmart_css_id=\u00bb61b3bb07a929f\u00bb responsive_spacing=\u00bbeyJwYXJhbV90eXBlIjoid29vZG1hcnRfcmVzcG9uc2l2ZV9zcGFjaW5nIiwic2VsZWN0b3JfaWQiOiI2MWIzYmIwN2E5MjlmIiwic2hvcnRjb2RlIjoidmNfcm93IiwiZGF0YSI6eyJ0YWJsZXQiOnt9LCJtb2JpbGUiOnt9fX0=\u00bb mobile_bg_img_hidden=\u00bbno\u00bb tablet_bg_img_hidden=\u00bbno\u00bb woodmart_parallax=\u00bb0&#8243; woodmart_gradient_switch=\u00bbno\u00bb woodmart_box_shadow=\u00bbno\u00bb","og_url":"https:\/\/htlhoteles.com\/lamalinka\/legales\/","og_site_name":"HTL Malinka","article_modified_time":"2024-08-14T20:29:36+00:00","twitter_card":"summary_large_image","twitter_misc":{"Tiempo de lectura":"2 minutos"},"schema":{"@context":"https:\/\/schema.org","@graph":[{"@type":"WebPage","@id":"https:\/\/htlhoteles.com\/lamalinka\/legales\/","url":"https:\/\/htlhoteles.com\/lamalinka\/legales\/","name":"Legales - HTL Malinka","isPartOf":{"@id":"https:\/\/htlhoteles.com\/lamalinka\/#website"},"datePublished":"2021-12-03T12:31:21+00:00","dateModified":"2024-08-14T20:29:36+00:00","breadcrumb":{"@id":"https:\/\/htlhoteles.com\/lamalinka\/legales\/#breadcrumb"},"inLanguage":"es","potentialAction":[{"@type":"ReadAction","target":["https:\/\/htlhoteles.com\/lamalinka\/legales\/"]}]},{"@type":"BreadcrumbList","@id":"https:\/\/htlhoteles.com\/lamalinka\/legales\/#breadcrumb","itemListElement":[{"@type":"ListItem","position":1,"name":"Portada","item":"https:\/\/htlhoteles.com\/lamalinka\/"},{"@type":"ListItem","position":2,"name":"Legales"}]},{"@type":"WebSite","@id":"https:\/\/htlhoteles.com\/lamalinka\/#website","url":"https:\/\/htlhoteles.com\/lamalinka\/","name":"HTL Malinka","description":"Web Oficial | Hotel en Bariloche | Reserve Online","potentialAction":[{"@type":"SearchAction","target":{"@type":"EntryPoint","urlTemplate":"https:\/\/htlhoteles.com\/lamalinka\/?s={search_term_string}"},"query-input":{"@type":"PropertyValueSpecification","valueRequired":true,"valueName":"search_term_string"}}],"inLanguage":"es"}]}},"_links":{"self":[{"href":"https:\/\/htlhoteles.com\/lamalinka\/wp-json\/wp\/v2\/pages\/7708","targetHints":{"allow":["GET"]}}],"collection":[{"href":"https:\/\/htlhoteles.com\/lamalinka\/wp-json\/wp\/v2\/pages"}],"about":[{"href":"https:\/\/htlhoteles.com\/lamalinka\/wp-json\/wp\/v2\/types\/page"}],"author":[{"embeddable":true,"href":"https:\/\/htlhoteles.com\/lamalinka\/wp-json\/wp\/v2\/users\/9"}],"replies":[{"embeddable":true,"href":"https:\/\/htlhoteles.com\/lamalinka\/wp-json\/wp\/v2\/comments?post=7708"}],"version-history":[{"count":11,"href":"https:\/\/htlhoteles.com\/lamalinka\/wp-json\/wp\/v2\/pages\/7708\/revisions"}],"predecessor-version":[{"id":10767,"href":"https:\/\/htlhoteles.com\/lamalinka\/wp-json\/wp\/v2\/pages\/7708\/revisions\/10767"}],"wp:attachment":[{"href":"https:\/\/htlhoteles.com\/lamalinka\/wp-json\/wp\/v2\/media?parent=7708"}],"curies":[{"name":"wp","href":"https:\/\/api.w.org\/{rel}","templated":true}]}}