{"id":7843,"date":"2021-11-29T15:53:51","date_gmt":"2021-11-29T15:53:51","guid":{"rendered":"http:\/\/vps-2799337-x.dattaweb.com\/htlurbano?page_id=7843"},"modified":"2023-12-29T19:30:39","modified_gmt":"2023-12-29T22:30:39","slug":"quartos","status":"publish","type":"page","link":"https:\/\/htlhoteles.com\/htlurbano\/pt\/quartos\/","title":{"rendered":"Quartos"},"content":{"rendered":"<div class=\"wpb-content-wrapper\"><p>[vc_row full_width=\u00bbstretch_row_content_no_spaces\u00bb woodmart_css_id=\u00bb61a173131ea77&#8243; responsive_spacing=\u00bbeyJwYXJhbV90eXBlIjoid29vZG1hcnRfcmVzcG9uc2l2ZV9zcGFjaW5nIiwic2VsZWN0b3JfaWQiOiI2MWExNzMxMzFlYTc3Iiwic2hvcnRjb2RlIjoidmNfcm93IiwiZGF0YSI6eyJ0YWJsZXQiOnt9LCJtb2JpbGUiOnt9fX0=\u00bb mobile_bg_img_hidden=\u00bbno\u00bb tablet_bg_img_hidden=\u00bbno\u00bb woodmart_parallax=\u00bb0&#8243; woodmart_gradient_switch=\u00bbno\u00bb woodmart_box_shadow=\u00bbno\u00bb wd_z_index=\u00bbno\u00bb woodmart_disable_overflow=\u00bb0&#8243; row_reverse_mobile=\u00bb0&#8243; row_reverse_tablet=\u00bb0&#8243;][vc_column]\n\t\t\t\t<p class=\"rs-p-wp-fix\"><\/p>\n\t\t\t\t<sr7-module data-alias=\"slider-home-1\" data-id=\"2\" id=\"SR7_2_1\" data-version=\"7.0.5.1\">\n\t\t\t\t\t<sr7-adjuster><\/sr7-adjuster>\n\t\t\t\t\t<sr7-content>\n\t\t\t\t\t\t<sr7-slide id=\"SR7_2_1-8\" data-key=\"8\">\n\t\t\t\t\t\t\t<sr7-bg id=\"SR7_2_1-8-1\" class=\"sr7-layer\"><noscript><img decoding=\"async\" src=\"https:\/\/htlhoteles.com\/htlurbano\/wp-content\/uploads\/2023\/12\/1-Gutnisky8532rgb.jpg\" alt=\"\" title=\"1-Gutnisky8532rgb\"><\/noscript><\/sr7-bg>\n\t\t\t\t\t\t<\/sr7-slide>\n\t\t\t\t\t\t<sr7-slide id=\"SR7_2_1-9\" data-key=\"9\">\n\t\t\t\t\t\t\t<sr7-bg id=\"SR7_2_1-9-1\" class=\"sr7-layer\"><noscript><img decoding=\"async\" src=\"https:\/\/htlhoteles.com\/htlurbano\/wp-content\/uploads\/2023\/12\/2-Gutnisky9294rgb.jpg\" alt=\"\" title=\"2-Gutnisky9294rgb\"><\/noscript><\/sr7-bg>\n\t\t\t\t\t\t<\/sr7-slide>\n\t\t\t\t\t\t<sr7-slide id=\"SR7_2_1-10\" data-key=\"10\">\n\t\t\t\t\t\t\t<sr7-bg id=\"SR7_2_1-10-1\" class=\"sr7-layer\"><noscript><img decoding=\"async\" src=\"https:\/\/htlhoteles.com\/htlurbano\/wp-content\/uploads\/2023\/12\/3-Gutnisky9117rgb.jpg\" alt=\"\" title=\"3-Gutnisky9117rgb\"><\/noscript><\/sr7-bg>\n\t\t\t\t\t\t<\/sr7-slide>\n\t\t\t\t\t\t<sr7-slide id=\"SR7_2_1-11\" data-key=\"11\">\n\t\t\t\t\t\t\t<sr7-bg id=\"SR7_2_1-11-1\" class=\"sr7-layer\"><noscript><img decoding=\"async\" src=\"https:\/\/htlhoteles.com\/htlurbano\/wp-content\/uploads\/2023\/12\/4-Gutnisky8922rgb.jpg\" alt=\"\" title=\"4-Gutnisky8922rgb\"><\/noscript><\/sr7-bg>\n\t\t\t\t\t\t<\/sr7-slide>\n\t\t\t\t\t\t<sr7-slide id=\"SR7_2_1-12\" data-key=\"12\">\n\t\t\t\t\t\t\t<sr7-bg id=\"SR7_2_1-12-1\" class=\"sr7-layer\"><noscript><img decoding=\"async\" src=\"https:\/\/htlhoteles.com\/htlurbano\/wp-content\/uploads\/2023\/12\/5-Gutnisky-8297-rgb.jpg\" alt=\"\" title=\"5-Gutnisky-8297-rgb\"><\/noscript><\/sr7-bg>\n\t\t\t\t\t\t<\/sr7-slide>\n\t\t\t\t\t\t<sr7-slide id=\"SR7_2_1-37\" data-key=\"37\">\n\t\t\t\t\t\t<\/sr7-slide>\n\t\t\t\t\t<\/sr7-content>\n\t\t\t\t\t<image_lists style=\"display:none\">\n\t\t\t\t\t\t<img data-src=\"\/\/htlhoteles.com\/htlurbano\/wp-content\/uploads\/2023\/12\/1-Gutnisky8532rgb.jpg\" data-libid=\"9967\" data-lib=\"medialibrary\" title=\"1-Gutnisky8532rgb\" width=\"0\" height=\"0\" data-dbsrc=\"Ly9odGxob3RlbGVzLmNvbS9odGx1cmJhbm8vd3AtY29udGVudC91cGxvYWRzLzIwMjMvMTIvMS1HdXRuaXNreTg1MzJyZ2IuanBn\"\/>\n\t\t\t\t\t\t<img data-src=\"\/\/htlhoteles.com\/htlurbano\/wp-content\/uploads\/2023\/12\/2-Gutnisky9294rgb.jpg\" data-libid=\"9968\" data-lib=\"medialibrary\" title=\"2-Gutnisky9294rgb\" width=\"0\" height=\"0\" data-dbsrc=\"Ly9odGxob3RlbGVzLmNvbS9odGx1cmJhbm8vd3AtY29udGVudC91cGxvYWRzLzIwMjMvMTIvMi1HdXRuaXNreTkyOTRyZ2IuanBn\"\/>\n\t\t\t\t\t\t<img data-src=\"\/\/htlhoteles.com\/htlurbano\/wp-content\/uploads\/2023\/12\/3-Gutnisky9117rgb.jpg\" data-libid=\"9969\" data-lib=\"medialibrary\" title=\"3-Gutnisky9117rgb\" width=\"0\" height=\"0\" data-dbsrc=\"Ly9odGxob3RlbGVzLmNvbS9odGx1cmJhbm8vd3AtY29udGVudC91cGxvYWRzLzIwMjMvMTIvMy1HdXRuaXNreTkxMTdyZ2IuanBn\"\/>\n\t\t\t\t\t\t<img data-src=\"\/\/htlhoteles.com\/htlurbano\/wp-content\/uploads\/2023\/12\/4-Gutnisky8922rgb.jpg\" data-libid=\"9970\" data-lib=\"medialibrary\" title=\"4-Gutnisky8922rgb\" width=\"0\" height=\"0\" data-dbsrc=\"Ly9odGxob3RlbGVzLmNvbS9odGx1cmJhbm8vd3AtY29udGVudC91cGxvYWRzLzIwMjMvMTIvNC1HdXRuaXNreTg5MjJyZ2IuanBn\"\/>\n\t\t\t\t\t\t<img data-src=\"\/\/htlhoteles.com\/htlurbano\/wp-content\/uploads\/2023\/12\/5-Gutnisky-8297-rgb.jpg\" data-libid=\"9971\" data-lib=\"medialibrary\" title=\"5-Gutnisky-8297-rgb\" width=\"0\" height=\"0\" data-dbsrc=\"Ly9odGxob3RlbGVzLmNvbS9odGx1cmJhbm8vd3AtY29udGVudC91cGxvYWRzLzIwMjMvMTIvNS1HdXRuaXNreS04Mjk3LXJnYi5qcGc=\"\/>\n\t\t\t\t\t<\/image_lists>\n\t\t\t\t<\/sr7-module>\n\t\t\t\t<script>\n\t\t\t\t\twindow.SR7??={}; SR7.PMH ??={}; SR7.PMH[\"SR7_2_1\"] = {cn:100,state:false,fn: function() { if (window._tpt!==undefined && window._tpt.prepareModuleHeight !== undefined) {  _tpt.prepareModuleHeight({id:\"SR7_2_1\",el:[390,390,768,960,720],type:'standard',gh:[390,390,768,960,720],gw:[1280,1280,1024,778,480],vpt:['-100px&#039;,&#039;-100px&#039;,&#039;-100px&#039;,&#039;-100px&#039;,&#039;-100px'],size:{fullWidth:true, fullHeight:false},mh:'0',onh:0,onw:0,bg:{color:'{\"orig\":\"transparent\",\"type\":\"solid\",\"string\":\"transparent\"}'}});   SR7.PMH[\"SR7_2_1\"].state=true;} else if(SR7.PMH[\"SR7_2_1\"].cn-->0)\tsetTimeout( SR7.PMH[\"SR7_2_1\"].fn,19);}};SR7.PMH[\"SR7_2_1\" ].fn();\n\t\t\t\t<\/script>\n[vc_column_text woodmart_inline=\u00bbno\u00bb text_larger=\u00bbno\u00bb][dvt_social_media][\/vc_column_text][\/vc_column][\/vc_row][vc_row woodmart_css_id=\u00bb61df722de6dab\u00bb responsive_spacing=\u00bbeyJwYXJhbV90eXBlIjoid29vZG1hcnRfcmVzcG9uc2l2ZV9zcGFjaW5nIiwic2VsZWN0b3JfaWQiOiI2MWRmNzIyZGU2ZGFiIiwic2hvcnRjb2RlIjoidmNfcm93IiwiZGF0YSI6eyJ0YWJsZXQiOnt9LCJtb2JpbGUiOnsibWFyZ2luLXRvcCI6IjEifX19&#8243; mobile_bg_img_hidden=\u00bbno\u00bb tablet_bg_img_hidden=\u00bbno\u00bb woodmart_parallax=\u00bb0&#8243; woodmart_gradient_switch=\u00bbno\u00bb woodmart_box_shadow=\u00bbno\u00bb wd_z_index=\u00bbno\u00bb woodmart_disable_overflow=\u00bb0&#8243; row_reverse_mobile=\u00bb0&#8243; row_reverse_tablet=\u00bb0&#8243;][vc_column css=\u00bb.vc_custom_1639689825221{margin-top: -50px !important;background-color: #ffffff !important;}\u00bb woodmart_css_id=\u00bb61bbae5b70503&#8243; parallax_scroll=\u00bbno\u00bb woodmart_sticky_column=\u00bbfalse\u00bb wd_collapsible_content_switcher=\u00bbno\u00bb mobile_bg_img_hidden=\u00bbno\u00bb tablet_bg_img_hidden=\u00bbno\u00bb woodmart_parallax=\u00bb0&#8243; woodmart_box_shadow=\u00bbno\u00bb mobile_reset_margin=\u00bbno\u00bb tablet_reset_margin=\u00bbno\u00bb wd_z_index=\u00bbyes\u00bb responsive_spacing=\u00bbeyJwYXJhbV90eXBlIjoid29vZG1hcnRfcmVzcG9uc2l2ZV9zcGFjaW5nIiwic2VsZWN0b3JfaWQiOiI2MWJiYWU1YjcwNTAzIiwic2hvcnRjb2RlIjoidmNfY29sdW1uIiwiZGF0YSI6eyJ0YWJsZXQiOnt9LCJtb2JpbGUiOnsibWFyZ2luLXRvcCI6IjEifX19&#8243; wd_z_index_custom=\u00bbeyJkZXZpY2VzIjp7ImRlc2t0b3AiOnsidmFsdWUiOiI1In19LCJzZWxlY3Rvcl9pZCI6IjYxYmJhZTViNzA1MDMiLCJzaG9ydGNvZGUiOiJ2Y19jb2x1bW4iLCJzZWxlY3RvcnMiOnsie3tXUkFQUEVSfX0iOiJ6LWluZGV4OiB7e1ZBTFVFfX0ifX0=\u00bb]\n\t\t<div id=\"wd-61af677713c26\" class=\"title-wrapper wd-wpb wd-set-mb reset-last-child  wd-rs-61af677713c26 wd-title-color-default wd-title-style-default text-left vc_custom_1638885242434 wd-underline-colored\">\n\t\t\t\n\t\t\t<div class=\"liner-continer\">\n\t\t\t\t<h1 class=\"woodmart-title-container title  wd-font-weight-400 wd-fontsize-m\" >QUARTOS<\/h1>\n\t\t\t\t\t\t\t<\/div>\n\t\t\t\n\t\t\t\n\t\t\t\n\t\t<\/div>\n\t\t\n\t\t[vc_separator color=\u00bbcustom\u00bb style=\u00bbdotted\u00bb border_width=\u00bb3&#8243; accent_color=\u00bb#cccccc\u00bb css=\u00bb.vc_custom_1638549937802{margin-top: -20px !important;}\u00bb][vc_row_inner][vc_column_inner width=\u00bb1\/3&#8243;][vc_custom_heading text=\u00bbSINGLE\u00bb font_container=\u00bbtag:p|font_size:16|text_align:left|color:%23ff5f00&#8243; use_theme_fonts=\u00bbyes\u00bb link=\u00bburl:http%3A%2F%2Fhtlhoteles.com%2Fhtlurbano%2Fpt%2Fsingle-2%2F|target:_blank\u00bb][vc_single_image image=\u00bb10243&#8243; img_size=\u00bb\u00bb style=\u00bbvc_box_outline\u00bb onclick=\u00bbcustom_link\u00bb parallax_scroll=\u00bbno\u00bb woodmart_inline=\u00bbno\u00bb link=\u00bbhttp:\/\/htlhoteles.com\/htlurbano\/\/pt\/single-2\/\u00bb][\/vc_column_inner][vc_column_inner width=\u00bb1\/3&#8243;][vc_custom_heading text=\u00bbDUPLO EST\u00c1NDAR\u00bb font_container=\u00bbtag:p|font_size:16|text_align:left|color:%23ff5f00&#8243; use_theme_fonts=\u00bbyes\u00bb link=\u00bburl:http%3A%2F%2Fhtlhoteles.com%2Fhtlurbano%2Fpt%2Fduplo-estandar%2F|target:_blank\u00bb][vc_single_image image=\u00bb10239&#8243; img_size=\u00bb\u00bb style=\u00bbvc_box_outline\u00bb onclick=\u00bbcustom_link\u00bb parallax_scroll=\u00bbno\u00bb woodmart_inline=\u00bbno\u00bb link=\u00bbhttp:\/\/htlhoteles.com\/htlurbano\/\/pt\/duplo-estandar\/\u00bb][\/vc_column_inner][vc_column_inner width=\u00bb1\/3&#8243;][vc_custom_heading text=\u00bbDUPLO SUPERIOR\u00bb font_container=\u00bbtag:p|font_size:16|text_align:left|color:%23ff5f00&#8243; use_theme_fonts=\u00bbyes\u00bb link=\u00bburl:http%3A%2F%2Fhtlhoteles.com%2Fhtlurbano%2Fpt%2Fduplo-superior%2F|target:_blank\u00bb][vc_single_image image=\u00bb10275&#8243; img_size=\u00bb\u00bb style=\u00bbvc_box_outline\u00bb onclick=\u00bbcustom_link\u00bb parallax_scroll=\u00bbno\u00bb woodmart_inline=\u00bbno\u00bb link=\u00bbhttp:\/\/htlhoteles.com\/htlurbano\/\/pt\/duplo-superior\/\u00bb][\/vc_column_inner][\/vc_row_inner][vc_row_inner][vc_column_inner width=\u00bb1\/3&#8243;][vc_custom_heading text=\u00bbTRIPLO\u00bb font_container=\u00bbtag:p|font_size:16|text_align:left|color:%23ff5f00&#8243; use_theme_fonts=\u00bbyes\u00bb link=\u00bburl:http%3A%2F%2Fhtlhoteles.com%2Fhtlurbano%2Fpt%2Ftriplo%2F|target:_blank\u00bb][vc_single_image image=\u00bb10242&#8243; img_size=\u00bb\u00bb style=\u00bbvc_box_outline\u00bb onclick=\u00bbcustom_link\u00bb parallax_scroll=\u00bbno\u00bb woodmart_inline=\u00bbno\u00bb link=\u00bbhttp:\/\/htlhoteles.com\/htlurbano\/\/pt\/triplo\/\u00bb][\/vc_column_inner][vc_column_inner width=\u00bb1\/3&#8243;][vc_custom_heading text=\u00bbDUPLO DELUXE\u00bb font_container=\u00bbtag:p|font_size:16|text_align:left|color:%23ff5f00&#8243; use_theme_fonts=\u00bbyes\u00bb link=\u00bburl:http%3A%2F%2Fhtlhoteles.com%2Fhtlurbano%2Fpt%2Fduplo-deluxe%2F|target:_blank\u00bb][vc_single_image image=\u00bb10241&#8243; img_size=\u00bb\u00bb style=\u00bbvc_box_outline\u00bb onclick=\u00bbcustom_link\u00bb parallax_scroll=\u00bbno\u00bb woodmart_inline=\u00bbno\u00bb link=\u00bbhttp:\/\/htlhoteles.com\/htlurbano\/\/pt\/duplo-deluxe\/\u00bb][\/vc_column_inner][\/vc_row_inner][vc_row_inner css=\u00bb.vc_custom_1638549961926{margin-top: -20px !important;}\u00bb woodmart_css_id=\u00bb61aa49c4249a8&#8243; responsive_spacing=\u00bbeyJwYXJhbV90eXBlIjoid29vZG1hcnRfcmVzcG9uc2l2ZV9zcGFjaW5nIiwic2VsZWN0b3JfaWQiOiI2MWFhNDljNDI0OWE4Iiwic2hvcnRjb2RlIjoidmNfcm93X2lubmVyIiwiZGF0YSI6eyJ0YWJsZXQiOnt9LCJtb2JpbGUiOnt9fX0=\u00bb mobile_bg_img_hidden=\u00bbno\u00bb tablet_bg_img_hidden=\u00bbno\u00bb woodmart_parallax=\u00bb0&#8243; woodmart_gradient_switch=\u00bbno\u00bb woodmart_box_shadow=\u00bbno\u00bb wd_z_index=\u00bbno\u00bb woodmart_disable_overflow=\u00bb0&#8243; row_reverse_mobile=\u00bb0&#8243; row_reverse_tablet=\u00bb0&#8243;][vc_column_inner][vc_column_text woodmart_inline=\u00bbno\u00bb text_larger=\u00bbno\u00bb]Sua ambienta\u00e7\u00e3o faz a diferen\u00e7a, nela se combinam materiais vanguardistas, o estilo minimalista e a moderna tecnologia.<br \/>\nO HTL Urbano Hotel Buenos Aires possui 83 quartos perfeitamente equipados para seu conforto.[\/vc_column_text][\/vc_column_inner][\/vc_row_inner][\/vc_column][\/vc_row]<\/p>\n<\/div>","protected":false},"excerpt":{"rendered":"<p>[vc_row full_width=\u00bbstretch_row_content_no_spaces\u00bb woodmart_css_id=\u00bb61a173131ea77&#8243; responsive_spacing=\u00bbeyJwYXJhbV90eXBlIjoid29vZG1hcnRfcmVzcG9uc2l2ZV9zcGFjaW5nIiwic2VsZWN0b3JfaWQiOiI2MWExNzMxMzFlYTc3Iiwic2hvcnRjb2RlIjoidmNfcm93IiwiZGF0YSI6eyJ0YWJsZXQiOnt9LCJtb2JpbGUiOnt9fX0=\u00bb mobile_bg_img_hidden=\u00bbno\u00bb tablet_bg_img_hidden=\u00bbno\u00bb woodmart_parallax=\u00bb0&#8243; woodmart_gradient_switch=\u00bbno\u00bb woodmart_box_shadow=\u00bbno\u00bb wd_z_index=\u00bbno\u00bb woodmart_disable_overflow=\u00bb0&#8243; row_reverse_mobile=\u00bb0&#8243; row_reverse_tablet=\u00bb0&#8243;][vc_column][vc_column_text woodmart_inline=\u00bbno\u00bb text_larger=\u00bbno\u00bb][dvt_social_media][\/vc_column_text][\/vc_column][\/vc_row][vc_row woodmart_css_id=\u00bb61df722de6dab\u00bb responsive_spacing=\u00bbeyJwYXJhbV90eXBlIjoid29vZG1hcnRfcmVzcG9uc2l2ZV9zcGFjaW5nIiwic2VsZWN0b3JfaWQiOiI2MWRmNzIyZGU2ZGFiIiwic2hvcnRjb2RlIjoidmNfcm93IiwiZGF0YSI6eyJ0YWJsZXQiOnt9LCJtb2JpbGUiOnsibWFyZ2luLXRvcCI6IjEifX19&#8243; mobile_bg_img_hidden=\u00bbno\u00bb tablet_bg_img_hidden=\u00bbno\u00bb woodmart_parallax=\u00bb0&#8243;<\/p>\n","protected":false},"author":1,"featured_media":0,"parent":0,"menu_order":0,"comment_status":"closed","ping_status":"closed","template":"","meta":{"rs_blank_template":"","rs_page_bg_color":"","slide_template_v7":"","_joinchat":[],"footnotes":""},"class_list":["post-7843","page","type-page","status-publish","hentry"],"yoast_head":"<!-- This site is optimized with the Yoast SEO plugin v27.3 - https:\/\/yoast.com\/product\/yoast-seo-wordpress\/ -->\n<title>Quartos - HTL Urbano<\/title>\n<meta name=\"robots\" content=\"index, follow, max-snippet:-1, max-image-preview:large, max-video-preview:-1\" \/>\n<link rel=\"canonical\" href=\"https:\/\/htlhoteles.com\/htlurbano\/pt\/quartos\/\" \/>\n<meta property=\"og:locale\" content=\"es_ES\" \/>\n<meta property=\"og:type\" content=\"article\" \/>\n<meta property=\"og:title\" content=\"Quartos - HTL Urbano\" \/>\n<meta property=\"og:description\" content=\"[vc_row full_width=\u00bbstretch_row_content_no_spaces\u00bb woodmart_css_id=\u00bb61a173131ea77&#8243; responsive_spacing=\u00bbeyJwYXJhbV90eXBlIjoid29vZG1hcnRfcmVzcG9uc2l2ZV9zcGFjaW5nIiwic2VsZWN0b3JfaWQiOiI2MWExNzMxMzFlYTc3Iiwic2hvcnRjb2RlIjoidmNfcm93IiwiZGF0YSI6eyJ0YWJsZXQiOnt9LCJtb2JpbGUiOnt9fX0=\u00bb mobile_bg_img_hidden=\u00bbno\u00bb tablet_bg_img_hidden=\u00bbno\u00bb woodmart_parallax=\u00bb0&#8243; woodmart_gradient_switch=\u00bbno\u00bb woodmart_box_shadow=\u00bbno\u00bb wd_z_index=\u00bbno\u00bb woodmart_disable_overflow=\u00bb0&#8243; row_reverse_mobile=\u00bb0&#8243; row_reverse_tablet=\u00bb0&#8243;][vc_column][vc_column_text woodmart_inline=\u00bbno\u00bb text_larger=\u00bbno\u00bb][dvt_social_media][\/vc_column_text][\/vc_column][\/vc_row][vc_row woodmart_css_id=\u00bb61df722de6dab\u00bb responsive_spacing=\u00bbeyJwYXJhbV90eXBlIjoid29vZG1hcnRfcmVzcG9uc2l2ZV9zcGFjaW5nIiwic2VsZWN0b3JfaWQiOiI2MWRmNzIyZGU2ZGFiIiwic2hvcnRjb2RlIjoidmNfcm93IiwiZGF0YSI6eyJ0YWJsZXQiOnt9LCJtb2JpbGUiOnsibWFyZ2luLXRvcCI6IjEifX19&#8243; mobile_bg_img_hidden=\u00bbno\u00bb tablet_bg_img_hidden=\u00bbno\u00bb woodmart_parallax=\u00bb0&#8243;\" \/>\n<meta property=\"og:url\" content=\"https:\/\/htlhoteles.com\/htlurbano\/pt\/quartos\/\" \/>\n<meta property=\"og:site_name\" content=\"HTL Urbano\" \/>\n<meta property=\"article:publisher\" content=\"https:\/\/www.facebook.com\/HTLhotelescadena\/\" \/>\n<meta property=\"article:modified_time\" content=\"2023-12-29T22:30:39+00:00\" \/>\n<meta name=\"twitter:card\" content=\"summary_large_image\" \/>\n<meta name=\"twitter:label1\" content=\"Tiempo de lectura\" \/>\n\t<meta name=\"twitter:data1\" content=\"2 minutos\" \/>\n<script type=\"application\/ld+json\" class=\"yoast-schema-graph\">{\"@context\":\"https:\\\/\\\/schema.org\",\"@graph\":[{\"@type\":\"WebPage\",\"@id\":\"https:\\\/\\\/htlhoteles.com\\\/htlurbano\\\/pt\\\/quartos\\\/\",\"url\":\"https:\\\/\\\/htlhoteles.com\\\/htlurbano\\\/pt\\\/quartos\\\/\",\"name\":\"Quartos - HTL Urbano\",\"isPartOf\":{\"@id\":\"https:\\\/\\\/htlhoteles.com\\\/htlurbano\\\/#website\"},\"datePublished\":\"2021-11-29T15:53:51+00:00\",\"dateModified\":\"2023-12-29T22:30:39+00:00\",\"breadcrumb\":{\"@id\":\"https:\\\/\\\/htlhoteles.com\\\/htlurbano\\\/pt\\\/quartos\\\/#breadcrumb\"},\"inLanguage\":\"es\",\"potentialAction\":[{\"@type\":\"ReadAction\",\"target\":[\"https:\\\/\\\/htlhoteles.com\\\/htlurbano\\\/pt\\\/quartos\\\/\"]}]},{\"@type\":\"BreadcrumbList\",\"@id\":\"https:\\\/\\\/htlhoteles.com\\\/htlurbano\\\/pt\\\/quartos\\\/#breadcrumb\",\"itemListElement\":[{\"@type\":\"ListItem\",\"position\":1,\"name\":\"Portada\",\"item\":\"https:\\\/\\\/htlhoteles.com\\\/htlurbano\\\/\"},{\"@type\":\"ListItem\",\"position\":2,\"name\":\"Quartos\"}]},{\"@type\":\"WebSite\",\"@id\":\"https:\\\/\\\/htlhoteles.com\\\/htlurbano\\\/#website\",\"url\":\"https:\\\/\\\/htlhoteles.com\\\/htlurbano\\\/\",\"name\":\"HTL Urbano\",\"description\":\"Web Oficial | Hotel en Buenos Aires | Reserve Online\",\"publisher\":{\"@id\":\"https:\\\/\\\/htlhoteles.com\\\/htlurbano\\\/#organization\"},\"potentialAction\":[{\"@type\":\"SearchAction\",\"target\":{\"@type\":\"EntryPoint\",\"urlTemplate\":\"https:\\\/\\\/htlhoteles.com\\\/htlurbano\\\/?s={search_term_string}\"},\"query-input\":{\"@type\":\"PropertyValueSpecification\",\"valueRequired\":true,\"valueName\":\"search_term_string\"}}],\"inLanguage\":\"es\"},{\"@type\":\"Organization\",\"@id\":\"https:\\\/\\\/htlhoteles.com\\\/htlurbano\\\/#organization\",\"name\":\"HTL Urbano\",\"url\":\"https:\\\/\\\/htlhoteles.com\\\/htlurbano\\\/\",\"logo\":{\"@type\":\"ImageObject\",\"inLanguage\":\"es\",\"@id\":\"https:\\\/\\\/htlhoteles.com\\\/htlurbano\\\/#\\\/schema\\\/logo\\\/image\\\/\",\"url\":\"https:\\\/\\\/htlhoteles.com\\\/htlurbano\\\/wp-content\\\/uploads\\\/2021\\\/11\\\/logo-web-3.png\",\"contentUrl\":\"https:\\\/\\\/htlhoteles.com\\\/htlurbano\\\/wp-content\\\/uploads\\\/2021\\\/11\\\/logo-web-3.png\",\"width\":660,\"height\":300,\"caption\":\"HTL Urbano\"},\"image\":{\"@id\":\"https:\\\/\\\/htlhoteles.com\\\/htlurbano\\\/#\\\/schema\\\/logo\\\/image\\\/\"},\"sameAs\":[\"https:\\\/\\\/www.facebook.com\\\/HTLhotelescadena\\\/\",\"https:\\\/\\\/www.instagram.com\\\/htlhoteles\\\/\",\"https:\\\/\\\/www.youtube.com\\\/channel\\\/UCxr9PCzfxuNF7T2CF6ihyHw\",\"https:\\\/\\\/www.linkedin.com\\\/company\\\/htlhoteles\\\/\"]}]}<\/script>\n<!-- \/ Yoast SEO plugin. -->","yoast_head_json":{"title":"Quartos - HTL Urbano","robots":{"index":"index","follow":"follow","max-snippet":"max-snippet:-1","max-image-preview":"max-image-preview:large","max-video-preview":"max-video-preview:-1"},"canonical":"https:\/\/htlhoteles.com\/htlurbano\/pt\/quartos\/","og_locale":"es_ES","og_type":"article","og_title":"Quartos - HTL Urbano","og_description":"[vc_row full_width=\u00bbstretch_row_content_no_spaces\u00bb woodmart_css_id=\u00bb61a173131ea77&#8243; responsive_spacing=\u00bbeyJwYXJhbV90eXBlIjoid29vZG1hcnRfcmVzcG9uc2l2ZV9zcGFjaW5nIiwic2VsZWN0b3JfaWQiOiI2MWExNzMxMzFlYTc3Iiwic2hvcnRjb2RlIjoidmNfcm93IiwiZGF0YSI6eyJ0YWJsZXQiOnt9LCJtb2JpbGUiOnt9fX0=\u00bb mobile_bg_img_hidden=\u00bbno\u00bb tablet_bg_img_hidden=\u00bbno\u00bb woodmart_parallax=\u00bb0&#8243; woodmart_gradient_switch=\u00bbno\u00bb woodmart_box_shadow=\u00bbno\u00bb wd_z_index=\u00bbno\u00bb woodmart_disable_overflow=\u00bb0&#8243; row_reverse_mobile=\u00bb0&#8243; row_reverse_tablet=\u00bb0&#8243;][vc_column][vc_column_text woodmart_inline=\u00bbno\u00bb text_larger=\u00bbno\u00bb][dvt_social_media][\/vc_column_text][\/vc_column][\/vc_row][vc_row woodmart_css_id=\u00bb61df722de6dab\u00bb responsive_spacing=\u00bbeyJwYXJhbV90eXBlIjoid29vZG1hcnRfcmVzcG9uc2l2ZV9zcGFjaW5nIiwic2VsZWN0b3JfaWQiOiI2MWRmNzIyZGU2ZGFiIiwic2hvcnRjb2RlIjoidmNfcm93IiwiZGF0YSI6eyJ0YWJsZXQiOnt9LCJtb2JpbGUiOnsibWFyZ2luLXRvcCI6IjEifX19&#8243; mobile_bg_img_hidden=\u00bbno\u00bb tablet_bg_img_hidden=\u00bbno\u00bb woodmart_parallax=\u00bb0&#8243;","og_url":"https:\/\/htlhoteles.com\/htlurbano\/pt\/quartos\/","og_site_name":"HTL Urbano","article_publisher":"https:\/\/www.facebook.com\/HTLhotelescadena\/","article_modified_time":"2023-12-29T22:30:39+00:00","twitter_card":"summary_large_image","twitter_misc":{"Tiempo de lectura":"2 minutos"},"schema":{"@context":"https:\/\/schema.org","@graph":[{"@type":"WebPage","@id":"https:\/\/htlhoteles.com\/htlurbano\/pt\/quartos\/","url":"https:\/\/htlhoteles.com\/htlurbano\/pt\/quartos\/","name":"Quartos - HTL Urbano","isPartOf":{"@id":"https:\/\/htlhoteles.com\/htlurbano\/#website"},"datePublished":"2021-11-29T15:53:51+00:00","dateModified":"2023-12-29T22:30:39+00:00","breadcrumb":{"@id":"https:\/\/htlhoteles.com\/htlurbano\/pt\/quartos\/#breadcrumb"},"inLanguage":"es","potentialAction":[{"@type":"ReadAction","target":["https:\/\/htlhoteles.com\/htlurbano\/pt\/quartos\/"]}]},{"@type":"BreadcrumbList","@id":"https:\/\/htlhoteles.com\/htlurbano\/pt\/quartos\/#breadcrumb","itemListElement":[{"@type":"ListItem","position":1,"name":"Portada","item":"https:\/\/htlhoteles.com\/htlurbano\/"},{"@type":"ListItem","position":2,"name":"Quartos"}]},{"@type":"WebSite","@id":"https:\/\/htlhoteles.com\/htlurbano\/#website","url":"https:\/\/htlhoteles.com\/htlurbano\/","name":"HTL Urbano","description":"Web Oficial | Hotel en Buenos Aires | Reserve Online","publisher":{"@id":"https:\/\/htlhoteles.com\/htlurbano\/#organization"},"potentialAction":[{"@type":"SearchAction","target":{"@type":"EntryPoint","urlTemplate":"https:\/\/htlhoteles.com\/htlurbano\/?s={search_term_string}"},"query-input":{"@type":"PropertyValueSpecification","valueRequired":true,"valueName":"search_term_string"}}],"inLanguage":"es"},{"@type":"Organization","@id":"https:\/\/htlhoteles.com\/htlurbano\/#organization","name":"HTL Urbano","url":"https:\/\/htlhoteles.com\/htlurbano\/","logo":{"@type":"ImageObject","inLanguage":"es","@id":"https:\/\/htlhoteles.com\/htlurbano\/#\/schema\/logo\/image\/","url":"https:\/\/htlhoteles.com\/htlurbano\/wp-content\/uploads\/2021\/11\/logo-web-3.png","contentUrl":"https:\/\/htlhoteles.com\/htlurbano\/wp-content\/uploads\/2021\/11\/logo-web-3.png","width":660,"height":300,"caption":"HTL Urbano"},"image":{"@id":"https:\/\/htlhoteles.com\/htlurbano\/#\/schema\/logo\/image\/"},"sameAs":["https:\/\/www.facebook.com\/HTLhotelescadena\/","https:\/\/www.instagram.com\/htlhoteles\/","https:\/\/www.youtube.com\/channel\/UCxr9PCzfxuNF7T2CF6ihyHw","https:\/\/www.linkedin.com\/company\/htlhoteles\/"]}]}},"_links":{"self":[{"href":"https:\/\/htlhoteles.com\/htlurbano\/wp-json\/wp\/v2\/pages\/7843","targetHints":{"allow":["GET"]}}],"collection":[{"href":"https:\/\/htlhoteles.com\/htlurbano\/wp-json\/wp\/v2\/pages"}],"about":[{"href":"https:\/\/htlhoteles.com\/htlurbano\/wp-json\/wp\/v2\/types\/page"}],"author":[{"embeddable":true,"href":"https:\/\/htlhoteles.com\/htlurbano\/wp-json\/wp\/v2\/users\/1"}],"replies":[{"embeddable":true,"href":"https:\/\/htlhoteles.com\/htlurbano\/wp-json\/wp\/v2\/comments?post=7843"}],"version-history":[{"count":20,"href":"https:\/\/htlhoteles.com\/htlurbano\/wp-json\/wp\/v2\/pages\/7843\/revisions"}],"predecessor-version":[{"id":10279,"href":"https:\/\/htlhoteles.com\/htlurbano\/wp-json\/wp\/v2\/pages\/7843\/revisions\/10279"}],"wp:attachment":[{"href":"https:\/\/htlhoteles.com\/htlurbano\/wp-json\/wp\/v2\/media?parent=7843"}],"curies":[{"name":"wp","href":"https:\/\/api.w.org\/{rel}","templated":true}]}}