{"id":8135,"date":"2021-12-11T03:00:30","date_gmt":"2021-12-11T03:00:30","guid":{"rendered":"http:\/\/vps-2799337-x.dattaweb.com\/htlcitybaires?page_id=8135"},"modified":"2025-05-14T13:25:10","modified_gmt":"2025-05-14T16:25:10","slug":"clube-de-beneficios","status":"publish","type":"page","link":"https:\/\/htlhoteles.com\/htlcitybaires\/pt\/clube-de-beneficios\/","title":{"rendered":"Clube de Beneficios"},"content":{"rendered":"<div class=\"wpb-content-wrapper\"><p>[vc_row full_width=\u00bbstretch_row_content_no_spaces\u00bb woodmart_css_id=\u00bb61a173131ea77&#8243; responsive_spacing=\u00bbeyJwYXJhbV90eXBlIjoid29vZG1hcnRfcmVzcG9uc2l2ZV9zcGFjaW5nIiwic2VsZWN0b3JfaWQiOiI2MWExNzMxMzFlYTc3Iiwic2hvcnRjb2RlIjoidmNfcm93IiwiZGF0YSI6eyJ0YWJsZXQiOnt9LCJtb2JpbGUiOnt9fX0=\u00bb mobile_bg_img_hidden=\u00bbno\u00bb tablet_bg_img_hidden=\u00bbno\u00bb woodmart_parallax=\u00bb0&#8243; woodmart_gradient_switch=\u00bbno\u00bb woodmart_box_shadow=\u00bbno\u00bb wd_z_index=\u00bbno\u00bb woodmart_disable_overflow=\u00bb0&#8243; row_reverse_mobile=\u00bb0&#8243; row_reverse_tablet=\u00bb0&#8243;][vc_column]\n\t\t\t<!-- START Slider club pt REVOLUTION SLIDER 6.7.37 --><p class=\"rs-p-wp-fix\"><\/p>\n\t\t\t<rs-module-wrap id=\"rev_slider_42_1_wrapper\" data-source=\"gallery\" style=\"visibility:hidden;background:transparent;padding:0;margin:0px auto;margin-top:0;margin-bottom:0;\">\n\t\t\t\t<rs-module id=\"rev_slider_42_1\" style=\"\" data-version=\"6.7.37\">\n\t\t\t\t\t<rs-slides style=\"overflow: hidden; position: absolute;\">\n\t\t\t\t\t\t<rs-slide style=\"position: absolute;\" data-key=\"rs-220\" data-title=\"Slide\" data-thumb=\"\/\/htlhoteles.com\/htlcitybaires\/wp-content\/uploads\/2022\/07\/placapt-24f31570b8cead166f521966264ca475-50x100.jpg\" data-anim=\"adpr:false;f:edges;\" data-in=\"o:0;x:cyc(-10|10);y:cyc(-10|10);r:cyc(-10|10);sx:0.1;sy:0.1;row:8;col:8;\" data-out=\"a:false;\">\n\t\t\t\t\t\t\t<img decoding=\"async\" src=\"\/\/htlhoteles.com\/htlcitybaires\/wp-content\/plugins\/revslider\/sr6\/assets\/assets\/dummy.png\" alt=\"\" title=\"placapt-24f31570b8cead166f521966264ca475\" width=\"1732\" height=\"500\" class=\"rev-slidebg tp-rs-img rs-lazyload\" data-lazyload=\"\/\/htlhoteles.com\/htlcitybaires\/wp-content\/uploads\/2022\/07\/placapt-24f31570b8cead166f521966264ca475.jpg\" data-no-retina>\n<!---->\t\t\t\t\t<\/rs-slide>\n\t\t\t\t\t\t<rs-slide style=\"position: absolute;\" data-key=\"rs-221\" data-title=\"Slide\" data-thumb=\"\/\/htlhoteles.com\/htlcitybaires\/wp-content\/uploads\/2022\/07\/placapt-d170ec883f7ede83c3e0f25bfa541ae5-1-50x100.jpg\" data-anim=\"adpr:false;f:edges;\" data-in=\"o:0;x:cyc(-10|10);y:cyc(-10|10);r:cyc(-10|10);sx:0.1;sy:0.1;row:8;col:8;\" data-out=\"a:false;\">\n\t\t\t\t\t\t\t<img decoding=\"async\" src=\"\/\/htlhoteles.com\/htlcitybaires\/wp-content\/plugins\/revslider\/sr6\/assets\/assets\/dummy.png\" alt=\"\" title=\"placapt-d170ec883f7ede83c3e0f25bfa541ae5\" width=\"1732\" height=\"500\" class=\"rev-slidebg tp-rs-img rs-lazyload\" data-lazyload=\"\/\/htlhoteles.com\/htlcitybaires\/wp-content\/uploads\/2022\/07\/placapt-d170ec883f7ede83c3e0f25bfa541ae5-1.jpg\" data-no-retina>\n<!---->\t\t\t\t\t<\/rs-slide>\n\t\t\t\t\t<\/rs-slides>\n\t\t\t\t<\/rs-module>\n\t\t\t\t<script>\n\t\t\t\t\tsetREVStartSize({c: 'rev_slider_42_1',rl:[1240,1024,778,480],el:[390],gw:[1280],gh:[390],type:'standard',justify:'',layout:'fullwidth',mh:\"0\"});if (window.RS_MODULES!==undefined && window.RS_MODULES.modules!==undefined && window.RS_MODULES.modules[\"revslider421\"]!==undefined) {window.RS_MODULES.modules[\"revslider421\"].once = false;window.revapi42 = undefined;if (window.RS_MODULES.checkMinimal!==undefined) window.RS_MODULES.checkMinimal()}\n\t\t\t\t<\/script>\n\t\t\t<\/rs-module-wrap>\n\t\t\t<!-- END REVOLUTION SLIDER -->\n[vc_column_text woodmart_inline=\u00bbno\u00bb text_larger=\u00bbno\u00bb][\/vc_column_text][\/vc_column][\/vc_row][vc_row woodmart_css_id=\u00bb61b3bb91a7cd5&#8243; responsive_spacing=\u00bbeyJwYXJhbV90eXBlIjoid29vZG1hcnRfcmVzcG9uc2l2ZV9zcGFjaW5nIiwic2VsZWN0b3JfaWQiOiI2MWIzYmI5MWE3Y2Q1Iiwic2hvcnRjb2RlIjoidmNfcm93IiwiZGF0YSI6eyJ0YWJsZXQiOnt9LCJtb2JpbGUiOnt9fX0=\u00bb mobile_bg_img_hidden=\u00bbno\u00bb tablet_bg_img_hidden=\u00bbno\u00bb woodmart_parallax=\u00bb0&#8243; woodmart_gradient_switch=\u00bbno\u00bb woodmart_box_shadow=\u00bbno\u00bb wd_z_index=\u00bbno\u00bb woodmart_disable_overflow=\u00bb0&#8243; row_reverse_mobile=\u00bb0&#8243; row_reverse_tablet=\u00bb0&#8243;][vc_column css=\u00bb.vc_custom_1642034703192{margin-top: -50px !important;background-color: #ffffff !important;}\u00bb woodmart_css_id=\u00bb61df76023cf3d\u00bb parallax_scroll=\u00bbno\u00bb woodmart_sticky_column=\u00bbfalse\u00bb wd_collapsible_content_switcher=\u00bbno\u00bb mobile_bg_img_hidden=\u00bbno\u00bb tablet_bg_img_hidden=\u00bbno\u00bb woodmart_parallax=\u00bb0&#8243; woodmart_box_shadow=\u00bbno\u00bb mobile_reset_margin=\u00bbno\u00bb tablet_reset_margin=\u00bbno\u00bb wd_z_index=\u00bbyes\u00bb responsive_spacing=\u00bbeyJwYXJhbV90eXBlIjoid29vZG1hcnRfcmVzcG9uc2l2ZV9zcGFjaW5nIiwic2VsZWN0b3JfaWQiOiI2MWRmNzYwMjNjZjNkIiwic2hvcnRjb2RlIjoidmNfY29sdW1uIiwiZGF0YSI6eyJ0YWJsZXQiOnt9LCJtb2JpbGUiOnsibWFyZ2luLXRvcCI6IjFweCIsIm1hcmdpbi1yaWdodCI6IjIlIiwibWFyZ2luLWxlZnQiOiIyJSJ9fX0=\u00bb wd_z_index_custom=\u00bbeyJkZXZpY2VzIjp7ImRlc2t0b3AiOnsidmFsdWUiOiI1In19LCJzZWxlY3Rvcl9pZCI6IjYxZGY3NjAyM2NmM2QiLCJzaG9ydGNvZGUiOiJ2Y19jb2x1bW4iLCJzZWxlY3RvcnMiOnsie3tXUkFQUEVSfX0iOiJ6LWluZGV4OiB7e1ZBTFVFfX0ifX0=\u00bb][vc_row_inner css=\u00bb.vc_custom_1638287982731{margin-top: -20px !important;}\u00bb woodmart_css_id=\u00bb61a64a67e7d1b\u00bb responsive_spacing=\u00bbeyJwYXJhbV90eXBlIjoid29vZG1hcnRfcmVzcG9uc2l2ZV9zcGFjaW5nIiwic2VsZWN0b3JfaWQiOiI2MWE2NGE2N2U3ZDFiIiwic2hvcnRjb2RlIjoidmNfcm93X2lubmVyIiwiZGF0YSI6eyJ0YWJsZXQiOnt9LCJtb2JpbGUiOnt9fX0=\u00bb mobile_bg_img_hidden=\u00bbno\u00bb tablet_bg_img_hidden=\u00bbno\u00bb woodmart_parallax=\u00bb0&#8243; woodmart_gradient_switch=\u00bbno\u00bb woodmart_box_shadow=\u00bbno\u00bb wd_z_index=\u00bbno\u00bb woodmart_disable_overflow=\u00bb0&#8243; row_reverse_mobile=\u00bb0&#8243; row_reverse_tablet=\u00bb0&#8243;][vc_column_inner width=\u00bb1\/3&#8243;][vc_single_image image=\u00bb9032&#8243; img_size=\u00bbfull\u00bb alignment=\u00bbcenter\u00bb parallax_scroll=\u00bbno\u00bb woodmart_inline=\u00bbno\u00bb]<div id=\"wd-62e01188164f0\" class=\" wd-rs-62e01188164f0  wd-button-wrapper text-center\"><a href=\"https:\/\/htlcitybaires.backhotelite.com\/pt\/bookcore\/partempresas\/alta-particulares\/\" title=\"\" class=\"btn btn-color-primary btn-style-default btn-shape-semi-round btn-size-small btn-full-width\">TORNE-SE MEMBRO<\/a><\/div>[vc_column_text woodmart_inline=\u00bbno\u00bb text_larger=\u00bbno\u00bb css=\u00bb.vc_custom_1658851535428{margin-top: 8px !important;}\u00bb]<\/p>\n<ul class=\"lista_ofertas\">\n<li><span style=\"color: #666666;\"><strong>Preencha seus dados<\/strong><\/span><\/li>\n<li><span style=\"color: #666666;\"><strong>Participe do nosso programa<\/strong><\/span><\/li>\n<li><span style=\"color: #666666;\"><strong>E pronto, acesse nossos benef\u00edcios<\/strong><\/span><\/li>\n<\/ul>\n<p>[\/vc_column_text][\/vc_column_inner][vc_column_inner width=\u00bb1\/3&#8243;][vc_single_image image=\u00bb9033&#8243; img_size=\u00bbfull\u00bb alignment=\u00bbcenter\u00bb parallax_scroll=\u00bbno\u00bb woodmart_inline=\u00bbno\u00bb]<div id=\"wd-62e0118ee1f36\" class=\" wd-rs-62e0118ee1f36  wd-button-wrapper text-center\"><a href=\"https:\/\/htlcitybaires.backhotelite.com\/pt\/bookcore\/partempresas\/alta-particulares\/\" title=\"\" class=\"btn btn-color-primary btn-style-default btn-shape-semi-round btn-size-small btn-full-width\">SEMPRE APROVEITE<\/a><\/div>[vc_column_text woodmart_inline=\u00bbno\u00bb text_larger=\u00bbno\u00bb css=\u00bb.vc_custom_1641953779730{margin-top: 8px !important;}\u00bb]<\/p>\n<ul class=\"lista_ofertas\">\n<li><span style=\"color: #666666;\"><strong>Limpeza gratuita durante toda a estadia<\/strong><\/span><\/li>\n<li><span style=\"color: #666666;\"><strong>5% de desconto exclusivo<\/strong><\/span><\/li>\n<li><span style=\"color: #666666;\"><strong>Apenas membros<\/strong><\/span><\/li>\n<\/ul>\n<p>[\/vc_column_text][\/vc_column_inner][vc_column_inner width=\u00bb1\/3&#8243;][vc_single_image image=\u00bb9035&#8243; img_size=\u00bbfull\u00bb alignment=\u00bbcenter\u00bb parallax_scroll=\u00bbno\u00bb woodmart_inline=\u00bbno\u00bb]<div id=\"wd-6306a5ec46106\" class=\" wd-rs-6306a5ec46106  wd-button-wrapper text-center\"><a href=\"https:\/\/htlcitybaires.backhotelite.com\/pt\/bookcore\/partempresas\/alta-particulares\/\" title=\"\" class=\"btn btn-color-primary btn-style-default btn-shape-semi-round btn-size-small btn-full-width\">APROVEITE EM SETEMBRO<\/a><\/div>[vc_column_text woodmart_inline=\u00bbno\u00bb text_larger=\u00bbno\u00bb css=\u00bb.vc_custom_1658851680474{margin-top: 8px !important;}\u00bb]<\/p>\n<ul class=\"lista_ofertas\">\n<li><span style=\"color: #666666;\"><strong>1 crian\u00e7a at\u00e9 5 anos gr\u00e1tis<\/strong><\/span><\/li>\n<li><span style=\"color: #666666;\"><strong>Aplica-se em triplo, qu\u00e1druplo, qu\u00edntuplo e s\u00eaxtuplo<\/strong><\/span><\/li>\n<li><span style=\"color: #666666;\"><strong>Apenas membros<\/strong><\/span><\/li>\n<li id=\"lasitem\"><span style=\"color: #666666;\"><strong>Sujeito a disponibilidade<\/strong><\/span><\/li>\n<\/ul>\n<div id=\"vermas\" style=\"line-height: 0em; text-align: center; text-transform: uppercase; font-weight: bold;\">ver mais<\/div>\n<div id=\"vermenos\" style=\"line-height: 0em; text-align: center; text-transform: uppercase; font-weight: bold;\">veja menos<\/div>\n<p>[\/vc_column_text][\/vc_column_inner][\/vc_row_inner][vc_raw_js]JTNDc2NyaXB0JTNFJTBBY29uc3QlMjB2ZXJtYXMlMjAlM0QlMjBkb2N1bWVudC5xdWVyeVNlbGVjdG9yJTI4JTIyJTIzdmVybWFzJTIyJTI5JTNCJTBBdmVybWFzLmFkZEV2ZW50TGlzdGVuZXIlMjglMjJjbGljayUyMiUyQyUyMGZ1bmN0aW9uJTI4ZXZlbnRvJTI5JTdCJTBBJTBBJTIwJTIwJTIwJTIwJTIwJTIwJTIwJTIwZG9jdW1lbnQuZ2V0RWxlbWVudEJ5SWQlMjglMjJsYXNpdGVtJTIyJTI5LnN0eWxlLmRpc3BsYXklMjAlM0QlMjAlMjJibG9jayUyMiUzQiUwQSUyMCUyMCUyMCUyMCUyMCUyMCUyMCUyMGRvY3VtZW50LmdldEVsZW1lbnRCeUlkJTI4JTIydmVybWFzJTIyJTI5LnN0eWxlLmRpc3BsYXklMjAlM0QlMjAlMjJub25lJTIyJTNCJTBBJTIwJTIwJTIwJTIwJTIwJTIwJTIwJTIwZG9jdW1lbnQuZ2V0RWxlbWVudEJ5SWQlMjglMjJ2ZXJtZW5vcyUyMiUyOS5zdHlsZS5kaXNwbGF5JTIwJTNEJTIwJTIyYmxvY2slMjIlM0IlMEElMjAlMjAlMjAlMjAlMjAlMjAlMjAlMjAlMEElN0QlMjklM0IlMEElMEFjb25zdCUyMHZlcm1lbm9zJTIwJTNEJTIwZG9jdW1lbnQucXVlcnlTZWxlY3RvciUyOCUyMiUyM3Zlcm1lbm9zJTIyJTI5JTNCJTBBdmVybWVub3MuYWRkRXZlbnRMaXN0ZW5lciUyOCUyMmNsaWNrJTIyJTJDJTIwZnVuY3Rpb24lMjhldmVudG8lMjklN0IlMEElMEElMjAlMjAlMjAlMjAlMjAlMjAlMjAlMjBkb2N1bWVudC5nZXRFbGVtZW50QnlJZCUyOCUyMmxhc2l0ZW0lMjIlMjkuc3R5bGUuZGlzcGxheSUyMCUzRCUyMCUyMm5vbmUlMjIlM0IlMEElMjAlMjAlMjAlMjAlMjAlMjAlMjAlMjBkb2N1bWVudC5nZXRFbGVtZW50QnlJZCUyOCUyMnZlcm1hcyUyMiUyOS5zdHlsZS5kaXNwbGF5JTIwJTNEJTIwJTIyYmxvY2slMjIlM0IlMEElMjAlMjAlMjAlMjAlMjAlMjAlMjAlMjBkb2N1bWVudC5nZXRFbGVtZW50QnlJZCUyOCUyMnZlcm1lbm9zJTIyJTI5LnN0eWxlLmRpc3BsYXklMjAlM0QlMjAlMjJub25lJTIyJTNCJTBBJTIwJTIwJTIwJTIwJTIwJTIwJTIwJTIwJTBBJTdEJTI5JTNCJTBBJTBBJTNDJTJGc2NyaXB0JTNF[\/vc_raw_js][\/vc_column][\/vc_row]<\/p>\n<\/div>","protected":false},"excerpt":{"rendered":"<p>[vc_row full_width=\u00bbstretch_row_content_no_spaces\u00bb woodmart_css_id=\u00bb61a173131ea77&#8243; responsive_spacing=\u00bbeyJwYXJhbV90eXBlIjoid29vZG1hcnRfcmVzcG9uc2l2ZV9zcGFjaW5nIiwic2VsZWN0b3JfaWQiOiI2MWExNzMxMzFlYTc3Iiwic2hvcnRjb2RlIjoidmNfcm93IiwiZGF0YSI6eyJ0YWJsZXQiOnt9LCJtb2JpbGUiOnt9fX0=\u00bb mobile_bg_img_hidden=\u00bbno\u00bb tablet_bg_img_hidden=\u00bbno\u00bb woodmart_parallax=\u00bb0&#8243; woodmart_gradient_switch=\u00bbno\u00bb woodmart_box_shadow=\u00bbno\u00bb wd_z_index=\u00bbno\u00bb woodmart_disable_overflow=\u00bb0&#8243; row_reverse_mobile=\u00bb0&#8243; row_reverse_tablet=\u00bb0&#8243;][vc_column][vc_column_text woodmart_inline=\u00bbno\u00bb text_larger=\u00bbno\u00bb][\/vc_column_text][\/vc_column][\/vc_row][vc_row woodmart_css_id=\u00bb61b3bb91a7cd5&#8243; responsive_spacing=\u00bbeyJwYXJhbV90eXBlIjoid29vZG1hcnRfcmVzcG9uc2l2ZV9zcGFjaW5nIiwic2VsZWN0b3JfaWQiOiI2MWIzYmI5MWE3Y2Q1Iiwic2hvcnRjb2RlIjoidmNfcm93IiwiZGF0YSI6eyJ0YWJsZXQiOnt9LCJtb2JpbGUiOnt9fX0=\u00bb mobile_bg_img_hidden=\u00bbno\u00bb tablet_bg_img_hidden=\u00bbno\u00bb woodmart_parallax=\u00bb0&#8243;<\/p>\n","protected":false},"author":1,"featured_media":0,"parent":0,"menu_order":0,"comment_status":"closed","ping_status":"closed","template":"","meta":{"_joinchat":[],"footnotes":""},"class_list":["post-8135","page","type-page","status-publish","hentry"],"yoast_head":"<!-- This site is optimized with the Yoast SEO plugin v27.4 - https:\/\/yoast.com\/product\/yoast-seo-wordpress\/ -->\n<title>Clube de Beneficios - HTL City Baires<\/title>\n<meta name=\"robots\" content=\"index, follow, max-snippet:-1, max-image-preview:large, max-video-preview:-1\" \/>\n<link rel=\"canonical\" href=\"https:\/\/htlhoteles.com\/htlcitybaires\/pt\/clube-de-beneficios\/\" \/>\n<meta property=\"og:locale\" content=\"es_ES\" \/>\n<meta property=\"og:type\" content=\"article\" \/>\n<meta property=\"og:title\" content=\"Clube de Beneficios - HTL City Baires\" \/>\n<meta property=\"og:description\" content=\"[vc_row full_width=\u00bbstretch_row_content_no_spaces\u00bb woodmart_css_id=\u00bb61a173131ea77&#8243; responsive_spacing=\u00bbeyJwYXJhbV90eXBlIjoid29vZG1hcnRfcmVzcG9uc2l2ZV9zcGFjaW5nIiwic2VsZWN0b3JfaWQiOiI2MWExNzMxMzFlYTc3Iiwic2hvcnRjb2RlIjoidmNfcm93IiwiZGF0YSI6eyJ0YWJsZXQiOnt9LCJtb2JpbGUiOnt9fX0=\u00bb mobile_bg_img_hidden=\u00bbno\u00bb tablet_bg_img_hidden=\u00bbno\u00bb woodmart_parallax=\u00bb0&#8243; woodmart_gradient_switch=\u00bbno\u00bb woodmart_box_shadow=\u00bbno\u00bb wd_z_index=\u00bbno\u00bb woodmart_disable_overflow=\u00bb0&#8243; row_reverse_mobile=\u00bb0&#8243; row_reverse_tablet=\u00bb0&#8243;][vc_column][vc_column_text woodmart_inline=\u00bbno\u00bb text_larger=\u00bbno\u00bb][\/vc_column_text][\/vc_column][\/vc_row][vc_row woodmart_css_id=\u00bb61b3bb91a7cd5&#8243; responsive_spacing=\u00bbeyJwYXJhbV90eXBlIjoid29vZG1hcnRfcmVzcG9uc2l2ZV9zcGFjaW5nIiwic2VsZWN0b3JfaWQiOiI2MWIzYmI5MWE3Y2Q1Iiwic2hvcnRjb2RlIjoidmNfcm93IiwiZGF0YSI6eyJ0YWJsZXQiOnt9LCJtb2JpbGUiOnt9fX0=\u00bb mobile_bg_img_hidden=\u00bbno\u00bb tablet_bg_img_hidden=\u00bbno\u00bb woodmart_parallax=\u00bb0&#8243;\" \/>\n<meta property=\"og:url\" content=\"https:\/\/htlhoteles.com\/htlcitybaires\/pt\/clube-de-beneficios\/\" \/>\n<meta property=\"og:site_name\" content=\"HTL City Baires\" \/>\n<meta property=\"article:publisher\" content=\"https:\/\/www.facebook.com\/HTLhotelescadena\/\" \/>\n<meta property=\"article:modified_time\" content=\"2025-05-14T16:25:10+00:00\" \/>\n<meta name=\"twitter:card\" content=\"summary_large_image\" \/>\n<meta name=\"twitter:label1\" content=\"Tiempo de lectura\" \/>\n\t<meta name=\"twitter:data1\" content=\"1 minuto\" \/>\n<script type=\"application\/ld+json\" class=\"yoast-schema-graph\">{\"@context\":\"https:\\\/\\\/schema.org\",\"@graph\":[{\"@type\":\"WebPage\",\"@id\":\"https:\\\/\\\/htlhoteles.com\\\/htlcitybaires\\\/pt\\\/clube-de-beneficios\\\/\",\"url\":\"https:\\\/\\\/htlhoteles.com\\\/htlcitybaires\\\/pt\\\/clube-de-beneficios\\\/\",\"name\":\"Clube de Beneficios - HTL City Baires\",\"isPartOf\":{\"@id\":\"https:\\\/\\\/htlhoteles.com\\\/htlcitybaires\\\/#website\"},\"datePublished\":\"2021-12-11T03:00:30+00:00\",\"dateModified\":\"2025-05-14T16:25:10+00:00\",\"breadcrumb\":{\"@id\":\"https:\\\/\\\/htlhoteles.com\\\/htlcitybaires\\\/pt\\\/clube-de-beneficios\\\/#breadcrumb\"},\"inLanguage\":\"es\",\"potentialAction\":[{\"@type\":\"ReadAction\",\"target\":[\"https:\\\/\\\/htlhoteles.com\\\/htlcitybaires\\\/pt\\\/clube-de-beneficios\\\/\"]}]},{\"@type\":\"BreadcrumbList\",\"@id\":\"https:\\\/\\\/htlhoteles.com\\\/htlcitybaires\\\/pt\\\/clube-de-beneficios\\\/#breadcrumb\",\"itemListElement\":[{\"@type\":\"ListItem\",\"position\":1,\"name\":\"Portada\",\"item\":\"https:\\\/\\\/htlhoteles.com\\\/htlcitybaires\\\/\"},{\"@type\":\"ListItem\",\"position\":2,\"name\":\"Clube de Beneficios\"}]},{\"@type\":\"WebSite\",\"@id\":\"https:\\\/\\\/htlhoteles.com\\\/htlcitybaires\\\/#website\",\"url\":\"https:\\\/\\\/htlhoteles.com\\\/htlcitybaires\\\/\",\"name\":\"HTL City Baires\",\"description\":\"Web Oficial | Hotel en Buenos Aires | Reserve Online\",\"potentialAction\":[{\"@type\":\"SearchAction\",\"target\":{\"@type\":\"EntryPoint\",\"urlTemplate\":\"https:\\\/\\\/htlhoteles.com\\\/htlcitybaires\\\/?s={search_term_string}\"},\"query-input\":{\"@type\":\"PropertyValueSpecification\",\"valueRequired\":true,\"valueName\":\"search_term_string\"}}],\"inLanguage\":\"es\"}]}<\/script>\n<!-- \/ Yoast SEO plugin. -->","yoast_head_json":{"title":"Clube de Beneficios - HTL City Baires","robots":{"index":"index","follow":"follow","max-snippet":"max-snippet:-1","max-image-preview":"max-image-preview:large","max-video-preview":"max-video-preview:-1"},"canonical":"https:\/\/htlhoteles.com\/htlcitybaires\/pt\/clube-de-beneficios\/","og_locale":"es_ES","og_type":"article","og_title":"Clube de Beneficios - HTL City Baires","og_description":"[vc_row full_width=\u00bbstretch_row_content_no_spaces\u00bb woodmart_css_id=\u00bb61a173131ea77&#8243; responsive_spacing=\u00bbeyJwYXJhbV90eXBlIjoid29vZG1hcnRfcmVzcG9uc2l2ZV9zcGFjaW5nIiwic2VsZWN0b3JfaWQiOiI2MWExNzMxMzFlYTc3Iiwic2hvcnRjb2RlIjoidmNfcm93IiwiZGF0YSI6eyJ0YWJsZXQiOnt9LCJtb2JpbGUiOnt9fX0=\u00bb mobile_bg_img_hidden=\u00bbno\u00bb tablet_bg_img_hidden=\u00bbno\u00bb woodmart_parallax=\u00bb0&#8243; woodmart_gradient_switch=\u00bbno\u00bb woodmart_box_shadow=\u00bbno\u00bb wd_z_index=\u00bbno\u00bb woodmart_disable_overflow=\u00bb0&#8243; row_reverse_mobile=\u00bb0&#8243; row_reverse_tablet=\u00bb0&#8243;][vc_column][vc_column_text woodmart_inline=\u00bbno\u00bb text_larger=\u00bbno\u00bb][\/vc_column_text][\/vc_column][\/vc_row][vc_row woodmart_css_id=\u00bb61b3bb91a7cd5&#8243; responsive_spacing=\u00bbeyJwYXJhbV90eXBlIjoid29vZG1hcnRfcmVzcG9uc2l2ZV9zcGFjaW5nIiwic2VsZWN0b3JfaWQiOiI2MWIzYmI5MWE3Y2Q1Iiwic2hvcnRjb2RlIjoidmNfcm93IiwiZGF0YSI6eyJ0YWJsZXQiOnt9LCJtb2JpbGUiOnt9fX0=\u00bb mobile_bg_img_hidden=\u00bbno\u00bb tablet_bg_img_hidden=\u00bbno\u00bb woodmart_parallax=\u00bb0&#8243;","og_url":"https:\/\/htlhoteles.com\/htlcitybaires\/pt\/clube-de-beneficios\/","og_site_name":"HTL City Baires","article_publisher":"https:\/\/www.facebook.com\/HTLhotelescadena\/","article_modified_time":"2025-05-14T16:25:10+00:00","twitter_card":"summary_large_image","twitter_misc":{"Tiempo de lectura":"1 minuto"},"schema":{"@context":"https:\/\/schema.org","@graph":[{"@type":"WebPage","@id":"https:\/\/htlhoteles.com\/htlcitybaires\/pt\/clube-de-beneficios\/","url":"https:\/\/htlhoteles.com\/htlcitybaires\/pt\/clube-de-beneficios\/","name":"Clube de Beneficios - HTL City Baires","isPartOf":{"@id":"https:\/\/htlhoteles.com\/htlcitybaires\/#website"},"datePublished":"2021-12-11T03:00:30+00:00","dateModified":"2025-05-14T16:25:10+00:00","breadcrumb":{"@id":"https:\/\/htlhoteles.com\/htlcitybaires\/pt\/clube-de-beneficios\/#breadcrumb"},"inLanguage":"es","potentialAction":[{"@type":"ReadAction","target":["https:\/\/htlhoteles.com\/htlcitybaires\/pt\/clube-de-beneficios\/"]}]},{"@type":"BreadcrumbList","@id":"https:\/\/htlhoteles.com\/htlcitybaires\/pt\/clube-de-beneficios\/#breadcrumb","itemListElement":[{"@type":"ListItem","position":1,"name":"Portada","item":"https:\/\/htlhoteles.com\/htlcitybaires\/"},{"@type":"ListItem","position":2,"name":"Clube de Beneficios"}]},{"@type":"WebSite","@id":"https:\/\/htlhoteles.com\/htlcitybaires\/#website","url":"https:\/\/htlhoteles.com\/htlcitybaires\/","name":"HTL City Baires","description":"Web Oficial | Hotel en Buenos Aires | Reserve Online","potentialAction":[{"@type":"SearchAction","target":{"@type":"EntryPoint","urlTemplate":"https:\/\/htlhoteles.com\/htlcitybaires\/?s={search_term_string}"},"query-input":{"@type":"PropertyValueSpecification","valueRequired":true,"valueName":"search_term_string"}}],"inLanguage":"es"}]}},"_links":{"self":[{"href":"https:\/\/htlhoteles.com\/htlcitybaires\/wp-json\/wp\/v2\/pages\/8135","targetHints":{"allow":["GET"]}}],"collection":[{"href":"https:\/\/htlhoteles.com\/htlcitybaires\/wp-json\/wp\/v2\/pages"}],"about":[{"href":"https:\/\/htlhoteles.com\/htlcitybaires\/wp-json\/wp\/v2\/types\/page"}],"author":[{"embeddable":true,"href":"https:\/\/htlhoteles.com\/htlcitybaires\/wp-json\/wp\/v2\/users\/1"}],"replies":[{"embeddable":true,"href":"https:\/\/htlhoteles.com\/htlcitybaires\/wp-json\/wp\/v2\/comments?post=8135"}],"version-history":[{"count":13,"href":"https:\/\/htlhoteles.com\/htlcitybaires\/wp-json\/wp\/v2\/pages\/8135\/revisions"}],"predecessor-version":[{"id":11062,"href":"https:\/\/htlhoteles.com\/htlcitybaires\/wp-json\/wp\/v2\/pages\/8135\/revisions\/11062"}],"wp:attachment":[{"href":"https:\/\/htlhoteles.com\/htlcitybaires\/wp-json\/wp\/v2\/media?parent=8135"}],"curies":[{"name":"wp","href":"https:\/\/api.w.org\/{rel}","templated":true}]}}