{"id":7866,"date":"2021-12-03T12:31:21","date_gmt":"2021-12-03T12:31:21","guid":{"rendered":"http:\/\/vps-2799337-x.dattaweb.com\/htlcitybaires?page_id=7866"},"modified":"2025-05-14T13:25:15","modified_gmt":"2025-05-14T16:25:15","slug":"divulgacoes","status":"publish","type":"page","link":"https:\/\/htlhoteles.com\/htlcitybaires\/pt\/divulgacoes\/","title":{"rendered":"Divulga\u00e7\u00f5es"},"content":{"rendered":"<div class=\"wpb-content-wrapper\"><p>[vc_row full_width=\u00bbstretch_row_content_no_spaces\u00bb woodmart_css_id=\u00bb61a173131ea77&#8243; responsive_spacing=\u00bbeyJwYXJhbV90eXBlIjoid29vZG1hcnRfcmVzcG9uc2l2ZV9zcGFjaW5nIiwic2VsZWN0b3JfaWQiOiI2MWExNzMxMzFlYTc3Iiwic2hvcnRjb2RlIjoidmNfcm93IiwiZGF0YSI6eyJ0YWJsZXQiOnt9LCJtb2JpbGUiOnt9fX0=\u00bb mobile_bg_img_hidden=\u00bbno\u00bb tablet_bg_img_hidden=\u00bbno\u00bb woodmart_parallax=\u00bb0&#8243; woodmart_gradient_switch=\u00bbno\u00bb woodmart_box_shadow=\u00bbno\u00bb wd_z_index=\u00bbno\u00bb woodmart_disable_overflow=\u00bb0&#8243; row_reverse_mobile=\u00bb0&#8243; row_reverse_tablet=\u00bb0&#8243;][vc_column]\n\t\t\t<!-- START Slider HOME pt REVOLUTION SLIDER 6.7.37 --><p class=\"rs-p-wp-fix\"><\/p>\n\t\t\t<rs-module-wrap id=\"rev_slider_17_1_wrapper\" data-source=\"gallery\" style=\"visibility:hidden;background:transparent;padding:0;margin:0px auto;margin-top:0;margin-bottom:0;\">\n\t\t\t\t<rs-module id=\"rev_slider_17_1\" style=\"\" data-version=\"6.7.37\">\n\t\t\t\t\t<rs-slides style=\"overflow: hidden; position: absolute;\">\n\t\t\t\t\t\t<rs-slide style=\"position: absolute;\" data-key=\"rs-237\" data-title=\"Slide\" data-thumb=\"\/\/htlhoteles.com\/htlcitybaires\/wp-content\/uploads\/2024\/09\/01-2-50x100.jpg\" data-anim=\"adpr:false;\" data-in=\"o:0;\" data-out=\"a:false;\">\n\t\t\t\t\t\t\t<img decoding=\"async\" src=\"\/\/htlhoteles.com\/htlcitybaires\/wp-content\/plugins\/revslider\/sr6\/assets\/assets\/dummy.png\" alt=\"\" title=\"01\" width=\"1732\" height=\"500\" class=\"rev-slidebg tp-rs-img rs-lazyload\" data-lazyload=\"\/\/htlhoteles.com\/htlcitybaires\/wp-content\/uploads\/2024\/09\/01-2.jpg\" data-no-retina>\n<!---->\t\t\t\t\t<\/rs-slide>\n\t\t\t\t\t\t<rs-slide style=\"position: absolute;\" data-key=\"rs-62\" data-title=\"Slide\" data-thumb=\"\/\/htlhoteles.com\/htlcitybaires\/wp-content\/uploads\/2022\/07\/11-50x100.jpg\" data-anim=\"adpr:false;f:edges;\" data-in=\"o:0;x:cyc(-10|10);y:cyc(-10|10);r:cyc(-10|10);sx:0.1;sy:0.1;row:8;col:8;\" data-out=\"a:false;\">\n\t\t\t\t\t\t\t<img decoding=\"async\" src=\"\/\/htlhoteles.com\/htlcitybaires\/wp-content\/plugins\/revslider\/sr6\/assets\/assets\/dummy.png\" alt=\"\" title=\"11\" width=\"1732\" height=\"500\" class=\"rev-slidebg tp-rs-img rs-lazyload\" data-lazyload=\"\/\/htlhoteles.com\/htlcitybaires\/wp-content\/uploads\/2022\/07\/11.jpg\" data-no-retina>\n<!---->\t\t\t\t\t<\/rs-slide>\n\t\t\t\t\t\t<rs-slide style=\"position: absolute;\" data-key=\"rs-56\" data-title=\"Slide\" data-thumb=\"\/\/htlhoteles.com\/htlcitybaires\/wp-content\/uploads\/2024\/11\/03-50x100.jpg\" data-anim=\"adpr:false;d:35;ms:2000;f:edges;\" data-in=\"o:1;x:cyc(100%|-100%);m:true;col:8;\" data-out=\"a:false;\" data-d3=\"f:cube;d:vertical;z:450;t:20;su:true;sc:#9e9e9e;\">\n\t\t\t\t\t\t\t<img decoding=\"async\" src=\"\/\/htlhoteles.com\/htlcitybaires\/wp-content\/plugins\/revslider\/sr6\/assets\/assets\/dummy.png\" alt=\"\" title=\"03\" width=\"1732\" height=\"500\" class=\"rev-slidebg tp-rs-img rs-lazyload\" data-lazyload=\"\/\/htlhoteles.com\/htlcitybaires\/wp-content\/uploads\/2024\/11\/03.jpg\" data-no-retina>\n<!---->\t\t\t\t\t<\/rs-slide>\n\t\t\t\t\t\t<rs-slide style=\"position: absolute;\" data-key=\"rs-63\" data-title=\"Slide\" data-thumb=\"\/\/htlhoteles.com\/htlcitybaires\/wp-content\/uploads\/2024\/09\/04-3-50x100.jpg\" data-anim=\"adpr:false;f:edges;\" data-in=\"o:0;x:cyc(-10|10);y:cyc(-10|10);r:cyc(-10|10);sx:0.1;sy:0.1;row:8;col:8;\" data-out=\"a:false;\">\n\t\t\t\t\t\t\t<img decoding=\"async\" src=\"\/\/htlhoteles.com\/htlcitybaires\/wp-content\/plugins\/revslider\/sr6\/assets\/assets\/dummy.png\" alt=\"\" title=\"04\" width=\"1732\" height=\"500\" class=\"rev-slidebg tp-rs-img rs-lazyload\" data-lazyload=\"\/\/htlhoteles.com\/htlcitybaires\/wp-content\/uploads\/2024\/09\/04-3.jpg\" data-no-retina>\n<!---->\t\t\t\t\t<\/rs-slide>\n\t\t\t\t\t\t<rs-slide style=\"position: absolute;\" data-key=\"rs-52\" data-title=\"Slide\" data-thumb=\"\/\/htlhoteles.com\/htlcitybaires\/wp-content\/uploads\/2024\/09\/desayuno-city2-50x100.jpg\" data-anim=\"adpr:false;\" data-in=\"o:1;x:-100%;\" data-out=\"a:false;\">\n\t\t\t\t\t\t\t<img decoding=\"async\" src=\"\/\/htlhoteles.com\/htlcitybaires\/wp-content\/plugins\/revslider\/sr6\/assets\/assets\/dummy.png\" alt=\"\" title=\"desayuno-city2\" width=\"1732\" height=\"500\" class=\"rev-slidebg tp-rs-img rs-lazyload\" data-lazyload=\"\/\/htlhoteles.com\/htlcitybaires\/wp-content\/uploads\/2024\/09\/desayuno-city2.jpg\" data-no-retina>\n<!---->\t\t\t\t\t<\/rs-slide>\n\t\t\t\t\t\t<rs-slide style=\"position: absolute;\" data-key=\"rs-54\" data-title=\"Slide\" data-thumb=\"\/\/htlhoteles.com\/htlcitybaires\/wp-content\/uploads\/2024\/09\/07-2-50x100.jpg\" data-anim=\"adpr:false;f:nodelay;\" data-in=\"o:0;sx:0;sy:0;row:5;col:5;\" data-out=\"a:false;\">\n\t\t\t\t\t\t\t<img decoding=\"async\" src=\"\/\/htlhoteles.com\/htlcitybaires\/wp-content\/plugins\/revslider\/sr6\/assets\/assets\/dummy.png\" alt=\"\" title=\"07\" width=\"1732\" height=\"500\" class=\"rev-slidebg tp-rs-img rs-lazyload\" data-lazyload=\"\/\/htlhoteles.com\/htlcitybaires\/wp-content\/uploads\/2024\/09\/07-2.jpg\" data-no-retina>\n<!---->\t\t\t\t\t<\/rs-slide>\n\t\t\t\t\t\t<rs-slide style=\"position: absolute;\" data-key=\"rs-57\" data-title=\"Slide\" data-thumb=\"\/\/htlhoteles.com\/htlcitybaires\/wp-content\/uploads\/2024\/10\/03-50x100.jpg\" data-anim=\"adpr:false;\" data-in=\"o:1;\" data-out=\"x:-100%;\">\n\t\t\t\t\t\t\t<img decoding=\"async\" src=\"\/\/htlhoteles.com\/htlcitybaires\/wp-content\/plugins\/revslider\/sr6\/assets\/assets\/dummy.png\" alt=\"\" title=\"03\" width=\"1732\" height=\"500\" class=\"rev-slidebg tp-rs-img rs-lazyload\" data-lazyload=\"\/\/htlhoteles.com\/htlcitybaires\/wp-content\/uploads\/2024\/10\/03.jpg\" data-no-retina>\n<!---->\t\t\t\t\t<\/rs-slide>\n\t\t\t\t\t\t<rs-slide style=\"position: absolute;\" data-key=\"rs-55\" data-title=\"Slide\" data-thumb=\"\/\/htlhoteles.com\/htlcitybaires\/wp-content\/uploads\/2024\/09\/08-2-50x100.jpg\" data-anim=\"adpr:false;d:10;ms:600;f:random;\" data-in=\"mo:45;moo:none;o:0;x:(100%);r:ran(-45|45);sx:0.8;sy:0.8;row:20;\" data-out=\"a:false;\">\n\t\t\t\t\t\t\t<img decoding=\"async\" src=\"\/\/htlhoteles.com\/htlcitybaires\/wp-content\/plugins\/revslider\/sr6\/assets\/assets\/dummy.png\" alt=\"\" title=\"08\" width=\"1732\" height=\"500\" class=\"rev-slidebg tp-rs-img rs-lazyload\" data-lazyload=\"\/\/htlhoteles.com\/htlcitybaires\/wp-content\/uploads\/2024\/09\/08-2.jpg\" data-no-retina>\n<!---->\t\t\t\t\t<\/rs-slide>\n\t\t\t\t\t\t<rs-slide style=\"position: absolute;\" data-key=\"rs-59\" data-title=\"Slide\" data-thumb=\"\/\/htlhoteles.com\/htlcitybaires\/wp-content\/uploads\/2024\/09\/desayuno-city3-50x100.jpg\" data-anim=\"adpr:false;f:edges;\" data-in=\"o:0;x:cyc(-10|10);y:cyc(-10|10);r:cyc(-10|10);sx:0.1;sy:0.1;row:8;col:8;\" data-out=\"a:false;\">\n\t\t\t\t\t\t\t<img decoding=\"async\" src=\"\/\/htlhoteles.com\/htlcitybaires\/wp-content\/plugins\/revslider\/sr6\/assets\/assets\/dummy.png\" alt=\"\" title=\"desayuno-city3\" width=\"1732\" height=\"500\" class=\"rev-slidebg tp-rs-img rs-lazyload\" data-lazyload=\"\/\/htlhoteles.com\/htlcitybaires\/wp-content\/uploads\/2024\/09\/desayuno-city3.jpg\" data-no-retina>\n<!---->\t\t\t\t\t<\/rs-slide>\n\t\t\t\t\t\t<rs-slide style=\"position: absolute;\" data-key=\"rs-60\" data-title=\"Slide\" data-thumb=\"\/\/htlhoteles.com\/htlcitybaires\/wp-content\/uploads\/2024\/11\/11-50x100.jpg\" data-anim=\"adpr:false;f:edges;\" data-in=\"o:0;x:cyc(-10|10);y:cyc(-10|10);r:cyc(-10|10);sx:0.1;sy:0.1;row:8;col:8;\" data-out=\"a:false;\">\n\t\t\t\t\t\t\t<img decoding=\"async\" src=\"\/\/htlhoteles.com\/htlcitybaires\/wp-content\/plugins\/revslider\/sr6\/assets\/assets\/dummy.png\" alt=\"\" title=\"11\" width=\"1732\" height=\"500\" class=\"rev-slidebg tp-rs-img rs-lazyload\" data-lazyload=\"\/\/htlhoteles.com\/htlcitybaires\/wp-content\/uploads\/2024\/11\/11.jpg\" data-no-retina>\n<!---->\t\t\t\t\t<\/rs-slide>\n\t\t\t\t\t<\/rs-slides>\n\t\t\t\t<\/rs-module>\n\t\t\t\t<script>\n\t\t\t\t\tsetREVStartSize({c: 'rev_slider_17_1',rl:[1240,1024,778,480],el:[390],gw:[1280],gh:[390],type:'standard',justify:'',layout:'fullwidth',mh:\"0\"});if (window.RS_MODULES!==undefined && window.RS_MODULES.modules!==undefined && window.RS_MODULES.modules[\"revslider171\"]!==undefined) {window.RS_MODULES.modules[\"revslider171\"].once = false;window.revapi17 = undefined;if (window.RS_MODULES.checkMinimal!==undefined) window.RS_MODULES.checkMinimal()}\n\t\t\t\t<\/script>\n\t\t\t<\/rs-module-wrap>\n\t\t\t<!-- END REVOLUTION SLIDER -->\n[\/vc_column][\/vc_row][vc_row woodmart_css_id=\u00bb61b3a54b019f6&#8243; responsive_spacing=\u00bbeyJwYXJhbV90eXBlIjoid29vZG1hcnRfcmVzcG9uc2l2ZV9zcGFjaW5nIiwic2VsZWN0b3JfaWQiOiI2MWIzYTU0YjAxOWY2Iiwic2hvcnRjb2RlIjoidmNfcm93IiwiZGF0YSI6eyJ0YWJsZXQiOnt9LCJtb2JpbGUiOnt9fX0=\u00bb mobile_bg_img_hidden=\u00bbno\u00bb tablet_bg_img_hidden=\u00bbno\u00bb woodmart_parallax=\u00bb0&#8243; woodmart_gradient_switch=\u00bbno\u00bb woodmart_box_shadow=\u00bbno\u00bb wd_z_index=\u00bbno\u00bb woodmart_disable_overflow=\u00bb0&#8243; row_reverse_mobile=\u00bb0&#8243; row_reverse_tablet=\u00bb0&#8243;][vc_column css=\u00bb.vc_custom_1638306441632{margin-top: -50px !important;background-color: #ffffff !important;}\u00bb woodmart_css_id=\u00bb61a6928297cc7&#8243; parallax_scroll=\u00bbno\u00bb woodmart_sticky_column=\u00bbfalse\u00bb wd_collapsible_content_switcher=\u00bbno\u00bb mobile_bg_img_hidden=\u00bbno\u00bb tablet_bg_img_hidden=\u00bbno\u00bb woodmart_parallax=\u00bb0&#8243; woodmart_box_shadow=\u00bbno\u00bb mobile_reset_margin=\u00bbno\u00bb tablet_reset_margin=\u00bbno\u00bb wd_z_index=\u00bbyes\u00bb responsive_spacing=\u00bbeyJwYXJhbV90eXBlIjoid29vZG1hcnRfcmVzcG9uc2l2ZV9zcGFjaW5nIiwic2VsZWN0b3JfaWQiOiI2MWE2OTI4Mjk3Y2M3Iiwic2hvcnRjb2RlIjoidmNfY29sdW1uIiwiZGF0YSI6eyJ0YWJsZXQiOnt9LCJtb2JpbGUiOnt9fX0=\u00bb wd_z_index_custom=\u00bbeyJkZXZpY2VzIjp7ImRlc2t0b3AiOnsidmFsdWUiOiI1In19LCJzZWxlY3Rvcl9pZCI6IjYxYTY5MjgyOTdjYzciLCJzaG9ydGNvZGUiOiJ2Y19jb2x1bW4iLCJzZWxlY3RvcnMiOnsie3tXUkFQUEVSfX0iOiJ6LWluZGV4OiB7e1ZBTFVFfX0ifX0=\u00bb][vc_row_inner][vc_column_inner css=\u00bb.vc_custom_1638535307735{margin-top: -20px !important;}\u00bb woodmart_css_id=\u00bb61aa108651567&#8243; parallax_scroll=\u00bbno\u00bb woodmart_sticky_column=\u00bbfalse\u00bb wd_collapsible_content_switcher=\u00bbno\u00bb mobile_bg_img_hidden=\u00bbno\u00bb tablet_bg_img_hidden=\u00bbno\u00bb woodmart_parallax=\u00bb0&#8243; woodmart_box_shadow=\u00bbno\u00bb wd_z_index=\u00bbno\u00bb responsive_spacing=\u00bbeyJwYXJhbV90eXBlIjoid29vZG1hcnRfcmVzcG9uc2l2ZV9zcGFjaW5nIiwic2VsZWN0b3JfaWQiOiI2MWFhMTA4NjUxNTY3Iiwic2hvcnRjb2RlIjoidmNfY29sdW1uX2lubmVyIiwiZGF0YSI6eyJ0YWJsZXQiOnt9LCJtb2JpbGUiOnt9fX0=\u00bb]\n\t\t<div id=\"wd-62dc4053b6558\" class=\"title-wrapper wd-wpb wd-set-mb reset-last-child  wd-rs-62dc4053b6558 wd-title-color-default wd-title-style-default text-left  wd-underline-colored\">\n\t\t\t\n\t\t\t<div class=\"liner-continer\">\n\t\t\t\t<h1 class=\"woodmart-title-container title  wd-font-weight-400 wd-fontsize-m\" >AVISOS LEGAIS E POL\u00cdTICAS GERAIS HTL CITY BAIRES<\/h1>\n\t\t\t\t\t\t\t<\/div>\n\t\t\t\n\t\t\t\n\t\t\t\n\t\t<\/div>\n\t\t\n\t\t[vc_separator color=\u00bbcustom\u00bb style=\u00bbdotted\u00bb border_width=\u00bb3&#8243; accent_color=\u00bb#cccccc\u00bb css=\u00bb.vc_custom_1638534879894{margin-top: -20px !important;}\u00bb][\/vc_column_inner][\/vc_row_inner][vc_column_text woodmart_inline=\u00bbno\u00bb text_larger=\u00bbno\u00bb css=\u00bb.vc_custom_1658601603939{margin-top: -20px !important;}\u00bb]O pedido de quarto duplo n\u00e3o especificado ser\u00e1 considerado como um duplo casal.<\/p>\n<p>\u2022 O horario de Check in \u00e9 a partir das 14:00 hrs e o Check out \u00e0s 10:00 hrs.<\/p>\n<p>\u2022 Pol\u00edtica de cancelamento: As reservas devem ser canceladas 72 horas antes da data de admiss\u00e3o, Passado este per\u00edodo, o valor da penalidade por cancelamento fora do prazo ser\u00e1 de uma noite de estad\u00eda.<\/p>\n<p>\u2022 No caso de n\u00e3o compar\u00eancia a pena ser\u00e1 aplicada a uma noite de estadia.<\/p>\n<p>Nota: Os pedidos de cancelamento ou altera\u00e7\u00e3o de reserva dever\u00e1 ser feita a tempo via e-mail para reservasar@htlhoteles.com para validar a aplica\u00e7\u00e3o tem de receber uma resposta afirmativa de nosso departamento de reservas<\/p>\n<p>Os dados \u00e0 esquerda na garantia de cart\u00e3o de cr\u00e9dito deve ser v\u00e1lido para confirmar sua reserva, caso contr\u00e1rio pode ser cancelada sem aviso pr\u00e9vio.<\/p>\n<p>\u2022 Caf\u00e9 da manh\u00e3 n\u00e3o est\u00e1 inclu\u00eddo na tarifa, deve ser solicitado na recep\u00e7\u00e3o e vai custar um adicional de ARS 300 (pesos argentinos) por dia por pessoa.<\/p>\n<p>\u2022\u00a0A empresa n\u00e3o se responsabiliza pela falta de itens de valor ou dinheiro nos quartos caso o passageiro n\u00e3o utilize o cofre.<\/p>\n<p>\u2022\u00a0<span class=\"tlid-translation translation\" lang=\"pt\"><span title=\"\">A partir de 01\/03\/2020, ser\u00e1 cobrada uma taxa por noite, por pessoa, no momento do check-in, para todos os turistas n\u00e3o residentes na Argentina com mais de 12 anos de idade.<\/span><\/span><\/p>\n<p>As imagens publicadas s\u00e3o meramente ilustrativas e n\u00e3o t\u00eam natureza contratual.<\/p>\n<p><strong><u>POL\u00cdTICA DE SUSTENTABILIDADE HTL HOT\u00c9IS<\/u><\/strong><\/p>\n<p>A presente pol\u00edtica estabelece o compromisso da htl hot\u00e9is de incluir sua atividade dentro de um marco sustent\u00e1vel, isto \u00e9, estar sempre dentro da \u00e9tica, respeito e compromisso com seus colaboradores, h\u00f3spedes e meio ambiente. Os objetivos desta pol\u00edtica s\u00e3o:<\/p>\n<ul>\n<li>Compromisso de cumprir e incentivar pol\u00edticas sustent\u00e1veis a todos os grupos de interesse.<\/li>\n<li>Cumprir com todas as normativas vigentes em mat\u00e9ria de seguran\u00e7a, cuidado ambiental e social.<\/li>\n<li>Projetar melhorias cont\u00ednuas de gerenciamentos sustent\u00e1veis.<\/li>\n<li>Procurar um marco de refer\u00eancia que fa\u00e7a poss\u00edvel a nossos colaboradores e clientes agir de forma cuidadosa com o meio ambiente.<\/li>\n<li>Manter um ambiente de respeito laboral onde cada indiv\u00edduo possa realizar-se profissionalmente.<\/li>\n<\/ul>\n<p>Nossa pol\u00edtica atinge todos os colaboradores da nossa empresa sem importar que tipo de contrata\u00e7\u00e3o tenhamos. ser\u00e1 difundida tanto interna quanto externamente, porque:<\/p>\n<p align=\"center\"><strong>\u201cSe atingimos nossas metas de sustentabilidade mas ningu\u00e9m acompanha, teremos falhado\u201d<\/strong><\/p>\n<p align=\"center\"><strong>Paul Polman<\/strong><\/p>\n<p>[\/vc_column_text]<div id=\"wd-62dc40a157d91\" class=\" wd-rs-62dc40a157d91  wd-button-wrapper text-left\"><a href=\"javascript:history.back()\" title=\"\" class=\"btn btn-color-primary btn-style-default btn-shape-semi-round btn-size-extra-small\">RETORNA<\/a><\/div>[vc_empty_space height=\u00bb20px\u00bb woodmart_hide_large=\u00bb0&#8243; woodmart_hide_medium=\u00bb0&#8243; woodmart_hide_small=\u00bb0&#8243; woodmart_hide_extra_small=\u00bb0&#8243;][\/vc_column][\/vc_row]<\/p>\n<\/div>","protected":false},"excerpt":{"rendered":"<p>[vc_row full_width=\u00bbstretch_row_content_no_spaces\u00bb woodmart_css_id=\u00bb61a173131ea77&#8243; responsive_spacing=\u00bbeyJwYXJhbV90eXBlIjoid29vZG1hcnRfcmVzcG9uc2l2ZV9zcGFjaW5nIiwic2VsZWN0b3JfaWQiOiI2MWExNzMxMzFlYTc3Iiwic2hvcnRjb2RlIjoidmNfcm93IiwiZGF0YSI6eyJ0YWJsZXQiOnt9LCJtb2JpbGUiOnt9fX0=\u00bb mobile_bg_img_hidden=\u00bbno\u00bb tablet_bg_img_hidden=\u00bbno\u00bb woodmart_parallax=\u00bb0&#8243; woodmart_gradient_switch=\u00bbno\u00bb woodmart_box_shadow=\u00bbno\u00bb wd_z_index=\u00bbno\u00bb woodmart_disable_overflow=\u00bb0&#8243; row_reverse_mobile=\u00bb0&#8243; row_reverse_tablet=\u00bb0&#8243;][vc_column][\/vc_column][\/vc_row][vc_row woodmart_css_id=\u00bb61b3a54b019f6&#8243; responsive_spacing=\u00bbeyJwYXJhbV90eXBlIjoid29vZG1hcnRfcmVzcG9uc2l2ZV9zcGFjaW5nIiwic2VsZWN0b3JfaWQiOiI2MWIzYTU0YjAxOWY2Iiwic2hvcnRjb2RlIjoidmNfcm93IiwiZGF0YSI6eyJ0YWJsZXQiOnt9LCJtb2JpbGUiOnt9fX0=\u00bb mobile_bg_img_hidden=\u00bbno\u00bb tablet_bg_img_hidden=\u00bbno\u00bb woodmart_parallax=\u00bb0&#8243; woodmart_gradient_switch=\u00bbno\u00bb woodmart_box_shadow=\u00bbno\u00bb<\/p>\n","protected":false},"author":1,"featured_media":0,"parent":0,"menu_order":0,"comment_status":"closed","ping_status":"closed","template":"","meta":{"_joinchat":[],"footnotes":""},"class_list":["post-7866","page","type-page","status-publish","hentry"],"yoast_head":"<!-- This site is optimized with the Yoast SEO plugin v27.3 - https:\/\/yoast.com\/product\/yoast-seo-wordpress\/ -->\n<title>Divulga\u00e7\u00f5es - HTL City Baires<\/title>\n<meta name=\"robots\" content=\"index, follow, max-snippet:-1, max-image-preview:large, max-video-preview:-1\" \/>\n<link rel=\"canonical\" href=\"https:\/\/htlhoteles.com\/htlcitybaires\/pt\/divulgacoes\/\" \/>\n<meta property=\"og:locale\" content=\"es_ES\" \/>\n<meta property=\"og:type\" content=\"article\" \/>\n<meta property=\"og:title\" content=\"Divulga\u00e7\u00f5es - HTL City Baires\" \/>\n<meta property=\"og:description\" content=\"[vc_row full_width=\u00bbstretch_row_content_no_spaces\u00bb woodmart_css_id=\u00bb61a173131ea77&#8243; responsive_spacing=\u00bbeyJwYXJhbV90eXBlIjoid29vZG1hcnRfcmVzcG9uc2l2ZV9zcGFjaW5nIiwic2VsZWN0b3JfaWQiOiI2MWExNzMxMzFlYTc3Iiwic2hvcnRjb2RlIjoidmNfcm93IiwiZGF0YSI6eyJ0YWJsZXQiOnt9LCJtb2JpbGUiOnt9fX0=\u00bb mobile_bg_img_hidden=\u00bbno\u00bb tablet_bg_img_hidden=\u00bbno\u00bb woodmart_parallax=\u00bb0&#8243; woodmart_gradient_switch=\u00bbno\u00bb woodmart_box_shadow=\u00bbno\u00bb wd_z_index=\u00bbno\u00bb woodmart_disable_overflow=\u00bb0&#8243; row_reverse_mobile=\u00bb0&#8243; row_reverse_tablet=\u00bb0&#8243;][vc_column][\/vc_column][\/vc_row][vc_row woodmart_css_id=\u00bb61b3a54b019f6&#8243; responsive_spacing=\u00bbeyJwYXJhbV90eXBlIjoid29vZG1hcnRfcmVzcG9uc2l2ZV9zcGFjaW5nIiwic2VsZWN0b3JfaWQiOiI2MWIzYTU0YjAxOWY2Iiwic2hvcnRjb2RlIjoidmNfcm93IiwiZGF0YSI6eyJ0YWJsZXQiOnt9LCJtb2JpbGUiOnt9fX0=\u00bb mobile_bg_img_hidden=\u00bbno\u00bb tablet_bg_img_hidden=\u00bbno\u00bb woodmart_parallax=\u00bb0&#8243; woodmart_gradient_switch=\u00bbno\u00bb woodmart_box_shadow=\u00bbno\u00bb\" \/>\n<meta property=\"og:url\" content=\"https:\/\/htlhoteles.com\/htlcitybaires\/pt\/divulgacoes\/\" \/>\n<meta property=\"og:site_name\" content=\"HTL City Baires\" \/>\n<meta property=\"article:publisher\" content=\"https:\/\/www.facebook.com\/HTLhotelescadena\/\" \/>\n<meta property=\"article:modified_time\" content=\"2025-05-14T16:25:15+00:00\" \/>\n<meta name=\"twitter:card\" content=\"summary_large_image\" \/>\n<meta name=\"twitter:label1\" content=\"Tiempo de lectura\" \/>\n\t<meta name=\"twitter:data1\" content=\"5 minutos\" \/>\n<script type=\"application\/ld+json\" class=\"yoast-schema-graph\">{\"@context\":\"https:\\\/\\\/schema.org\",\"@graph\":[{\"@type\":\"WebPage\",\"@id\":\"https:\\\/\\\/htlhoteles.com\\\/htlcitybaires\\\/pt\\\/divulgacoes\\\/\",\"url\":\"https:\\\/\\\/htlhoteles.com\\\/htlcitybaires\\\/pt\\\/divulgacoes\\\/\",\"name\":\"Divulga\u00e7\u00f5es - HTL City Baires\",\"isPartOf\":{\"@id\":\"https:\\\/\\\/htlhoteles.com\\\/htlcitybaires\\\/#website\"},\"datePublished\":\"2021-12-03T12:31:21+00:00\",\"dateModified\":\"2025-05-14T16:25:15+00:00\",\"breadcrumb\":{\"@id\":\"https:\\\/\\\/htlhoteles.com\\\/htlcitybaires\\\/pt\\\/divulgacoes\\\/#breadcrumb\"},\"inLanguage\":\"es\",\"potentialAction\":[{\"@type\":\"ReadAction\",\"target\":[\"https:\\\/\\\/htlhoteles.com\\\/htlcitybaires\\\/pt\\\/divulgacoes\\\/\"]}]},{\"@type\":\"BreadcrumbList\",\"@id\":\"https:\\\/\\\/htlhoteles.com\\\/htlcitybaires\\\/pt\\\/divulgacoes\\\/#breadcrumb\",\"itemListElement\":[{\"@type\":\"ListItem\",\"position\":1,\"name\":\"Portada\",\"item\":\"https:\\\/\\\/htlhoteles.com\\\/htlcitybaires\\\/\"},{\"@type\":\"ListItem\",\"position\":2,\"name\":\"Divulga\u00e7\u00f5es\"}]},{\"@type\":\"WebSite\",\"@id\":\"https:\\\/\\\/htlhoteles.com\\\/htlcitybaires\\\/#website\",\"url\":\"https:\\\/\\\/htlhoteles.com\\\/htlcitybaires\\\/\",\"name\":\"HTL City Baires\",\"description\":\"Web Oficial | Hotel en Buenos Aires | Reserve Online\",\"potentialAction\":[{\"@type\":\"SearchAction\",\"target\":{\"@type\":\"EntryPoint\",\"urlTemplate\":\"https:\\\/\\\/htlhoteles.com\\\/htlcitybaires\\\/?s={search_term_string}\"},\"query-input\":{\"@type\":\"PropertyValueSpecification\",\"valueRequired\":true,\"valueName\":\"search_term_string\"}}],\"inLanguage\":\"es\"}]}<\/script>\n<!-- \/ Yoast SEO plugin. -->","yoast_head_json":{"title":"Divulga\u00e7\u00f5es - HTL City Baires","robots":{"index":"index","follow":"follow","max-snippet":"max-snippet:-1","max-image-preview":"max-image-preview:large","max-video-preview":"max-video-preview:-1"},"canonical":"https:\/\/htlhoteles.com\/htlcitybaires\/pt\/divulgacoes\/","og_locale":"es_ES","og_type":"article","og_title":"Divulga\u00e7\u00f5es - HTL City Baires","og_description":"[vc_row full_width=\u00bbstretch_row_content_no_spaces\u00bb woodmart_css_id=\u00bb61a173131ea77&#8243; responsive_spacing=\u00bbeyJwYXJhbV90eXBlIjoid29vZG1hcnRfcmVzcG9uc2l2ZV9zcGFjaW5nIiwic2VsZWN0b3JfaWQiOiI2MWExNzMxMzFlYTc3Iiwic2hvcnRjb2RlIjoidmNfcm93IiwiZGF0YSI6eyJ0YWJsZXQiOnt9LCJtb2JpbGUiOnt9fX0=\u00bb mobile_bg_img_hidden=\u00bbno\u00bb tablet_bg_img_hidden=\u00bbno\u00bb woodmart_parallax=\u00bb0&#8243; woodmart_gradient_switch=\u00bbno\u00bb woodmart_box_shadow=\u00bbno\u00bb wd_z_index=\u00bbno\u00bb woodmart_disable_overflow=\u00bb0&#8243; row_reverse_mobile=\u00bb0&#8243; row_reverse_tablet=\u00bb0&#8243;][vc_column][\/vc_column][\/vc_row][vc_row woodmart_css_id=\u00bb61b3a54b019f6&#8243; responsive_spacing=\u00bbeyJwYXJhbV90eXBlIjoid29vZG1hcnRfcmVzcG9uc2l2ZV9zcGFjaW5nIiwic2VsZWN0b3JfaWQiOiI2MWIzYTU0YjAxOWY2Iiwic2hvcnRjb2RlIjoidmNfcm93IiwiZGF0YSI6eyJ0YWJsZXQiOnt9LCJtb2JpbGUiOnt9fX0=\u00bb mobile_bg_img_hidden=\u00bbno\u00bb tablet_bg_img_hidden=\u00bbno\u00bb woodmart_parallax=\u00bb0&#8243; woodmart_gradient_switch=\u00bbno\u00bb woodmart_box_shadow=\u00bbno\u00bb","og_url":"https:\/\/htlhoteles.com\/htlcitybaires\/pt\/divulgacoes\/","og_site_name":"HTL City Baires","article_publisher":"https:\/\/www.facebook.com\/HTLhotelescadena\/","article_modified_time":"2025-05-14T16:25:15+00:00","twitter_card":"summary_large_image","twitter_misc":{"Tiempo de lectura":"5 minutos"},"schema":{"@context":"https:\/\/schema.org","@graph":[{"@type":"WebPage","@id":"https:\/\/htlhoteles.com\/htlcitybaires\/pt\/divulgacoes\/","url":"https:\/\/htlhoteles.com\/htlcitybaires\/pt\/divulgacoes\/","name":"Divulga\u00e7\u00f5es - HTL City Baires","isPartOf":{"@id":"https:\/\/htlhoteles.com\/htlcitybaires\/#website"},"datePublished":"2021-12-03T12:31:21+00:00","dateModified":"2025-05-14T16:25:15+00:00","breadcrumb":{"@id":"https:\/\/htlhoteles.com\/htlcitybaires\/pt\/divulgacoes\/#breadcrumb"},"inLanguage":"es","potentialAction":[{"@type":"ReadAction","target":["https:\/\/htlhoteles.com\/htlcitybaires\/pt\/divulgacoes\/"]}]},{"@type":"BreadcrumbList","@id":"https:\/\/htlhoteles.com\/htlcitybaires\/pt\/divulgacoes\/#breadcrumb","itemListElement":[{"@type":"ListItem","position":1,"name":"Portada","item":"https:\/\/htlhoteles.com\/htlcitybaires\/"},{"@type":"ListItem","position":2,"name":"Divulga\u00e7\u00f5es"}]},{"@type":"WebSite","@id":"https:\/\/htlhoteles.com\/htlcitybaires\/#website","url":"https:\/\/htlhoteles.com\/htlcitybaires\/","name":"HTL City Baires","description":"Web Oficial | Hotel en Buenos Aires | Reserve Online","potentialAction":[{"@type":"SearchAction","target":{"@type":"EntryPoint","urlTemplate":"https:\/\/htlhoteles.com\/htlcitybaires\/?s={search_term_string}"},"query-input":{"@type":"PropertyValueSpecification","valueRequired":true,"valueName":"search_term_string"}}],"inLanguage":"es"}]}},"_links":{"self":[{"href":"https:\/\/htlhoteles.com\/htlcitybaires\/wp-json\/wp\/v2\/pages\/7866","targetHints":{"allow":["GET"]}}],"collection":[{"href":"https:\/\/htlhoteles.com\/htlcitybaires\/wp-json\/wp\/v2\/pages"}],"about":[{"href":"https:\/\/htlhoteles.com\/htlcitybaires\/wp-json\/wp\/v2\/types\/page"}],"author":[{"embeddable":true,"href":"https:\/\/htlhoteles.com\/htlcitybaires\/wp-json\/wp\/v2\/users\/1"}],"replies":[{"embeddable":true,"href":"https:\/\/htlhoteles.com\/htlcitybaires\/wp-json\/wp\/v2\/comments?post=7866"}],"version-history":[{"count":10,"href":"https:\/\/htlhoteles.com\/htlcitybaires\/wp-json\/wp\/v2\/pages\/7866\/revisions"}],"predecessor-version":[{"id":9759,"href":"https:\/\/htlhoteles.com\/htlcitybaires\/wp-json\/wp\/v2\/pages\/7866\/revisions\/9759"}],"wp:attachment":[{"href":"https:\/\/htlhoteles.com\/htlcitybaires\/wp-json\/wp\/v2\/media?parent=7866"}],"curies":[{"name":"wp","href":"https:\/\/api.w.org\/{rel}","templated":true}]}}