{"id":7744,"date":"2021-12-06T16:15:12","date_gmt":"2021-12-06T16:15:12","guid":{"rendered":"http:\/\/vps-2799337-x.dattaweb.com\/htlcitybaireshome-travel-portugues\/"},"modified":"2025-06-02T11:04:12","modified_gmt":"2025-06-02T14:04:12","slug":"home-3","status":"publish","type":"page","link":"https:\/\/htlhoteles.com\/htlcitybaires\/pt\/home-3\/","title":{"rendered":"Home HTL &#8211; Portugu\u00eas"},"content":{"rendered":"<div class=\"wpb-content-wrapper\"><p>[vc_row full_width=\u00bbstretch_row_content_no_spaces\u00bb woodmart_css_id=\u00bb61a173131ea77&#8243; responsive_spacing=\u00bbeyJwYXJhbV90eXBlIjoid29vZG1hcnRfcmVzcG9uc2l2ZV9zcGFjaW5nIiwic2VsZWN0b3JfaWQiOiI2MWExNzMxMzFlYTc3Iiwic2hvcnRjb2RlIjoidmNfcm93IiwiZGF0YSI6eyJ0YWJsZXQiOnt9LCJtb2JpbGUiOnt9fX0=\u00bb mobile_bg_img_hidden=\u00bbno\u00bb tablet_bg_img_hidden=\u00bbno\u00bb woodmart_parallax=\u00bb0&#8243; woodmart_gradient_switch=\u00bbno\u00bb woodmart_box_shadow=\u00bbno\u00bb wd_z_index=\u00bbno\u00bb woodmart_disable_overflow=\u00bb0&#8243; row_reverse_mobile=\u00bb0&#8243; row_reverse_tablet=\u00bb0&#8243;][vc_column]\n\t\t\t<!-- START Slider HOME pt REVOLUTION SLIDER 6.7.37 --><p class=\"rs-p-wp-fix\"><\/p>\n\t\t\t<rs-module-wrap id=\"rev_slider_17_1_wrapper\" data-source=\"gallery\" style=\"visibility:hidden;background:transparent;padding:0;margin:0px auto;margin-top:0;margin-bottom:0;\">\n\t\t\t\t<rs-module id=\"rev_slider_17_1\" style=\"\" data-version=\"6.7.37\">\n\t\t\t\t\t<rs-slides style=\"overflow: hidden; position: absolute;\">\n\t\t\t\t\t\t<rs-slide style=\"position: absolute;\" data-key=\"rs-237\" data-title=\"Slide\" data-thumb=\"\/\/htlhoteles.com\/htlcitybaires\/wp-content\/uploads\/2024\/09\/01-2-50x100.jpg\" data-anim=\"adpr:false;\" data-in=\"o:0;\" data-out=\"a:false;\">\n\t\t\t\t\t\t\t<img decoding=\"async\" src=\"\/\/htlhoteles.com\/htlcitybaires\/wp-content\/plugins\/revslider\/sr6\/assets\/assets\/dummy.png\" alt=\"\" title=\"01\" width=\"1732\" height=\"500\" class=\"rev-slidebg tp-rs-img rs-lazyload\" data-lazyload=\"\/\/htlhoteles.com\/htlcitybaires\/wp-content\/uploads\/2024\/09\/01-2.jpg\" data-no-retina>\n<!---->\t\t\t\t\t<\/rs-slide>\n\t\t\t\t\t\t<rs-slide style=\"position: absolute;\" data-key=\"rs-62\" data-title=\"Slide\" data-thumb=\"\/\/htlhoteles.com\/htlcitybaires\/wp-content\/uploads\/2022\/07\/11-50x100.jpg\" data-anim=\"adpr:false;f:edges;\" data-in=\"o:0;x:cyc(-10|10);y:cyc(-10|10);r:cyc(-10|10);sx:0.1;sy:0.1;row:8;col:8;\" data-out=\"a:false;\">\n\t\t\t\t\t\t\t<img decoding=\"async\" src=\"\/\/htlhoteles.com\/htlcitybaires\/wp-content\/plugins\/revslider\/sr6\/assets\/assets\/dummy.png\" alt=\"\" title=\"11\" width=\"1732\" height=\"500\" class=\"rev-slidebg tp-rs-img rs-lazyload\" data-lazyload=\"\/\/htlhoteles.com\/htlcitybaires\/wp-content\/uploads\/2022\/07\/11.jpg\" data-no-retina>\n<!---->\t\t\t\t\t<\/rs-slide>\n\t\t\t\t\t\t<rs-slide style=\"position: absolute;\" data-key=\"rs-56\" data-title=\"Slide\" data-thumb=\"\/\/htlhoteles.com\/htlcitybaires\/wp-content\/uploads\/2024\/11\/03-50x100.jpg\" data-anim=\"adpr:false;d:35;ms:2000;f:edges;\" data-in=\"o:1;x:cyc(100%|-100%);m:true;col:8;\" data-out=\"a:false;\" data-d3=\"f:cube;d:vertical;z:450;t:20;su:true;sc:#9e9e9e;\">\n\t\t\t\t\t\t\t<img decoding=\"async\" src=\"\/\/htlhoteles.com\/htlcitybaires\/wp-content\/plugins\/revslider\/sr6\/assets\/assets\/dummy.png\" alt=\"\" title=\"03\" width=\"1732\" height=\"500\" class=\"rev-slidebg tp-rs-img rs-lazyload\" data-lazyload=\"\/\/htlhoteles.com\/htlcitybaires\/wp-content\/uploads\/2024\/11\/03.jpg\" data-no-retina>\n<!---->\t\t\t\t\t<\/rs-slide>\n\t\t\t\t\t\t<rs-slide style=\"position: absolute;\" data-key=\"rs-63\" data-title=\"Slide\" data-thumb=\"\/\/htlhoteles.com\/htlcitybaires\/wp-content\/uploads\/2024\/09\/04-3-50x100.jpg\" data-anim=\"adpr:false;f:edges;\" data-in=\"o:0;x:cyc(-10|10);y:cyc(-10|10);r:cyc(-10|10);sx:0.1;sy:0.1;row:8;col:8;\" data-out=\"a:false;\">\n\t\t\t\t\t\t\t<img decoding=\"async\" src=\"\/\/htlhoteles.com\/htlcitybaires\/wp-content\/plugins\/revslider\/sr6\/assets\/assets\/dummy.png\" alt=\"\" title=\"04\" width=\"1732\" height=\"500\" class=\"rev-slidebg tp-rs-img rs-lazyload\" data-lazyload=\"\/\/htlhoteles.com\/htlcitybaires\/wp-content\/uploads\/2024\/09\/04-3.jpg\" data-no-retina>\n<!---->\t\t\t\t\t<\/rs-slide>\n\t\t\t\t\t\t<rs-slide style=\"position: absolute;\" data-key=\"rs-52\" data-title=\"Slide\" data-thumb=\"\/\/htlhoteles.com\/htlcitybaires\/wp-content\/uploads\/2024\/09\/desayuno-city2-50x100.jpg\" data-anim=\"adpr:false;\" data-in=\"o:1;x:-100%;\" data-out=\"a:false;\">\n\t\t\t\t\t\t\t<img decoding=\"async\" src=\"\/\/htlhoteles.com\/htlcitybaires\/wp-content\/plugins\/revslider\/sr6\/assets\/assets\/dummy.png\" alt=\"\" title=\"desayuno-city2\" width=\"1732\" height=\"500\" class=\"rev-slidebg tp-rs-img rs-lazyload\" data-lazyload=\"\/\/htlhoteles.com\/htlcitybaires\/wp-content\/uploads\/2024\/09\/desayuno-city2.jpg\" data-no-retina>\n<!---->\t\t\t\t\t<\/rs-slide>\n\t\t\t\t\t\t<rs-slide style=\"position: absolute;\" data-key=\"rs-54\" data-title=\"Slide\" data-thumb=\"\/\/htlhoteles.com\/htlcitybaires\/wp-content\/uploads\/2024\/09\/07-2-50x100.jpg\" data-anim=\"adpr:false;f:nodelay;\" data-in=\"o:0;sx:0;sy:0;row:5;col:5;\" data-out=\"a:false;\">\n\t\t\t\t\t\t\t<img decoding=\"async\" src=\"\/\/htlhoteles.com\/htlcitybaires\/wp-content\/plugins\/revslider\/sr6\/assets\/assets\/dummy.png\" alt=\"\" title=\"07\" width=\"1732\" height=\"500\" class=\"rev-slidebg tp-rs-img rs-lazyload\" data-lazyload=\"\/\/htlhoteles.com\/htlcitybaires\/wp-content\/uploads\/2024\/09\/07-2.jpg\" data-no-retina>\n<!---->\t\t\t\t\t<\/rs-slide>\n\t\t\t\t\t\t<rs-slide style=\"position: absolute;\" data-key=\"rs-57\" data-title=\"Slide\" data-thumb=\"\/\/htlhoteles.com\/htlcitybaires\/wp-content\/uploads\/2024\/10\/03-50x100.jpg\" data-anim=\"adpr:false;\" data-in=\"o:1;\" data-out=\"x:-100%;\">\n\t\t\t\t\t\t\t<img decoding=\"async\" src=\"\/\/htlhoteles.com\/htlcitybaires\/wp-content\/plugins\/revslider\/sr6\/assets\/assets\/dummy.png\" alt=\"\" title=\"03\" width=\"1732\" height=\"500\" class=\"rev-slidebg tp-rs-img rs-lazyload\" data-lazyload=\"\/\/htlhoteles.com\/htlcitybaires\/wp-content\/uploads\/2024\/10\/03.jpg\" data-no-retina>\n<!---->\t\t\t\t\t<\/rs-slide>\n\t\t\t\t\t\t<rs-slide style=\"position: absolute;\" data-key=\"rs-55\" data-title=\"Slide\" data-thumb=\"\/\/htlhoteles.com\/htlcitybaires\/wp-content\/uploads\/2024\/09\/08-2-50x100.jpg\" data-anim=\"adpr:false;d:10;ms:600;f:random;\" data-in=\"mo:45;moo:none;o:0;x:(100%);r:ran(-45|45);sx:0.8;sy:0.8;row:20;\" data-out=\"a:false;\">\n\t\t\t\t\t\t\t<img decoding=\"async\" src=\"\/\/htlhoteles.com\/htlcitybaires\/wp-content\/plugins\/revslider\/sr6\/assets\/assets\/dummy.png\" alt=\"\" title=\"08\" width=\"1732\" height=\"500\" class=\"rev-slidebg tp-rs-img rs-lazyload\" data-lazyload=\"\/\/htlhoteles.com\/htlcitybaires\/wp-content\/uploads\/2024\/09\/08-2.jpg\" data-no-retina>\n<!---->\t\t\t\t\t<\/rs-slide>\n\t\t\t\t\t\t<rs-slide style=\"position: absolute;\" data-key=\"rs-59\" data-title=\"Slide\" data-thumb=\"\/\/htlhoteles.com\/htlcitybaires\/wp-content\/uploads\/2024\/09\/desayuno-city3-50x100.jpg\" data-anim=\"adpr:false;f:edges;\" data-in=\"o:0;x:cyc(-10|10);y:cyc(-10|10);r:cyc(-10|10);sx:0.1;sy:0.1;row:8;col:8;\" data-out=\"a:false;\">\n\t\t\t\t\t\t\t<img decoding=\"async\" src=\"\/\/htlhoteles.com\/htlcitybaires\/wp-content\/plugins\/revslider\/sr6\/assets\/assets\/dummy.png\" alt=\"\" title=\"desayuno-city3\" width=\"1732\" height=\"500\" class=\"rev-slidebg tp-rs-img rs-lazyload\" data-lazyload=\"\/\/htlhoteles.com\/htlcitybaires\/wp-content\/uploads\/2024\/09\/desayuno-city3.jpg\" data-no-retina>\n<!---->\t\t\t\t\t<\/rs-slide>\n\t\t\t\t\t\t<rs-slide style=\"position: absolute;\" data-key=\"rs-60\" data-title=\"Slide\" data-thumb=\"\/\/htlhoteles.com\/htlcitybaires\/wp-content\/uploads\/2024\/11\/11-50x100.jpg\" data-anim=\"adpr:false;f:edges;\" data-in=\"o:0;x:cyc(-10|10);y:cyc(-10|10);r:cyc(-10|10);sx:0.1;sy:0.1;row:8;col:8;\" data-out=\"a:false;\">\n\t\t\t\t\t\t\t<img decoding=\"async\" src=\"\/\/htlhoteles.com\/htlcitybaires\/wp-content\/plugins\/revslider\/sr6\/assets\/assets\/dummy.png\" alt=\"\" title=\"11\" width=\"1732\" height=\"500\" class=\"rev-slidebg tp-rs-img rs-lazyload\" data-lazyload=\"\/\/htlhoteles.com\/htlcitybaires\/wp-content\/uploads\/2024\/11\/11.jpg\" data-no-retina>\n<!---->\t\t\t\t\t<\/rs-slide>\n\t\t\t\t\t<\/rs-slides>\n\t\t\t\t<\/rs-module>\n\t\t\t\t<script>\n\t\t\t\t\tsetREVStartSize({c: 'rev_slider_17_1',rl:[1240,1024,778,480],el:[390],gw:[1280],gh:[390],type:'standard',justify:'',layout:'fullwidth',mh:\"0\"});if (window.RS_MODULES!==undefined && window.RS_MODULES.modules!==undefined && window.RS_MODULES.modules[\"revslider171\"]!==undefined) {window.RS_MODULES.modules[\"revslider171\"].once = false;window.revapi17 = undefined;if (window.RS_MODULES.checkMinimal!==undefined) window.RS_MODULES.checkMinimal()}\n\t\t\t\t<\/script>\n\t\t\t<\/rs-module-wrap>\n\t\t\t<!-- END REVOLUTION SLIDER -->\n[vc_column_text woodmart_inline=\u00bbno\u00bb text_larger=\u00bbno\u00bb][\/vc_column_text][\/vc_column][\/vc_row][vc_row woodmart_css_id=\u00bb61df716759aee\u00bb responsive_spacing=\u00bbeyJwYXJhbV90eXBlIjoid29vZG1hcnRfcmVzcG9uc2l2ZV9zcGFjaW5nIiwic2VsZWN0b3JfaWQiOiI2MWRmNzE2NzU5YWVlIiwic2hvcnRjb2RlIjoidmNfcm93IiwiZGF0YSI6eyJ0YWJsZXQiOnt9LCJtb2JpbGUiOnt9fX0=\u00bb mobile_bg_img_hidden=\u00bbno\u00bb tablet_bg_img_hidden=\u00bbno\u00bb woodmart_parallax=\u00bb0&#8243; woodmart_gradient_switch=\u00bbno\u00bb woodmart_box_shadow=\u00bbno\u00bb wd_z_index=\u00bbno\u00bb woodmart_disable_overflow=\u00bb0&#8243; row_reverse_mobile=\u00bb0&#8243; row_reverse_tablet=\u00bb0&#8243;][vc_column css=\u00bb.vc_custom_1667624775388{margin-top: -50px !important;background-color: #ffffff !important;}\u00bb woodmart_css_id=\u00bb6365ef479c75c\u00bb parallax_scroll=\u00bbno\u00bb woodmart_sticky_column=\u00bbfalse\u00bb wd_collapsible_content_switcher=\u00bbno\u00bb mobile_bg_img_hidden=\u00bbno\u00bb tablet_bg_img_hidden=\u00bbno\u00bb woodmart_parallax=\u00bb0&#8243; woodmart_box_shadow=\u00bbno\u00bb mobile_reset_margin=\u00bbno\u00bb tablet_reset_margin=\u00bbno\u00bb wd_z_index=\u00bbyes\u00bb responsive_spacing=\u00bbeyJwYXJhbV90eXBlIjoid29vZG1hcnRfcmVzcG9uc2l2ZV9zcGFjaW5nIiwic2VsZWN0b3JfaWQiOiI2MzY1ZWY0NzljNzVjIiwic2hvcnRjb2RlIjoidmNfY29sdW1uIiwiZGF0YSI6eyJ0YWJsZXQiOnt9LCJtb2JpbGUiOnt9fX0=\u00bb wd_z_index_custom=\u00bbeyJkZXZpY2VzIjp7ImRlc2t0b3AiOnsidmFsdWUiOiI1In19LCJzZWxlY3Rvcl9pZCI6IjYzNjVlZjQ3OWM3NWMiLCJzaG9ydGNvZGUiOiJ2Y19jb2x1bW4iLCJzZWxlY3RvcnMiOnsie3tXUkFQUEVSfX0iOiJ6LWluZGV4OiB7e1ZBTFVFfX0ifX0=\u00bb el_class=\u00bbpromo-top-margin\u00bb][vc_row_inner css=\u00bb.vc_custom_1642033668949{margin-top: -20px !important;}\u00bb woodmart_css_id=\u00bb61df71eca9c39&#8243; responsive_spacing=\u00bbeyJwYXJhbV90eXBlIjoid29vZG1hcnRfcmVzcG9uc2l2ZV9zcGFjaW5nIiwic2VsZWN0b3JfaWQiOiI2MWRmNzFlY2E5YzM5Iiwic2hvcnRjb2RlIjoidmNfcm93X2lubmVyIiwiZGF0YSI6eyJ0YWJsZXQiOnt9LCJtb2JpbGUiOnsibWFyZ2luLXJpZ2h0IjoiMiUiLCJtYXJnaW4tbGVmdCI6IjIlIn19fQ==\u00bb mobile_bg_img_hidden=\u00bbno\u00bb tablet_bg_img_hidden=\u00bbno\u00bb woodmart_parallax=\u00bb0&#8243; woodmart_gradient_switch=\u00bbno\u00bb woodmart_box_shadow=\u00bbno\u00bb wd_z_index=\u00bbno\u00bb woodmart_disable_overflow=\u00bb0&#8243; row_reverse_mobile=\u00bb0&#8243; row_reverse_tablet=\u00bb0&#8243;][vc_column_inner width=\u00bb1\/3&#8243;][vc_single_image image=\u00bb10460&#8243; img_size=\u00bbfull\u00bb alignment=\u00bbcenter\u00bb onclick=\u00bbcustom_link\u00bb parallax_scroll=\u00bbno\u00bb woodmart_inline=\u00bbno\u00bb link=\u00bbhttp:\/\/htlhoteles.com\/htlcitybaires\/pt\/ofertas-2\/\u00bb el_class=\u00bbmargin-bottom-promo\u00bb][\/vc_column_inner][vc_column_inner width=\u00bb1\/3&#8243;][vc_single_image image=\u00bb10497&#8243; img_size=\u00bbfull\u00bb alignment=\u00bbcenter\u00bb onclick=\u00bbcustom_link\u00bb parallax_scroll=\u00bbno\u00bb woodmart_inline=\u00bbno\u00bb link=\u00bbhttp:\/\/htlhoteles.com\/htlcitybaires\/pt\/ofertas-2\/\u00bb el_class=\u00bbmargin-bottom-promo\u00bb][\/vc_column_inner][vc_column_inner width=\u00bb1\/3&#8243;][vc_single_image image=\u00bb10503&#8243; img_size=\u00bbfull\u00bb alignment=\u00bbcenter\u00bb onclick=\u00bbcustom_link\u00bb css=\u00bb\u00bb parallax_scroll=\u00bbno\u00bb woodmart_inline=\u00bbno\u00bb link=\u00bbhttp:\/\/htlhoteles.com\/htlcitybaires\/pt\/ofertas-2\/\u00bb el_class=\u00bbmargin-bottom-promo\u00bb][\/vc_column_inner][\/vc_row_inner]\n\t\t<div id=\"wd-630cf1950fcff\" class=\"title-wrapper wd-wpb wd-set-mb reset-last-child  wd-rs-630cf1950fcff wd-title-color-default wd-title-style-default text-left emptyspace vc_custom_1661792669008 wd-underline-colored\">\n\t\t\t\n\t\t\t<div class=\"liner-continer\">\n\t\t\t\t<h1 class=\"woodmart-title-container title  wd-font-weight-700 wd-fontsize-m\" >BUENOS AIRES - HTL CITY BAIRES<\/h1>\n\t\t\t\t\t\t\t<\/div>\n\t\t\t\n\t\t\t\n\t\t\t\n\t\t<\/div>\n\t\t\n\t\t[vc_separator color=\u00bbcustom\u00bb style=\u00bbdotted\u00bb border_width=\u00bb3&#8243; accent_color=\u00bb#cccccc\u00bb el_class=\u00bblinea1&#8243;][vc_row_inner css=\u00bb.vc_custom_1641415537480{margin-top: -20px !important;}\u00bb woodmart_css_id=\u00bb61d6036de8149&#8243; responsive_spacing=\u00bbeyJwYXJhbV90eXBlIjoid29vZG1hcnRfcmVzcG9uc2l2ZV9zcGFjaW5nIiwic2VsZWN0b3JfaWQiOiI2MWQ2MDM2ZGU4MTQ5Iiwic2hvcnRjb2RlIjoidmNfcm93X2lubmVyIiwiZGF0YSI6eyJ0YWJsZXQiOnt9LCJtb2JpbGUiOnt9fX0=\u00bb mobile_bg_img_hidden=\u00bbno\u00bb tablet_bg_img_hidden=\u00bbno\u00bb woodmart_parallax=\u00bb0&#8243; woodmart_gradient_switch=\u00bbno\u00bb woodmart_box_shadow=\u00bbno\u00bb wd_z_index=\u00bbno\u00bb woodmart_disable_overflow=\u00bb0&#8243; row_reverse_mobile=\u00bb0&#8243; row_reverse_tablet=\u00bb0&#8243; el_class=\u00bbemptyspace\u00bb][vc_column_inner width=\u00bb1\/2&#8243;][vc_single_image image=\u00bb9542&#8243; img_size=\u00bbfull\u00bb parallax_scroll=\u00bbno\u00bb woodmart_inline=\u00bbno\u00bb][\/vc_column_inner][vc_column_inner width=\u00bb1\/2&#8243;][vc_column_text woodmart_inline=\u00bbno\u00bb text_larger=\u00bbno\u00bb]O Hotel\u00a0<strong>HTL City Baires\u00a0<\/strong>\u00e9 um moderno hotel no centro de Buenos Aires, perto das principais atra\u00e7\u00f5es da cidade, como Avenida 9 de Julio, Avenida Corrientes, Obelisco, Teatro Col\u00f3n e Plaza de Mayo.<br \/>\nA sua localiza\u00e7\u00e3o privilegiada para explorar a cidade de Buenos Aires a p\u00e9, juntamente com a sua rela\u00e7\u00e3o qualidade\/pre\u00e7o imbat\u00edvel, fazem do Hotel\u00a0<strong>HTL City Baires<\/strong>\u00a0uma excelente escolha. Desfrute de alguns dias de lazer ou trabalho enquanto descansa nos quartos modernos para at\u00e9 6 pessoas com Wi-Fi sem custo adicional, delicioso caf\u00e9 da manh\u00e3 buffet, estacionamento privativo se voc\u00ea viajar de carro, dep\u00f3sito para bagagem&#8230; e o atendimento personalizado da nossa simp\u00e1tica equipa. Reserve agora ao melhor pre\u00e7o no\u00a0<a href=\"https:\/\/htlcitybaires.backhotelite.com\/pt\/bookcore\/availability\/rooms\/htlcitybaires\/?device=d&amp;lang=pt&amp;rrc=1\">site oficial<\/a>\u00a0da HTL Hotels.[\/vc_column_text][vc_single_image image=\u00bb9072&#8243; img_size=\u00bb120X120&#8243; alignment=\u00bbright\u00bb css=\u00bb.vc_custom_1642803573253{margin-top: -4vh !important;}\u00bb parallax_scroll=\u00bbno\u00bb woodmart_inline=\u00bbno\u00bb][\/vc_column_inner][\/vc_row_inner]\n\t\t<div id=\"wd-630cf1a9a494e\" class=\"title-wrapper wd-wpb wd-set-mb reset-last-child  wd-rs-630cf1a9a494e wd-title-color-default wd-title-style-default text-left vc_custom_1661792688918 wd-underline-colored\">\n\t\t\t\n\t\t\t<div class=\"liner-continer\">\n\t\t\t\t<h1 class=\"woodmart-title-container title  wd-font-weight-400 wd-fontsize-m\" >ACOMODA\u00c7\u00d5ES<\/h1>\n\t\t\t\t\t\t\t<\/div>\n\t\t\t\n\t\t\t\n\t\t\t\n\t\t<\/div>\n\t\t\n\t\t[vc_separator color=\u00bbcustom\u00bb style=\u00bbdotted\u00bb border_width=\u00bb3&#8243; accent_color=\u00bb#cccccc\u00bb el_class=\u00bblinea2&#8243;][vc_row_inner][vc_column_inner width=\u00bb1\/3&#8243;][vc_custom_heading text=\u00bbDUPLO\u00bb font_container=\u00bbtag:p|font_size:16|text_align:left|color:%23ff5f00&#8243; use_theme_fonts=\u00bbyes\u00bb link=\u00bburl:http%3A%2F%2Fhtlhoteles.com%2Fhtlcitybaires%2Fpt%2Fduplo%2F\u00bb][vc_single_image image=\u00bb10870&#8243; img_size=\u00bb\u00bb style=\u00bbvc_box_outline\u00bb onclick=\u00bbcustom_link\u00bb parallax_scroll=\u00bbno\u00bb woodmart_inline=\u00bbno\u00bb link=\u00bbhttp:\/\/htlhoteles.com\/htlcitybaires\/pt\/duplo\/\u00bb][\/vc_column_inner][vc_column_inner width=\u00bb1\/3&#8243;][vc_custom_heading text=\u00bbTRIPLO\u00bb font_container=\u00bbtag:p|font_size:16|text_align:left|color:%23ff5f00&#8243; use_theme_fonts=\u00bbyes\u00bb link=\u00bburl:http%3A%2F%2Fhtlhoteles.com%2Fhtlcitybaires%2Fpt%2Ftriplo-2%2F\u00bb][vc_single_image image=\u00bb10867&#8243; img_size=\u00bb\u00bb style=\u00bbvc_box_outline\u00bb onclick=\u00bbcustom_link\u00bb parallax_scroll=\u00bbno\u00bb woodmart_inline=\u00bbno\u00bb link=\u00bbhttp:\/\/htlhoteles.com\/htlcitybaires\/pt\/triplo-2\/\u00bb][\/vc_column_inner][vc_column_inner width=\u00bb1\/3&#8243;][vc_custom_heading text=\u00bbQU\u00c1DRUPLO\u00bb font_container=\u00bbtag:p|font_size:16|text_align:left|color:%23ff5f00&#8243; use_theme_fonts=\u00bbyes\u00bb link=\u00bburl:http%3A%2F%2Fhtlhoteles.com%2Fhtlcitybaires%2Fpt%2Fquadruplo%2F\u00bb][vc_single_image image=\u00bb10868&#8243; img_size=\u00bb\u00bb style=\u00bbvc_box_outline\u00bb onclick=\u00bbcustom_link\u00bb parallax_scroll=\u00bbno\u00bb woodmart_inline=\u00bbno\u00bb link=\u00bbhttp:\/\/htlhoteles.com\/htlcitybaires\/pt\/quadruplo\/\u00bb][\/vc_column_inner][\/vc_row_inner][vc_row_inner][vc_column_inner width=\u00bb1\/3&#8243;][vc_custom_heading text=\u00bbQUINTUPLO\u00bb font_container=\u00bbtag:p|font_size:16|text_align:left|color:%23ff5f00&#8243; use_theme_fonts=\u00bbyes\u00bb link=\u00bburl:https%3A%2F%2Fhtlhoteles.com%2Fhtlcitybaires%2Fpt%2Fquintuplo%2F\u00bb][vc_single_image image=\u00bb11130&#8243; img_size=\u00bb\u00bb style=\u00bbvc_box_outline\u00bb onclick=\u00bbcustom_link\u00bb parallax_scroll=\u00bbno\u00bb woodmart_inline=\u00bbno\u00bb link=\u00bbhttps:\/\/htlhoteles.com\/htlcitybaires\/pt\/quintuplo\/\u00bb][\/vc_column_inner][vc_column_inner width=\u00bb1\/3&#8243;][vc_custom_heading text=\u00bbS\u00caXTUPLO\u00bb font_container=\u00bbtag:p|font_size:16|text_align:left|color:%23ff5f00&#8243; use_theme_fonts=\u00bbyes\u00bb link=\u00bburl:http%3A%2F%2Fhtlhoteles.com%2Fhtlcitybaires%2Fpt%2Fsextuplo%2F\u00bb][vc_single_image image=\u00bb10869&#8243; img_size=\u00bb\u00bb style=\u00bbvc_box_outline\u00bb onclick=\u00bbcustom_link\u00bb parallax_scroll=\u00bbno\u00bb woodmart_inline=\u00bbno\u00bb link=\u00bbhttp:\/\/htlhoteles.com\/htlcitybaires\/pt\/sextuplo\/\u00bb][\/vc_column_inner][vc_column_inner width=\u00bb1\/3&#8243;][\/vc_column_inner][\/vc_row_inner][\/vc_column][\/vc_row]<\/p>\n<\/div>","protected":false},"excerpt":{"rendered":"<p>[vc_row full_width=\u00bbstretch_row_content_no_spaces\u00bb woodmart_css_id=\u00bb61a173131ea77&#8243; responsive_spacing=\u00bbeyJwYXJhbV90eXBlIjoid29vZG1hcnRfcmVzcG9uc2l2ZV9zcGFjaW5nIiwic2VsZWN0b3JfaWQiOiI2MWExNzMxMzFlYTc3Iiwic2hvcnRjb2RlIjoidmNfcm93IiwiZGF0YSI6eyJ0YWJsZXQiOnt9LCJtb2JpbGUiOnt9fX0=\u00bb mobile_bg_img_hidden=\u00bbno\u00bb tablet_bg_img_hidden=\u00bbno\u00bb woodmart_parallax=\u00bb0&#8243; woodmart_gradient_switch=\u00bbno\u00bb woodmart_box_shadow=\u00bbno\u00bb wd_z_index=\u00bbno\u00bb woodmart_disable_overflow=\u00bb0&#8243; row_reverse_mobile=\u00bb0&#8243; row_reverse_tablet=\u00bb0&#8243;][vc_column][vc_column_text woodmart_inline=\u00bbno\u00bb text_larger=\u00bbno\u00bb][\/vc_column_text][\/vc_column][\/vc_row][vc_row woodmart_css_id=\u00bb61df716759aee\u00bb responsive_spacing=\u00bbeyJwYXJhbV90eXBlIjoid29vZG1hcnRfcmVzcG9uc2l2ZV9zcGFjaW5nIiwic2VsZWN0b3JfaWQiOiI2MWRmNzE2NzU5YWVlIiwic2hvcnRjb2RlIjoidmNfcm93IiwiZGF0YSI6eyJ0YWJsZXQiOnt9LCJtb2JpbGUiOnt9fX0=\u00bb mobile_bg_img_hidden=\u00bbno\u00bb tablet_bg_img_hidden=\u00bbno\u00bb woodmart_parallax=\u00bb0&#8243;<\/p>\n","protected":false},"author":1,"featured_media":0,"parent":0,"menu_order":0,"comment_status":"closed","ping_status":"closed","template":"","meta":{"_joinchat":[],"footnotes":""},"class_list":["post-7744","page","type-page","status-publish","hentry"],"yoast_head":"<!-- This site is optimized with the Yoast SEO plugin v27.3 - https:\/\/yoast.com\/product\/yoast-seo-wordpress\/ -->\n<title>HTL City Baires - Site Oficial - Hotel em Buenos Aires - Reserva On-line<\/title>\n<meta name=\"description\" content=\"Hotel HTL City Baires: fabulous hotel localizado no cora\u00e7\u00e3o de Buenos Aires. Reserve j\u00e1! Site oficial.\" \/>\n<meta name=\"robots\" content=\"index, follow, max-snippet:-1, max-image-preview:large, max-video-preview:-1\" \/>\n<link rel=\"canonical\" href=\"https:\/\/htlhoteles.com\/htlcitybaires\/pt\/home-3\/\" \/>\n<meta property=\"og:locale\" content=\"es_ES\" \/>\n<meta property=\"og:type\" content=\"article\" \/>\n<meta property=\"og:title\" content=\"HTL City Baires - Site Oficial - Hotel em Buenos Aires - Reserva On-line\" \/>\n<meta property=\"og:description\" content=\"Hotel HTL City Baires: fabulous hotel localizado no cora\u00e7\u00e3o de Buenos Aires. Reserve j\u00e1! Site oficial.\" \/>\n<meta property=\"og:url\" content=\"https:\/\/htlhoteles.com\/htlcitybaires\/pt\/home-3\/\" \/>\n<meta property=\"og:site_name\" content=\"HTL City Baires\" \/>\n<meta property=\"article:publisher\" content=\"https:\/\/www.facebook.com\/HTLhotelescadena\/\" \/>\n<meta property=\"article:modified_time\" content=\"2025-06-02T14:04:12+00:00\" \/>\n<meta name=\"twitter:card\" content=\"summary_large_image\" \/>\n<meta name=\"twitter:label1\" content=\"Tiempo de lectura\" \/>\n\t<meta name=\"twitter:data1\" content=\"4 minutos\" \/>\n<script type=\"application\/ld+json\" class=\"yoast-schema-graph\">{\"@context\":\"https:\\\/\\\/schema.org\",\"@graph\":[{\"@type\":\"WebPage\",\"@id\":\"https:\\\/\\\/htlhoteles.com\\\/htlcitybaires\\\/pt\\\/home-3\\\/\",\"url\":\"https:\\\/\\\/htlhoteles.com\\\/htlcitybaires\\\/pt\\\/home-3\\\/\",\"name\":\"HTL City Baires - Site Oficial - Hotel em Buenos Aires - Reserva On-line\",\"isPartOf\":{\"@id\":\"https:\\\/\\\/htlhoteles.com\\\/htlcitybaires\\\/#website\"},\"datePublished\":\"2021-12-06T16:15:12+00:00\",\"dateModified\":\"2025-06-02T14:04:12+00:00\",\"description\":\"Hotel HTL City Baires: fabulous hotel localizado no cora\u00e7\u00e3o de Buenos Aires. Reserve j\u00e1! Site oficial.\",\"breadcrumb\":{\"@id\":\"https:\\\/\\\/htlhoteles.com\\\/htlcitybaires\\\/pt\\\/home-3\\\/#breadcrumb\"},\"inLanguage\":\"es\",\"potentialAction\":[{\"@type\":\"ReadAction\",\"target\":[\"https:\\\/\\\/htlhoteles.com\\\/htlcitybaires\\\/pt\\\/home-3\\\/\"]}]},{\"@type\":\"BreadcrumbList\",\"@id\":\"https:\\\/\\\/htlhoteles.com\\\/htlcitybaires\\\/pt\\\/home-3\\\/#breadcrumb\",\"itemListElement\":[{\"@type\":\"ListItem\",\"position\":1,\"name\":\"Portada\",\"item\":\"https:\\\/\\\/htlhoteles.com\\\/htlcitybaires\\\/\"},{\"@type\":\"ListItem\",\"position\":2,\"name\":\"Home HTL &#8211; Portugu\u00eas\"}]},{\"@type\":\"WebSite\",\"@id\":\"https:\\\/\\\/htlhoteles.com\\\/htlcitybaires\\\/#website\",\"url\":\"https:\\\/\\\/htlhoteles.com\\\/htlcitybaires\\\/\",\"name\":\"HTL City Baires\",\"description\":\"Web Oficial | Hotel en Buenos Aires | Reserve Online\",\"potentialAction\":[{\"@type\":\"SearchAction\",\"target\":{\"@type\":\"EntryPoint\",\"urlTemplate\":\"https:\\\/\\\/htlhoteles.com\\\/htlcitybaires\\\/?s={search_term_string}\"},\"query-input\":{\"@type\":\"PropertyValueSpecification\",\"valueRequired\":true,\"valueName\":\"search_term_string\"}}],\"inLanguage\":\"es\"}]}<\/script>\n<!-- \/ Yoast SEO plugin. -->","yoast_head_json":{"title":"HTL City Baires - Site Oficial - Hotel em Buenos Aires - Reserva On-line","description":"Hotel HTL City Baires: fabulous hotel localizado no cora\u00e7\u00e3o de Buenos Aires. Reserve j\u00e1! Site oficial.","robots":{"index":"index","follow":"follow","max-snippet":"max-snippet:-1","max-image-preview":"max-image-preview:large","max-video-preview":"max-video-preview:-1"},"canonical":"https:\/\/htlhoteles.com\/htlcitybaires\/pt\/home-3\/","og_locale":"es_ES","og_type":"article","og_title":"HTL City Baires - Site Oficial - Hotel em Buenos Aires - Reserva On-line","og_description":"Hotel HTL City Baires: fabulous hotel localizado no cora\u00e7\u00e3o de Buenos Aires. Reserve j\u00e1! Site oficial.","og_url":"https:\/\/htlhoteles.com\/htlcitybaires\/pt\/home-3\/","og_site_name":"HTL City Baires","article_publisher":"https:\/\/www.facebook.com\/HTLhotelescadena\/","article_modified_time":"2025-06-02T14:04:12+00:00","twitter_card":"summary_large_image","twitter_misc":{"Tiempo de lectura":"4 minutos"},"schema":{"@context":"https:\/\/schema.org","@graph":[{"@type":"WebPage","@id":"https:\/\/htlhoteles.com\/htlcitybaires\/pt\/home-3\/","url":"https:\/\/htlhoteles.com\/htlcitybaires\/pt\/home-3\/","name":"HTL City Baires - Site Oficial - Hotel em Buenos Aires - Reserva On-line","isPartOf":{"@id":"https:\/\/htlhoteles.com\/htlcitybaires\/#website"},"datePublished":"2021-12-06T16:15:12+00:00","dateModified":"2025-06-02T14:04:12+00:00","description":"Hotel HTL City Baires: fabulous hotel localizado no cora\u00e7\u00e3o de Buenos Aires. Reserve j\u00e1! Site oficial.","breadcrumb":{"@id":"https:\/\/htlhoteles.com\/htlcitybaires\/pt\/home-3\/#breadcrumb"},"inLanguage":"es","potentialAction":[{"@type":"ReadAction","target":["https:\/\/htlhoteles.com\/htlcitybaires\/pt\/home-3\/"]}]},{"@type":"BreadcrumbList","@id":"https:\/\/htlhoteles.com\/htlcitybaires\/pt\/home-3\/#breadcrumb","itemListElement":[{"@type":"ListItem","position":1,"name":"Portada","item":"https:\/\/htlhoteles.com\/htlcitybaires\/"},{"@type":"ListItem","position":2,"name":"Home HTL &#8211; Portugu\u00eas"}]},{"@type":"WebSite","@id":"https:\/\/htlhoteles.com\/htlcitybaires\/#website","url":"https:\/\/htlhoteles.com\/htlcitybaires\/","name":"HTL City Baires","description":"Web Oficial | Hotel en Buenos Aires | Reserve Online","potentialAction":[{"@type":"SearchAction","target":{"@type":"EntryPoint","urlTemplate":"https:\/\/htlhoteles.com\/htlcitybaires\/?s={search_term_string}"},"query-input":{"@type":"PropertyValueSpecification","valueRequired":true,"valueName":"search_term_string"}}],"inLanguage":"es"}]}},"_links":{"self":[{"href":"https:\/\/htlhoteles.com\/htlcitybaires\/wp-json\/wp\/v2\/pages\/7744","targetHints":{"allow":["GET"]}}],"collection":[{"href":"https:\/\/htlhoteles.com\/htlcitybaires\/wp-json\/wp\/v2\/pages"}],"about":[{"href":"https:\/\/htlhoteles.com\/htlcitybaires\/wp-json\/wp\/v2\/types\/page"}],"author":[{"embeddable":true,"href":"https:\/\/htlhoteles.com\/htlcitybaires\/wp-json\/wp\/v2\/users\/1"}],"replies":[{"embeddable":true,"href":"https:\/\/htlhoteles.com\/htlcitybaires\/wp-json\/wp\/v2\/comments?post=7744"}],"version-history":[{"count":25,"href":"https:\/\/htlhoteles.com\/htlcitybaires\/wp-json\/wp\/v2\/pages\/7744\/revisions"}],"predecessor-version":[{"id":11285,"href":"https:\/\/htlhoteles.com\/htlcitybaires\/wp-json\/wp\/v2\/pages\/7744\/revisions\/11285"}],"wp:attachment":[{"href":"https:\/\/htlhoteles.com\/htlcitybaires\/wp-json\/wp\/v2\/media?parent=7744"}],"curies":[{"name":"wp","href":"https:\/\/api.w.org\/{rel}","templated":true}]}}