{"id":979,"date":"2022-05-17T08:59:16","date_gmt":"2022-05-17T11:59:16","guid":{"rendered":"http:\/\/vps-2799337-x.dattaweb.com\/gerenciamiento\/es\/?page_id=979"},"modified":"2022-08-22T17:10:15","modified_gmt":"2022-08-22T20:10:15","slug":"visao","status":"publish","type":"page","link":"https:\/\/htlhoteles.com\/gerenciamiento\/pt\/visao\/","title":{"rendered":"VIS\u00c3O"},"content":{"rendered":"<p>[et_pb_section fb_built=&#8221;1&#8243; custom_padding_last_edited=&#8221;on|phone&#8221; disabled_on=&#8221;off|off|off&#8221; admin_label=&#8221;Header&#8221; _builder_version=&#8221;4.17.6&#8243; background_enable_color=&#8221;off&#8221; background_color_gradient_start=&#8221;#000000&#8243; background_color_gradient_end=&#8221;rgba(0,0,0,0.6)&#8221; background_enable_image=&#8221;off&#8221; background_video_mp4=&#8221;https:\/\/htlhoteles.com\/gerenciamiento\/wp-content\/uploads\/2022\/06\/VISION-MP4.mp4&#8243; min_height=&#8221;460px&#8221; min_height_tablet=&#8221;360px&#8221; min_height_phone=&#8221;400px&#8221; min_height_last_edited=&#8221;on|phone&#8221; custom_margin=&#8221;||||false&#8221; custom_padding=&#8221;50px||50px||true|false&#8221; custom_padding_tablet=&#8221;50px||50px||true|false&#8221; custom_padding_phone=&#8221;||||false|false&#8221; hover_enabled=&#8221;0&#8243; background_last_edited=&#8221;on|phone&#8221; background_video_mp4_tablet=&#8221;https:\/\/htlhoteles.com\/gerenciamiento\/wp-content\/uploads\/2022\/06\/VISION-MP4.mp4&#8243; background_enable_video_mp4_tablet=&#8221;on&#8221; locked=&#8221;off&#8221; global_colors_info=&#8221;{}&#8221; title_text=&#8221;VISI\u00d3N WEBM&#8221; background_video_webm=&#8221;https:\/\/htlhoteles.com\/gerenciamiento\/wp-content\/uploads\/2022\/08\/VISION-WEBM-2.webm&#8221; sticky_enabled=&#8221;0&#8243;][et_pb_row custom_padding_last_edited=&#8221;off|tablet&#8221; disabled_on=&#8221;off|off|off&#8221; module_class=&#8221;filatitulotablet&#8221; _builder_version=&#8221;4.17.4&#8243; _module_preset=&#8221;default&#8221; width=&#8221;86%&#8221; max_width=&#8221;1280px&#8221; custom_margin=&#8221;||||false|false&#8221; custom_margin_tablet=&#8221;||||false|false&#8221; custom_margin_phone=&#8221;||||false|false&#8221; custom_margin_last_edited=&#8221;off|phone&#8221; custom_padding=&#8221;||||false|false&#8221; custom_padding_tablet=&#8221;||||false|false&#8221; custom_padding_phone=&#8221;230px||||false|false&#8221; locked=&#8221;off&#8221; global_colors_info=&#8221;{}&#8221;][et_pb_column type=&#8221;4_4&#8243; _builder_version=&#8221;4.17.4&#8243; _module_preset=&#8221;default&#8221; global_colors_info=&#8221;{}&#8221;][et_pb_code raw_content_tablet=&#8221;  <span class=%22about%22>VIS\u00c3O<\/span>&#8221; raw_content_phone=&#8221;  <span class=%22about%22>VIS\u00c3O<\/span>&#8221; raw_content_last_edited=&#8221;on|desktop&#8221; disabled_on=&#8221;off|off|off&#8221; module_class=&#8221;aboutnosotros&#8221; _builder_version=&#8221;4.17.6&#8243; _module_preset=&#8221;default&#8221; animation_style=&#8221;fold&#8221; animation_direction=&#8221;left&#8221; locked=&#8221;off&#8221; global_colors_info=&#8221;{}&#8221;]  <span class=\"aboutnew2\">VIS\u00c3O<\/span>[\/et_pb_code][\/et_pb_column][\/et_pb_row][\/et_pb_section][et_pb_section fb_built=&#8221;1&#8243; admin_label=&#8221;Contact Info&#8221; _builder_version=&#8221;4.16&#8243; background_color=&#8221;#d8d8d8&#8243; min_height=&#8221;145.6px&#8221; global_colors_info=&#8221;{}&#8221;][et_pb_row module_class=&#8221;sectioncuerponew&#8221; _builder_version=&#8221;4.17.4&#8243; background_color=&#8221;#ffffff&#8221; width=&#8221;86%&#8221; max_width=&#8221;1280px&#8221; custom_margin=&#8221;||||false|false&#8221; custom_padding=&#8221;||||true|true&#8221; animation_style=&#8221;zoom&#8221; animation_intensity_zoom=&#8221;20%&#8221; border_width_all=&#8221;3px&#8221; border_color_all=&#8221;#eff5f7&#8243; box_shadow_style=&#8221;preset3&#8243; box_shadow_vertical=&#8221;40px&#8221; box_shadow_blur=&#8221;60px&#8221; box_shadow_spread=&#8221;-10px&#8221; box_shadow_color=&#8221;rgba(0,0,0,0.03)&#8221; use_custom_width=&#8221;on&#8221; custom_width_px=&#8221;1280px&#8221; global_colors_info=&#8221;{}&#8221;][et_pb_column type=&#8221;4_4&#8243; _builder_version=&#8221;4.16&#8243; custom_padding=&#8221;|||&#8221; global_colors_info=&#8221;{}&#8221; custom_padding__hover=&#8221;|||&#8221;][et_pb_code module_class=&#8221;migajabox&#8221; _builder_version=&#8221;4.17.4&#8243; _module_preset=&#8221;default&#8221; custom_margin=&#8221;||||false|false&#8221; custom_padding=&#8221;|||30px|false|false&#8221; custom_padding_tablet=&#8221;|||8px|false|false&#8221; custom_padding_phone=&#8221;|||8px|false|false&#8221; custom_padding_last_edited=&#8221;on|phone&#8221; global_colors_info=&#8221;{}&#8221;]<\/p>\n<style><!-- [et_pb_line_break_holder] -->  ul.migaja li{<!-- [et_pb_line_break_holder] -->    display:inline-block;<!-- [et_pb_line_break_holder] -->    padding-right:5px;<!-- [et_pb_line_break_holder] -->    font-size:16px;<!-- [et_pb_line_break_holder] -->    color:;<!-- [et_pb_line_break_holder] -->  }<!-- [et_pb_line_break_holder] -->  <!-- [et_pb_line_break_holder] -->    ul.migaja li a{<!-- [et_pb_line_break_holder] -->    font-family:'lato-medium';  <!-- [et_pb_line_break_holder] -->    color:#e85e02;<!-- [et_pb_line_break_holder] -->  }<!-- [et_pb_line_break_holder] --><\/style>\n<p><!-- [et_pb_line_break_holder] --><!-- [et_pb_line_break_holder] --><\/p>\n<ul class=\"migaja\"><!-- [et_pb_line_break_holder] -->  <\/p>\n<li><!-- [et_pb_line_break_holder] -->  \t<a href=\"https:\/\/htlhoteles.com\/gerenciamiento\/pt\/\">Home ><\/a><!-- [et_pb_line_break_holder] -->  <\/li>\n<p><!-- [et_pb_line_break_holder] -->  <!-- [et_pb_line_break_holder] -->  <\/p>\n<li><!-- [et_pb_line_break_holder] -->  \t<a href=\"#\">Visao<\/a><!-- [et_pb_line_break_holder] -->  <\/li>\n<p><!-- [et_pb_line_break_holder] --><\/ul>\n<p>[\/et_pb_code][et_pb_code module_class=&#8221;lineanueva2 linevision&#8221; _builder_version=&#8221;4.17.4&#8243; _module_preset=&#8221;default&#8221; custom_margin=&#8221;||||false|false&#8221; global_colors_info=&#8221;{}&#8221;]<\/p>\n<hr style=\"height:8px;background:#e85e02;border-radius:3px;border:solid #e85e02 1px\">[\/et_pb_code][et_pb_text content_tablet=&#8221;<\/p>\n<p style=%22text-align: justify;%22><span style=%22font-weight: 400;%22>Na HTL Hot\u00e9is acreditamos no equilibro exato entre as motiva\u00e7\u00f5es do viajante e a execu\u00e7\u00e3o do servi\u00e7o.<\/span><\/p>\n<p>&#8221; content_phone=&#8221;<\/p>\n<p style=%22text-align: left;%22><span style=%22font-weight: 400;%22>Na HTL Hot\u00e9is acreditamos no equilibro exato entre as motiva\u00e7\u00f5es do viajante e a execu\u00e7\u00e3o do servi\u00e7o.<\/span><\/p>\n<p>&#8221; content_last_edited=&#8221;on|desktop&#8221; module_class=&#8221;titlevision&#8221; _builder_version=&#8221;4.17.4&#8243; _module_preset=&#8221;default&#8221; text_font=&#8221;lato-medium||||||||&#8221; text_text_color=&#8221;#e85e02&#8243; text_font_size=&#8221;40px&#8221; text_line_height=&#8221;1.1em&#8221; header_line_height=&#8221;0.9em&#8221; custom_margin=&#8221;||12px||false|false&#8221; custom_padding=&#8221;|13px||29px|false|false&#8221; custom_padding_tablet=&#8221;|13px||29px|false|false&#8221; custom_padding_phone=&#8221;|0px||15px|false|false&#8221; custom_padding_last_edited=&#8221;on|phone&#8221; text_font_size_tablet=&#8221;26px&#8221; text_font_size_phone=&#8221;17px&#8221; text_font_size_last_edited=&#8221;on|phone&#8221; global_colors_info=&#8221;{}&#8221;]<\/p>\n<p style=\"text-align: left;\"><span style=\"font-weight: 400;\">Na HTL Hot\u00e9is acreditamos no equilibro exato entre as motiva\u00e7\u00f5es do viajante e a execu\u00e7\u00e3o do servi\u00e7o.<\/span><\/p>\n<p>[\/et_pb_text][et_pb_text content_tablet=&#8221;<\/p>\n<p style=%22text-align: justify; word-break: break-word;%22><span style=%22font-weight: 400;%22>\u00c9 por este motivo que focamos nossos esfor\u00e7os em melhorar a experi\u00eancia do H\u00f3spede, desde o instante em que come\u00e7a o sonho dele com algum de nossos destinos, ouvindo suas sugest\u00f5es por perto e celebrando sua completa satisfa\u00e7\u00e3o ao nos despedir dele at\u00e9 um novo encontro.<\/span><\/p>\n<p>&#8221; content_phone=&#8221;<\/p>\n<p style=%22text-align: justify; word-break: break-word;%22><span style=%22font-weight: 400;%22>\u00c9 por este motivo que focamos nossos esfor\u00e7os em melhorar a experi\u00eancia do H\u00f3spede, desde o instante em que come\u00e7a o sonho dele com algum de nossos destinos, ouvindo suas sugest\u00f5es por perto e celebrando sua completa satisfa\u00e7\u00e3o ao nos despedir dele at\u00e9 um novo encontro.<\/span><\/p>\n<p>&#8221; content_last_edited=&#8221;on|phone&#8221; module_class=&#8221;textovision&#8221; _builder_version=&#8221;4.17.4&#8243; _module_preset=&#8221;default&#8221; text_font=&#8221;lato-regular||||||||&#8221; text_font_size=&#8221;18px&#8221; text_line_height=&#8221;1.4em&#8221; custom_padding=&#8221;|13px|0px|29px|false|false&#8221; custom_padding_tablet=&#8221;|13px||29px|false|false&#8221; custom_padding_phone=&#8221;|10px||15px|false|false&#8221; custom_padding_last_edited=&#8221;on|phone&#8221; text_font_size_tablet=&#8221;16px&#8221; text_font_size_phone=&#8221;15px&#8221; text_font_size_last_edited=&#8221;on|phone&#8221; global_colors_info=&#8221;{}&#8221;]<\/p>\n<p style=\"text-align: justify;hyphens: auto;\"><span style=\"font-weight: 400;\">\u00c9 por este motivo que focamos nossos esfor\u00e7os em melhorar a experi\u00eancia do H\u00f3spede, desde o instante em que come\u00e7a o sonho dele com algum de nossos destinos, ouvindo suas sugest\u00f5es por perto e celebrando sua completa satisfa\u00e7\u00e3o ao nos despedir dele at\u00e9 um novo encontro.<\/span><\/p>\n<p>[\/et_pb_text][et_pb_text content_tablet=&#8221;<\/p>\n<p style=%22text-align: justify;%22><span style=%22font-weight: 400;%22>Junto com Nosso Staff, Fornecedores e Partners Estrat\u00e9gicos, geramos uma estrutura fi\u00e1vel e s\u00f3lida, focada em dar respostas adequadas e certeiras aos desafios que imp\u00f5e nossa apaixonante atividade. Procuramos sempre estar um passo na frente na ind\u00fastria que nos apaixona, e desta forma poder concretar de um jeito mais aconchegante e eficiente cada um dos sonhos dos viajantes que nos escolhem.<\/span><\/p>\n<p>&#8221; content_phone=&#8221;<\/p>\n<p style=%22text-align: justify;hyphens: auto;%22><span style=%22font-weight: 400;%22>Junto com Nosso Staff, Fornecedores e Partners Estrat\u00e9gicos, geramos uma estrutura fi\u00e1vel e s\u00f3lida, focada em dar respostas adequadas e certeiras aos desafios que imp\u00f5e nossa apaixonante atividade. Procuramos sempre estar um passo na frente na ind\u00fastria que nos apaixona, e desta forma poder concretar de um jeito mais aconchegante e eficiente cada um dos sonhos dos viajantes que nos escolhem.<\/span><\/p>\n<p>&#8221; content_last_edited=&#8221;on|phone&#8221; module_class=&#8221;textovision2&#8243; _builder_version=&#8221;4.17.4&#8243; _module_preset=&#8221;default&#8221; text_font=&#8221;lato-regular||||||||&#8221; text_font_size=&#8221;18px&#8221; text_line_height=&#8221;1.4em&#8221; custom_padding=&#8221;|13px|0px|29px|false|false&#8221; custom_padding_tablet=&#8221;|13px||29px|false|false&#8221; custom_padding_phone=&#8221;|10px||15px|false|false&#8221; custom_padding_last_edited=&#8221;on|phone&#8221; text_font_size_tablet=&#8221;16px&#8221; text_font_size_phone=&#8221;15px&#8221; text_font_size_last_edited=&#8221;on|desktop&#8221; global_colors_info=&#8221;{}&#8221;]<\/p>\n<p style=\"text-align: justify;hyphens: auto;\"><span style=\"font-weight: 400;\">Junto com Nosso Staff, Fornecedores e Partners Estrat\u00e9gicos, geramos uma estrutura fi\u00e1vel e s\u00f3lida, focada em dar respostas adequadas e certeiras aos desafios que imp\u00f5e nossa apaixonante atividade. Procuramos sempre estar um passo na frente na ind\u00fastria que nos apaixona, e desta forma poder concretar de um jeito mais aconchegante e eficiente cada um dos sonhos dos viajantes que nos escolhem.<\/span><\/p>\n<p>[\/et_pb_text][\/et_pb_column][\/et_pb_row][\/et_pb_section]<\/p>\n","protected":false},"excerpt":{"rendered":"<p>Na HTL Hot\u00e9is acreditamos no equilibro exato entre as motiva\u00e7\u00f5es do viajante e a execu\u00e7\u00e3o do servi\u00e7o.\u00c9 por este motivo que focamos nossos esfor\u00e7os em melhorar a experi\u00eancia do H\u00f3spede, desde o instante em que come\u00e7a o sonho dele com algum de nossos destinos, ouvindo suas sugest\u00f5es por perto e celebrando sua completa satisfa\u00e7\u00e3o ao [&hellip;]<\/p>\n","protected":false},"author":2,"featured_media":0,"parent":0,"menu_order":0,"comment_status":"closed","ping_status":"closed","template":"","meta":{"_et_pb_use_builder":"on","_et_pb_old_content":"","_et_gb_content_width":"","footnotes":""},"class_list":["post-979","page","type-page","status-publish","hentry"],"yoast_head":"<!-- This site is optimized with the Yoast SEO plugin v27.4 - https:\/\/yoast.com\/product\/yoast-seo-wordpress\/ -->\n<title>VIS\u00c3O - HTL Hoteles<\/title>\n<meta name=\"robots\" content=\"index, follow, max-snippet:-1, max-image-preview:large, max-video-preview:-1\" \/>\n<link rel=\"canonical\" href=\"https:\/\/htlhoteles.com\/gerenciamiento\/pt\/visao\/\" \/>\n<meta property=\"og:locale\" content=\"es_ES\" \/>\n<meta property=\"og:type\" content=\"article\" \/>\n<meta property=\"og:title\" content=\"VIS\u00c3O - HTL Hoteles\" \/>\n<meta property=\"og:description\" content=\"Na HTL Hot\u00e9is acreditamos no equilibro exato entre as motiva\u00e7\u00f5es do viajante e a execu\u00e7\u00e3o do servi\u00e7o.\u00c9 por este motivo que focamos nossos esfor\u00e7os em melhorar a experi\u00eancia do H\u00f3spede, desde o instante em que come\u00e7a o sonho dele com algum de nossos destinos, ouvindo suas sugest\u00f5es por perto e celebrando sua completa satisfa\u00e7\u00e3o ao [&hellip;]\" \/>\n<meta property=\"og:url\" content=\"https:\/\/htlhoteles.com\/gerenciamiento\/pt\/visao\/\" \/>\n<meta property=\"og:site_name\" content=\"HTL Hoteles\" \/>\n<meta property=\"article:modified_time\" content=\"2022-08-22T20:10:15+00:00\" \/>\n<meta name=\"twitter:card\" content=\"summary_large_image\" \/>\n<meta name=\"twitter:label1\" content=\"Tiempo de lectura\" \/>\n\t<meta name=\"twitter:data1\" content=\"6 minutos\" \/>\n<script type=\"application\/ld+json\" class=\"yoast-schema-graph\">{\"@context\":\"https:\\\/\\\/schema.org\",\"@graph\":[{\"@type\":\"WebPage\",\"@id\":\"https:\\\/\\\/htlhoteles.com\\\/gerenciamiento\\\/pt\\\/visao\\\/\",\"url\":\"https:\\\/\\\/htlhoteles.com\\\/gerenciamiento\\\/pt\\\/visao\\\/\",\"name\":\"VIS\u00c3O - HTL Hoteles\",\"isPartOf\":{\"@id\":\"https:\\\/\\\/htlhoteles.com\\\/gerenciamiento\\\/#website\"},\"datePublished\":\"2022-05-17T11:59:16+00:00\",\"dateModified\":\"2022-08-22T20:10:15+00:00\",\"breadcrumb\":{\"@id\":\"https:\\\/\\\/htlhoteles.com\\\/gerenciamiento\\\/pt\\\/visao\\\/#breadcrumb\"},\"inLanguage\":\"es-AR\",\"potentialAction\":[{\"@type\":\"ReadAction\",\"target\":[\"https:\\\/\\\/htlhoteles.com\\\/gerenciamiento\\\/pt\\\/visao\\\/\"]}]},{\"@type\":\"BreadcrumbList\",\"@id\":\"https:\\\/\\\/htlhoteles.com\\\/gerenciamiento\\\/pt\\\/visao\\\/#breadcrumb\",\"itemListElement\":[{\"@type\":\"ListItem\",\"position\":1,\"name\":\"Portada\",\"item\":\"https:\\\/\\\/htlhoteles.com\\\/gerenciamiento\\\/\"},{\"@type\":\"ListItem\",\"position\":2,\"name\":\"VIS\u00c3O\"}]},{\"@type\":\"WebSite\",\"@id\":\"https:\\\/\\\/htlhoteles.com\\\/gerenciamiento\\\/#website\",\"url\":\"https:\\\/\\\/htlhoteles.com\\\/gerenciamiento\\\/\",\"name\":\"HTL Hoteles\",\"description\":\"Gerenciamiento Hotelero\",\"publisher\":{\"@id\":\"https:\\\/\\\/htlhoteles.com\\\/gerenciamiento\\\/#organization\"},\"potentialAction\":[{\"@type\":\"SearchAction\",\"target\":{\"@type\":\"EntryPoint\",\"urlTemplate\":\"https:\\\/\\\/htlhoteles.com\\\/gerenciamiento\\\/?s={search_term_string}\"},\"query-input\":{\"@type\":\"PropertyValueSpecification\",\"valueRequired\":true,\"valueName\":\"search_term_string\"}}],\"inLanguage\":\"es-AR\"},{\"@type\":\"Organization\",\"@id\":\"https:\\\/\\\/htlhoteles.com\\\/gerenciamiento\\\/#organization\",\"name\":\"HTL Hoteles\",\"url\":\"https:\\\/\\\/htlhoteles.com\\\/gerenciamiento\\\/\",\"logo\":{\"@type\":\"ImageObject\",\"inLanguage\":\"es-AR\",\"@id\":\"https:\\\/\\\/htlhoteles.com\\\/gerenciamiento\\\/#\\\/schema\\\/logo\\\/image\\\/\",\"url\":\"https:\\\/\\\/htlhoteles.com\\\/gerenciamiento\\\/wp-content\\\/uploads\\\/2022\\\/07\\\/logo-asociados.webp\",\"contentUrl\":\"https:\\\/\\\/htlhoteles.com\\\/gerenciamiento\\\/wp-content\\\/uploads\\\/2022\\\/07\\\/logo-asociados.webp\",\"width\":216,\"height\":70,\"caption\":\"HTL Hoteles\"},\"image\":{\"@id\":\"https:\\\/\\\/htlhoteles.com\\\/gerenciamiento\\\/#\\\/schema\\\/logo\\\/image\\\/\"}}]}<\/script>\n<!-- \/ Yoast SEO plugin. -->","yoast_head_json":{"title":"VIS\u00c3O - HTL Hoteles","robots":{"index":"index","follow":"follow","max-snippet":"max-snippet:-1","max-image-preview":"max-image-preview:large","max-video-preview":"max-video-preview:-1"},"canonical":"https:\/\/htlhoteles.com\/gerenciamiento\/pt\/visao\/","og_locale":"es_ES","og_type":"article","og_title":"VIS\u00c3O - HTL Hoteles","og_description":"Na HTL Hot\u00e9is acreditamos no equilibro exato entre as motiva\u00e7\u00f5es do viajante e a execu\u00e7\u00e3o do servi\u00e7o.\u00c9 por este motivo que focamos nossos esfor\u00e7os em melhorar a experi\u00eancia do H\u00f3spede, desde o instante em que come\u00e7a o sonho dele com algum de nossos destinos, ouvindo suas sugest\u00f5es por perto e celebrando sua completa satisfa\u00e7\u00e3o ao [&hellip;]","og_url":"https:\/\/htlhoteles.com\/gerenciamiento\/pt\/visao\/","og_site_name":"HTL Hoteles","article_modified_time":"2022-08-22T20:10:15+00:00","twitter_card":"summary_large_image","twitter_misc":{"Tiempo de lectura":"6 minutos"},"schema":{"@context":"https:\/\/schema.org","@graph":[{"@type":"WebPage","@id":"https:\/\/htlhoteles.com\/gerenciamiento\/pt\/visao\/","url":"https:\/\/htlhoteles.com\/gerenciamiento\/pt\/visao\/","name":"VIS\u00c3O - HTL Hoteles","isPartOf":{"@id":"https:\/\/htlhoteles.com\/gerenciamiento\/#website"},"datePublished":"2022-05-17T11:59:16+00:00","dateModified":"2022-08-22T20:10:15+00:00","breadcrumb":{"@id":"https:\/\/htlhoteles.com\/gerenciamiento\/pt\/visao\/#breadcrumb"},"inLanguage":"es-AR","potentialAction":[{"@type":"ReadAction","target":["https:\/\/htlhoteles.com\/gerenciamiento\/pt\/visao\/"]}]},{"@type":"BreadcrumbList","@id":"https:\/\/htlhoteles.com\/gerenciamiento\/pt\/visao\/#breadcrumb","itemListElement":[{"@type":"ListItem","position":1,"name":"Portada","item":"https:\/\/htlhoteles.com\/gerenciamiento\/"},{"@type":"ListItem","position":2,"name":"VIS\u00c3O"}]},{"@type":"WebSite","@id":"https:\/\/htlhoteles.com\/gerenciamiento\/#website","url":"https:\/\/htlhoteles.com\/gerenciamiento\/","name":"HTL Hoteles","description":"Gerenciamiento Hotelero","publisher":{"@id":"https:\/\/htlhoteles.com\/gerenciamiento\/#organization"},"potentialAction":[{"@type":"SearchAction","target":{"@type":"EntryPoint","urlTemplate":"https:\/\/htlhoteles.com\/gerenciamiento\/?s={search_term_string}"},"query-input":{"@type":"PropertyValueSpecification","valueRequired":true,"valueName":"search_term_string"}}],"inLanguage":"es-AR"},{"@type":"Organization","@id":"https:\/\/htlhoteles.com\/gerenciamiento\/#organization","name":"HTL Hoteles","url":"https:\/\/htlhoteles.com\/gerenciamiento\/","logo":{"@type":"ImageObject","inLanguage":"es-AR","@id":"https:\/\/htlhoteles.com\/gerenciamiento\/#\/schema\/logo\/image\/","url":"https:\/\/htlhoteles.com\/gerenciamiento\/wp-content\/uploads\/2022\/07\/logo-asociados.webp","contentUrl":"https:\/\/htlhoteles.com\/gerenciamiento\/wp-content\/uploads\/2022\/07\/logo-asociados.webp","width":216,"height":70,"caption":"HTL Hoteles"},"image":{"@id":"https:\/\/htlhoteles.com\/gerenciamiento\/#\/schema\/logo\/image\/"}}]}},"_links":{"self":[{"href":"https:\/\/htlhoteles.com\/gerenciamiento\/wp-json\/wp\/v2\/pages\/979","targetHints":{"allow":["GET"]}}],"collection":[{"href":"https:\/\/htlhoteles.com\/gerenciamiento\/wp-json\/wp\/v2\/pages"}],"about":[{"href":"https:\/\/htlhoteles.com\/gerenciamiento\/wp-json\/wp\/v2\/types\/page"}],"author":[{"embeddable":true,"href":"https:\/\/htlhoteles.com\/gerenciamiento\/wp-json\/wp\/v2\/users\/2"}],"replies":[{"embeddable":true,"href":"https:\/\/htlhoteles.com\/gerenciamiento\/wp-json\/wp\/v2\/comments?post=979"}],"version-history":[{"count":12,"href":"https:\/\/htlhoteles.com\/gerenciamiento\/wp-json\/wp\/v2\/pages\/979\/revisions"}],"predecessor-version":[{"id":2929,"href":"https:\/\/htlhoteles.com\/gerenciamiento\/wp-json\/wp\/v2\/pages\/979\/revisions\/2929"}],"wp:attachment":[{"href":"https:\/\/htlhoteles.com\/gerenciamiento\/wp-json\/wp\/v2\/media?parent=979"}],"curies":[{"name":"wp","href":"https:\/\/api.w.org\/{rel}","templated":true}]}}