{"id":1610,"date":"2022-05-24T18:01:24","date_gmt":"2022-05-24T21:01:24","guid":{"rendered":"http:\/\/vps-2799337-x.dattaweb.com\/gerenciamiento\/?page_id=1610"},"modified":"2022-08-10T09:46:21","modified_gmt":"2022-08-10T12:46:21","slug":"valor","status":"publish","type":"page","link":"https:\/\/htlhoteles.com\/gerenciamiento\/valor\/","title":{"rendered":"VALOR"},"content":{"rendered":"<p>[et_pb_section fb_built=&#8221;1&#8243; custom_padding_last_edited=&#8221;on|phone&#8221; disabled_on=&#8221;off|off|off&#8221; admin_label=&#8221;Header&#8221; _builder_version=&#8221;4.17.4&#8243; background_color=&#8221;#f9ddc8&#8243; background_color_gradient_start=&#8221;#000000&#8243; background_color_gradient_end=&#8221;rgba(0,0,0,0.6)&#8221; background_image=&#8221;https:\/\/htlhoteles.com\/gerenciamiento\/wp-content\/uploads\/2022\/07\/VALOR.jpg&#8221; background_enable_video_mp4=&#8221;off&#8221; min_height=&#8221;460px&#8221; min_height_tablet=&#8221;360px&#8221; min_height_phone=&#8221;400px&#8221; min_height_last_edited=&#8221;on|desktop&#8221; custom_margin=&#8221;||||false&#8221; custom_padding=&#8221;1px||1px||true|false&#8221; custom_padding_tablet=&#8221;50px||0px||false|false&#8221; custom_padding_phone=&#8221;50px||50px||true|false&#8221; background_last_edited=&#8221;on|phone&#8221; background_size_phone=&#8221;cover&#8221; background_image_height_tablet=&#8221;0%&#8221; background_image_height_phone=&#8221;4%&#8221; background_enable_video_mp4_tablet=&#8221;off&#8221; global_colors_info=&#8221;{}&#8221;][et_pb_row custom_padding_last_edited=&#8221;off|phone&#8221; disabled_on=&#8221;off|off|off&#8221; _builder_version=&#8221;4.17.4&#8243; _module_preset=&#8221;default&#8221; width=&#8221;86%&#8221; max_width=&#8221;1280px&#8221; custom_margin=&#8221;||||false|false&#8221; custom_margin_tablet=&#8221;||||false|false&#8221; custom_margin_phone=&#8221;||||false|false&#8221; custom_margin_last_edited=&#8221;off|phone&#8221; custom_padding=&#8221;0px||0px||true|false&#8221; custom_padding_tablet=&#8221;||||false|false&#8221; custom_padding_phone=&#8221;||||false|false&#8221; global_colors_info=&#8221;{}&#8221;][et_pb_column type=&#8221;4_4&#8243; _builder_version=&#8221;4.17.4&#8243; _module_preset=&#8221;default&#8221; global_colors_info=&#8221;{}&#8221;][et_pb_image src=&#8221;https:\/\/htlhoteles.com\/gerenciamiento\/wp-content\/uploads\/2022\/07\/htl-h-1-1-1.png&#8221; title_text=&#8221;htl-h-1-1&#8243; align=&#8221;center&#8221; module_class=&#8221;img-htl&#8221; _builder_version=&#8221;4.17.6&#8243; _module_preset=&#8221;default&#8221; custom_padding=&#8221;0px||0px||true|false&#8221; custom_padding_last_edited=&#8221;off|desktop&#8221; hover_enabled=&#8221;0&#8243; global_colors_info=&#8221;{}&#8221; custom_css_main_element=&#8221;@media(max-width){||  .img-htl{||    width: 58%;||  }||}&#8221; sticky_enabled=&#8221;0&#8243;][\/et_pb_image][\/et_pb_column][\/et_pb_row][et_pb_row custom_padding_last_edited=&#8221;off|phone&#8221; disabled_on=&#8221;off|off|off&#8221; module_class=&#8221;filatitulotablet2 filatitulotablet2valor&#8221; _builder_version=&#8221;4.17.4&#8243; _module_preset=&#8221;default&#8221; width=&#8221;86%&#8221; max_width=&#8221;1280px&#8221; custom_margin=&#8221;||||false|false&#8221; custom_margin_tablet=&#8221;||||false|false&#8221; custom_margin_phone=&#8221;||||false|false&#8221; custom_margin_last_edited=&#8221;off|phone&#8221; custom_padding=&#8221;||||false|false&#8221; custom_padding_tablet=&#8221;||||false|false&#8221; custom_padding_phone=&#8221;||||false|false&#8221; global_colors_info=&#8221;{}&#8221;][et_pb_column type=&#8221;4_4&#8243; _builder_version=&#8221;4.17.4&#8243; _module_preset=&#8221;default&#8221; global_colors_info=&#8221;{}&#8221;][et_pb_code raw_content_tablet=&#8221;  <span class=%22aboutnaranja%22>Valor<\/span>&#8221; raw_content_phone=&#8221;  <span class=%22aboutnaranja%22>Valor<\/span>&#8221; raw_content_last_edited=&#8221;on|tablet&#8221; disabled_on=&#8221;off|off|off&#8221; module_class=&#8221;aboutnosotros&#8221; _builder_version=&#8221;4.17.4&#8243; _module_preset=&#8221;default&#8221; animation_style=&#8221;fold&#8221; animation_direction=&#8221;left&#8221; global_colors_info=&#8221;{}&#8221;]  <span class=\"aboutnaranja\">Valor<\/span>[\/et_pb_code][\/et_pb_column][\/et_pb_row][\/et_pb_section][et_pb_section fb_built=&#8221;1&#8243; admin_label=&#8221;Contact Info&#8221; _builder_version=&#8221;4.16&#8243; background_color=&#8221;#d8d8d8&#8243; min_height=&#8221;145.6px&#8221; global_colors_info=&#8221;{}&#8221;][et_pb_row module_class=&#8221;sectioncuerponew&#8221; _builder_version=&#8221;4.17.4&#8243; background_color=&#8221;#ffffff&#8221; width=&#8221;86%&#8221; max_width=&#8221;1280px&#8221; custom_margin=&#8221;||||false|false&#8221; custom_padding=&#8221;||||true|true&#8221; animation_style=&#8221;zoom&#8221; animation_intensity_zoom=&#8221;20%&#8221; border_width_all=&#8221;3px&#8221; border_color_all=&#8221;#eff5f7&#8243; box_shadow_style=&#8221;preset3&#8243; box_shadow_vertical=&#8221;40px&#8221; box_shadow_blur=&#8221;60px&#8221; box_shadow_spread=&#8221;-10px&#8221; box_shadow_color=&#8221;rgba(0,0,0,0.03)&#8221; use_custom_width=&#8221;on&#8221; custom_width_px=&#8221;1280px&#8221; global_colors_info=&#8221;{}&#8221;][et_pb_column type=&#8221;4_4&#8243; _builder_version=&#8221;4.16&#8243; custom_padding=&#8221;|||&#8221; global_colors_info=&#8221;{}&#8221; custom_padding__hover=&#8221;|||&#8221;][et_pb_code module_class=&#8221;migajabox&#8221; _builder_version=&#8221;4.16&#8243; _module_preset=&#8221;default&#8221; custom_margin=&#8221;||||false|false&#8221; custom_padding=&#8221;|||30px|false|false&#8221; custom_padding_tablet=&#8221;|||8px|false|false&#8221; custom_padding_phone=&#8221;|||8px|false|false&#8221; custom_padding_last_edited=&#8221;on|phone&#8221; global_colors_info=&#8221;{}&#8221;]<\/p>\n<style><!-- [et_pb_line_break_holder] -->  ul.migaja li{<!-- [et_pb_line_break_holder] -->    display:inline-block;<!-- [et_pb_line_break_holder] -->    padding-right:5px;<!-- [et_pb_line_break_holder] -->    font-size:16px;<!-- [et_pb_line_break_holder] -->    color:;<!-- [et_pb_line_break_holder] -->  }<!-- [et_pb_line_break_holder] -->  <!-- [et_pb_line_break_holder] -->    ul.migaja li a{<!-- [et_pb_line_break_holder] -->    font-family:'lato-medium';  <!-- [et_pb_line_break_holder] -->    color:#e85e02;<!-- [et_pb_line_break_holder] -->  }<!-- [et_pb_line_break_holder] --><\/style>\n<p><!-- [et_pb_line_break_holder] --><!-- [et_pb_line_break_holder] --><\/p>\n<ul class=\"migaja\"><!-- [et_pb_line_break_holder] -->  <\/p>\n<li><!-- [et_pb_line_break_holder] -->  \t<a href=\"http:\/\/vps-2799337-x.dattaweb.com\/gerenciamiento\">Home ><\/a><!-- [et_pb_line_break_holder] -->  <\/li>\n<p><!-- [et_pb_line_break_holder] -->  <!-- [et_pb_line_break_holder] -->  <\/p>\n<li><!-- [et_pb_line_break_holder] -->  \t<a href=\"#\">Valor<\/a><!-- [et_pb_line_break_holder] -->  <\/li>\n<p><!-- [et_pb_line_break_holder] --><\/ul>\n<p>[\/et_pb_code][et_pb_code module_class=&#8221;lineavalor&#8221; _builder_version=&#8221;4.16&#8243; _module_preset=&#8221;default&#8221; custom_margin=&#8221;||||false|false&#8221; global_colors_info=&#8221;{}&#8221;]<\/p>\n<hr style=\"height:8px;background:#e85e02;border-radius:3px;border:solid #e85e02 1px\">[\/et_pb_code][et_pb_text module_class=&#8221;titlevision&#8221; _builder_version=&#8221;4.17.4&#8243; _module_preset=&#8221;default&#8221; text_font=&#8221;lato-medium||||||||&#8221; text_text_color=&#8221;#e85e02&#8243; text_font_size=&#8221;40px&#8221; text_line_height=&#8221;1.1em&#8221; header_line_height=&#8221;0.9em&#8221; custom_margin=&#8221;||12px||false|false&#8221; custom_padding=&#8221;|13px||29px|false|false&#8221; custom_padding_tablet=&#8221;|13px||29px|false|false&#8221; custom_padding_phone=&#8221;|10px||15px|false|false&#8221; custom_padding_last_edited=&#8221;on|phone&#8221; text_font_size_tablet=&#8221;26px&#8221; text_font_size_phone=&#8221;17px&#8221; text_font_size_last_edited=&#8221;on|phone&#8221; global_colors_info=&#8221;{}&#8221;]<\/p>\n<p style=\"text-align: justify;\">IDENTIDAD<\/p>\n<p>[\/et_pb_text][et_pb_text content_tablet=&#8221;<\/p>\n<p style=%22text-align: justify;%22>Nuestros conceptos otorgan la posibilidad de reconvertir la operaci\u00f3n de un hotel tradicional en una propuesta diferenciadora del destino, cuyo principal beneficio ser\u00e1 el incremento de la rentabilidad como resultado de una marcada eficiencia operativa, acompa\u00f1ada de una distribuci\u00f3n. Con\u00f3celos.<\/p>\n<p>&#8221; content_phone=&#8221;<\/p>\n<p style=%22hyphens: auto; text-align: justify;hyphens:auto;%22>Nuestros conceptos otorgan la posibilidad de reconvertir la operaci\u00f3n de un hotel tradicional en una propuesta diferenciadora del destino, cuyo principal beneficio ser\u00e1 el incremento de la rentabilidad como resultado de una marcada eficiencia operativa, acompa\u00f1ada de una distribuci\u00f3n. Con\u00f3celos.<\/p>\n<p>&#8221; content_last_edited=&#8221;on|phone&#8221; module_class=&#8221;textovalor&#8221; _builder_version=&#8221;4.17.4&#8243; _module_preset=&#8221;default&#8221; text_font=&#8221;lato-regular||||||||&#8221; text_font_size=&#8221;18px&#8221; text_line_height=&#8221;1.4em&#8221; custom_padding=&#8221;|13px|0px|29px|false|false&#8221; custom_padding_tablet=&#8221;|13px||29px|false|false&#8221; custom_padding_phone=&#8221;|10px||15px|false|false&#8221; custom_padding_last_edited=&#8221;on|phone&#8221; text_font_size_tablet=&#8221;16px&#8221; text_font_size_phone=&#8221;15px&#8221; text_font_size_last_edited=&#8221;on|desktop&#8221; global_colors_info=&#8221;{}&#8221;]<\/p>\n<p style=\"text-align: justify;\">Nuestros conceptos otorgan la posibilidad de reconvertir la operaci\u00f3n de un hotel tradicional en una propuesta diferenciadora del destino, cuyo principal beneficio ser\u00e1 el incremento de la rentabilidad como resultado de una marcada eficiencia operativa, acompa\u00f1ada de una distribuci\u00f3n. Con\u00f3celos.<\/p>\n<p>[\/et_pb_text][et_pb_text module_class=&#8221;titlevision&#8221; _builder_version=&#8221;4.17.4&#8243; _module_preset=&#8221;default&#8221; text_font=&#8221;lato-medium||||||||&#8221; text_text_color=&#8221;#e85e02&#8243; text_font_size=&#8221;40px&#8221; text_line_height=&#8221;1.1em&#8221; header_line_height=&#8221;0.9em&#8221; custom_margin=&#8221;||12px||false|false&#8221; custom_padding=&#8221;|13px||29px|false|false&#8221; custom_padding_tablet=&#8221;|13px||29px|false|false&#8221; custom_padding_phone=&#8221;|10px||15px|false|false&#8221; custom_padding_last_edited=&#8221;on|phone&#8221; text_font_size_tablet=&#8221;26px&#8221; text_font_size_phone=&#8221;17px&#8221; text_font_size_last_edited=&#8221;on|phone&#8221; global_colors_info=&#8221;{}&#8221;]<\/p>\n<p style=\"text-align: justify;\">EFICIENCIAS<\/p>\n<p>[\/et_pb_text][et_pb_text content_tablet=&#8221;<\/p>\n<p style=%22text-align: justify;%22>Nuestros departamentos centralizados, conformados por referentes con marcada experiencia en el sector, ser\u00e1n los conductores para que cada meta planteada pase a ser parte de la cotidianeidad de la operaci\u00f3n.<\/p>\n<p>&#8221; content_phone=&#8221;<\/p>\n<p style=%22hyphens: auto; text-align: justify;hyphens:auto;%22>Nuestros departamentos centralizados, conformados por referentes con marcada experiencia en el sector, ser\u00e1n los conductores para que cada meta planteada pase a ser parte de la cotidianeidad de la operaci\u00f3n.<\/p>\n<p>&#8221; content_last_edited=&#8221;on|phone&#8221; module_class=&#8221;textovalor&#8221; _builder_version=&#8221;4.17.4&#8243; _module_preset=&#8221;default&#8221; text_font=&#8221;lato-regular||||||||&#8221; text_font_size=&#8221;18px&#8221; text_line_height=&#8221;1.4em&#8221; custom_padding=&#8221;|13px|0px|29px|false|false&#8221; custom_padding_tablet=&#8221;|13px|0px|29px|false|false&#8221; custom_padding_phone=&#8221;|10px||15px|false|false&#8221; custom_padding_last_edited=&#8221;on|phone&#8221; text_font_size_tablet=&#8221;16px&#8221; text_font_size_phone=&#8221;15px&#8221; text_font_size_last_edited=&#8221;on|phone&#8221; global_colors_info=&#8221;{}&#8221;]<\/p>\n<p style=\"text-align: justify;\">Nuestros departamentos centralizados, conformados por referentes con marcada experiencia en el sector, ser\u00e1n los conductores para que cada meta planteada pase a ser parte de la cotidianeidad de la operaci\u00f3n.<\/p>\n<p>[\/et_pb_text][et_pb_text module_class=&#8221;titlevision&#8221; _builder_version=&#8221;4.17.4&#8243; _module_preset=&#8221;default&#8221; text_font=&#8221;lato-medium||||||||&#8221; text_text_color=&#8221;#e85e02&#8243; text_font_size=&#8221;40px&#8221; text_line_height=&#8221;1.1em&#8221; header_line_height=&#8221;0.9em&#8221; custom_margin=&#8221;||12px||false|false&#8221; custom_padding=&#8221;|||29px|false|false&#8221; custom_padding_tablet=&#8221;|||13px|false|false&#8221; custom_padding_phone=&#8221;|10px||15px|false|false&#8221; custom_padding_last_edited=&#8221;on|phone&#8221; text_font_size_tablet=&#8221;26px&#8221; text_font_size_phone=&#8221;17px&#8221; text_font_size_last_edited=&#8221;on|phone&#8221; global_colors_info=&#8221;{}&#8221;]<\/p>\n<p style=\"text-align: justify;\">OPTIMIZACI\u00d3N<\/p>\n<p>[\/et_pb_text][et_pb_text content_tablet=&#8221;<\/p>\n<p style=%22text-align: justify;hyphens: auto;%22>Contamos con un ecosistema tecnol\u00f3gico integrado y un sistema de operaci\u00f3n desarrollado en funci\u00f3n del mismo, lo que nos confiere la posibilidad de realizar una r\u00e1pida implementaci\u00f3n de nuestro esquema de trabajo en nuevas propiedades, logrando en un corto lapso de tiempo adecuar la estructura de Tu Hotel para llevarlo a un pr\u00f3ximo nivel.<\/p>\n<p>&#8221; content_phone=&#8221;<\/p>\n<p style=%22hyphens: auto; text-align: justify;hyphens:auto;%22>Contamos con un ecosistema tecnol\u00f3gico integrado y un sistema de operaci\u00f3n desarrollado en funci\u00f3n del mismo, lo que nos confiere la posibilidad de realizar una r\u00e1pida implementaci\u00f3n de nuestro esquema de trabajo en nuevas propiedades, logrando en un corto lapso de tiempo adecuar la estructura de Tu Hotel para llevarlo a un pr\u00f3ximo nivel.<\/p>\n<p>&#8221; content_last_edited=&#8221;on|phone&#8221; module_class=&#8221;textovalor&#8221; _builder_version=&#8221;4.17.4&#8243; _module_preset=&#8221;default&#8221; text_font=&#8221;lato-regular||||||||&#8221; text_font_size=&#8221;18px&#8221; text_line_height=&#8221;1.4em&#8221; custom_padding=&#8221;|13px|0px|29px|false|false&#8221; custom_padding_tablet=&#8221;|13px|0px|29px|false|false&#8221; custom_padding_phone=&#8221;|10px|25px|15px|false|false&#8221; custom_padding_last_edited=&#8221;on|phone&#8221; text_font_size_tablet=&#8221;16px&#8221; text_font_size_phone=&#8221;15px&#8221; text_font_size_last_edited=&#8221;on|phone&#8221; global_colors_info=&#8221;{}&#8221;]<\/p>\n<p style=\"text-align: justify;\">Contamos con un ecosistema tecnol\u00f3gico integrado y un sistema de operaci\u00f3n desarrollado en funci\u00f3n del mismo, lo que nos confiere la posibilidad de realizar una r\u00e1pida implementaci\u00f3n de nuestro esquema de trabajo en nuevas propiedades, logrando en un corto lapso de tiempo adecuar la estructura de Tu Hotel para llevarlo a un pr\u00f3ximo nivel.<\/p>\n<p>[\/et_pb_text][\/et_pb_column][\/et_pb_row][\/et_pb_section]<\/p>\n","protected":false},"excerpt":{"rendered":"<p>IDENTIDADNuestros conceptos otorgan la posibilidad de reconvertir la operaci\u00f3n de un hotel tradicional en una propuesta diferenciadora del destino, cuyo principal beneficio ser\u00e1 el incremento de la rentabilidad como resultado de una marcada eficiencia operativa, acompa\u00f1ada de una distribuci\u00f3n. Con\u00f3celos.EFICIENCIASNuestros departamentos centralizados, conformados por referentes con marcada experiencia en el sector, ser\u00e1n los conductores para [&hellip;]<\/p>\n","protected":false},"author":2,"featured_media":0,"parent":0,"menu_order":0,"comment_status":"closed","ping_status":"closed","template":"","meta":{"_et_pb_use_builder":"on","_et_pb_old_content":"","_et_gb_content_width":"1080","footnotes":""},"class_list":["post-1610","page","type-page","status-publish","hentry"],"yoast_head":"<!-- This site is optimized with the Yoast SEO plugin v27.3 - https:\/\/yoast.com\/product\/yoast-seo-wordpress\/ -->\n<title>VALOR - HTL Hoteles<\/title>\n<meta name=\"robots\" content=\"index, follow, max-snippet:-1, max-image-preview:large, max-video-preview:-1\" \/>\n<link rel=\"canonical\" href=\"https:\/\/htlhoteles.com\/gerenciamiento\/valor\/\" \/>\n<meta property=\"og:locale\" content=\"es_ES\" \/>\n<meta property=\"og:type\" content=\"article\" \/>\n<meta property=\"og:title\" content=\"VALOR - HTL Hoteles\" \/>\n<meta property=\"og:description\" content=\"IDENTIDADNuestros conceptos otorgan la posibilidad de reconvertir la operaci\u00f3n de un hotel tradicional en una propuesta diferenciadora del destino, cuyo principal beneficio ser\u00e1 el incremento de la rentabilidad como resultado de una marcada eficiencia operativa, acompa\u00f1ada de una distribuci\u00f3n. Con\u00f3celos.EFICIENCIASNuestros departamentos centralizados, conformados por referentes con marcada experiencia en el sector, ser\u00e1n los conductores para [&hellip;]\" \/>\n<meta property=\"og:url\" content=\"https:\/\/htlhoteles.com\/gerenciamiento\/valor\/\" \/>\n<meta property=\"og:site_name\" content=\"HTL Hoteles\" \/>\n<meta property=\"article:modified_time\" content=\"2022-08-10T12:46:21+00:00\" \/>\n<meta name=\"twitter:card\" content=\"summary_large_image\" \/>\n<meta name=\"twitter:label1\" content=\"Tiempo de lectura\" \/>\n\t<meta name=\"twitter:data1\" content=\"7 minutos\" \/>\n<script type=\"application\/ld+json\" class=\"yoast-schema-graph\">{\"@context\":\"https:\\\/\\\/schema.org\",\"@graph\":[{\"@type\":\"WebPage\",\"@id\":\"https:\\\/\\\/htlhoteles.com\\\/gerenciamiento\\\/valor\\\/\",\"url\":\"https:\\\/\\\/htlhoteles.com\\\/gerenciamiento\\\/valor\\\/\",\"name\":\"VALOR - HTL Hoteles\",\"isPartOf\":{\"@id\":\"https:\\\/\\\/htlhoteles.com\\\/gerenciamiento\\\/#website\"},\"datePublished\":\"2022-05-24T21:01:24+00:00\",\"dateModified\":\"2022-08-10T12:46:21+00:00\",\"breadcrumb\":{\"@id\":\"https:\\\/\\\/htlhoteles.com\\\/gerenciamiento\\\/valor\\\/#breadcrumb\"},\"inLanguage\":\"es-AR\",\"potentialAction\":[{\"@type\":\"ReadAction\",\"target\":[\"https:\\\/\\\/htlhoteles.com\\\/gerenciamiento\\\/valor\\\/\"]}]},{\"@type\":\"BreadcrumbList\",\"@id\":\"https:\\\/\\\/htlhoteles.com\\\/gerenciamiento\\\/valor\\\/#breadcrumb\",\"itemListElement\":[{\"@type\":\"ListItem\",\"position\":1,\"name\":\"Portada\",\"item\":\"https:\\\/\\\/htlhoteles.com\\\/gerenciamiento\\\/\"},{\"@type\":\"ListItem\",\"position\":2,\"name\":\"VALOR\"}]},{\"@type\":\"WebSite\",\"@id\":\"https:\\\/\\\/htlhoteles.com\\\/gerenciamiento\\\/#website\",\"url\":\"https:\\\/\\\/htlhoteles.com\\\/gerenciamiento\\\/\",\"name\":\"HTL Hoteles\",\"description\":\"Gerenciamiento Hotelero\",\"publisher\":{\"@id\":\"https:\\\/\\\/htlhoteles.com\\\/gerenciamiento\\\/#organization\"},\"potentialAction\":[{\"@type\":\"SearchAction\",\"target\":{\"@type\":\"EntryPoint\",\"urlTemplate\":\"https:\\\/\\\/htlhoteles.com\\\/gerenciamiento\\\/?s={search_term_string}\"},\"query-input\":{\"@type\":\"PropertyValueSpecification\",\"valueRequired\":true,\"valueName\":\"search_term_string\"}}],\"inLanguage\":\"es-AR\"},{\"@type\":\"Organization\",\"@id\":\"https:\\\/\\\/htlhoteles.com\\\/gerenciamiento\\\/#organization\",\"name\":\"HTL Hoteles\",\"url\":\"https:\\\/\\\/htlhoteles.com\\\/gerenciamiento\\\/\",\"logo\":{\"@type\":\"ImageObject\",\"inLanguage\":\"es-AR\",\"@id\":\"https:\\\/\\\/htlhoteles.com\\\/gerenciamiento\\\/#\\\/schema\\\/logo\\\/image\\\/\",\"url\":\"https:\\\/\\\/htlhoteles.com\\\/gerenciamiento\\\/wp-content\\\/uploads\\\/2022\\\/07\\\/logo-asociados.webp\",\"contentUrl\":\"https:\\\/\\\/htlhoteles.com\\\/gerenciamiento\\\/wp-content\\\/uploads\\\/2022\\\/07\\\/logo-asociados.webp\",\"width\":216,\"height\":70,\"caption\":\"HTL Hoteles\"},\"image\":{\"@id\":\"https:\\\/\\\/htlhoteles.com\\\/gerenciamiento\\\/#\\\/schema\\\/logo\\\/image\\\/\"}}]}<\/script>\n<!-- \/ Yoast SEO plugin. -->","yoast_head_json":{"title":"VALOR - HTL Hoteles","robots":{"index":"index","follow":"follow","max-snippet":"max-snippet:-1","max-image-preview":"max-image-preview:large","max-video-preview":"max-video-preview:-1"},"canonical":"https:\/\/htlhoteles.com\/gerenciamiento\/valor\/","og_locale":"es_ES","og_type":"article","og_title":"VALOR - HTL Hoteles","og_description":"IDENTIDADNuestros conceptos otorgan la posibilidad de reconvertir la operaci\u00f3n de un hotel tradicional en una propuesta diferenciadora del destino, cuyo principal beneficio ser\u00e1 el incremento de la rentabilidad como resultado de una marcada eficiencia operativa, acompa\u00f1ada de una distribuci\u00f3n. Con\u00f3celos.EFICIENCIASNuestros departamentos centralizados, conformados por referentes con marcada experiencia en el sector, ser\u00e1n los conductores para [&hellip;]","og_url":"https:\/\/htlhoteles.com\/gerenciamiento\/valor\/","og_site_name":"HTL Hoteles","article_modified_time":"2022-08-10T12:46:21+00:00","twitter_card":"summary_large_image","twitter_misc":{"Tiempo de lectura":"7 minutos"},"schema":{"@context":"https:\/\/schema.org","@graph":[{"@type":"WebPage","@id":"https:\/\/htlhoteles.com\/gerenciamiento\/valor\/","url":"https:\/\/htlhoteles.com\/gerenciamiento\/valor\/","name":"VALOR - HTL Hoteles","isPartOf":{"@id":"https:\/\/htlhoteles.com\/gerenciamiento\/#website"},"datePublished":"2022-05-24T21:01:24+00:00","dateModified":"2022-08-10T12:46:21+00:00","breadcrumb":{"@id":"https:\/\/htlhoteles.com\/gerenciamiento\/valor\/#breadcrumb"},"inLanguage":"es-AR","potentialAction":[{"@type":"ReadAction","target":["https:\/\/htlhoteles.com\/gerenciamiento\/valor\/"]}]},{"@type":"BreadcrumbList","@id":"https:\/\/htlhoteles.com\/gerenciamiento\/valor\/#breadcrumb","itemListElement":[{"@type":"ListItem","position":1,"name":"Portada","item":"https:\/\/htlhoteles.com\/gerenciamiento\/"},{"@type":"ListItem","position":2,"name":"VALOR"}]},{"@type":"WebSite","@id":"https:\/\/htlhoteles.com\/gerenciamiento\/#website","url":"https:\/\/htlhoteles.com\/gerenciamiento\/","name":"HTL Hoteles","description":"Gerenciamiento Hotelero","publisher":{"@id":"https:\/\/htlhoteles.com\/gerenciamiento\/#organization"},"potentialAction":[{"@type":"SearchAction","target":{"@type":"EntryPoint","urlTemplate":"https:\/\/htlhoteles.com\/gerenciamiento\/?s={search_term_string}"},"query-input":{"@type":"PropertyValueSpecification","valueRequired":true,"valueName":"search_term_string"}}],"inLanguage":"es-AR"},{"@type":"Organization","@id":"https:\/\/htlhoteles.com\/gerenciamiento\/#organization","name":"HTL Hoteles","url":"https:\/\/htlhoteles.com\/gerenciamiento\/","logo":{"@type":"ImageObject","inLanguage":"es-AR","@id":"https:\/\/htlhoteles.com\/gerenciamiento\/#\/schema\/logo\/image\/","url":"https:\/\/htlhoteles.com\/gerenciamiento\/wp-content\/uploads\/2022\/07\/logo-asociados.webp","contentUrl":"https:\/\/htlhoteles.com\/gerenciamiento\/wp-content\/uploads\/2022\/07\/logo-asociados.webp","width":216,"height":70,"caption":"HTL Hoteles"},"image":{"@id":"https:\/\/htlhoteles.com\/gerenciamiento\/#\/schema\/logo\/image\/"}}]}},"_links":{"self":[{"href":"https:\/\/htlhoteles.com\/gerenciamiento\/wp-json\/wp\/v2\/pages\/1610","targetHints":{"allow":["GET"]}}],"collection":[{"href":"https:\/\/htlhoteles.com\/gerenciamiento\/wp-json\/wp\/v2\/pages"}],"about":[{"href":"https:\/\/htlhoteles.com\/gerenciamiento\/wp-json\/wp\/v2\/types\/page"}],"author":[{"embeddable":true,"href":"https:\/\/htlhoteles.com\/gerenciamiento\/wp-json\/wp\/v2\/users\/2"}],"replies":[{"embeddable":true,"href":"https:\/\/htlhoteles.com\/gerenciamiento\/wp-json\/wp\/v2\/comments?post=1610"}],"version-history":[{"count":12,"href":"https:\/\/htlhoteles.com\/gerenciamiento\/wp-json\/wp\/v2\/pages\/1610\/revisions"}],"predecessor-version":[{"id":2794,"href":"https:\/\/htlhoteles.com\/gerenciamiento\/wp-json\/wp\/v2\/pages\/1610\/revisions\/2794"}],"wp:attachment":[{"href":"https:\/\/htlhoteles.com\/gerenciamiento\/wp-json\/wp\/v2\/media?parent=1610"}],"curies":[{"name":"wp","href":"https:\/\/api.w.org\/{rel}","templated":true}]}}