{"id":1077,"date":"2022-05-17T11:54:20","date_gmt":"2022-05-17T15:54:20","guid":{"rendered":"http:\/\/vps-2799337-x.dattaweb.com\/gerenciamiento\/?page_id=1077"},"modified":"2022-07-19T17:02:52","modified_gmt":"2022-07-19T20:02:52","slug":"plan-check-in-out","status":"publish","type":"page","link":"https:\/\/htlhoteles.com\/gerenciamiento\/pt\/servicos\/plan-check-in-out\/","title":{"rendered":"plan check in\/out_pt"},"content":{"rendered":"<p>[et_pb_section fb_built=&#8221;1&#8243; admin_label=&#8221;Header&#8221; module_class=&#8221;checkoutfondo&#8221; _builder_version=&#8221;4.17.4&#8243; background_enable_color=&#8221;off&#8221; background_color_gradient_start=&#8221;#000000&#8243; background_color_gradient_end=&#8221;rgba(0,0,0,0.6)&#8221; background_enable_image=&#8221;off&#8221; background_enable_video_mp4=&#8221;off&#8221; min_height=&#8221;460px&#8221; min_height_tablet=&#8221;360px&#8221; min_height_phone=&#8221;350px&#8221; min_height_last_edited=&#8221;on|phone&#8221; custom_margin=&#8221;||||false&#8221; custom_padding=&#8221;0px||0px||true|false&#8221; hover_enabled=&#8221;0&#8243; background_last_edited=&#8221;off|phone&#8221; background_enable_image_tablet=&#8221;off&#8221; background_enable_image_phone=&#8221;off&#8221; global_colors_info=&#8221;{}&#8221; custom_padding_last_edited=&#8221;on|phone&#8221; sticky_enabled=&#8221;0&#8243; custom_padding_tablet=&#8221;50px||50px||true|false&#8221; custom_padding_phone=&#8221;50px||50px||true|false&#8221;][\/et_pb_section][et_pb_section fb_built=&#8221;1&#8243; admin_label=&#8221;Contact Info&#8221; _builder_version=&#8221;4.16&#8243; background_color=&#8221;#d8d8d8&#8243; min_height=&#8221;145.6px&#8221; global_colors_info=&#8221;{}&#8221;][et_pb_row module_class=&#8221;sectioncuerponew&#8221; _builder_version=&#8221;4.17.4&#8243; background_color=&#8221;#ffffff&#8221; width=&#8221;86%&#8221; max_width=&#8221;1280px&#8221; custom_margin=&#8221;||||false|false&#8221; custom_padding=&#8221;||||true|true&#8221; animation_style=&#8221;zoom&#8221; animation_intensity_zoom=&#8221;20%&#8221; border_width_all=&#8221;3px&#8221; border_color_all=&#8221;#eff5f7&#8243; box_shadow_style=&#8221;preset3&#8243; box_shadow_vertical=&#8221;40px&#8221; box_shadow_blur=&#8221;60px&#8221; box_shadow_spread=&#8221;-10px&#8221; box_shadow_color=&#8221;rgba(0,0,0,0.03)&#8221; use_custom_width=&#8221;on&#8221; custom_width_px=&#8221;1280px&#8221; global_colors_info=&#8221;{}&#8221;][et_pb_column type=&#8221;4_4&#8243; _builder_version=&#8221;4.16&#8243; custom_padding=&#8221;|||&#8221; global_colors_info=&#8221;{}&#8221; custom_padding__hover=&#8221;|||&#8221;][et_pb_code module_class=&#8221;migajabox&#8221; _builder_version=&#8221;4.17.4&#8243; _module_preset=&#8221;default&#8221; custom_margin=&#8221;||||false|false&#8221; custom_padding=&#8221;|||30px|false|false&#8221; custom_padding_tablet=&#8221;|||8px|false|false&#8221; custom_padding_phone=&#8221;|||8px|false|false&#8221; custom_padding_last_edited=&#8221;on|phone&#8221; global_colors_info=&#8221;{}&#8221;]<\/p>\n<style><!-- [et_pb_line_break_holder] -->  ul.migaja li{<!-- [et_pb_line_break_holder] -->    display:inline-block;<!-- [et_pb_line_break_holder] -->    padding-right:5px;<!-- [et_pb_line_break_holder] -->    font-size:16px;<!-- [et_pb_line_break_holder] -->    color:;<!-- [et_pb_line_break_holder] -->  }<!-- [et_pb_line_break_holder] -->  <!-- [et_pb_line_break_holder] -->    ul.migaja li a{<!-- [et_pb_line_break_holder] -->    font-family:'lato-medium';  <!-- [et_pb_line_break_holder] -->    color:#e85e02;<!-- [et_pb_line_break_holder] -->  }<!-- [et_pb_line_break_holder] --><\/style>\n<p><!-- [et_pb_line_break_holder] --><!-- [et_pb_line_break_holder] --><\/p>\n<ul class=\"migaja\"><!-- [et_pb_line_break_holder] --><!-- [et_pb_line_break_holder] -->  <!-- [et_pb_line_break_holder] -->   <\/p>\n<li><!-- [et_pb_line_break_holder] -->  \t<a href=\"https:\/\/htlhoteles.com\/gerenciamiento\/pt\/servicos\/\">Nossos planos ><\/a><!-- [et_pb_line_break_holder] -->  <\/li>\n<p><!-- [et_pb_line_break_holder] -->  <!-- [et_pb_line_break_holder] -->  <\/p>\n<li><!-- [et_pb_line_break_holder] -->  \t<a href=\"#\">Plano Check in &#8211; Out<\/a><!-- [et_pb_line_break_holder] -->  <\/li>\n<p><!-- [et_pb_line_break_holder] --><\/ul>\n<p>[\/et_pb_code][et_pb_code module_class=&#8221;linecheckin&#8221; _builder_version=&#8221;4.16&#8243; _module_preset=&#8221;default&#8221; custom_margin=&#8221;||||false|false&#8221; global_colors_info=&#8221;{}&#8221;]<\/p>\n<hr style=\"height:8px;background:#e85e02;border-radius:3px;border:solid #e85e02 1px\">[\/et_pb_code][et_pb_text module_class=&#8221;titlecheckin&#8221; _builder_version=&#8221;4.16&#8243; _module_preset=&#8221;default&#8221; text_font=&#8221;lato-medium||||||||&#8221; text_text_color=&#8221;#e85e02&#8243; header_line_height=&#8221;0.9em&#8221; custom_margin=&#8221;||12px||false|false&#8221; global_colors_info=&#8221;{}&#8221;]<\/p>\n<p style=\"text-align: left;\"><span style=\"font-weight: 400;\">PLANO CHECK IN \u2013 OUT<\/span><\/p>\n<p>[\/et_pb_text][et_pb_text module_class=&#8221;subtitle subtitlecomercial&#8221; _builder_version=&#8221;4.16&#8243; _module_preset=&#8221;default&#8221; text_font=&#8221;lato-bold||||||||&#8221; global_colors_info=&#8221;{}&#8221;]<\/p>\n<p><span style=\"font-weight: 400;\">DESENVOLVIMENTO COMERCIAL E SEGUIMENTO OPERATIVO<\/span><\/p>\n<p>[\/et_pb_text][et_pb_text module_class=&#8221;textocheckin&#8221; _builder_version=&#8221;4.16&#8243; _module_preset=&#8221;default&#8221; text_font=&#8221;lato-regular||||||||&#8221; text_line_height=&#8221;1.4em&#8221; custom_padding=&#8221;||0px|||&#8221; global_colors_info=&#8221;{}&#8221;]<\/p>\n<p><span style=\"font-weight: 400;\">Adicional ao desenvolvimento comercial nos involucramos junto \u00e0 estrutura do hotel no seguimento exaustivo da opera\u00e7\u00e3o, monitorando e desenvolvendo estrat\u00e9gias para melhorar <\/span><span style=\"font-weight: 400;\">os par\u00e2metros de qualidade e servi\u00e7o, focados na efici\u00eancia de custos baseados em uma estrutura de escala.\u00a0<\/span><\/p>\n<p>[\/et_pb_text][et_pb_text module_class=&#8221;subtitle subtitle2&#8243; _builder_version=&#8221;4.16&#8243; _module_preset=&#8221;default&#8221; text_font=&#8221;lato-bold||||||||&#8221; global_colors_info=&#8221;{}&#8221;]<\/p>\n<p><span style=\"font-weight: 400;\">SISTEMAS<\/span><\/p>\n<p>[\/et_pb_text][et_pb_text module_class=&#8221;itemlista&#8221; _builder_version=&#8221;4.16&#8243; _module_preset=&#8221;default&#8221; text_font=&#8221;lato-regular||||||||&#8221; text_font_size=&#8221;19px&#8221; text_line_height=&#8221;1.4em&#8221; global_colors_info=&#8221;{}&#8221;]<\/p>\n<ul>\n<li>pms<\/li>\n<li><span style=\"font-weight: 400;\">Channel Manager<\/span><\/li>\n<li><span style=\"font-weight: 400;\">Booking Engine<\/span><span style=\"font-weight: 400;\"><\/span><\/li>\n<li><span style=\"font-weight: 400;\"><\/span><span style=\"font-weight: 400;\">Web<\/span><\/li>\n<li><span style=\"font-weight: 400;\"><\/span><span style=\"font-weight: 400;\">Loyalty Program<\/span><\/li>\n<li><span style=\"font-weight: 400;\">CRM<\/span><\/li>\n<li><span style=\"font-weight: 400;\">CRS<\/span><\/li>\n<li><span style=\"font-weight: 400;\">Call Center 24\/7<\/span><\/li>\n<li><span style=\"font-weight: 400;\">Fidelity Suites <\/span><\/li>\n<li><span style=\"font-weight: 400;\">App Operacional 360 <\/span><\/li>\n<\/ul>\n<p>[\/et_pb_text][et_pb_text module_class=&#8221;subtitle subtitle3&#8243; _builder_version=&#8221;4.16&#8243; _module_preset=&#8221;default&#8221; text_font=&#8221;lato-bold||||||||&#8221; global_colors_info=&#8221;{}&#8221;]<\/p>\n<p><span style=\"font-weight: 400;\">SERVI\u00c7OS<\/span><\/p>\n<p>[\/et_pb_text][et_pb_text module_class=&#8221;itemlista&#8221; _builder_version=&#8221;4.16&#8243; _module_preset=&#8221;default&#8221; text_font=&#8221;lato-regular||||||||&#8221; text_font_size=&#8221;19px&#8221; text_line_height=&#8221;1.4em&#8221; global_colors_info=&#8221;{}&#8221;]<\/p>\n<ul>\n<li><span style=\"font-weight: 400;\">Revenue Management<\/span><\/li>\n<li><span style=\"font-weight: 400;\">AcOrdos preferentes con Big Players<\/span><\/li>\n<li><span style=\"font-weight: 400;\"><\/span><span style=\"font-weight: 400;\">Marketing digital<\/span><\/li>\n<li><span style=\"font-weight: 400;\"><\/span><span style=\"font-weight: 400;\">Community manager<\/span><\/li>\n<li><span style=\"font-weight: 400;\"><\/span><span style=\"font-weight: 400;\">Posicionamento e campanha MKT digital<\/span><\/li>\n<li><span style=\"font-weight: 400;\">Standares de franquia<\/span><\/li>\n<li><span style=\"font-weight: 400;\">Capacita\u00e7\u00e3o operativa<\/span><\/li>\n<li><span style=\"font-weight: 400;\">Coaching operativo<\/span><\/li>\n<li><span style=\"font-weight: 400;\">Protocolos sanitarios<\/span><\/li>\n<li><span style=\"font-weight: 400;\">Standares de sustentabilidade<\/span><\/li>\n<li><span style=\"font-weight: 400;\">Gerenciamento de qualidade<\/span><\/li>\n<\/ul>\n<p>[\/et_pb_text][\/et_pb_column][\/et_pb_row][\/et_pb_section]<\/p>\n","protected":false},"excerpt":{"rendered":"<p>PLANO CHECK IN \u2013 OUTDESENVOLVIMENTO COMERCIAL E SEGUIMENTO OPERATIVOAdicional ao desenvolvimento comercial nos involucramos junto \u00e0 estrutura do hotel no seguimento exaustivo da opera\u00e7\u00e3o, monitorando e desenvolvendo estrat\u00e9gias para melhorar os par\u00e2metros de qualidade e servi\u00e7o, focados na efici\u00eancia de custos baseados em uma estrutura de escala.\u00a0SISTEMAS pms Channel Manager Booking Engine Web Loyalty Program [&hellip;]<\/p>\n","protected":false},"author":2,"featured_media":0,"parent":1034,"menu_order":0,"comment_status":"closed","ping_status":"closed","template":"","meta":{"_et_pb_use_builder":"on","_et_pb_old_content":"","_et_gb_content_width":"1080","footnotes":""},"class_list":["post-1077","page","type-page","status-publish","hentry"],"yoast_head":"<!-- This site is optimized with the Yoast SEO plugin v27.4 - https:\/\/yoast.com\/product\/yoast-seo-wordpress\/ -->\n<title>plan check in\/out_pt - HTL Hoteles<\/title>\n<meta name=\"robots\" content=\"index, follow, max-snippet:-1, max-image-preview:large, max-video-preview:-1\" \/>\n<link rel=\"canonical\" href=\"https:\/\/htlhoteles.com\/gerenciamiento\/pt\/servicos\/plan-check-in-out\/\" \/>\n<meta property=\"og:locale\" content=\"es_ES\" \/>\n<meta property=\"og:type\" content=\"article\" \/>\n<meta property=\"og:title\" content=\"plan check in\/out_pt - HTL Hoteles\" \/>\n<meta property=\"og:description\" content=\"PLANO CHECK IN \u2013 OUTDESENVOLVIMENTO COMERCIAL E SEGUIMENTO OPERATIVOAdicional ao desenvolvimento comercial nos involucramos junto \u00e0 estrutura do hotel no seguimento exaustivo da opera\u00e7\u00e3o, monitorando e desenvolvendo estrat\u00e9gias para melhorar os par\u00e2metros de qualidade e servi\u00e7o, focados na efici\u00eancia de custos baseados em uma estrutura de escala.\u00a0SISTEMAS pms Channel Manager Booking Engine Web Loyalty Program [&hellip;]\" \/>\n<meta property=\"og:url\" content=\"https:\/\/htlhoteles.com\/gerenciamiento\/pt\/servicos\/plan-check-in-out\/\" \/>\n<meta property=\"og:site_name\" content=\"HTL Hoteles\" \/>\n<meta property=\"article:modified_time\" content=\"2022-07-19T20:02:52+00:00\" \/>\n<meta name=\"twitter:card\" content=\"summary_large_image\" \/>\n<meta name=\"twitter:label1\" content=\"Tiempo de lectura\" \/>\n\t<meta name=\"twitter:data1\" content=\"3 minutos\" \/>\n<script type=\"application\/ld+json\" class=\"yoast-schema-graph\">{\"@context\":\"https:\\\/\\\/schema.org\",\"@graph\":[{\"@type\":\"WebPage\",\"@id\":\"https:\\\/\\\/htlhoteles.com\\\/gerenciamiento\\\/pt\\\/servicos\\\/plan-check-in-out\\\/\",\"url\":\"https:\\\/\\\/htlhoteles.com\\\/gerenciamiento\\\/pt\\\/servicos\\\/plan-check-in-out\\\/\",\"name\":\"plan check in\\\/out_pt - HTL Hoteles\",\"isPartOf\":{\"@id\":\"https:\\\/\\\/htlhoteles.com\\\/gerenciamiento\\\/#website\"},\"datePublished\":\"2022-05-17T15:54:20+00:00\",\"dateModified\":\"2022-07-19T20:02:52+00:00\",\"breadcrumb\":{\"@id\":\"https:\\\/\\\/htlhoteles.com\\\/gerenciamiento\\\/pt\\\/servicos\\\/plan-check-in-out\\\/#breadcrumb\"},\"inLanguage\":\"es-AR\",\"potentialAction\":[{\"@type\":\"ReadAction\",\"target\":[\"https:\\\/\\\/htlhoteles.com\\\/gerenciamiento\\\/pt\\\/servicos\\\/plan-check-in-out\\\/\"]}]},{\"@type\":\"BreadcrumbList\",\"@id\":\"https:\\\/\\\/htlhoteles.com\\\/gerenciamiento\\\/pt\\\/servicos\\\/plan-check-in-out\\\/#breadcrumb\",\"itemListElement\":[{\"@type\":\"ListItem\",\"position\":1,\"name\":\"Portada\",\"item\":\"https:\\\/\\\/htlhoteles.com\\\/gerenciamiento\\\/\"},{\"@type\":\"ListItem\",\"position\":2,\"name\":\"SERVI\u00c7OS\",\"item\":\"https:\\\/\\\/htlhoteles.com\\\/gerenciamiento\\\/pt\\\/servicos\\\/\"},{\"@type\":\"ListItem\",\"position\":3,\"name\":\"plan check in\\\/out_pt\"}]},{\"@type\":\"WebSite\",\"@id\":\"https:\\\/\\\/htlhoteles.com\\\/gerenciamiento\\\/#website\",\"url\":\"https:\\\/\\\/htlhoteles.com\\\/gerenciamiento\\\/\",\"name\":\"HTL Hoteles\",\"description\":\"Gerenciamiento Hotelero\",\"publisher\":{\"@id\":\"https:\\\/\\\/htlhoteles.com\\\/gerenciamiento\\\/#organization\"},\"potentialAction\":[{\"@type\":\"SearchAction\",\"target\":{\"@type\":\"EntryPoint\",\"urlTemplate\":\"https:\\\/\\\/htlhoteles.com\\\/gerenciamiento\\\/?s={search_term_string}\"},\"query-input\":{\"@type\":\"PropertyValueSpecification\",\"valueRequired\":true,\"valueName\":\"search_term_string\"}}],\"inLanguage\":\"es-AR\"},{\"@type\":\"Organization\",\"@id\":\"https:\\\/\\\/htlhoteles.com\\\/gerenciamiento\\\/#organization\",\"name\":\"HTL Hoteles\",\"url\":\"https:\\\/\\\/htlhoteles.com\\\/gerenciamiento\\\/\",\"logo\":{\"@type\":\"ImageObject\",\"inLanguage\":\"es-AR\",\"@id\":\"https:\\\/\\\/htlhoteles.com\\\/gerenciamiento\\\/#\\\/schema\\\/logo\\\/image\\\/\",\"url\":\"https:\\\/\\\/htlhoteles.com\\\/gerenciamiento\\\/wp-content\\\/uploads\\\/2022\\\/07\\\/logo-asociados.webp\",\"contentUrl\":\"https:\\\/\\\/htlhoteles.com\\\/gerenciamiento\\\/wp-content\\\/uploads\\\/2022\\\/07\\\/logo-asociados.webp\",\"width\":216,\"height\":70,\"caption\":\"HTL Hoteles\"},\"image\":{\"@id\":\"https:\\\/\\\/htlhoteles.com\\\/gerenciamiento\\\/#\\\/schema\\\/logo\\\/image\\\/\"}}]}<\/script>\n<!-- \/ Yoast SEO plugin. -->","yoast_head_json":{"title":"plan check in\/out_pt - HTL Hoteles","robots":{"index":"index","follow":"follow","max-snippet":"max-snippet:-1","max-image-preview":"max-image-preview:large","max-video-preview":"max-video-preview:-1"},"canonical":"https:\/\/htlhoteles.com\/gerenciamiento\/pt\/servicos\/plan-check-in-out\/","og_locale":"es_ES","og_type":"article","og_title":"plan check in\/out_pt - HTL Hoteles","og_description":"PLANO CHECK IN \u2013 OUTDESENVOLVIMENTO COMERCIAL E SEGUIMENTO OPERATIVOAdicional ao desenvolvimento comercial nos involucramos junto \u00e0 estrutura do hotel no seguimento exaustivo da opera\u00e7\u00e3o, monitorando e desenvolvendo estrat\u00e9gias para melhorar os par\u00e2metros de qualidade e servi\u00e7o, focados na efici\u00eancia de custos baseados em uma estrutura de escala.\u00a0SISTEMAS pms Channel Manager Booking Engine Web Loyalty Program [&hellip;]","og_url":"https:\/\/htlhoteles.com\/gerenciamiento\/pt\/servicos\/plan-check-in-out\/","og_site_name":"HTL Hoteles","article_modified_time":"2022-07-19T20:02:52+00:00","twitter_card":"summary_large_image","twitter_misc":{"Tiempo de lectura":"3 minutos"},"schema":{"@context":"https:\/\/schema.org","@graph":[{"@type":"WebPage","@id":"https:\/\/htlhoteles.com\/gerenciamiento\/pt\/servicos\/plan-check-in-out\/","url":"https:\/\/htlhoteles.com\/gerenciamiento\/pt\/servicos\/plan-check-in-out\/","name":"plan check in\/out_pt - HTL Hoteles","isPartOf":{"@id":"https:\/\/htlhoteles.com\/gerenciamiento\/#website"},"datePublished":"2022-05-17T15:54:20+00:00","dateModified":"2022-07-19T20:02:52+00:00","breadcrumb":{"@id":"https:\/\/htlhoteles.com\/gerenciamiento\/pt\/servicos\/plan-check-in-out\/#breadcrumb"},"inLanguage":"es-AR","potentialAction":[{"@type":"ReadAction","target":["https:\/\/htlhoteles.com\/gerenciamiento\/pt\/servicos\/plan-check-in-out\/"]}]},{"@type":"BreadcrumbList","@id":"https:\/\/htlhoteles.com\/gerenciamiento\/pt\/servicos\/plan-check-in-out\/#breadcrumb","itemListElement":[{"@type":"ListItem","position":1,"name":"Portada","item":"https:\/\/htlhoteles.com\/gerenciamiento\/"},{"@type":"ListItem","position":2,"name":"SERVI\u00c7OS","item":"https:\/\/htlhoteles.com\/gerenciamiento\/pt\/servicos\/"},{"@type":"ListItem","position":3,"name":"plan check in\/out_pt"}]},{"@type":"WebSite","@id":"https:\/\/htlhoteles.com\/gerenciamiento\/#website","url":"https:\/\/htlhoteles.com\/gerenciamiento\/","name":"HTL Hoteles","description":"Gerenciamiento Hotelero","publisher":{"@id":"https:\/\/htlhoteles.com\/gerenciamiento\/#organization"},"potentialAction":[{"@type":"SearchAction","target":{"@type":"EntryPoint","urlTemplate":"https:\/\/htlhoteles.com\/gerenciamiento\/?s={search_term_string}"},"query-input":{"@type":"PropertyValueSpecification","valueRequired":true,"valueName":"search_term_string"}}],"inLanguage":"es-AR"},{"@type":"Organization","@id":"https:\/\/htlhoteles.com\/gerenciamiento\/#organization","name":"HTL Hoteles","url":"https:\/\/htlhoteles.com\/gerenciamiento\/","logo":{"@type":"ImageObject","inLanguage":"es-AR","@id":"https:\/\/htlhoteles.com\/gerenciamiento\/#\/schema\/logo\/image\/","url":"https:\/\/htlhoteles.com\/gerenciamiento\/wp-content\/uploads\/2022\/07\/logo-asociados.webp","contentUrl":"https:\/\/htlhoteles.com\/gerenciamiento\/wp-content\/uploads\/2022\/07\/logo-asociados.webp","width":216,"height":70,"caption":"HTL Hoteles"},"image":{"@id":"https:\/\/htlhoteles.com\/gerenciamiento\/#\/schema\/logo\/image\/"}}]}},"_links":{"self":[{"href":"https:\/\/htlhoteles.com\/gerenciamiento\/wp-json\/wp\/v2\/pages\/1077","targetHints":{"allow":["GET"]}}],"collection":[{"href":"https:\/\/htlhoteles.com\/gerenciamiento\/wp-json\/wp\/v2\/pages"}],"about":[{"href":"https:\/\/htlhoteles.com\/gerenciamiento\/wp-json\/wp\/v2\/types\/page"}],"author":[{"embeddable":true,"href":"https:\/\/htlhoteles.com\/gerenciamiento\/wp-json\/wp\/v2\/users\/2"}],"replies":[{"embeddable":true,"href":"https:\/\/htlhoteles.com\/gerenciamiento\/wp-json\/wp\/v2\/comments?post=1077"}],"version-history":[{"count":10,"href":"https:\/\/htlhoteles.com\/gerenciamiento\/wp-json\/wp\/v2\/pages\/1077\/revisions"}],"predecessor-version":[{"id":2645,"href":"https:\/\/htlhoteles.com\/gerenciamiento\/wp-json\/wp\/v2\/pages\/1077\/revisions\/2645"}],"up":[{"embeddable":true,"href":"https:\/\/htlhoteles.com\/gerenciamiento\/wp-json\/wp\/v2\/pages\/1034"}],"wp:attachment":[{"href":"https:\/\/htlhoteles.com\/gerenciamiento\/wp-json\/wp\/v2\/media?parent=1077"}],"curies":[{"name":"wp","href":"https:\/\/api.w.org\/{rel}","templated":true}]}}